{"id":20398,"date":"2023-03-06T15:05:47","date_gmt":"2023-03-06T15:05:47","guid":{"rendered":"https:\/\/www.dppireland.ie\/?page_id=20398"},"modified":"2023-03-14T10:39:21","modified_gmt":"2023-03-14T10:39:21","slug":"our-mission-and-core-values","status":"publish","type":"page","link":"https:\/\/www.dppireland.ie\/ga\/about-us\/our-mission-and-core-values\/","title":{"rendered":"\u00c1r Misean agus \u00e1r gCro\u00edluachanna"},"content":{"rendered":"<div class=\"wpb-content-wrapper\"><p>[vc_row][vc_column][vc_column_text]<\/p>\n<h5><strong>\u00c1R MISEAN:\u00a0<em>Seirbh\u00eds ionch\u00faisimh at\u00e1 cothrom, neamhsple\u00e1ch agus \u00e9ifeachtach a shol\u00e1thar ar son mhuintir uile na h\u00c9ireann<\/em><\/strong><\/h5>\n<p>Gn\u00edomha\u00edonn foireann Oifig an Sti\u00farth\u00f3ra Ionch\u00faiseamh Poibl\u00ed ar mhaithe le leas an phobail chun \u00e1r misean a chur i gcr\u00edch agus t\u00e1 s\u00e9 treoraithe ag c\u00faig chro\u00edluach:[\/vc_column_text]<div id=\"accordion-sentencing\" class=\"accordion\">\n    <div class=\"card\">\n    <div class=\"card-header\" id=\"heading-1-ionracas\">\n\n        <h2 class=\"mb-0\"><a class=\"collapsed\" href=\"#accordion-sentencing-collapse-1-ionracas\" data-toggle=\"collapse\" data-target=\"#accordion-sentencing-collapse-1-ionracas\" aria-expanded=\"false\" aria-controls=\"accordion-sentencing-collapse-1-ionracas\">1. Ionracas<\/a><\/h2>\n\n    <\/div>\n    <div id=\"accordion-sentencing-collapse-1-ionracas\" class=\"collapse\" aria-labelledby=\"heading-1-ionracas\" data-parent=\"#accordion-sentencing\" style=\"\">\n        <div class=\"card-body\">\n            \n<ul>\n<li>Gn\u00edomh\u00fa go hionraic, go cothrom, go comhsheasmhach agus go hoibiacht\u00fail, de r\u00e9ir an Ch\u00f3id Eitice<\/li>\n<li>Cinnt\u00ed c\u00f3ra cearta a dh\u00e9anamh bunaithe ar fhianaise<\/li>\n<li>Eolas cruinn a chur ar f\u00e1il<\/li>\n<\/ul>\n\n        <\/div>\n    <\/div>\n<\/div><div class=\"card\">\n    <div class=\"card-header\" id=\"heading-2-neamhspleachas\">\n\n        <h2 class=\"mb-0\"><a class=\"collapsed\" href=\"#accordion-sentencing-collapse-2-neamhspleachas\" data-toggle=\"collapse\" data-target=\"#accordion-sentencing-collapse-2-neamhspleachas\" aria-expanded=\"false\" aria-controls=\"accordion-sentencing-collapse-2-neamhspleachas\">2. Neamhsple\u00e1chas<\/a><\/h2>\n\n    <\/div>\n    <div id=\"accordion-sentencing-collapse-2-neamhspleachas\" class=\"collapse\" aria-labelledby=\"heading-2-neamhspleachas\" data-parent=\"#accordion-sentencing\" style=\"\">\n        <div class=\"card-body\">\n            \n<ul>\n<li>Neamhsple\u00e1chas Oifig an Sti\u00farth\u00f3ra Ionch\u00faiseamh Poibl\u00ed a chosaint<\/li>\n<li>Gn\u00edomh\u00fa go neamhchlaonta gan eagla, gan fhait\u00edos, gan chlaonadh n\u00e1 dochar, de r\u00e9ir na dTreoirl\u00ednte d&#8217;Ionch\u00faisitheoir\u00ed agus an Ch\u00f3id Eitice<\/li>\n<li>Fanacht gan tionchar a bheith ag leasanna aonair n\u00f3 rann\u00f3ige n\u00f3 br\u00fa \u00f3n bpobal n\u00f3 \u00f3 na me\u00e1in orainn, ag f\u00e9achaint do leas an phobail amh\u00e1in<\/li>\n<\/ul>\n\n        <\/div>\n    <\/div>\n<\/div><div class=\"card\">\n    <div class=\"card-header\" id=\"heading-3-sarmhaitheas\">\n\n        <h2 class=\"mb-0\"><a class=\"collapsed\" href=\"#accordion-sentencing-collapse-3-sarmhaitheas\" data-toggle=\"collapse\" data-target=\"#accordion-sentencing-collapse-3-sarmhaitheas\" aria-expanded=\"false\" aria-controls=\"accordion-sentencing-collapse-3-sarmhaitheas\">3. S\u00e1rmhaitheas<\/a><\/h2>\n\n    <\/div>\n    <div id=\"accordion-sentencing-collapse-3-sarmhaitheas\" class=\"collapse\" aria-labelledby=\"heading-3-sarmhaitheas\" data-parent=\"#accordion-sentencing\" style=\"\">\n        <div class=\"card-body\">\n            \n<ul>\n<li>Seirbh\u00eds\u00ed cothroma, neamhsple\u00e1cha, gairmi\u00fala a shol\u00e1thar ag na caighde\u00e1in is airde<\/li>\n<li>\u00c1r seirbh\u00eds a fheabhs\u00fa go lean\u00fanach, ag freagairt go r\u00e9amhghn\u00edomhach do riachtanais, d\u00fashl\u00e1in, deiseanna athraitheacha<\/li>\n<li>Tionchar a imirt agus feabhsuithe a mh\u00fanl\u00fa sa ch\u00f3ras dl\u00ed choiri\u00fail<\/li>\n<\/ul>\n\n        <\/div>\n    <\/div>\n<\/div><div class=\"card\">\n    <div class=\"card-header\" id=\"heading-4-urraim\">\n\n        <h2 class=\"mb-0\"><a class=\"collapsed\" href=\"#accordion-sentencing-collapse-4-urraim\" data-toggle=\"collapse\" data-target=\"#accordion-sentencing-collapse-4-urraim\" aria-expanded=\"false\" aria-controls=\"accordion-sentencing-collapse-4-urraim\">4. Urraim<\/a><\/h2>\n\n    <\/div>\n    <div id=\"accordion-sentencing-collapse-4-urraim\" class=\"collapse\" aria-labelledby=\"heading-4-urraim\" data-parent=\"#accordion-sentencing\" style=\"\">\n        <div class=\"card-body\">\n            \n<ul>\n<li>D\u00e9ile\u00e1il le gach duine le cothroime, le meas agus le d\u00ednit<\/li>\n<li>Ag \u00e9isteacht le peirspict\u00edocht na bp\u00e1irtithe leasmhara<\/li>\n<\/ul>\n\n        <\/div>\n    <\/div>\n<\/div><div class=\"card\">\n    <div class=\"card-header\" id=\"heading-5-comhghleacaiocht\">\n\n        <h2 class=\"mb-0\"><a class=\"collapsed\" href=\"#accordion-sentencing-collapse-5-comhghleacaiocht\" data-toggle=\"collapse\" data-target=\"#accordion-sentencing-collapse-5-comhghleacaiocht\" aria-expanded=\"false\" aria-controls=\"accordion-sentencing-collapse-5-comhghleacaiocht\">5. Comhghleaca\u00edocht<\/a><\/h2>\n\n    <\/div>\n    <div id=\"accordion-sentencing-collapse-5-comhghleacaiocht\" class=\"collapse\" aria-labelledby=\"heading-5-comhghleacaiocht\" data-parent=\"#accordion-sentencing\" style=\"\">\n        <div class=\"card-body\">\n            \n<ul>\n<li>Meas a thabhairt ar an m\u00e9id a chuireann gach duine le seachadadh na seirbh\u00edse ionch\u00faisimh.<\/li>\n<li>Caidrimh l\u00e1idre a th\u00f3g\u00e1il agus oibri\u00fa i gcomhar le p\u00e1irtithe leasmhara, n\u00e1isi\u00fanta agus idirn\u00e1isi\u00fanta<\/li>\n<li>\u00c1r n-eolas agus \u00e1r saineolas a roinnt le daoine eile<\/li>\n<\/ul>\n\n        <\/div>\n    <\/div>\n<\/div><\/div>[\/vc_column][\/vc_row][vc_row][vc_column][vc_column_text]Le haghaidh l\u00e9iri\u00fa amhairc ar \u00c1r Misean agus ar \u00c1r gCro\u00edluachanna clice\u00e1il <strong><a href=\"https:\/\/www.dppireland.ie\/app\/uploads\/2023\/03\/ValuesIRL.jpg\">anseo<\/a><\/strong> le do thoil![\/vc_column_text][\/vc_column][\/vc_row]<\/p>\n<\/div>","protected":false},"excerpt":{"rendered":"<p>[vc_row][vc_column][vc_column_text] \u00c1R MISEAN:\u00a0Seirbh\u00eds ionch\u00faisimh at\u00e1 cothrom, neamhsple\u00e1ch agus \u00e9ifeachtach a shol\u00e1thar ar son mhuintir uile na h\u00c9ireann Gn\u00edomha\u00edonn foireann Oifig an Sti\u00farth\u00f3ra Ionch\u00faiseamh Poibl\u00ed ar mhaithe le leas an phobail chun \u00e1r misean a chur i gcr\u00edch agus t\u00e1 s\u00e9 treoraithe ag c\u00faig chro\u00edluach:[\/vc_column_text][\/vc_column][\/vc_row][vc_row][vc_column][vc_column_text]Le haghaidh l\u00e9iri\u00fa amhairc ar \u00c1r Misean agus ar \u00c1r gCro\u00edluachanna clice\u00e1il &hellip; <a href=\"https:\/\/www.dppireland.ie\/ga\/about-us\/our-mission-and-core-values\/\">Continued<\/a><\/p>\n","protected":false},"author":3,"featured_media":0,"parent":13233,"menu_order":3,"comment_status":"closed","ping_status":"closed","template":"","meta":{"_acf_changed":false,"om_disable_all_campaigns":false,"_relevanssi_hide_post":"","_relevanssi_hide_content":"","_relevanssi_pin_for_all":"","_relevanssi_pin_keywords":"","_relevanssi_unpin_keywords":"","_relevanssi_related_keywords":"","_relevanssi_related_include_ids":"","_relevanssi_related_exclude_ids":"","_relevanssi_related_no_append":"","_relevanssi_related_not_related":"","_relevanssi_related_posts":"","_relevanssi_noindex_reason":"","_monsterinsights_skip_tracking":false,"_monsterinsights_sitenote_active":false,"_monsterinsights_sitenote_note":"","_monsterinsights_sitenote_category":0,"_uf_show_specific_survey":0,"_uf_disable_surveys":false,"footnotes":""},"class_list":["post-20398","page","type-page","status-publish","hentry"],"acf":[],"yoast_head":"<!-- This site is optimized with the Yoast SEO plugin v27.5 - https:\/\/yoast.com\/product\/yoast-seo-wordpress\/ -->\n<title>\u00c1r Misean agus \u00e1r gCro\u00edluachanna - Office of the Director of Public Prosecutions<\/title>\n<meta name=\"description\" content=\"Office of the Director of Public Prosecutions - Providing a prosecution that is independent, fair and effective\" \/>\n<meta name=\"robots\" content=\"index, follow, max-snippet:-1, max-image-preview:large, max-video-preview:-1\" \/>\n<link rel=\"canonical\" href=\"https:\/\/www.dppireland.ie\/ga\/about-us\/our-mission-and-core-values\/\" \/>\n<meta property=\"og:locale\" content=\"ga_IE\" \/>\n<meta property=\"og:type\" content=\"article\" \/>\n<meta property=\"og:title\" content=\"\u00c1r Misean agus \u00e1r gCro\u00edluachanna - Office of the Director of Public Prosecutions\" \/>\n<meta property=\"og:description\" content=\"Office of the Director of Public Prosecutions - Providing a prosecution that is independent, fair and effective\" \/>\n<meta property=\"og:url\" content=\"https:\/\/www.dppireland.ie\/ga\/about-us\/our-mission-and-core-values\/\" \/>\n<meta property=\"og:site_name\" content=\"Office of the Director of Public Prosecutions\" \/>\n<meta property=\"article:modified_time\" content=\"2023-03-14T10:39:21+00:00\" \/>\n<meta name=\"twitter:card\" content=\"summary_large_image\" \/>\n<meta name=\"twitter:label1\" content=\"Est. reading time\" \/>\n\t<meta name=\"twitter:data1\" content=\"2 minutes\" \/>\n<script type=\"application\/ld+json\" class=\"yoast-schema-graph\">{\"@context\":\"https:\\\/\\\/schema.org\",\"@graph\":[{\"@type\":\"WebPage\",\"@id\":\"https:\\\/\\\/www.dppireland.ie\\\/ga\\\/about-us\\\/our-mission-and-core-values\\\/\",\"url\":\"https:\\\/\\\/www.dppireland.ie\\\/ga\\\/about-us\\\/our-mission-and-core-values\\\/\",\"name\":\"\u00c1r Misean agus \u00e1r gCro\u00edluachanna - Office of the Director of Public Prosecutions\",\"isPartOf\":{\"@id\":\"https:\\\/\\\/www.dppireland.ie\\\/#website\"},\"datePublished\":\"2023-03-06T15:05:47+00:00\",\"dateModified\":\"2023-03-14T10:39:21+00:00\",\"description\":\"Office of the Director of Public Prosecutions - Providing a prosecution that is independent, fair and effective\",\"breadcrumb\":{\"@id\":\"https:\\\/\\\/www.dppireland.ie\\\/ga\\\/about-us\\\/our-mission-and-core-values\\\/#breadcrumb\"},\"inLanguage\":\"ga-IE\",\"potentialAction\":[{\"@type\":\"ReadAction\",\"target\":[\"https:\\\/\\\/www.dppireland.ie\\\/ga\\\/about-us\\\/our-mission-and-core-values\\\/\"]}]},{\"@type\":\"BreadcrumbList\",\"@id\":\"https:\\\/\\\/www.dppireland.ie\\\/ga\\\/about-us\\\/our-mission-and-core-values\\\/#breadcrumb\",\"itemListElement\":[{\"@type\":\"ListItem\",\"position\":1,\"name\":\"Home\",\"item\":\"https:\\\/\\\/www.dppireland.ie\\\/ga\\\/\"},{\"@type\":\"ListItem\",\"position\":2,\"name\":\"Maidir Linne\",\"item\":\"https:\\\/\\\/www.dppireland.ie\\\/ga\\\/about-us\\\/\"},{\"@type\":\"ListItem\",\"position\":3,\"name\":\"\u00c1r Misean agus \u00e1r gCro\u00edluachanna\"}]},{\"@type\":\"WebSite\",\"@id\":\"https:\\\/\\\/www.dppireland.ie\\\/#website\",\"url\":\"https:\\\/\\\/www.dppireland.ie\\\/\",\"name\":\"Office of the Director of Public Prosecutions\",\"description\":\"Providing a prosecution that is independent, fair and effective\",\"potentialAction\":[{\"@type\":\"SearchAction\",\"target\":{\"@type\":\"EntryPoint\",\"urlTemplate\":\"https:\\\/\\\/www.dppireland.ie\\\/?s={search_term_string}\"},\"query-input\":{\"@type\":\"PropertyValueSpecification\",\"valueRequired\":true,\"valueName\":\"search_term_string\"}}],\"inLanguage\":\"ga-IE\"}]}<\/script>\n<!-- \/ Yoast SEO plugin. -->","yoast_head_json":{"title":"\u00c1r Misean agus \u00e1r gCro\u00edluachanna - Office of the Director of Public Prosecutions","description":"Office of the Director of Public Prosecutions - Providing a prosecution that is independent, fair and effective","robots":{"index":"index","follow":"follow","max-snippet":"max-snippet:-1","max-image-preview":"max-image-preview:large","max-video-preview":"max-video-preview:-1"},"canonical":"https:\/\/www.dppireland.ie\/ga\/about-us\/our-mission-and-core-values\/","og_locale":"ga_IE","og_type":"article","og_title":"\u00c1r Misean agus \u00e1r gCro\u00edluachanna - Office of the Director of Public Prosecutions","og_description":"Office of the Director of Public Prosecutions - Providing a prosecution that is independent, fair and effective","og_url":"https:\/\/www.dppireland.ie\/ga\/about-us\/our-mission-and-core-values\/","og_site_name":"Office of the Director of Public Prosecutions","article_modified_time":"2023-03-14T10:39:21+00:00","twitter_card":"summary_large_image","twitter_misc":{"Est. reading time":"2 minutes"},"schema":{"@context":"https:\/\/schema.org","@graph":[{"@type":"WebPage","@id":"https:\/\/www.dppireland.ie\/ga\/about-us\/our-mission-and-core-values\/","url":"https:\/\/www.dppireland.ie\/ga\/about-us\/our-mission-and-core-values\/","name":"\u00c1r Misean agus \u00e1r gCro\u00edluachanna - Office of the Director of Public Prosecutions","isPartOf":{"@id":"https:\/\/www.dppireland.ie\/#website"},"datePublished":"2023-03-06T15:05:47+00:00","dateModified":"2023-03-14T10:39:21+00:00","description":"Office of the Director of Public Prosecutions - Providing a prosecution that is independent, fair and effective","breadcrumb":{"@id":"https:\/\/www.dppireland.ie\/ga\/about-us\/our-mission-and-core-values\/#breadcrumb"},"inLanguage":"ga-IE","potentialAction":[{"@type":"ReadAction","target":["https:\/\/www.dppireland.ie\/ga\/about-us\/our-mission-and-core-values\/"]}]},{"@type":"BreadcrumbList","@id":"https:\/\/www.dppireland.ie\/ga\/about-us\/our-mission-and-core-values\/#breadcrumb","itemListElement":[{"@type":"ListItem","position":1,"name":"Home","item":"https:\/\/www.dppireland.ie\/ga\/"},{"@type":"ListItem","position":2,"name":"Maidir Linne","item":"https:\/\/www.dppireland.ie\/ga\/about-us\/"},{"@type":"ListItem","position":3,"name":"\u00c1r Misean agus \u00e1r gCro\u00edluachanna"}]},{"@type":"WebSite","@id":"https:\/\/www.dppireland.ie\/#website","url":"https:\/\/www.dppireland.ie\/","name":"Office of the Director of Public Prosecutions","description":"Providing a prosecution that is independent, fair and effective","potentialAction":[{"@type":"SearchAction","target":{"@type":"EntryPoint","urlTemplate":"https:\/\/www.dppireland.ie\/?s={search_term_string}"},"query-input":{"@type":"PropertyValueSpecification","valueRequired":true,"valueName":"search_term_string"}}],"inLanguage":"ga-IE"}]}},"jetpack_sharing_enabled":true,"_links":{"self":[{"href":"https:\/\/www.dppireland.ie\/ga\/wp-json\/wp\/v2\/pages\/20398","targetHints":{"allow":["GET"]}}],"collection":[{"href":"https:\/\/www.dppireland.ie\/ga\/wp-json\/wp\/v2\/pages"}],"about":[{"href":"https:\/\/www.dppireland.ie\/ga\/wp-json\/wp\/v2\/types\/page"}],"author":[{"embeddable":true,"href":"https:\/\/www.dppireland.ie\/ga\/wp-json\/wp\/v2\/users\/3"}],"replies":[{"embeddable":true,"href":"https:\/\/www.dppireland.ie\/ga\/wp-json\/wp\/v2\/comments?post=20398"}],"version-history":[{"count":12,"href":"https:\/\/www.dppireland.ie\/ga\/wp-json\/wp\/v2\/pages\/20398\/revisions"}],"predecessor-version":[{"id":20621,"href":"https:\/\/www.dppireland.ie\/ga\/wp-json\/wp\/v2\/pages\/20398\/revisions\/20621"}],"up":[{"embeddable":true,"href":"https:\/\/www.dppireland.ie\/ga\/wp-json\/wp\/v2\/pages\/13233"}],"wp:attachment":[{"href":"https:\/\/www.dppireland.ie\/ga\/wp-json\/wp\/v2\/media?parent=20398"}],"curies":[{"name":"wp","href":"https:\/\/api.w.org\/{rel}","templated":true}]}}