{"id":12930,"date":"2022-08-17T14:22:12","date_gmt":"2022-08-17T13:22:12","guid":{"rendered":"https:\/\/www.dppireland.ie\/?page_id=12930"},"modified":"2026-04-22T09:36:13","modified_gmt":"2026-04-22T08:36:13","slug":"baile","status":"publish","type":"page","link":"https:\/\/www.dppireland.ie\/ga\/","title":{"rendered":"Baile"},"content":{"rendered":"<div class=\"wpb-content-wrapper\"><p>[vc_row][vc_column]<div class=\"banner\" style=\"background-image: url('https:\/\/www.dppireland.ie\/app\/uploads\/2019\/02\/hp-banner.jpg');\">\n    <div class=\"container\">\n        <h1>\n            <strong>Neamhsple\u00e1ch<\/strong>,            <strong>Cothram<\/strong>,            <strong>\u00c9ifeachtach<\/strong>        <\/h1>\n    <\/div>\n<\/div>[\/vc_column][\/vc_row][vc_row][vc_column]<div class=\"container\">\n    <div class=\"content\">\n<div class=\"row boxes\">\n<div class=\"col-md-6\">\r\n    <div class=\"box box-feature\">\r\n        <img decoding=\"async\" src=\"https:\/\/www.dppireland.ie\/app\/themes\/dpp\/resources\/img\/icon-person.svg\" alt=\"\"\/>\r\n        <h2><a href=\"https:\/\/www.dppireland.ie\/ga\/victims-witnesses\" target=\"\">\u00cdospartaigh agus Finn\u00e9ithe<\/a><\/h2>\r\n        <p>Is f\u00e9idir leis a bheith strusmhar do mh\u00f3r\u00e1n \u00edospartach agus finn\u00e9ithe m\u00e1 bh\u00edonn siad bainteach sa ch\u00f3ras ceartais choiri\u00fail.<\/p>\n<p>Baineann an roinn seo d\u00e1r su\u00edomh gr\u00e9as\u00e1in go sonrach le h\u00edospartaigh agus finn\u00e9ithe agus tugtar iarraidh ann freagairt a thabhairt ar na ceisteanna is minice a chuireann daoine orainn.<\/p>\n\r\n        <p aria-hidden=\"true\"><a class=\"btn\" href=\"https:\/\/www.dppireland.ie\/ga\/victims-witnesses\" target=\"\" tabindex=\"-1\">Taca\u00edocht d\u2019\u00cdospartaigh agus do Fhinn\u00e9ithe<\/a><\/p>\r\n        \r\n    <\/div>\r\n<\/div>\r\n<div class=\"col-md-6\">\r\n    <div class=\"box box-feature\">\r\n        <img decoding=\"async\" src=\"https:\/\/www.dppireland.ie\/app\/themes\/dpp\/resources\/img\/icon-gavel.svg\" alt=\"\"\/>\r\n        <h2><a href=\"https:\/\/www.dppireland.ie\/ga\/criminal-justice-system\/\" target=\"\">An C\u00f3ras Ceartais Choiri\u00fail<\/a><\/h2>\r\n        <p>Sol\u00e1thra\u00edonn an chuid seo d\u00e1r su\u00edomh Gr\u00e9as\u00e1in treoir ghearr ar an gC\u00f3ras Ceartais Coiri\u00fail agus m\u00edn\u00edonn s\u00e9 cad a tharla\u00edonn nuair: a thuairisc\u00edtear coir; t\u00e9ann comhad chuig an DPP; go gcinneann an DPP ionch\u00faiseamh a dh\u00e9anamh n\u00f3 gan ionch\u00faiseamh a dh\u00e9anamh; agus t\u00e9ann c\u00e1s chun na c\u00fairte.<\/p>\n\r\n        <p aria-hidden=\"true\"><a class=\"btn\" href=\"https:\/\/www.dppireland.ie\/ga\/criminal-justice-system\/\" target=\"\" tabindex=\"-1\">Leigh n\u00edos m\u00f3<\/a><\/p>\r\n        \r\n    <\/div>\r\n<\/div>\r\n<\/div><div class=\"row boxes\">\n<div class=\"col-md-6\">\n    <div class=\"box box-list\">\n                <img decoding=\"async\" src=\"https:\/\/www.dppireland.ie\/app\/themes\/dpp\/resources\/img\/icon-paperclip.svg\" alt=\"\"\/>\n                <h2><a href=\"https:\/\/www.dppireland.ie\/ga\/publications\" target=\"\">Foilseach\u00e1in<\/a><\/h2>\n        \n<ul style=\"list-style-type: square;\">\n<li><a href=\"https:\/\/www.dppireland.ie\/ga\/publications\/information-for-the-public\/\">Faisn\u00e9is sin don Phobal<\/a><\/li>\n<\/ul>\n<p>\u00cdosl\u00f3d\u00e1il leabhr\u00e1in (at\u00e1 ar f\u00e1il freisin i ndeich dteanga iasachta) maidir le r\u00f3l an Sti\u00farth\u00f3ra Ionch\u00faiseamh Poibl\u00ed, ag dul chun na c\u00fairte mar fhinn\u00e9, an d\u00f3igh a nd\u00e9anaimid cinnt\u00ed maidir le hionch\u00faisimh, r\u00e1iteas tionchair \u00edospartaigh a dh\u00e9anamh, agus nithe eile<\/p>\n<ul style=\"list-style-type: square;\">\n<li><a href=\"https:\/\/www.dppireland.ie\/ga\/publications\/guidelines-for-practitioners\/\">Treoirl\u00ednte le haghaidh Cleacht\u00f3ir\u00ed<\/a><\/li>\n<\/ul>\n<p>Faigh faisn\u00e9is riachtanach le haghaidh ionch\u00faisitheoir\u00ed, gairmithe dl\u00edthi\u00fala agus na Garda\u00ed.<\/p>\n<ul>\n<li><a href=\"https:\/\/www.dppireland.ie\/ga\/publications\/corporate-publications\/\">Foilseach\u00e1in Chorpar\u00e1ideacha<\/a><\/li>\n<\/ul>\n<p>F\u00e9ach ar \u00e1r dTuarasc\u00e1lacha Bliant\u00fala, R\u00e1itis Strait\u00e9ise, Cairt um Sheirbh\u00eds Ardchaighde\u00e1in, Tuarasc\u00e1lacha um Nochtadh Cosanta, agus nithe eile.<\/p>\n<ul>\n<li><a href=\"https:\/\/www.dppireland.ie\/ga\/publications\/conference-papers\/\">P\u00e1ip\u00e9ir \u00f3 Chomhdh\u00e1lacha<\/a><\/li>\n<\/ul>\n<p>L\u00e9igh cuir i l\u00e1thair agus p\u00e1ip\u00e9ir \u00f3 chomhdh\u00e1lacha.<\/p>\n<ul>\n<li><a href=\"https:\/\/www.dppireland.ie\/ga\/publications\/external-publications\/\">Foilseach\u00e1in Sheachtracha<\/a><\/li>\n<\/ul>\n<p>Faigh faisn\u00e9is \u00e1bhartha arna foilsi\u00fa ag eagra\u00edochta\u00ed eile.<\/p>\n\n    <\/div>\n<\/div><div class=\"col-md-6\">\n                        <div class=\"box box-update\">\n                <p class=\"label\">Pre\u00e1s<\/p>\n                                    <p class=\"date\">27 March 2025<\/p>\n                                <h2><a href=\"https:\/\/www.dppireland.ie\/office-of-the-dpp-commemorating-50-years-since-the-appointment-of-the-first-dpp\">Preasr\u00e1iteas<\/a><\/h2>\n                                    <p>I mbliana, t\u00e1 Oifig an Sti\u00farth\u00f3ra Ionch\u00faiseamh Poibl\u00ed ag com\u00f3radh 50 bliain \u00f3 ceapadh an ch\u00e9ad DPP i 1975. Ag \u00f3c\u00e1id i dTeach U\u00edbh Eachach D\u00e9ardaoin an 27 M\u00e1rta 2025 chun an \u00f3c\u00e1id seo a chom\u00f3radh \u2013 agus chun leabhar sainchoimisi\u00fanaithe a sheoladh dar teideal \u2018A History of the Office of the DPP: 1975-2025\u2019 \u2013 thug an Sti\u00farth\u00f3ir, Catherine Pierse \u00f3r\u00e1id ag d\u00e9anamh d\u00edosp\u00f3ireachta ar chaoga bliain den tseirbh\u00eds ionch\u00faisimh. Ina h\u00f3r\u00e1id, d\u00fairt an Sti\u00farth\u00f3ir ar na c\u00faiseanna at\u00e1 le cinneadh an Rialtais Oifig neamhsple\u00e1ch an DPP a bhun\u00fa, thart ar 50 bliain \u00f3 shin.<\/p>\n\n                            <\/div>\n                                <div class=\"box box-update\">\n                <p class=\"label\">Fol\u00fantais<\/p>\n                                <h2><a href=\"https:\/\/www.dppireland.ie\/ga\/working-with-us\/latest-vacancies\">Na Fol\u00fantais is Deireana\u00ed<\/a><\/h2>\n                                    <p>Na Fol\u00fantais is Deireana\u00ed san Oifig an Sti\u00farth\u00f3ra Ionch\u00faiseamh Poibl\u00ed<\/p>\n\n                            <\/div>\n                                <div class=\"box box-update\">\n                <p class=\"label\">Maidir Linne<\/p>\n                                    <p class=\"date\"><\/p>\n                                <h2><a href=\"https:\/\/www.dppireland.ie\/ga\/about-us\/\">Maidir Linne<\/a><\/h2>\n                                    <p>Buna\u00edodh Oifig an Sti\u00farth\u00f3ra Ionch\u00faiseamh Poibl\u00ed le dl\u00ed faoin Acht um Ionch\u00faiseamh i gCionta, 1974. T\u00e1 Catherine Pierse, an Sti\u00farth\u00f3ir, neamhsple\u00e1ch ag comhl\u00edonadh a feidhmeanna di.<\/p>\n\n                            <\/div>\n            <\/div><\/div><\/div>\n<\/div>[\/vc_column][\/vc_row][vc_row][\/vc_row]<\/p>\n<\/div>","protected":false},"excerpt":{"rendered":"<p>[vc_row][vc_column][\/vc_column][\/vc_row][vc_row][vc_column][\/vc_column][\/vc_row][vc_row][\/vc_row]<\/p>\n","protected":false},"author":1,"featured_media":0,"parent":0,"menu_order":0,"comment_status":"closed","ping_status":"closed","template":"views\/front-page.blade.php","meta":{"_acf_changed":false,"om_disable_all_campaigns":false,"_relevanssi_hide_post":"","_relevanssi_hide_content":"","_relevanssi_pin_for_all":"","_relevanssi_pin_keywords":"","_relevanssi_unpin_keywords":"","_relevanssi_related_keywords":"","_relevanssi_related_include_ids":"","_relevanssi_related_exclude_ids":"","_relevanssi_related_no_append":"","_relevanssi_related_not_related":"","_relevanssi_related_posts":"","_relevanssi_noindex_reason":"","_monsterinsights_skip_tracking":false,"_monsterinsights_sitenote_active":false,"_monsterinsights_sitenote_note":"","_monsterinsights_sitenote_category":0,"_uf_show_specific_survey":0,"_uf_disable_surveys":false,"footnotes":""},"class_list":["post-12930","page","type-page","status-publish","hentry"],"acf":[],"yoast_head":"<!-- This site is optimized with the Yoast SEO plugin v27.4 - https:\/\/yoast.com\/product\/yoast-seo-wordpress\/ -->\n<title>Oifig an Sti\u00farth\u00f3ra Ionch\u00faiseamh Poibl\u00ed<\/title>\n<meta name=\"description\" content=\"Office of the Director of Public Prosecutions - Providing a prosecution that is independent, fair and effective\" \/>\n<meta name=\"robots\" content=\"index, follow, max-snippet:-1, max-image-preview:large, max-video-preview:-1\" \/>\n<link rel=\"canonical\" href=\"https:\/\/www.dppireland.ie\/ga\/\" \/>\n<meta property=\"og:locale\" content=\"ga_IE\" \/>\n<meta property=\"og:type\" content=\"article\" \/>\n<meta property=\"og:title\" content=\"Oifig an Sti\u00farth\u00f3ra Ionch\u00faiseamh Poibl\u00ed\" \/>\n<meta property=\"og:description\" content=\"Office of the Director of Public Prosecutions - Providing a prosecution that is independent, fair and effective\" \/>\n<meta property=\"og:url\" content=\"https:\/\/www.dppireland.ie\/ga\/\" \/>\n<meta property=\"og:site_name\" content=\"Office of the Director of Public Prosecutions\" \/>\n<meta property=\"article:modified_time\" content=\"2026-04-22T08:36:13+00:00\" \/>\n<meta name=\"twitter:card\" content=\"summary_large_image\" \/>\n<meta name=\"twitter:label1\" content=\"Est. reading time\" \/>\n\t<meta name=\"twitter:data1\" content=\"2 minutes\" \/>\n<script type=\"application\/ld+json\" class=\"yoast-schema-graph\">{\"@context\":\"https:\\\/\\\/schema.org\",\"@graph\":[{\"@type\":\"WebPage\",\"@id\":\"https:\\\/\\\/www.dppireland.ie\\\/ga\\\/\",\"url\":\"https:\\\/\\\/www.dppireland.ie\\\/ga\\\/\",\"name\":\"Oifig an Sti\u00farth\u00f3ra Ionch\u00faiseamh Poibl\u00ed\",\"isPartOf\":{\"@id\":\"https:\\\/\\\/www.dppireland.ie\\\/#website\"},\"datePublished\":\"2022-08-17T13:22:12+00:00\",\"dateModified\":\"2026-04-22T08:36:13+00:00\",\"description\":\"Office of the Director of Public Prosecutions - Providing a prosecution that is independent, fair and effective\",\"breadcrumb\":{\"@id\":\"https:\\\/\\\/www.dppireland.ie\\\/ga\\\/#breadcrumb\"},\"inLanguage\":\"ga-IE\",\"potentialAction\":[{\"@type\":\"ReadAction\",\"target\":[\"https:\\\/\\\/www.dppireland.ie\\\/ga\\\/\"]}]},{\"@type\":\"BreadcrumbList\",\"@id\":\"https:\\\/\\\/www.dppireland.ie\\\/ga\\\/#breadcrumb\",\"itemListElement\":[{\"@type\":\"ListItem\",\"position\":1,\"name\":\"Home\",\"item\":\"https:\\\/\\\/www.dppireland.ie\\\/ga\\\/\"},{\"@type\":\"ListItem\",\"position\":2,\"name\":\"Baile\"}]},{\"@type\":\"WebSite\",\"@id\":\"https:\\\/\\\/www.dppireland.ie\\\/#website\",\"url\":\"https:\\\/\\\/www.dppireland.ie\\\/\",\"name\":\"Office of the Director of Public Prosecutions\",\"description\":\"Providing a prosecution that is independent, fair and effective\",\"potentialAction\":[{\"@type\":\"SearchAction\",\"target\":{\"@type\":\"EntryPoint\",\"urlTemplate\":\"https:\\\/\\\/www.dppireland.ie\\\/?s={search_term_string}\"},\"query-input\":{\"@type\":\"PropertyValueSpecification\",\"valueRequired\":true,\"valueName\":\"search_term_string\"}}],\"inLanguage\":\"ga-IE\"}]}<\/script>\n<!-- \/ Yoast SEO plugin. -->","yoast_head_json":{"title":"Oifig an Sti\u00farth\u00f3ra Ionch\u00faiseamh Poibl\u00ed","description":"Office of the Director of Public Prosecutions - Providing a prosecution that is independent, fair and effective","robots":{"index":"index","follow":"follow","max-snippet":"max-snippet:-1","max-image-preview":"max-image-preview:large","max-video-preview":"max-video-preview:-1"},"canonical":"https:\/\/www.dppireland.ie\/ga\/","og_locale":"ga_IE","og_type":"article","og_title":"Oifig an Sti\u00farth\u00f3ra Ionch\u00faiseamh Poibl\u00ed","og_description":"Office of the Director of Public Prosecutions - Providing a prosecution that is independent, fair and effective","og_url":"https:\/\/www.dppireland.ie\/ga\/","og_site_name":"Office of the Director of Public Prosecutions","article_modified_time":"2026-04-22T08:36:13+00:00","twitter_card":"summary_large_image","twitter_misc":{"Est. reading time":"2 minutes"},"schema":{"@context":"https:\/\/schema.org","@graph":[{"@type":"WebPage","@id":"https:\/\/www.dppireland.ie\/ga\/","url":"https:\/\/www.dppireland.ie\/ga\/","name":"Oifig an Sti\u00farth\u00f3ra Ionch\u00faiseamh Poibl\u00ed","isPartOf":{"@id":"https:\/\/www.dppireland.ie\/#website"},"datePublished":"2022-08-17T13:22:12+00:00","dateModified":"2026-04-22T08:36:13+00:00","description":"Office of the Director of Public Prosecutions - Providing a prosecution that is independent, fair and effective","breadcrumb":{"@id":"https:\/\/www.dppireland.ie\/ga\/#breadcrumb"},"inLanguage":"ga-IE","potentialAction":[{"@type":"ReadAction","target":["https:\/\/www.dppireland.ie\/ga\/"]}]},{"@type":"BreadcrumbList","@id":"https:\/\/www.dppireland.ie\/ga\/#breadcrumb","itemListElement":[{"@type":"ListItem","position":1,"name":"Home","item":"https:\/\/www.dppireland.ie\/ga\/"},{"@type":"ListItem","position":2,"name":"Baile"}]},{"@type":"WebSite","@id":"https:\/\/www.dppireland.ie\/#website","url":"https:\/\/www.dppireland.ie\/","name":"Office of the Director of Public Prosecutions","description":"Providing a prosecution that is independent, fair and effective","potentialAction":[{"@type":"SearchAction","target":{"@type":"EntryPoint","urlTemplate":"https:\/\/www.dppireland.ie\/?s={search_term_string}"},"query-input":{"@type":"PropertyValueSpecification","valueRequired":true,"valueName":"search_term_string"}}],"inLanguage":"ga-IE"}]}},"jetpack_sharing_enabled":true,"_links":{"self":[{"href":"https:\/\/www.dppireland.ie\/ga\/wp-json\/wp\/v2\/pages\/12930","targetHints":{"allow":["GET"]}}],"collection":[{"href":"https:\/\/www.dppireland.ie\/ga\/wp-json\/wp\/v2\/pages"}],"about":[{"href":"https:\/\/www.dppireland.ie\/ga\/wp-json\/wp\/v2\/types\/page"}],"author":[{"embeddable":true,"href":"https:\/\/www.dppireland.ie\/ga\/wp-json\/wp\/v2\/users\/1"}],"replies":[{"embeddable":true,"href":"https:\/\/www.dppireland.ie\/ga\/wp-json\/wp\/v2\/comments?post=12930"}],"version-history":[{"count":132,"href":"https:\/\/www.dppireland.ie\/ga\/wp-json\/wp\/v2\/pages\/12930\/revisions"}],"predecessor-version":[{"id":28589,"href":"https:\/\/www.dppireland.ie\/ga\/wp-json\/wp\/v2\/pages\/12930\/revisions\/28589"}],"wp:attachment":[{"href":"https:\/\/www.dppireland.ie\/ga\/wp-json\/wp\/v2\/media?parent=12930"}],"curies":[{"name":"wp","href":"https:\/\/api.w.org\/{rel}","templated":true}]}}