{"id":10503,"date":"2019-01-24T14:34:02","date_gmt":"2019-01-24T14:34:02","guid":{"rendered":"https:\/\/www.dppireland.ie\/publications\/"},"modified":"2022-09-21T17:21:55","modified_gmt":"2022-09-21T16:21:55","slug":"publications","status":"publish","type":"page","link":"https:\/\/www.dppireland.ie\/ga\/publications\/","title":{"rendered":"Foilseach\u00e1in"},"content":{"rendered":"<div class=\"wpb-content-wrapper\"><p>[vc_row][vc_column]<div class=\"row boxes\">\n<div class=\"col-md-6\">\r\n    <div class=\"box box-category\">\r\n        <h2><a href=\"\/ga\/publications\/information-for-the-public\/\" target=\"\">Faisn\u00e9is sin don Phobal<\/a><\/h2>\r\n        <p>\u00cdosl\u00f3d\u00e1il leabhr\u00e1in maidir le r\u00f3l an Sti\u00farth\u00f3ra Ionch\u00faiseamh Poibl\u00ed, ag dul chun na c\u00fairte mar fhinn\u00e9, an d\u00f3igh a nd\u00e9anaimid cinnt\u00ed maidir le hionch\u00faisimh, r\u00e1iteas tionchair \u00edospartaigh a dh\u00e9anamh, agus nithe eile.<\/p>\n\r\n        <p aria-hidden=\"true\"><a class=\"btn\" href=\"\/ga\/publications\/information-for-the-public\/\" target=\"\" tabindex=\"-1\">Faisn\u00e9is don phobal<\/a><\/p>\r\n        \r\n    <\/div>\r\n<\/div><div class=\"col-md-6\">\r\n    <div class=\"box box-category\">\r\n        <h2><a href=\"\/ga\/publications\/guidelines-for-practitioners\/\" target=\"\">Treoirl\u00ednte le haghaidh Cleacht\u00f3ir\u00ed<\/a><\/h2>\r\n        <p>Faigh faisn\u00e9is riachtanach le haghaidh ionch\u00faisitheoir\u00ed, gairmithe dl\u00edthi\u00fala agus na Garda\u00ed.<\/p>\n\r\n        <p aria-hidden=\"true\"><a class=\"btn\" href=\"\/ga\/publications\/guidelines-for-practitioners\/\" target=\"\" tabindex=\"-1\">Treoirl\u00ednte le haghaidh Cleacht\u00f3ir\u00ed<\/a><\/p>\r\n        \r\n    <\/div>\r\n<\/div><\/div><div class=\"row boxes\">\n<div class=\"col-md-6\">\r\n    <div class=\"box box-category\">\r\n        <h2><a href=\"\/ga\/publications\/corporate-publications\/\" target=\"\">Foilseach\u00e1in Chorpar\u00e1ideacha<\/a><\/h2>\r\n        <p>F\u00e9ach ar \u00e1r dTuarasc\u00e1lacha Bliant\u00fala, R\u00e1itis Strait\u00e9ise, Cairt um Sheirbh\u00eds Ardchaighde\u00e1in, Tuarasc\u00e1lacha um Nochtadh Cosanta, agus nithe eile.<\/p>\n\r\n        <p aria-hidden=\"true\"><a class=\"btn\" href=\"\/ga\/publications\/corporate-publications\/\" target=\"\" tabindex=\"-1\">Foilseach\u00e1in Chorpar\u00e1ideacha<\/a><\/p>\r\n        \r\n    <\/div>\r\n<\/div><div class=\"col-md-6\">\r\n    <div class=\"box box-category\">\r\n        <h2><a href=\"\/ga\/publications\/conference-papers\" target=\"\">P\u00e1ip\u00e9ir \u00f3 Chomhdh\u00e1lacha<\/a><\/h2>\r\n        <p>L\u00e9igh cuir i l\u00e1thair agus p\u00e1ip\u00e9ir \u00f3 chomhdh\u00e1lacha.<\/p>\n\r\n        <p aria-hidden=\"true\"><a class=\"btn\" href=\"\/ga\/publications\/conference-papers\" target=\"\" tabindex=\"-1\">P\u00e1ip\u00e9ir \u00f3 Chomhdh\u00e1lacha<\/a><\/p>\r\n        \r\n    <\/div>\r\n<\/div><\/div><div class=\"row boxes\">\n<div class=\"col-md-6\">\r\n    <div class=\"box box-category\">\r\n        <h2><a href=\"\/ga\/publications\/external-publications\" target=\"\">Foilseach\u00e1in Sheachtracha<\/a><\/h2>\r\n        <p>Faigh faisn\u00e9is \u00e1bhartha arna foilsi\u00fa ag eagra\u00edochta\u00ed eilea<\/p>\n\r\n        <p aria-hidden=\"true\"><a class=\"btn\" href=\"\/ga\/publications\/external-publications\" target=\"\" tabindex=\"-1\">Foilseach\u00e1in Sheachtracha<\/a><\/p>\r\n        \r\n    <\/div>\r\n<\/div><\/div>[\/vc_column][\/vc_row]<\/p>\n<\/div>","protected":false},"excerpt":{"rendered":"<p>[vc_row][vc_column][\/vc_column][\/vc_row]<\/p>\n","protected":false},"author":1,"featured_media":0,"parent":0,"menu_order":5,"comment_status":"closed","ping_status":"closed","template":"","meta":{"_acf_changed":false,"om_disable_all_campaigns":false,"_relevanssi_hide_post":"","_relevanssi_hide_content":"","_relevanssi_pin_for_all":"","_relevanssi_pin_keywords":"","_relevanssi_unpin_keywords":"","_relevanssi_related_keywords":"","_relevanssi_related_include_ids":"","_relevanssi_related_exclude_ids":"","_relevanssi_related_no_append":"","_relevanssi_related_not_related":"","_relevanssi_related_posts":"","_relevanssi_noindex_reason":"","_monsterinsights_skip_tracking":false,"_monsterinsights_sitenote_active":false,"_monsterinsights_sitenote_note":"","_monsterinsights_sitenote_category":0,"_uf_show_specific_survey":0,"_uf_disable_surveys":false,"footnotes":""},"class_list":["post-10503","page","type-page","status-publish","hentry"],"acf":[],"yoast_head":"<!-- This site is optimized with the Yoast SEO plugin v27.4 - https:\/\/yoast.com\/product\/yoast-seo-wordpress\/ -->\n<title>Foilseach\u00e1in - Office of the Director of Public Prosecutions<\/title>\n<meta name=\"description\" content=\"Office of the Director of Public Prosecutions - Providing a prosecution that is independent, fair and effective\" \/>\n<meta name=\"robots\" content=\"index, follow, max-snippet:-1, max-image-preview:large, max-video-preview:-1\" \/>\n<link rel=\"canonical\" href=\"https:\/\/www.dppireland.ie\/ga\/publications\/\" \/>\n<meta property=\"og:locale\" content=\"ga_IE\" \/>\n<meta property=\"og:type\" content=\"article\" \/>\n<meta property=\"og:title\" content=\"Foilseach\u00e1in - Office of the Director of Public Prosecutions\" \/>\n<meta property=\"og:description\" content=\"Office of the Director of Public Prosecutions - Providing a prosecution that is independent, fair and effective\" \/>\n<meta property=\"og:url\" content=\"https:\/\/www.dppireland.ie\/ga\/publications\/\" \/>\n<meta property=\"og:site_name\" content=\"Office of the Director of Public Prosecutions\" \/>\n<meta property=\"article:modified_time\" content=\"2022-09-21T16:21:55+00:00\" \/>\n<meta name=\"twitter:card\" content=\"summary_large_image\" \/>\n<meta name=\"twitter:label1\" content=\"Est. reading time\" \/>\n\t<meta name=\"twitter:data1\" content=\"1 minute\" \/>\n<script type=\"application\/ld+json\" class=\"yoast-schema-graph\">{\"@context\":\"https:\\\/\\\/schema.org\",\"@graph\":[{\"@type\":\"WebPage\",\"@id\":\"https:\\\/\\\/www.dppireland.ie\\\/ga\\\/publications\\\/\",\"url\":\"https:\\\/\\\/www.dppireland.ie\\\/ga\\\/publications\\\/\",\"name\":\"Foilseach\u00e1in - Office of the Director of Public Prosecutions\",\"isPartOf\":{\"@id\":\"https:\\\/\\\/www.dppireland.ie\\\/#website\"},\"datePublished\":\"2019-01-24T14:34:02+00:00\",\"dateModified\":\"2022-09-21T16:21:55+00:00\",\"description\":\"Office of the Director of Public Prosecutions - Providing a prosecution that is independent, fair and effective\",\"breadcrumb\":{\"@id\":\"https:\\\/\\\/www.dppireland.ie\\\/ga\\\/publications\\\/#breadcrumb\"},\"inLanguage\":\"ga-IE\",\"potentialAction\":[{\"@type\":\"ReadAction\",\"target\":[\"https:\\\/\\\/www.dppireland.ie\\\/ga\\\/publications\\\/\"]}]},{\"@type\":\"BreadcrumbList\",\"@id\":\"https:\\\/\\\/www.dppireland.ie\\\/ga\\\/publications\\\/#breadcrumb\",\"itemListElement\":[{\"@type\":\"ListItem\",\"position\":1,\"name\":\"Home\",\"item\":\"https:\\\/\\\/www.dppireland.ie\\\/ga\\\/\"},{\"@type\":\"ListItem\",\"position\":2,\"name\":\"Foilseach\u00e1in\"}]},{\"@type\":\"WebSite\",\"@id\":\"https:\\\/\\\/www.dppireland.ie\\\/#website\",\"url\":\"https:\\\/\\\/www.dppireland.ie\\\/\",\"name\":\"Office of the Director of Public Prosecutions\",\"description\":\"Providing a prosecution that is independent, fair and effective\",\"potentialAction\":[{\"@type\":\"SearchAction\",\"target\":{\"@type\":\"EntryPoint\",\"urlTemplate\":\"https:\\\/\\\/www.dppireland.ie\\\/?s={search_term_string}\"},\"query-input\":{\"@type\":\"PropertyValueSpecification\",\"valueRequired\":true,\"valueName\":\"search_term_string\"}}],\"inLanguage\":\"ga-IE\"}]}<\/script>\n<!-- \/ Yoast SEO plugin. -->","yoast_head_json":{"title":"Foilseach\u00e1in - Office of the Director of Public Prosecutions","description":"Office of the Director of Public Prosecutions - Providing a prosecution that is independent, fair and effective","robots":{"index":"index","follow":"follow","max-snippet":"max-snippet:-1","max-image-preview":"max-image-preview:large","max-video-preview":"max-video-preview:-1"},"canonical":"https:\/\/www.dppireland.ie\/ga\/publications\/","og_locale":"ga_IE","og_type":"article","og_title":"Foilseach\u00e1in - Office of the Director of Public Prosecutions","og_description":"Office of the Director of Public Prosecutions - Providing a prosecution that is independent, fair and effective","og_url":"https:\/\/www.dppireland.ie\/ga\/publications\/","og_site_name":"Office of the Director of Public Prosecutions","article_modified_time":"2022-09-21T16:21:55+00:00","twitter_card":"summary_large_image","twitter_misc":{"Est. reading time":"1 minute"},"schema":{"@context":"https:\/\/schema.org","@graph":[{"@type":"WebPage","@id":"https:\/\/www.dppireland.ie\/ga\/publications\/","url":"https:\/\/www.dppireland.ie\/ga\/publications\/","name":"Foilseach\u00e1in - Office of the Director of Public Prosecutions","isPartOf":{"@id":"https:\/\/www.dppireland.ie\/#website"},"datePublished":"2019-01-24T14:34:02+00:00","dateModified":"2022-09-21T16:21:55+00:00","description":"Office of the Director of Public Prosecutions - Providing a prosecution that is independent, fair and effective","breadcrumb":{"@id":"https:\/\/www.dppireland.ie\/ga\/publications\/#breadcrumb"},"inLanguage":"ga-IE","potentialAction":[{"@type":"ReadAction","target":["https:\/\/www.dppireland.ie\/ga\/publications\/"]}]},{"@type":"BreadcrumbList","@id":"https:\/\/www.dppireland.ie\/ga\/publications\/#breadcrumb","itemListElement":[{"@type":"ListItem","position":1,"name":"Home","item":"https:\/\/www.dppireland.ie\/ga\/"},{"@type":"ListItem","position":2,"name":"Foilseach\u00e1in"}]},{"@type":"WebSite","@id":"https:\/\/www.dppireland.ie\/#website","url":"https:\/\/www.dppireland.ie\/","name":"Office of the Director of Public Prosecutions","description":"Providing a prosecution that is independent, fair and effective","potentialAction":[{"@type":"SearchAction","target":{"@type":"EntryPoint","urlTemplate":"https:\/\/www.dppireland.ie\/?s={search_term_string}"},"query-input":{"@type":"PropertyValueSpecification","valueRequired":true,"valueName":"search_term_string"}}],"inLanguage":"ga-IE"}]}},"jetpack_sharing_enabled":true,"_links":{"self":[{"href":"https:\/\/www.dppireland.ie\/ga\/wp-json\/wp\/v2\/pages\/10503","targetHints":{"allow":["GET"]}}],"collection":[{"href":"https:\/\/www.dppireland.ie\/ga\/wp-json\/wp\/v2\/pages"}],"about":[{"href":"https:\/\/www.dppireland.ie\/ga\/wp-json\/wp\/v2\/types\/page"}],"author":[{"embeddable":true,"href":"https:\/\/www.dppireland.ie\/ga\/wp-json\/wp\/v2\/users\/1"}],"replies":[{"embeddable":true,"href":"https:\/\/www.dppireland.ie\/ga\/wp-json\/wp\/v2\/comments?post=10503"}],"version-history":[{"count":9,"href":"https:\/\/www.dppireland.ie\/ga\/wp-json\/wp\/v2\/pages\/10503\/revisions"}],"predecessor-version":[{"id":18346,"href":"https:\/\/www.dppireland.ie\/ga\/wp-json\/wp\/v2\/pages\/10503\/revisions\/18346"}],"wp:attachment":[{"href":"https:\/\/www.dppireland.ie\/ga\/wp-json\/wp\/v2\/media?parent=10503"}],"curies":[{"name":"wp","href":"https:\/\/api.w.org\/{rel}","templated":true}]}}