{"id":10502,"date":"2019-01-24T14:34:24","date_gmt":"2019-01-24T14:34:24","guid":{"rendered":"https:\/\/www.dppireland.ie\/working-with-us\/"},"modified":"2025-11-19T11:47:20","modified_gmt":"2025-11-19T11:47:20","slug":"working-with-us","status":"publish","type":"page","link":"https:\/\/www.dppireland.ie\/ga\/working-with-us\/","title":{"rendered":"Sl\u00ed bheatha linn"},"content":{"rendered":"<div class=\"wpb-content-wrapper\"><p>[vc_row][vc_column][vc_column_text]Mar fhost\u00f3ir, ba mhaith linn daoine maithe a mhealladh agus a choinne\u00e1il. Cialla\u00edonn s\u00e9 seo aire a thabhairt d\u00e1r bhfostaithe.<\/p>\n<p>T\u00e1 sl\u00ed bheatha s\u00e1s\u00fail d\u00fashl\u00e1nach ar cheann de na bunt\u00e1ist\u00ed iomad\u00fala a thaitneoidh leat m\u00e1 th\u00e9ann t\u00fa isteach in\u00e1r n-Oifig. Tugann an liosta th\u00edos blaiseadh de na bunt\u00e1ist\u00ed eile at\u00e1 \u00e1 dtairiscint:<\/p>\n<ul>\n<li>Tuarastal ioma\u00edoch agus incrimint\u00ed<\/li>\n<li>Sc\u00e9im phinsin<\/li>\n<li>Saoire bhliant\u00fail fhlaithi\u00fail agus socruithe oibre a thaca\u00edonn le teaghlaigh<\/li>\n<li>Obair shol\u00fabtha lena n-\u00e1ir\u00edtear cianobair<\/li>\n<li>Seirbh\u00eds C\u00fanaimh d&#8217;Fhostaithe<\/li>\n<li>Cl\u00e1r C\u00faraim Foirne<br \/>\nDeiseanna foghlama agus forbartha (Forbairt Ghairmi\u00fail Lean\u00fanach)<\/li>\n<li>Cl\u00e1ir mheant\u00f3ireachta agus soghluaisteachta<\/li>\n<li>Nu\u00e1la\u00edocht agus obair thionscadail chomhrannach chomhrannach<\/li>\n<li>Deiseanna chun ionada\u00edocht a dh\u00e9anamh ar an oifig go hidirn\u00e1isi\u00fanta<\/li>\n<li>Maoini\u00fa ballra\u00edochta gairmi\u00fala<\/li>\n<li>Sc\u00e9im Rotha\u00edochta chun Oibre<\/li>\n<li>Pas Taistil S\u00e1bh\u00e1il C\u00e1nach<\/li>\n<li>Taisteal agus coth\u00fa<\/li>\n<\/ul>\n<p>Chun misean agus cro\u00edluachanna Oifig an Sti\u00farth\u00f3ra Ionch\u00faiseamh Poibl\u00ed a fheice\u00e1il clice\u00e1il <a href=\"https:\/\/www.dppireland.ie\/ga\/about-us\/our-mission-and-core-values\/\">anseo<\/a>.<\/p>\n<p>M\u00e1s rud \u00e9 go mb\u00edonn aon cheisteanna agat n\u00f3 go dteasta\u00edonn tuilleadh faisn\u00e9ise uait, d\u00e9an teagmh\u00e1il len\u00e1r nAonad Acmhainn\u00ed Daonna agus Forbartha Eagra\u00edocht\u00fala (Aonad AD &amp; OD) le do thoil tr\u00ed r\u00edomhphost a sheoladh chuig: <a href=\"mailto:recruitment@dppireland.ie\">recruitment@dppireland.ie<\/a>.<\/p>\n<h4><em>Is fost\u00f3ir comhdheiseanna \u00ed Oifig an Sti\u00farth\u00f3ra Ionch\u00faiseamh Poibl\u00ed<\/em><\/h4>\n<\/div>","protected":false},"excerpt":{"rendered":"<p>[vc_row][vc_column][vc_column_text]Mar fhost\u00f3ir, ba mhaith linn daoine maithe a mhealladh agus a choinne\u00e1il. Cialla\u00edonn s\u00e9 seo aire a thabhairt d\u00e1r bhfostaithe. T\u00e1 sl\u00ed bheatha s\u00e1s\u00fail d\u00fashl\u00e1nach ar cheann de na bunt\u00e1ist\u00ed iomad\u00fala a thaitneoidh leat m\u00e1 th\u00e9ann t\u00fa isteach in\u00e1r n-Oifig. Tugann an liosta th\u00edos blaiseadh de na bunt\u00e1ist\u00ed eile at\u00e1 \u00e1 dtairiscint: Tuarastal ioma\u00edoch agus &hellip; <a href=\"https:\/\/www.dppireland.ie\/ga\/working-with-us\/\">Continued<\/a><\/p>\n","protected":false},"author":1,"featured_media":0,"parent":0,"menu_order":6,"comment_status":"closed","ping_status":"closed","template":"","meta":{"_acf_changed":false,"om_disable_all_campaigns":false,"_relevanssi_hide_post":"","_relevanssi_hide_content":"","_relevanssi_pin_for_all":"","_relevanssi_pin_keywords":"","_relevanssi_unpin_keywords":"","_relevanssi_related_keywords":"","_relevanssi_related_include_ids":"","_relevanssi_related_exclude_ids":"","_relevanssi_related_no_append":"","_relevanssi_related_not_related":"","_relevanssi_related_posts":"","_relevanssi_noindex_reason":"","_monsterinsights_skip_tracking":false,"_monsterinsights_sitenote_active":false,"_monsterinsights_sitenote_note":"","_monsterinsights_sitenote_category":0,"_uf_show_specific_survey":0,"_uf_disable_surveys":false,"footnotes":""},"class_list":["post-10502","page","type-page","status-publish","hentry"],"acf":[],"yoast_head":"<!-- This site is optimized with the Yoast SEO plugin v27.6 - https:\/\/yoast.com\/product\/yoast-seo-wordpress\/ -->\n<title>Sl\u00ed bheatha linn - Office of the Director of Public Prosecutions<\/title>\n<meta name=\"description\" content=\"Office of the Director of Public Prosecutions - Providing a prosecution that is independent, fair and effective\" \/>\n<meta name=\"robots\" content=\"index, follow, max-snippet:-1, max-image-preview:large, max-video-preview:-1\" \/>\n<link rel=\"canonical\" href=\"https:\/\/www.dppireland.ie\/ga\/working-with-us\/\" \/>\n<meta property=\"og:locale\" content=\"ga_IE\" \/>\n<meta property=\"og:type\" content=\"article\" \/>\n<meta property=\"og:title\" content=\"Sl\u00ed bheatha linn - Office of the Director of Public Prosecutions\" \/>\n<meta property=\"og:description\" content=\"Office of the Director of Public Prosecutions - Providing a prosecution that is independent, fair and effective\" \/>\n<meta property=\"og:url\" content=\"https:\/\/www.dppireland.ie\/ga\/working-with-us\/\" \/>\n<meta property=\"og:site_name\" content=\"Office of the Director of Public Prosecutions\" \/>\n<meta property=\"article:modified_time\" content=\"2025-11-19T11:47:20+00:00\" \/>\n<meta name=\"twitter:card\" content=\"summary_large_image\" \/>\n<meta name=\"twitter:label1\" content=\"Est. reading time\" \/>\n\t<meta name=\"twitter:data1\" content=\"1 minute\" \/>\n<script type=\"application\/ld+json\" class=\"yoast-schema-graph\">{\"@context\":\"https:\\\/\\\/schema.org\",\"@graph\":[{\"@type\":\"WebPage\",\"@id\":\"https:\\\/\\\/www.dppireland.ie\\\/ga\\\/working-with-us\\\/\",\"url\":\"https:\\\/\\\/www.dppireland.ie\\\/ga\\\/working-with-us\\\/\",\"name\":\"Sl\u00ed bheatha linn - Office of the Director of Public Prosecutions\",\"isPartOf\":{\"@id\":\"https:\\\/\\\/www.dppireland.ie\\\/#website\"},\"datePublished\":\"2019-01-24T14:34:24+00:00\",\"dateModified\":\"2025-11-19T11:47:20+00:00\",\"description\":\"Office of the Director of Public Prosecutions - Providing a prosecution that is independent, fair and effective\",\"breadcrumb\":{\"@id\":\"https:\\\/\\\/www.dppireland.ie\\\/ga\\\/working-with-us\\\/#breadcrumb\"},\"inLanguage\":\"ga-IE\",\"potentialAction\":[{\"@type\":\"ReadAction\",\"target\":[\"https:\\\/\\\/www.dppireland.ie\\\/ga\\\/working-with-us\\\/\"]}]},{\"@type\":\"BreadcrumbList\",\"@id\":\"https:\\\/\\\/www.dppireland.ie\\\/ga\\\/working-with-us\\\/#breadcrumb\",\"itemListElement\":[{\"@type\":\"ListItem\",\"position\":1,\"name\":\"Home\",\"item\":\"https:\\\/\\\/www.dppireland.ie\\\/ga\\\/\"},{\"@type\":\"ListItem\",\"position\":2,\"name\":\"Sl\u00ed bheatha linn\"}]},{\"@type\":\"WebSite\",\"@id\":\"https:\\\/\\\/www.dppireland.ie\\\/#website\",\"url\":\"https:\\\/\\\/www.dppireland.ie\\\/\",\"name\":\"Office of the Director of Public Prosecutions\",\"description\":\"Providing a prosecution that is independent, fair and effective\",\"potentialAction\":[{\"@type\":\"SearchAction\",\"target\":{\"@type\":\"EntryPoint\",\"urlTemplate\":\"https:\\\/\\\/www.dppireland.ie\\\/?s={search_term_string}\"},\"query-input\":{\"@type\":\"PropertyValueSpecification\",\"valueRequired\":true,\"valueName\":\"search_term_string\"}}],\"inLanguage\":\"ga-IE\"}]}<\/script>\n<!-- \/ Yoast SEO plugin. -->","yoast_head_json":{"title":"Sl\u00ed bheatha linn - Office of the Director of Public Prosecutions","description":"Office of the Director of Public Prosecutions - Providing a prosecution that is independent, fair and effective","robots":{"index":"index","follow":"follow","max-snippet":"max-snippet:-1","max-image-preview":"max-image-preview:large","max-video-preview":"max-video-preview:-1"},"canonical":"https:\/\/www.dppireland.ie\/ga\/working-with-us\/","og_locale":"ga_IE","og_type":"article","og_title":"Sl\u00ed bheatha linn - Office of the Director of Public Prosecutions","og_description":"Office of the Director of Public Prosecutions - Providing a prosecution that is independent, fair and effective","og_url":"https:\/\/www.dppireland.ie\/ga\/working-with-us\/","og_site_name":"Office of the Director of Public Prosecutions","article_modified_time":"2025-11-19T11:47:20+00:00","twitter_card":"summary_large_image","twitter_misc":{"Est. reading time":"1 minute"},"schema":{"@context":"https:\/\/schema.org","@graph":[{"@type":"WebPage","@id":"https:\/\/www.dppireland.ie\/ga\/working-with-us\/","url":"https:\/\/www.dppireland.ie\/ga\/working-with-us\/","name":"Sl\u00ed bheatha linn - Office of the Director of Public Prosecutions","isPartOf":{"@id":"https:\/\/www.dppireland.ie\/#website"},"datePublished":"2019-01-24T14:34:24+00:00","dateModified":"2025-11-19T11:47:20+00:00","description":"Office of the Director of Public Prosecutions - Providing a prosecution that is independent, fair and effective","breadcrumb":{"@id":"https:\/\/www.dppireland.ie\/ga\/working-with-us\/#breadcrumb"},"inLanguage":"ga-IE","potentialAction":[{"@type":"ReadAction","target":["https:\/\/www.dppireland.ie\/ga\/working-with-us\/"]}]},{"@type":"BreadcrumbList","@id":"https:\/\/www.dppireland.ie\/ga\/working-with-us\/#breadcrumb","itemListElement":[{"@type":"ListItem","position":1,"name":"Home","item":"https:\/\/www.dppireland.ie\/ga\/"},{"@type":"ListItem","position":2,"name":"Sl\u00ed bheatha linn"}]},{"@type":"WebSite","@id":"https:\/\/www.dppireland.ie\/#website","url":"https:\/\/www.dppireland.ie\/","name":"Office of the Director of Public Prosecutions","description":"Providing a prosecution that is independent, fair and effective","potentialAction":[{"@type":"SearchAction","target":{"@type":"EntryPoint","urlTemplate":"https:\/\/www.dppireland.ie\/?s={search_term_string}"},"query-input":{"@type":"PropertyValueSpecification","valueRequired":true,"valueName":"search_term_string"}}],"inLanguage":"ga-IE"}]}},"jetpack_sharing_enabled":true,"_links":{"self":[{"href":"https:\/\/www.dppireland.ie\/ga\/wp-json\/wp\/v2\/pages\/10502","targetHints":{"allow":["GET"]}}],"collection":[{"href":"https:\/\/www.dppireland.ie\/ga\/wp-json\/wp\/v2\/pages"}],"about":[{"href":"https:\/\/www.dppireland.ie\/ga\/wp-json\/wp\/v2\/types\/page"}],"author":[{"embeddable":true,"href":"https:\/\/www.dppireland.ie\/ga\/wp-json\/wp\/v2\/users\/1"}],"replies":[{"embeddable":true,"href":"https:\/\/www.dppireland.ie\/ga\/wp-json\/wp\/v2\/comments?post=10502"}],"version-history":[{"count":9,"href":"https:\/\/www.dppireland.ie\/ga\/wp-json\/wp\/v2\/pages\/10502\/revisions"}],"predecessor-version":[{"id":27949,"href":"https:\/\/www.dppireland.ie\/ga\/wp-json\/wp\/v2\/pages\/10502\/revisions\/27949"}],"wp:attachment":[{"href":"https:\/\/www.dppireland.ie\/ga\/wp-json\/wp\/v2\/media?parent=10502"}],"curies":[{"name":"wp","href":"https:\/\/api.w.org\/{rel}","templated":true}]}}