{"id":10501,"date":"2019-01-24T15:44:11","date_gmt":"2019-01-24T15:44:11","guid":{"rendered":"https:\/\/www.dppireland.ie\/the-director\/"},"modified":"2025-10-24T15:17:44","modified_gmt":"2025-10-24T14:17:44","slug":"the-director","status":"publish","type":"page","link":"https:\/\/www.dppireland.ie\/ga\/about-us\/the-director\/","title":{"rendered":"An Sti\u00farth\u00f3ir"},"content":{"rendered":"<div class=\"wpb-content-wrapper\"><p>[vc_row][vc_column][vc_column_text css=&#8221;&#8221;]<\/p>\n<h2><img loading=\"lazy\" decoding=\"async\" class=\"wp-image-27654 size-medium alignright\" src=\"https:\/\/www.dppireland.ie\/app\/uploads\/2025\/10\/DPP-Catherine-Pierse-Photo-Credit-Cian-Redmond-254x300.jpg\" alt=\"\" width=\"254\" height=\"300\" srcset=\"https:\/\/www.dppireland.ie\/app\/uploads\/2025\/10\/DPP-Catherine-Pierse-Photo-Credit-Cian-Redmond-254x300.jpg 254w, https:\/\/www.dppireland.ie\/app\/uploads\/2025\/10\/DPP-Catherine-Pierse-Photo-Credit-Cian-Redmond-868x1024.jpg 868w, https:\/\/www.dppireland.ie\/app\/uploads\/2025\/10\/DPP-Catherine-Pierse-Photo-Credit-Cian-Redmond-768x907.jpg 768w, https:\/\/www.dppireland.ie\/app\/uploads\/2025\/10\/DPP-Catherine-Pierse-Photo-Credit-Cian-Redmond-1301x1536.jpg 1301w, https:\/\/www.dppireland.ie\/app\/uploads\/2025\/10\/DPP-Catherine-Pierse-Photo-Credit-Cian-Redmond-1735x2048.jpg 1735w, https:\/\/www.dppireland.ie\/app\/uploads\/2025\/10\/DPP-Catherine-Pierse-Photo-Credit-Cian-Redmond-100x118.jpg 100w\" sizes=\"auto, (max-width: 254px) 100vw, 254px\" \/>Catherine Pierse, an Sti\u00farth\u00f3ir Ionch\u00faiseamh Poibl\u00ed, \u00c9ire<\/h2>\n<p>Ceapadh an Sti\u00farth\u00f3ir Ionch\u00faiseamh Poibl\u00ed, Catherine Pierse, an 8 Samhain 2021.<\/p>\n<p>T\u00e1 taith\u00ed os cionn 20 bliain ag Catherine Pierse mar aturnae cleachtach i raon r\u00f3il dl\u00ed coiri\u00fail agus rial\u00e1la.\u00a0 Thosaigh s\u00ed le hOifig an Sti\u00farth\u00f3ra Ionch\u00faiseamh Poibl\u00ed mar Cheann na Rann\u00f3ige Seirbh\u00eds\u00ed Taca\u00edochta Ionch\u00faisimh in 2018.<\/p>\n<p>Roimhe seo bh\u00ed r\u00f3il an Cheann Dl\u00ed agus Beartais san \u00dadar\u00e1s P\u00f3il\u00edneachta ag Catherine; Dl\u00edod\u00f3ir Forfheidhmithe Sinsearach i mBanc Ceannais na h\u00c9ireann; agus Comhairleoir Dl\u00ed i gCoimisi\u00fan Ombudsman an Gharda S\u00edoch\u00e1na.<\/p>\n<p>Cuireadh oideachas uirthi i gCol\u00e1iste na hOllscoile, Corcaigh agus in Ollscoil na Banr\u00edona, B\u00e9al Feirste, ch\u00e1iligh Catherine mar aturnae i 2001.[\/vc_column_text][\/vc_column][\/vc_row]<\/p>\n<\/div>","protected":false},"excerpt":{"rendered":"<p>[vc_row][vc_column][vc_column_text css=&#8221;&#8221;] Catherine Pierse, an Sti\u00farth\u00f3ir Ionch\u00faiseamh Poibl\u00ed, \u00c9ire Ceapadh an Sti\u00farth\u00f3ir Ionch\u00faiseamh Poibl\u00ed, Catherine Pierse, an 8 Samhain 2021. T\u00e1 taith\u00ed os cionn 20 bliain ag Catherine Pierse mar aturnae cleachtach i raon r\u00f3il dl\u00ed coiri\u00fail agus rial\u00e1la.\u00a0 Thosaigh s\u00ed le hOifig an Sti\u00farth\u00f3ra Ionch\u00faiseamh Poibl\u00ed mar Cheann na Rann\u00f3ige Seirbh\u00eds\u00ed Taca\u00edochta Ionch\u00faisimh in &hellip; <a href=\"https:\/\/www.dppireland.ie\/ga\/about-us\/the-director\/\">Continued<\/a><\/p>\n","protected":false},"author":1,"featured_media":0,"parent":13233,"menu_order":5,"comment_status":"closed","ping_status":"closed","template":"","meta":{"_acf_changed":false,"om_disable_all_campaigns":false,"_relevanssi_hide_post":"","_relevanssi_hide_content":"","_relevanssi_pin_for_all":"","_relevanssi_pin_keywords":"","_relevanssi_unpin_keywords":"","_relevanssi_related_keywords":"","_relevanssi_related_include_ids":"","_relevanssi_related_exclude_ids":"","_relevanssi_related_no_append":"","_relevanssi_related_not_related":"","_relevanssi_related_posts":"","_relevanssi_noindex_reason":"","_monsterinsights_skip_tracking":false,"_monsterinsights_sitenote_active":false,"_monsterinsights_sitenote_note":"","_monsterinsights_sitenote_category":0,"_uf_show_specific_survey":0,"_uf_disable_surveys":false,"footnotes":""},"class_list":["post-10501","page","type-page","status-publish","hentry"],"acf":[],"yoast_head":"<!-- This site is optimized with the Yoast SEO plugin v27.6 - https:\/\/yoast.com\/product\/yoast-seo-wordpress\/ -->\n<title>An Sti\u00farth\u00f3ir - Office of the Director of Public Prosecutions<\/title>\n<meta name=\"description\" content=\"Office of the Director of Public Prosecutions - Providing a prosecution that is independent, fair and effective\" \/>\n<meta name=\"robots\" content=\"index, follow, max-snippet:-1, max-image-preview:large, max-video-preview:-1\" \/>\n<link rel=\"canonical\" href=\"https:\/\/www.dppireland.ie\/ga\/about-us\/the-director\/\" \/>\n<meta property=\"og:locale\" content=\"ga_IE\" \/>\n<meta property=\"og:type\" content=\"article\" \/>\n<meta property=\"og:title\" content=\"An Sti\u00farth\u00f3ir - Office of the Director of Public Prosecutions\" \/>\n<meta property=\"og:description\" content=\"Office of the Director of Public Prosecutions - Providing a prosecution that is independent, fair and effective\" \/>\n<meta property=\"og:url\" content=\"https:\/\/www.dppireland.ie\/ga\/about-us\/the-director\/\" \/>\n<meta property=\"og:site_name\" content=\"Office of the Director of Public Prosecutions\" \/>\n<meta property=\"article:modified_time\" content=\"2025-10-24T14:17:44+00:00\" \/>\n<meta property=\"og:image\" content=\"https:\/\/www.dppireland.ie\/app\/uploads\/2025\/10\/DPP-Catherine-Pierse-Photo-Credit-Cian-Redmond-scaled.jpg\" \/>\n\t<meta property=\"og:image:width\" content=\"2169\" \/>\n\t<meta property=\"og:image:height\" content=\"2560\" \/>\n\t<meta property=\"og:image:type\" content=\"image\/jpeg\" \/>\n<meta name=\"twitter:card\" content=\"summary_large_image\" \/>\n<meta name=\"twitter:label1\" content=\"Est. reading time\" \/>\n\t<meta name=\"twitter:data1\" content=\"1 minute\" \/>\n<script type=\"application\/ld+json\" class=\"yoast-schema-graph\">{\"@context\":\"https:\\\/\\\/schema.org\",\"@graph\":[{\"@type\":\"WebPage\",\"@id\":\"https:\\\/\\\/www.dppireland.ie\\\/ga\\\/about-us\\\/the-director\\\/\",\"url\":\"https:\\\/\\\/www.dppireland.ie\\\/ga\\\/about-us\\\/the-director\\\/\",\"name\":\"An Sti\u00farth\u00f3ir - Office of the Director of Public Prosecutions\",\"isPartOf\":{\"@id\":\"https:\\\/\\\/www.dppireland.ie\\\/#website\"},\"primaryImageOfPage\":{\"@id\":\"https:\\\/\\\/www.dppireland.ie\\\/ga\\\/about-us\\\/the-director\\\/#primaryimage\"},\"image\":{\"@id\":\"https:\\\/\\\/www.dppireland.ie\\\/ga\\\/about-us\\\/the-director\\\/#primaryimage\"},\"thumbnailUrl\":\"https:\\\/\\\/www.dppireland.ie\\\/app\\\/uploads\\\/2025\\\/10\\\/DPP-Catherine-Pierse-Photo-Credit-Cian-Redmond-254x300.jpg\",\"datePublished\":\"2019-01-24T15:44:11+00:00\",\"dateModified\":\"2025-10-24T14:17:44+00:00\",\"description\":\"Office of the Director of Public Prosecutions - Providing a prosecution that is independent, fair and effective\",\"breadcrumb\":{\"@id\":\"https:\\\/\\\/www.dppireland.ie\\\/ga\\\/about-us\\\/the-director\\\/#breadcrumb\"},\"inLanguage\":\"ga-IE\",\"potentialAction\":[{\"@type\":\"ReadAction\",\"target\":[\"https:\\\/\\\/www.dppireland.ie\\\/ga\\\/about-us\\\/the-director\\\/\"]}]},{\"@type\":\"ImageObject\",\"inLanguage\":\"ga-IE\",\"@id\":\"https:\\\/\\\/www.dppireland.ie\\\/ga\\\/about-us\\\/the-director\\\/#primaryimage\",\"url\":\"https:\\\/\\\/www.dppireland.ie\\\/app\\\/uploads\\\/2025\\\/10\\\/DPP-Catherine-Pierse-Photo-Credit-Cian-Redmond-254x300.jpg\",\"contentUrl\":\"https:\\\/\\\/www.dppireland.ie\\\/app\\\/uploads\\\/2025\\\/10\\\/DPP-Catherine-Pierse-Photo-Credit-Cian-Redmond-254x300.jpg\"},{\"@type\":\"BreadcrumbList\",\"@id\":\"https:\\\/\\\/www.dppireland.ie\\\/ga\\\/about-us\\\/the-director\\\/#breadcrumb\",\"itemListElement\":[{\"@type\":\"ListItem\",\"position\":1,\"name\":\"Home\",\"item\":\"https:\\\/\\\/www.dppireland.ie\\\/ga\\\/\"},{\"@type\":\"ListItem\",\"position\":2,\"name\":\"Maidir Linne\",\"item\":\"https:\\\/\\\/www.dppireland.ie\\\/ga\\\/about-us\\\/\"},{\"@type\":\"ListItem\",\"position\":3,\"name\":\"An Sti\u00farth\u00f3ir\"}]},{\"@type\":\"WebSite\",\"@id\":\"https:\\\/\\\/www.dppireland.ie\\\/#website\",\"url\":\"https:\\\/\\\/www.dppireland.ie\\\/\",\"name\":\"Office of the Director of Public Prosecutions\",\"description\":\"Providing a prosecution that is independent, fair and effective\",\"potentialAction\":[{\"@type\":\"SearchAction\",\"target\":{\"@type\":\"EntryPoint\",\"urlTemplate\":\"https:\\\/\\\/www.dppireland.ie\\\/?s={search_term_string}\"},\"query-input\":{\"@type\":\"PropertyValueSpecification\",\"valueRequired\":true,\"valueName\":\"search_term_string\"}}],\"inLanguage\":\"ga-IE\"}]}<\/script>\n<!-- \/ Yoast SEO plugin. -->","yoast_head_json":{"title":"An Sti\u00farth\u00f3ir - Office of the Director of Public Prosecutions","description":"Office of the Director of Public Prosecutions - Providing a prosecution that is independent, fair and effective","robots":{"index":"index","follow":"follow","max-snippet":"max-snippet:-1","max-image-preview":"max-image-preview:large","max-video-preview":"max-video-preview:-1"},"canonical":"https:\/\/www.dppireland.ie\/ga\/about-us\/the-director\/","og_locale":"ga_IE","og_type":"article","og_title":"An Sti\u00farth\u00f3ir - Office of the Director of Public Prosecutions","og_description":"Office of the Director of Public Prosecutions - Providing a prosecution that is independent, fair and effective","og_url":"https:\/\/www.dppireland.ie\/ga\/about-us\/the-director\/","og_site_name":"Office of the Director of Public Prosecutions","article_modified_time":"2025-10-24T14:17:44+00:00","og_image":[{"width":2169,"height":2560,"url":"https:\/\/www.dppireland.ie\/app\/uploads\/2025\/10\/DPP-Catherine-Pierse-Photo-Credit-Cian-Redmond-scaled.jpg","type":"image\/jpeg"}],"twitter_card":"summary_large_image","twitter_misc":{"Est. reading time":"1 minute"},"schema":{"@context":"https:\/\/schema.org","@graph":[{"@type":"WebPage","@id":"https:\/\/www.dppireland.ie\/ga\/about-us\/the-director\/","url":"https:\/\/www.dppireland.ie\/ga\/about-us\/the-director\/","name":"An Sti\u00farth\u00f3ir - Office of the Director of Public Prosecutions","isPartOf":{"@id":"https:\/\/www.dppireland.ie\/#website"},"primaryImageOfPage":{"@id":"https:\/\/www.dppireland.ie\/ga\/about-us\/the-director\/#primaryimage"},"image":{"@id":"https:\/\/www.dppireland.ie\/ga\/about-us\/the-director\/#primaryimage"},"thumbnailUrl":"https:\/\/www.dppireland.ie\/app\/uploads\/2025\/10\/DPP-Catherine-Pierse-Photo-Credit-Cian-Redmond-254x300.jpg","datePublished":"2019-01-24T15:44:11+00:00","dateModified":"2025-10-24T14:17:44+00:00","description":"Office of the Director of Public Prosecutions - Providing a prosecution that is independent, fair and effective","breadcrumb":{"@id":"https:\/\/www.dppireland.ie\/ga\/about-us\/the-director\/#breadcrumb"},"inLanguage":"ga-IE","potentialAction":[{"@type":"ReadAction","target":["https:\/\/www.dppireland.ie\/ga\/about-us\/the-director\/"]}]},{"@type":"ImageObject","inLanguage":"ga-IE","@id":"https:\/\/www.dppireland.ie\/ga\/about-us\/the-director\/#primaryimage","url":"https:\/\/www.dppireland.ie\/app\/uploads\/2025\/10\/DPP-Catherine-Pierse-Photo-Credit-Cian-Redmond-254x300.jpg","contentUrl":"https:\/\/www.dppireland.ie\/app\/uploads\/2025\/10\/DPP-Catherine-Pierse-Photo-Credit-Cian-Redmond-254x300.jpg"},{"@type":"BreadcrumbList","@id":"https:\/\/www.dppireland.ie\/ga\/about-us\/the-director\/#breadcrumb","itemListElement":[{"@type":"ListItem","position":1,"name":"Home","item":"https:\/\/www.dppireland.ie\/ga\/"},{"@type":"ListItem","position":2,"name":"Maidir Linne","item":"https:\/\/www.dppireland.ie\/ga\/about-us\/"},{"@type":"ListItem","position":3,"name":"An Sti\u00farth\u00f3ir"}]},{"@type":"WebSite","@id":"https:\/\/www.dppireland.ie\/#website","url":"https:\/\/www.dppireland.ie\/","name":"Office of the Director of Public Prosecutions","description":"Providing a prosecution that is independent, fair and effective","potentialAction":[{"@type":"SearchAction","target":{"@type":"EntryPoint","urlTemplate":"https:\/\/www.dppireland.ie\/?s={search_term_string}"},"query-input":{"@type":"PropertyValueSpecification","valueRequired":true,"valueName":"search_term_string"}}],"inLanguage":"ga-IE"}]}},"jetpack_sharing_enabled":true,"_links":{"self":[{"href":"https:\/\/www.dppireland.ie\/ga\/wp-json\/wp\/v2\/pages\/10501","targetHints":{"allow":["GET"]}}],"collection":[{"href":"https:\/\/www.dppireland.ie\/ga\/wp-json\/wp\/v2\/pages"}],"about":[{"href":"https:\/\/www.dppireland.ie\/ga\/wp-json\/wp\/v2\/types\/page"}],"author":[{"embeddable":true,"href":"https:\/\/www.dppireland.ie\/ga\/wp-json\/wp\/v2\/users\/1"}],"replies":[{"embeddable":true,"href":"https:\/\/www.dppireland.ie\/ga\/wp-json\/wp\/v2\/comments?post=10501"}],"version-history":[{"count":4,"href":"https:\/\/www.dppireland.ie\/ga\/wp-json\/wp\/v2\/pages\/10501\/revisions"}],"predecessor-version":[{"id":27659,"href":"https:\/\/www.dppireland.ie\/ga\/wp-json\/wp\/v2\/pages\/10501\/revisions\/27659"}],"up":[{"embeddable":true,"href":"https:\/\/www.dppireland.ie\/ga\/wp-json\/wp\/v2\/pages\/13233"}],"wp:attachment":[{"href":"https:\/\/www.dppireland.ie\/ga\/wp-json\/wp\/v2\/media?parent=10501"}],"curies":[{"name":"wp","href":"https:\/\/api.w.org\/{rel}","templated":true}]}}