{"id":10494,"date":"2019-01-24T15:49:45","date_gmt":"2019-01-24T15:49:45","guid":{"rendered":"https:\/\/www.dppireland.ie\/latest-vacancies\/"},"modified":"2022-10-28T15:21:31","modified_gmt":"2022-10-28T14:21:31","slug":"latest-vacancies","status":"publish","type":"page","link":"https:\/\/www.dppireland.ie\/ga\/working-with-us\/latest-vacancies\/","title":{"rendered":"Na Fol\u00fantais is Deireana\u00ed"},"content":{"rendered":"<p>T\u00e1 l\u00fach\u00e1ir orainn a r\u00e1 gur eagra\u00edocht at\u00e1 ag dul i m\u00e9id \u00ed Oifig an Sti\u00farth\u00f3ra Ionch\u00faiseamh Poibl\u00ed, as a dtagann l\u00edon suntasach deiseanna nua at\u00e1 ar f\u00e1il ar fud \u00e1r rann\u00e1in go l\u00e9ir.<\/p>\n<h3>Faigh amach ar dt\u00fas faoi dheiseanna nua<\/h3>\n<p><span class=\"jCAhz ChMk0b\"><span class=\"ryNqvb\">Seice\u00e1il ar ais anseo go rialta le haghaidh sonra\u00ed faoi fhol\u00fantais at\u00e1 le teacht.<\/span><\/span> <span class=\"jCAhz ChMk0b\"><span class=\"ryNqvb\">Is f\u00e9idir leat cl\u00e1r\u00fa le <a href=\"https:\/\/www.publicjobs.ie\/ga\/\">Public Jobs<\/a> freisin <\/span><\/span>agus roghnaigh na pr\u00edomhchatag\u00f3ir\u00ed poist chun fol\u00e1irimh r\u00edomhphoist a fh\u00e1il maidir len\u00e1r bhfol\u00fantais ag brath ar an gcine\u00e1l r\u00f3il a bhfuil suim agat ann.\u00a0 Mar shampla, &#8216;Teicni\u00fail&#8217; le haghaidh r\u00f3il dl\u00ed, &#8216;Riarach\u00e1n&#8217; le haghaidh r\u00f3lanna cl\u00e9ireachais. Is f\u00e9idir leat cuardach a dh\u00e9anamh de r\u00e9ir eochairfhocail ar <a href=\"https:\/\/www.publicjobs.ie\/ga\/\">leathanach baile<\/a> Poist Phoibl\u00ed.<\/p>\n","protected":false},"excerpt":{"rendered":"<p>T\u00e1 l\u00fach\u00e1ir orainn a r\u00e1 gur eagra\u00edocht at\u00e1 ag dul i m\u00e9id \u00ed Oifig an Sti\u00farth\u00f3ra Ionch\u00faiseamh Poibl\u00ed, as a dtagann l\u00edon suntasach deiseanna nua at\u00e1 ar f\u00e1il ar fud \u00e1r rann\u00e1in go l\u00e9ir. Faigh amach ar dt\u00fas faoi dheiseanna nua Seice\u00e1il ar ais anseo go rialta le haghaidh sonra\u00ed faoi fhol\u00fantais at\u00e1 le teacht. &hellip; <a href=\"https:\/\/www.dppireland.ie\/ga\/working-with-us\/latest-vacancies\/\">Continued<\/a><\/p>\n","protected":false},"author":1,"featured_media":0,"parent":10502,"menu_order":0,"comment_status":"closed","ping_status":"closed","template":"","meta":{"_acf_changed":false,"om_disable_all_campaigns":false,"_relevanssi_hide_post":"","_relevanssi_hide_content":"","_relevanssi_pin_for_all":"","_relevanssi_pin_keywords":"","_relevanssi_unpin_keywords":"","_relevanssi_related_keywords":"","_relevanssi_related_include_ids":"","_relevanssi_related_exclude_ids":"","_relevanssi_related_no_append":"","_relevanssi_related_not_related":"","_relevanssi_related_posts":"","_relevanssi_noindex_reason":"","_monsterinsights_skip_tracking":false,"_monsterinsights_sitenote_active":false,"_monsterinsights_sitenote_note":"","_monsterinsights_sitenote_category":0,"_uf_show_specific_survey":0,"_uf_disable_surveys":false,"footnotes":""},"class_list":["post-10494","page","type-page","status-publish","hentry"],"acf":[],"yoast_head":"<!-- This site is optimized with the Yoast SEO plugin v27.4 - https:\/\/yoast.com\/product\/yoast-seo-wordpress\/ -->\n<title>Na Fol\u00fantais is Deireana\u00ed - Office of the Director of Public Prosecutions<\/title>\n<meta name=\"description\" content=\"Office of the Director of Public Prosecutions - Providing a prosecution that is independent, fair and effective\" \/>\n<meta name=\"robots\" content=\"index, follow, max-snippet:-1, max-image-preview:large, max-video-preview:-1\" \/>\n<link rel=\"canonical\" href=\"https:\/\/www.dppireland.ie\/ga\/working-with-us\/latest-vacancies\/\" \/>\n<meta property=\"og:locale\" content=\"ga_IE\" \/>\n<meta property=\"og:type\" content=\"article\" \/>\n<meta property=\"og:title\" content=\"Na Fol\u00fantais is Deireana\u00ed - Office of the Director of Public Prosecutions\" \/>\n<meta property=\"og:description\" content=\"Office of the Director of Public Prosecutions - Providing a prosecution that is independent, fair and effective\" \/>\n<meta property=\"og:url\" content=\"https:\/\/www.dppireland.ie\/ga\/working-with-us\/latest-vacancies\/\" \/>\n<meta property=\"og:site_name\" content=\"Office of the Director of Public Prosecutions\" \/>\n<meta property=\"article:modified_time\" content=\"2022-10-28T14:21:31+00:00\" \/>\n<meta name=\"twitter:card\" content=\"summary_large_image\" \/>\n<meta name=\"twitter:label1\" content=\"Est. reading time\" \/>\n\t<meta name=\"twitter:data1\" content=\"1 minute\" \/>\n<script type=\"application\/ld+json\" class=\"yoast-schema-graph\">{\"@context\":\"https:\\\/\\\/schema.org\",\"@graph\":[{\"@type\":\"WebPage\",\"@id\":\"https:\\\/\\\/www.dppireland.ie\\\/ga\\\/working-with-us\\\/latest-vacancies\\\/\",\"url\":\"https:\\\/\\\/www.dppireland.ie\\\/ga\\\/working-with-us\\\/latest-vacancies\\\/\",\"name\":\"Na Fol\u00fantais is Deireana\u00ed - Office of the Director of Public Prosecutions\",\"isPartOf\":{\"@id\":\"https:\\\/\\\/www.dppireland.ie\\\/#website\"},\"datePublished\":\"2019-01-24T15:49:45+00:00\",\"dateModified\":\"2022-10-28T14:21:31+00:00\",\"description\":\"Office of the Director of Public Prosecutions - Providing a prosecution that is independent, fair and effective\",\"breadcrumb\":{\"@id\":\"https:\\\/\\\/www.dppireland.ie\\\/ga\\\/working-with-us\\\/latest-vacancies\\\/#breadcrumb\"},\"inLanguage\":\"ga-IE\",\"potentialAction\":[{\"@type\":\"ReadAction\",\"target\":[\"https:\\\/\\\/www.dppireland.ie\\\/ga\\\/working-with-us\\\/latest-vacancies\\\/\"]}]},{\"@type\":\"BreadcrumbList\",\"@id\":\"https:\\\/\\\/www.dppireland.ie\\\/ga\\\/working-with-us\\\/latest-vacancies\\\/#breadcrumb\",\"itemListElement\":[{\"@type\":\"ListItem\",\"position\":1,\"name\":\"Home\",\"item\":\"https:\\\/\\\/www.dppireland.ie\\\/ga\\\/\"},{\"@type\":\"ListItem\",\"position\":2,\"name\":\"Sl\u00ed bheatha linn\",\"item\":\"https:\\\/\\\/www.dppireland.ie\\\/ga\\\/working-with-us\\\/\"},{\"@type\":\"ListItem\",\"position\":3,\"name\":\"Na Fol\u00fantais is Deireana\u00ed\"}]},{\"@type\":\"WebSite\",\"@id\":\"https:\\\/\\\/www.dppireland.ie\\\/#website\",\"url\":\"https:\\\/\\\/www.dppireland.ie\\\/\",\"name\":\"Office of the Director of Public Prosecutions\",\"description\":\"Providing a prosecution that is independent, fair and effective\",\"potentialAction\":[{\"@type\":\"SearchAction\",\"target\":{\"@type\":\"EntryPoint\",\"urlTemplate\":\"https:\\\/\\\/www.dppireland.ie\\\/?s={search_term_string}\"},\"query-input\":{\"@type\":\"PropertyValueSpecification\",\"valueRequired\":true,\"valueName\":\"search_term_string\"}}],\"inLanguage\":\"ga-IE\"}]}<\/script>\n<!-- \/ Yoast SEO plugin. -->","yoast_head_json":{"title":"Na Fol\u00fantais is Deireana\u00ed - Office of the Director of Public Prosecutions","description":"Office of the Director of Public Prosecutions - Providing a prosecution that is independent, fair and effective","robots":{"index":"index","follow":"follow","max-snippet":"max-snippet:-1","max-image-preview":"max-image-preview:large","max-video-preview":"max-video-preview:-1"},"canonical":"https:\/\/www.dppireland.ie\/ga\/working-with-us\/latest-vacancies\/","og_locale":"ga_IE","og_type":"article","og_title":"Na Fol\u00fantais is Deireana\u00ed - Office of the Director of Public Prosecutions","og_description":"Office of the Director of Public Prosecutions - Providing a prosecution that is independent, fair and effective","og_url":"https:\/\/www.dppireland.ie\/ga\/working-with-us\/latest-vacancies\/","og_site_name":"Office of the Director of Public Prosecutions","article_modified_time":"2022-10-28T14:21:31+00:00","twitter_card":"summary_large_image","twitter_misc":{"Est. reading time":"1 minute"},"schema":{"@context":"https:\/\/schema.org","@graph":[{"@type":"WebPage","@id":"https:\/\/www.dppireland.ie\/ga\/working-with-us\/latest-vacancies\/","url":"https:\/\/www.dppireland.ie\/ga\/working-with-us\/latest-vacancies\/","name":"Na Fol\u00fantais is Deireana\u00ed - Office of the Director of Public Prosecutions","isPartOf":{"@id":"https:\/\/www.dppireland.ie\/#website"},"datePublished":"2019-01-24T15:49:45+00:00","dateModified":"2022-10-28T14:21:31+00:00","description":"Office of the Director of Public Prosecutions - Providing a prosecution that is independent, fair and effective","breadcrumb":{"@id":"https:\/\/www.dppireland.ie\/ga\/working-with-us\/latest-vacancies\/#breadcrumb"},"inLanguage":"ga-IE","potentialAction":[{"@type":"ReadAction","target":["https:\/\/www.dppireland.ie\/ga\/working-with-us\/latest-vacancies\/"]}]},{"@type":"BreadcrumbList","@id":"https:\/\/www.dppireland.ie\/ga\/working-with-us\/latest-vacancies\/#breadcrumb","itemListElement":[{"@type":"ListItem","position":1,"name":"Home","item":"https:\/\/www.dppireland.ie\/ga\/"},{"@type":"ListItem","position":2,"name":"Sl\u00ed bheatha linn","item":"https:\/\/www.dppireland.ie\/ga\/working-with-us\/"},{"@type":"ListItem","position":3,"name":"Na Fol\u00fantais is Deireana\u00ed"}]},{"@type":"WebSite","@id":"https:\/\/www.dppireland.ie\/#website","url":"https:\/\/www.dppireland.ie\/","name":"Office of the Director of Public Prosecutions","description":"Providing a prosecution that is independent, fair and effective","potentialAction":[{"@type":"SearchAction","target":{"@type":"EntryPoint","urlTemplate":"https:\/\/www.dppireland.ie\/?s={search_term_string}"},"query-input":{"@type":"PropertyValueSpecification","valueRequired":true,"valueName":"search_term_string"}}],"inLanguage":"ga-IE"}]}},"jetpack_sharing_enabled":true,"_links":{"self":[{"href":"https:\/\/www.dppireland.ie\/ga\/wp-json\/wp\/v2\/pages\/10494","targetHints":{"allow":["GET"]}}],"collection":[{"href":"https:\/\/www.dppireland.ie\/ga\/wp-json\/wp\/v2\/pages"}],"about":[{"href":"https:\/\/www.dppireland.ie\/ga\/wp-json\/wp\/v2\/types\/page"}],"author":[{"embeddable":true,"href":"https:\/\/www.dppireland.ie\/ga\/wp-json\/wp\/v2\/users\/1"}],"replies":[{"embeddable":true,"href":"https:\/\/www.dppireland.ie\/ga\/wp-json\/wp\/v2\/comments?post=10494"}],"version-history":[{"count":5,"href":"https:\/\/www.dppireland.ie\/ga\/wp-json\/wp\/v2\/pages\/10494\/revisions"}],"predecessor-version":[{"id":18803,"href":"https:\/\/www.dppireland.ie\/ga\/wp-json\/wp\/v2\/pages\/10494\/revisions\/18803"}],"up":[{"embeddable":true,"href":"https:\/\/www.dppireland.ie\/ga\/wp-json\/wp\/v2\/pages\/10502"}],"wp:attachment":[{"href":"https:\/\/www.dppireland.ie\/ga\/wp-json\/wp\/v2\/media?parent=10494"}],"curies":[{"name":"wp","href":"https:\/\/api.w.org\/{rel}","templated":true}]}}