{"id":10493,"date":"2019-01-24T15:50:04","date_gmt":"2019-01-24T15:50:04","guid":{"rendered":"https:\/\/www.dppireland.ie\/investigation\/"},"modified":"2022-08-18T15:45:55","modified_gmt":"2022-08-18T14:45:55","slug":"investigation","status":"publish","type":"page","link":"https:\/\/www.dppireland.ie\/ga\/criminal-justice-system\/investigation\/","title":{"rendered":"Imscr\u00fad\u00fa"},"content":{"rendered":"<div class=\"wpb-content-wrapper\"><p>[vc_row][vc_column][vc_column_text]Nuair a dh\u00e9anann p\u00e1irt\u00ed \u00e9ag\u00f3irithe coir a thuairisci\u00fa chuig an nGarda S\u00edoch\u00e1na, faigheann na Garda\u00ed r\u00e1iteas finn\u00e9 uaidh\/uaithi.&nbsp; Is ionann r\u00e1iteas finn\u00e9 agus taifead scr\u00edofa den ghear\u00e1n.&nbsp; Ansin d\u00e9anann na Garda\u00ed an choir a imscr\u00fad\u00fa.&nbsp; B\u2019fh\u00e9idir go ngabhfaid\u00eds an t\u00e9 a bh\u00edonn faoi amhras, ag brath ar an imscr\u00fad\u00fa agus ar an bhfianaise.<\/p>\n<p>I gc\u00e1s coireanna tromch\u00faiseacha, cuireann na Garda\u00ed comhad go dt\u00ed an DPP agus is faoin DPP a bh\u00edonn s\u00e9 cinneadh a dh\u00e9anamh maidir leis an duine at\u00e1 faoi amhras a ionch\u00faiseamh.&nbsp;&nbsp; I gc\u00e1sanna nach mb\u00edonn chomh tromch\u00faiseach, d\u00e9anann na Garda\u00ed an cinneadh sin.&nbsp; Ach d\u00e9antar an c\u00e1s a ionch\u00faiseamh in ainm an DPP, is cuma c\u00e9 a dh\u00e9anann an cinneadh,&nbsp;agus b\u00edonn s\u00e9 de cheart ag an DPP a insint do na Garda\u00ed conas an c\u00e1s a l\u00e1imhse\u00e1il.<\/p>\n<p>Is f\u00e9idir tuilleadh eolais a fh\u00e1il faoi obair na nGarda\u00ed ach cuairt a thabhairt ar an l\u00e1ithre\u00e1n gr\u00e9as\u00e1in <strong><a href=\"https:\/\/www.garda.ie\/ga\/\">www.garda.ie<\/a><\/strong>.[\/vc_column_text][\/vc_column][\/vc_row]<\/p>\n<\/div>","protected":false},"excerpt":{"rendered":"<p>[vc_row][vc_column][vc_column_text]Nuair a dh\u00e9anann p\u00e1irt\u00ed \u00e9ag\u00f3irithe coir a thuairisci\u00fa chuig an nGarda S\u00edoch\u00e1na, faigheann na Garda\u00ed r\u00e1iteas finn\u00e9 uaidh\/uaithi.&nbsp; Is ionann r\u00e1iteas finn\u00e9 agus taifead scr\u00edofa den ghear\u00e1n.&nbsp; Ansin d\u00e9anann na Garda\u00ed an choir a imscr\u00fad\u00fa.&nbsp; B\u2019fh\u00e9idir go ngabhfaid\u00eds an t\u00e9 a bh\u00edonn faoi amhras, ag brath ar an imscr\u00fad\u00fa agus ar an bhfianaise. I gc\u00e1s &hellip; <a href=\"https:\/\/www.dppireland.ie\/ga\/criminal-justice-system\/investigation\/\">Continued<\/a><\/p>\n","protected":false},"author":1,"featured_media":0,"parent":10505,"menu_order":0,"comment_status":"closed","ping_status":"closed","template":"","meta":{"_acf_changed":false,"om_disable_all_campaigns":false,"_relevanssi_hide_post":"","_relevanssi_hide_content":"","_relevanssi_pin_for_all":"","_relevanssi_pin_keywords":"","_relevanssi_unpin_keywords":"","_relevanssi_related_keywords":"","_relevanssi_related_include_ids":"","_relevanssi_related_exclude_ids":"","_relevanssi_related_no_append":"","_relevanssi_related_not_related":"","_relevanssi_related_posts":"","_relevanssi_noindex_reason":"","_monsterinsights_skip_tracking":false,"_monsterinsights_sitenote_active":false,"_monsterinsights_sitenote_note":"","_monsterinsights_sitenote_category":0,"_uf_show_specific_survey":0,"_uf_disable_surveys":false,"footnotes":""},"class_list":["post-10493","page","type-page","status-publish","hentry"],"acf":[],"yoast_head":"<!-- This site is optimized with the Yoast SEO plugin v27.4 - https:\/\/yoast.com\/product\/yoast-seo-wordpress\/ -->\n<title>Imscr\u00fad\u00fa - Office of the Director of Public Prosecutions<\/title>\n<meta name=\"description\" content=\"Office of the Director of Public Prosecutions - Providing a prosecution that is independent, fair and effective\" \/>\n<meta name=\"robots\" content=\"index, follow, max-snippet:-1, max-image-preview:large, max-video-preview:-1\" \/>\n<link rel=\"canonical\" href=\"https:\/\/www.dppireland.ie\/ga\/criminal-justice-system\/investigation\/\" \/>\n<meta property=\"og:locale\" content=\"ga_IE\" \/>\n<meta property=\"og:type\" content=\"article\" \/>\n<meta property=\"og:title\" content=\"Imscr\u00fad\u00fa - Office of the Director of Public Prosecutions\" \/>\n<meta property=\"og:description\" content=\"Office of the Director of Public Prosecutions - Providing a prosecution that is independent, fair and effective\" \/>\n<meta property=\"og:url\" content=\"https:\/\/www.dppireland.ie\/ga\/criminal-justice-system\/investigation\/\" \/>\n<meta property=\"og:site_name\" content=\"Office of the Director of Public Prosecutions\" \/>\n<meta property=\"article:modified_time\" content=\"2022-08-18T14:45:55+00:00\" \/>\n<meta name=\"twitter:card\" content=\"summary_large_image\" \/>\n<meta name=\"twitter:label1\" content=\"Est. reading time\" \/>\n\t<meta name=\"twitter:data1\" content=\"1 minute\" \/>\n<script type=\"application\/ld+json\" class=\"yoast-schema-graph\">{\"@context\":\"https:\\\/\\\/schema.org\",\"@graph\":[{\"@type\":\"WebPage\",\"@id\":\"https:\\\/\\\/www.dppireland.ie\\\/ga\\\/criminal-justice-system\\\/investigation\\\/\",\"url\":\"https:\\\/\\\/www.dppireland.ie\\\/ga\\\/criminal-justice-system\\\/investigation\\\/\",\"name\":\"Imscr\u00fad\u00fa - Office of the Director of Public Prosecutions\",\"isPartOf\":{\"@id\":\"https:\\\/\\\/www.dppireland.ie\\\/#website\"},\"datePublished\":\"2019-01-24T15:50:04+00:00\",\"dateModified\":\"2022-08-18T14:45:55+00:00\",\"description\":\"Office of the Director of Public Prosecutions - Providing a prosecution that is independent, fair and effective\",\"breadcrumb\":{\"@id\":\"https:\\\/\\\/www.dppireland.ie\\\/ga\\\/criminal-justice-system\\\/investigation\\\/#breadcrumb\"},\"inLanguage\":\"ga-IE\",\"potentialAction\":[{\"@type\":\"ReadAction\",\"target\":[\"https:\\\/\\\/www.dppireland.ie\\\/ga\\\/criminal-justice-system\\\/investigation\\\/\"]}]},{\"@type\":\"BreadcrumbList\",\"@id\":\"https:\\\/\\\/www.dppireland.ie\\\/ga\\\/criminal-justice-system\\\/investigation\\\/#breadcrumb\",\"itemListElement\":[{\"@type\":\"ListItem\",\"position\":1,\"name\":\"Home\",\"item\":\"https:\\\/\\\/www.dppireland.ie\\\/ga\\\/\"},{\"@type\":\"ListItem\",\"position\":2,\"name\":\"An C\u00f3ras Ceartais Choiri\u00fail\",\"item\":\"https:\\\/\\\/www.dppireland.ie\\\/ga\\\/criminal-justice-system\\\/\"},{\"@type\":\"ListItem\",\"position\":3,\"name\":\"Imscr\u00fad\u00fa\"}]},{\"@type\":\"WebSite\",\"@id\":\"https:\\\/\\\/www.dppireland.ie\\\/#website\",\"url\":\"https:\\\/\\\/www.dppireland.ie\\\/\",\"name\":\"Office of the Director of Public Prosecutions\",\"description\":\"Providing a prosecution that is independent, fair and effective\",\"potentialAction\":[{\"@type\":\"SearchAction\",\"target\":{\"@type\":\"EntryPoint\",\"urlTemplate\":\"https:\\\/\\\/www.dppireland.ie\\\/?s={search_term_string}\"},\"query-input\":{\"@type\":\"PropertyValueSpecification\",\"valueRequired\":true,\"valueName\":\"search_term_string\"}}],\"inLanguage\":\"ga-IE\"}]}<\/script>\n<!-- \/ Yoast SEO plugin. -->","yoast_head_json":{"title":"Imscr\u00fad\u00fa - Office of the Director of Public Prosecutions","description":"Office of the Director of Public Prosecutions - Providing a prosecution that is independent, fair and effective","robots":{"index":"index","follow":"follow","max-snippet":"max-snippet:-1","max-image-preview":"max-image-preview:large","max-video-preview":"max-video-preview:-1"},"canonical":"https:\/\/www.dppireland.ie\/ga\/criminal-justice-system\/investigation\/","og_locale":"ga_IE","og_type":"article","og_title":"Imscr\u00fad\u00fa - Office of the Director of Public Prosecutions","og_description":"Office of the Director of Public Prosecutions - Providing a prosecution that is independent, fair and effective","og_url":"https:\/\/www.dppireland.ie\/ga\/criminal-justice-system\/investigation\/","og_site_name":"Office of the Director of Public Prosecutions","article_modified_time":"2022-08-18T14:45:55+00:00","twitter_card":"summary_large_image","twitter_misc":{"Est. reading time":"1 minute"},"schema":{"@context":"https:\/\/schema.org","@graph":[{"@type":"WebPage","@id":"https:\/\/www.dppireland.ie\/ga\/criminal-justice-system\/investigation\/","url":"https:\/\/www.dppireland.ie\/ga\/criminal-justice-system\/investigation\/","name":"Imscr\u00fad\u00fa - Office of the Director of Public Prosecutions","isPartOf":{"@id":"https:\/\/www.dppireland.ie\/#website"},"datePublished":"2019-01-24T15:50:04+00:00","dateModified":"2022-08-18T14:45:55+00:00","description":"Office of the Director of Public Prosecutions - Providing a prosecution that is independent, fair and effective","breadcrumb":{"@id":"https:\/\/www.dppireland.ie\/ga\/criminal-justice-system\/investigation\/#breadcrumb"},"inLanguage":"ga-IE","potentialAction":[{"@type":"ReadAction","target":["https:\/\/www.dppireland.ie\/ga\/criminal-justice-system\/investigation\/"]}]},{"@type":"BreadcrumbList","@id":"https:\/\/www.dppireland.ie\/ga\/criminal-justice-system\/investigation\/#breadcrumb","itemListElement":[{"@type":"ListItem","position":1,"name":"Home","item":"https:\/\/www.dppireland.ie\/ga\/"},{"@type":"ListItem","position":2,"name":"An C\u00f3ras Ceartais Choiri\u00fail","item":"https:\/\/www.dppireland.ie\/ga\/criminal-justice-system\/"},{"@type":"ListItem","position":3,"name":"Imscr\u00fad\u00fa"}]},{"@type":"WebSite","@id":"https:\/\/www.dppireland.ie\/#website","url":"https:\/\/www.dppireland.ie\/","name":"Office of the Director of Public Prosecutions","description":"Providing a prosecution that is independent, fair and effective","potentialAction":[{"@type":"SearchAction","target":{"@type":"EntryPoint","urlTemplate":"https:\/\/www.dppireland.ie\/?s={search_term_string}"},"query-input":{"@type":"PropertyValueSpecification","valueRequired":true,"valueName":"search_term_string"}}],"inLanguage":"ga-IE"}]}},"jetpack_sharing_enabled":true,"_links":{"self":[{"href":"https:\/\/www.dppireland.ie\/ga\/wp-json\/wp\/v2\/pages\/10493","targetHints":{"allow":["GET"]}}],"collection":[{"href":"https:\/\/www.dppireland.ie\/ga\/wp-json\/wp\/v2\/pages"}],"about":[{"href":"https:\/\/www.dppireland.ie\/ga\/wp-json\/wp\/v2\/types\/page"}],"author":[{"embeddable":true,"href":"https:\/\/www.dppireland.ie\/ga\/wp-json\/wp\/v2\/users\/1"}],"replies":[{"embeddable":true,"href":"https:\/\/www.dppireland.ie\/ga\/wp-json\/wp\/v2\/comments?post=10493"}],"version-history":[{"count":3,"href":"https:\/\/www.dppireland.ie\/ga\/wp-json\/wp\/v2\/pages\/10493\/revisions"}],"predecessor-version":[{"id":10650,"href":"https:\/\/www.dppireland.ie\/ga\/wp-json\/wp\/v2\/pages\/10493\/revisions\/10650"}],"up":[{"embeddable":true,"href":"https:\/\/www.dppireland.ie\/ga\/wp-json\/wp\/v2\/pages\/10505"}],"wp:attachment":[{"href":"https:\/\/www.dppireland.ie\/ga\/wp-json\/wp\/v2\/media?parent=10493"}],"curies":[{"name":"wp","href":"https:\/\/api.w.org\/{rel}","templated":true}]}}