{"id":10482,"date":"2019-01-24T15:53:22","date_gmt":"2019-01-24T15:53:22","guid":{"rendered":"https:\/\/www.dppireland.ie\/crime-victims-helpline\/"},"modified":"2022-09-08T11:51:44","modified_gmt":"2022-09-08T10:51:44","slug":"crime-victims-helpline","status":"publish","type":"page","link":"https:\/\/www.dppireland.ie\/ga\/victims-witnesses\/crime-victims-helpline\/","title":{"rendered":"Cabhairl\u00edne d\u2019\u00cdospartaigh Choire"},"content":{"rendered":"<div class=\"wpb-content-wrapper\"><p>[vc_row][vc_column][vc_column_text]Is cabhairl\u00edne r\u00fain n\u00e1isi\u00fanta \u00ed an Chabhairl\u00edne d\u2019\u00cdospartaigh Choire chun taca\u00edocht a thabhairt do ph\u00e1irtithe \u00e9ag\u00f3irithe in \u00c9irinn.\u00a0 T\u00e1 s\u00e9 mar aidhm ag an gCabhairl\u00edne tac\u00fa leis na p\u00e1irtithe \u00e9ag\u00f3irithe agus aon ph\u00e1irt\u00ed eile a mbeidh tionchar ag coir air\/uirthi, iad a chur ar an eolas agus a chumhacht\u00fa. Tuigeann oibrithe deonacha na l\u00edne cabhra\u00ed na saincheisteanna agus na deacrachta\u00ed a bh\u00edonn ar \u00edospartaigh choireanna d\u00e9ile\u00e1il leo.<\/p>\n<p>Is f\u00e9idir mionsonra\u00ed na seirbh\u00eds\u00ed taca\u00edochta d\u2019\u00edospartaigh at\u00e1 ar f\u00e1il i do cheantar a fh\u00e1il \u00f3n gCabhairl\u00edne.\u00a0 Is f\u00e9idir eolas ar sheirbh\u00eds\u00ed speisialta at\u00e1 ar f\u00e1il d\u2019\u00edospartaigh coireanna ar leith, for\u00e9igean baile, m\u00ed-\u00fas\u00e1id ghn\u00e9asach agus \u00e9igni\u00fa mar shampla, a fh\u00e1il \u00f3n gCabhairl\u00edne.<\/p>\n<p class=\"&quot;highlight&quot;\"><strong>T\u00e1 an l\u00edne chabhrach ar f\u00e1il ag na huaireanta seo a leanas:<\/strong><\/p>\n<p>Luan: 10.00am &#8211; 5.00pm<br \/>\nM\u00e1irt: 10.00am &#8211; 6.30pm<br \/>\nC\u00e9adaoin go hAoine: 10.00am &#8211; 5.00pm<br \/>\nSatharn, Domhnaigh agus Laethanta saoire bainc: 2.00pm &#8211; 4.00pm<\/p>\n<p class=\"highlight\"><strong>Chun n\u00edos m\u00f3 eolais a fh\u00e1il, is f\u00e9idir glaoch ar an L\u00edne Cabhrach ar:<\/strong><\/p>\n<p><em class=\"tab\">Teilaf\u00f3in saor in aisce:<\/em> 116 006<br \/>\n<em class=\"tab\">T\u00e9acs:<\/em> 085 133 7711<br \/>\n<em class=\"tab\">R\u00edomhphost:<\/em> <a href=\"mailto:info@crimevictimshelpline.ie\">info@crimevictimshelpline.ie<\/a><br \/>\n<em class=\"tab\">L\u00e1ithre\u00e1n Gr\u00e9as\u00e1in:<\/em> <a href=\"https:\/\/crimevictimshelpline.ie\/\">www.crimevictimshelpline.ie<\/a><\/p>\n<p>Taobh amuigh de na huaireanta thuasluaite, m\u00e1 fh\u00e1gann t\u00fa teachtaireacht ag iarraidh ar an gCabhairl\u00edne dul i dteagmh\u00e1il leat, d\u00e9anfaidh siad sin go pras.<\/p>\n<h2>F\u00edse\u00e1in<\/h2>\n<p>T\u00e1 tr\u00ed fh\u00edse\u00e1n cruthaithe ag an L\u00edne Chabhrach d&#8217;\u00cdospartaigh na Coireachta freisin a shol\u00e1thra\u00edonn treoir c\u00e9im ar ch\u00e9im d&#8217;\u00edospartaigh na coireachta agus d\u00e1 dteaghlaigh agus d\u00e1 gcairde tr\u00edd an bpr\u00f3iseas ceartais choiri\u00fail, \u00f3 choireacht a thuairisci\u00fa chuig an Sti\u00farth\u00f3ir Ionch\u00faiseamh Poibl\u00ed. agus d\u00e9anann na Garda\u00ed cinneadh, agus cad a tharla\u00edonn nuair a th\u00e9ann c\u00e1s coiri\u00fail chun na c\u00fairte.<\/p>\n<p><a href=\"https:\/\/www.crimevictimshelpline.ie\/justice-process-in-ireland\/garda-investigation\">Nasc le f\u00edse\u00e1n &#8216;Garda Investigation&#8217;<\/a><br \/>\n<a href=\"https:\/\/www.crimevictimshelpline.ie\/justice-process-in-ireland\/decision-to-prosecute\">Nasc le f\u00edse\u00e1n &#8216;Decision to Prosecute&#8217;<\/a><br \/>\n<a href=\"https:\/\/www.crimevictimshelpline.ie\/justice-process-in-ireland\/courts-process\">Nasc le f\u00edse\u00e1n &#8216;Courts Process&#8217;<\/a><\/p>\n<h2>Cearta \u00cdobartacha\u00ed Coir<\/h2>\n<p>T\u00e1 cearta sonracha curtha ar f\u00e1il ag dl\u00ed Eireannach ar son \u00edobartacha\u00ed coir. T\u00e1 na cearta seo leagtha amach chun cinnti\u00fa go d\u00e9ile\u00e1ileadh le gach \u00edobartach le meas, moth\u00e1l agus din\u00edt.<\/p>\n<p>Is f\u00e9idir leat an <a href=\"https:\/\/wp.crimevictimshelpline.ie\/wp-content\/uploads\/2021\/06\/Crime_Victims_Rights_Booklet_FINAL-1.pdf\">leabhar\u00edn Cearta \u00edobartacha\u00ed<\/a> coir n\u00f3 an <a href=\"https:\/\/www.crimevictimshelpline.ie\/victims-rights\">gr\u00e9as\u00e1in Cearta \u00cdobartacha\u00ed<\/a> coir a l\u00e9amh chun n\u00edos m\u00f3 eolas a fh\u00e1il mar gheall ar cearta sonracha.[\/vc_column_text][\/vc_column][\/vc_row]<\/p>\n<\/div>","protected":false},"excerpt":{"rendered":"<p>[vc_row][vc_column][vc_column_text]Is cabhairl\u00edne r\u00fain n\u00e1isi\u00fanta \u00ed an Chabhairl\u00edne d\u2019\u00cdospartaigh Choire chun taca\u00edocht a thabhairt do ph\u00e1irtithe \u00e9ag\u00f3irithe in \u00c9irinn.\u00a0 T\u00e1 s\u00e9 mar aidhm ag an gCabhairl\u00edne tac\u00fa leis na p\u00e1irtithe \u00e9ag\u00f3irithe agus aon ph\u00e1irt\u00ed eile a mbeidh tionchar ag coir air\/uirthi, iad a chur ar an eolas agus a chumhacht\u00fa. Tuigeann oibrithe deonacha na l\u00edne cabhra\u00ed &hellip; <a href=\"https:\/\/www.dppireland.ie\/ga\/victims-witnesses\/crime-victims-helpline\/\">Continued<\/a><\/p>\n","protected":false},"author":1,"featured_media":0,"parent":10504,"menu_order":0,"comment_status":"closed","ping_status":"closed","template":"","meta":{"_acf_changed":false,"om_disable_all_campaigns":false,"_relevanssi_hide_post":"","_relevanssi_hide_content":"","_relevanssi_pin_for_all":"","_relevanssi_pin_keywords":"","_relevanssi_unpin_keywords":"","_relevanssi_related_keywords":"","_relevanssi_related_include_ids":"","_relevanssi_related_exclude_ids":"","_relevanssi_related_no_append":"","_relevanssi_related_not_related":"","_relevanssi_related_posts":"","_relevanssi_noindex_reason":"","_monsterinsights_skip_tracking":false,"_monsterinsights_sitenote_active":false,"_monsterinsights_sitenote_note":"","_monsterinsights_sitenote_category":0,"_uf_show_specific_survey":0,"_uf_disable_surveys":false,"footnotes":""},"class_list":["post-10482","page","type-page","status-publish","hentry"],"acf":[],"yoast_head":"<!-- This site is optimized with the Yoast SEO plugin v27.5 - https:\/\/yoast.com\/product\/yoast-seo-wordpress\/ -->\n<title>Cabhairl\u00edne d\u2019\u00cdospartaigh Choire - Office of the Director of Public Prosecutions<\/title>\n<meta name=\"description\" content=\"The Crime Victims Helpline is a confidential national helpline that offers support to victims of crime in Ireland. Their aim is to support, inform and empower victims of crime and those affected by crime. The helpline volunteers understand the issues and difficulties that victims of crime have to deal with.\" \/>\n<meta name=\"robots\" content=\"index, follow, max-snippet:-1, max-image-preview:large, max-video-preview:-1\" \/>\n<link rel=\"canonical\" href=\"https:\/\/www.dppireland.ie\/ga\/victims-witnesses\/crime-victims-helpline\/\" \/>\n<meta property=\"og:locale\" content=\"ga_IE\" \/>\n<meta property=\"og:type\" content=\"article\" \/>\n<meta property=\"og:title\" content=\"Cabhairl\u00edne d\u2019\u00cdospartaigh Choire - Office of the Director of Public Prosecutions\" \/>\n<meta property=\"og:description\" content=\"The Crime Victims Helpline is a confidential national helpline that offers support to victims of crime in Ireland. Their aim is to support, inform and empower victims of crime and those affected by crime. The helpline volunteers understand the issues and difficulties that victims of crime have to deal with.\" \/>\n<meta property=\"og:url\" content=\"https:\/\/www.dppireland.ie\/ga\/victims-witnesses\/crime-victims-helpline\/\" \/>\n<meta property=\"og:site_name\" content=\"Office of the Director of Public Prosecutions\" \/>\n<meta property=\"article:modified_time\" content=\"2022-09-08T10:51:44+00:00\" \/>\n<meta name=\"twitter:card\" content=\"summary_large_image\" \/>\n<meta name=\"twitter:label1\" content=\"Est. reading time\" \/>\n\t<meta name=\"twitter:data1\" content=\"2 minutes\" \/>\n<script type=\"application\/ld+json\" class=\"yoast-schema-graph\">{\"@context\":\"https:\\\/\\\/schema.org\",\"@graph\":[{\"@type\":\"WebPage\",\"@id\":\"https:\\\/\\\/www.dppireland.ie\\\/ga\\\/victims-witnesses\\\/crime-victims-helpline\\\/\",\"url\":\"https:\\\/\\\/www.dppireland.ie\\\/ga\\\/victims-witnesses\\\/crime-victims-helpline\\\/\",\"name\":\"Cabhairl\u00edne d\u2019\u00cdospartaigh Choire - Office of the Director of Public Prosecutions\",\"isPartOf\":{\"@id\":\"https:\\\/\\\/www.dppireland.ie\\\/#website\"},\"datePublished\":\"2019-01-24T15:53:22+00:00\",\"dateModified\":\"2022-09-08T10:51:44+00:00\",\"description\":\"The Crime Victims Helpline is a confidential national helpline that offers support to victims of crime in Ireland. Their aim is to support, inform and empower victims of crime and those affected by crime. The helpline volunteers understand the issues and difficulties that victims of crime have to deal with.\",\"breadcrumb\":{\"@id\":\"https:\\\/\\\/www.dppireland.ie\\\/ga\\\/victims-witnesses\\\/crime-victims-helpline\\\/#breadcrumb\"},\"inLanguage\":\"ga-IE\",\"potentialAction\":[{\"@type\":\"ReadAction\",\"target\":[\"https:\\\/\\\/www.dppireland.ie\\\/ga\\\/victims-witnesses\\\/crime-victims-helpline\\\/\"]}]},{\"@type\":\"BreadcrumbList\",\"@id\":\"https:\\\/\\\/www.dppireland.ie\\\/ga\\\/victims-witnesses\\\/crime-victims-helpline\\\/#breadcrumb\",\"itemListElement\":[{\"@type\":\"ListItem\",\"position\":1,\"name\":\"Home\",\"item\":\"https:\\\/\\\/www.dppireland.ie\\\/ga\\\/\"},{\"@type\":\"ListItem\",\"position\":2,\"name\":\"\u00cdospartaigh agus Finn\u00e9ithe\",\"item\":\"https:\\\/\\\/www.dppireland.ie\\\/ga\\\/victims-witnesses\\\/\"},{\"@type\":\"ListItem\",\"position\":3,\"name\":\"Cabhairl\u00edne d\u2019\u00cdospartaigh Choire\"}]},{\"@type\":\"WebSite\",\"@id\":\"https:\\\/\\\/www.dppireland.ie\\\/#website\",\"url\":\"https:\\\/\\\/www.dppireland.ie\\\/\",\"name\":\"Office of the Director of Public Prosecutions\",\"description\":\"Providing a prosecution that is independent, fair and effective\",\"potentialAction\":[{\"@type\":\"SearchAction\",\"target\":{\"@type\":\"EntryPoint\",\"urlTemplate\":\"https:\\\/\\\/www.dppireland.ie\\\/?s={search_term_string}\"},\"query-input\":{\"@type\":\"PropertyValueSpecification\",\"valueRequired\":true,\"valueName\":\"search_term_string\"}}],\"inLanguage\":\"ga-IE\"}]}<\/script>\n<!-- \/ Yoast SEO plugin. -->","yoast_head_json":{"title":"Cabhairl\u00edne d\u2019\u00cdospartaigh Choire - Office of the Director of Public Prosecutions","description":"The Crime Victims Helpline is a confidential national helpline that offers support to victims of crime in Ireland. Their aim is to support, inform and empower victims of crime and those affected by crime. The helpline volunteers understand the issues and difficulties that victims of crime have to deal with.","robots":{"index":"index","follow":"follow","max-snippet":"max-snippet:-1","max-image-preview":"max-image-preview:large","max-video-preview":"max-video-preview:-1"},"canonical":"https:\/\/www.dppireland.ie\/ga\/victims-witnesses\/crime-victims-helpline\/","og_locale":"ga_IE","og_type":"article","og_title":"Cabhairl\u00edne d\u2019\u00cdospartaigh Choire - Office of the Director of Public Prosecutions","og_description":"The Crime Victims Helpline is a confidential national helpline that offers support to victims of crime in Ireland. Their aim is to support, inform and empower victims of crime and those affected by crime. The helpline volunteers understand the issues and difficulties that victims of crime have to deal with.","og_url":"https:\/\/www.dppireland.ie\/ga\/victims-witnesses\/crime-victims-helpline\/","og_site_name":"Office of the Director of Public Prosecutions","article_modified_time":"2022-09-08T10:51:44+00:00","twitter_card":"summary_large_image","twitter_misc":{"Est. reading time":"2 minutes"},"schema":{"@context":"https:\/\/schema.org","@graph":[{"@type":"WebPage","@id":"https:\/\/www.dppireland.ie\/ga\/victims-witnesses\/crime-victims-helpline\/","url":"https:\/\/www.dppireland.ie\/ga\/victims-witnesses\/crime-victims-helpline\/","name":"Cabhairl\u00edne d\u2019\u00cdospartaigh Choire - Office of the Director of Public Prosecutions","isPartOf":{"@id":"https:\/\/www.dppireland.ie\/#website"},"datePublished":"2019-01-24T15:53:22+00:00","dateModified":"2022-09-08T10:51:44+00:00","description":"The Crime Victims Helpline is a confidential national helpline that offers support to victims of crime in Ireland. Their aim is to support, inform and empower victims of crime and those affected by crime. The helpline volunteers understand the issues and difficulties that victims of crime have to deal with.","breadcrumb":{"@id":"https:\/\/www.dppireland.ie\/ga\/victims-witnesses\/crime-victims-helpline\/#breadcrumb"},"inLanguage":"ga-IE","potentialAction":[{"@type":"ReadAction","target":["https:\/\/www.dppireland.ie\/ga\/victims-witnesses\/crime-victims-helpline\/"]}]},{"@type":"BreadcrumbList","@id":"https:\/\/www.dppireland.ie\/ga\/victims-witnesses\/crime-victims-helpline\/#breadcrumb","itemListElement":[{"@type":"ListItem","position":1,"name":"Home","item":"https:\/\/www.dppireland.ie\/ga\/"},{"@type":"ListItem","position":2,"name":"\u00cdospartaigh agus Finn\u00e9ithe","item":"https:\/\/www.dppireland.ie\/ga\/victims-witnesses\/"},{"@type":"ListItem","position":3,"name":"Cabhairl\u00edne d\u2019\u00cdospartaigh Choire"}]},{"@type":"WebSite","@id":"https:\/\/www.dppireland.ie\/#website","url":"https:\/\/www.dppireland.ie\/","name":"Office of the Director of Public Prosecutions","description":"Providing a prosecution that is independent, fair and effective","potentialAction":[{"@type":"SearchAction","target":{"@type":"EntryPoint","urlTemplate":"https:\/\/www.dppireland.ie\/?s={search_term_string}"},"query-input":{"@type":"PropertyValueSpecification","valueRequired":true,"valueName":"search_term_string"}}],"inLanguage":"ga-IE"}]}},"jetpack_sharing_enabled":true,"_links":{"self":[{"href":"https:\/\/www.dppireland.ie\/ga\/wp-json\/wp\/v2\/pages\/10482","targetHints":{"allow":["GET"]}}],"collection":[{"href":"https:\/\/www.dppireland.ie\/ga\/wp-json\/wp\/v2\/pages"}],"about":[{"href":"https:\/\/www.dppireland.ie\/ga\/wp-json\/wp\/v2\/types\/page"}],"author":[{"embeddable":true,"href":"https:\/\/www.dppireland.ie\/ga\/wp-json\/wp\/v2\/users\/1"}],"replies":[{"embeddable":true,"href":"https:\/\/www.dppireland.ie\/ga\/wp-json\/wp\/v2\/comments?post=10482"}],"version-history":[{"count":2,"href":"https:\/\/www.dppireland.ie\/ga\/wp-json\/wp\/v2\/pages\/10482\/revisions"}],"predecessor-version":[{"id":16841,"href":"https:\/\/www.dppireland.ie\/ga\/wp-json\/wp\/v2\/pages\/10482\/revisions\/16841"}],"up":[{"embeddable":true,"href":"https:\/\/www.dppireland.ie\/ga\/wp-json\/wp\/v2\/pages\/10504"}],"wp:attachment":[{"href":"https:\/\/www.dppireland.ie\/ga\/wp-json\/wp\/v2\/media?parent=10482"}],"curies":[{"name":"wp","href":"https:\/\/api.w.org\/{rel}","templated":true}]}}