{"id":10481,"date":"2019-01-24T15:53:37","date_gmt":"2019-01-24T15:53:37","guid":{"rendered":"https:\/\/www.dppireland.ie\/useful-contacts-for-victims\/"},"modified":"2022-08-18T16:01:39","modified_gmt":"2022-08-18T15:01:39","slug":"useful-contacts-for-victims","status":"publish","type":"page","link":"https:\/\/www.dppireland.ie\/ga\/victims-witnesses\/useful-contacts-for-victims\/","title":{"rendered":"Teagmh\u00e1lacha \u00das\u00e1ideacha d&#8217;\u00cdospartaigh"},"content":{"rendered":"<div class=\"wpb-content-wrapper\"><p>[vc_row][vc_column]<div id=\"accordion-u6aqeneaooe\" class=\"accordion\">\n    <div class=\"card\">\n    <div class=\"card-header\" id=\"heading-an-taonad-idirichaidrimh-iospartach\">\n\n        <h2 class=\"mb-0\"><a class=\"collapsed\" href=\"#accordion-u6aqeneaooe-collapse-an-taonad-idirichaidrimh-iospartach\" data-toggle=\"collapse\" data-target=\"#accordion-u6aqeneaooe-collapse-an-taonad-idirichaidrimh-iospartach\" aria-expanded=\"false\" aria-controls=\"accordion-u6aqeneaooe-collapse-an-taonad-idirichaidrimh-iospartach\">An taonad Idirichaidrimh \u00cdospartach<\/a><\/h2>\n\n    <\/div>\n    <div id=\"accordion-u6aqeneaooe-collapse-an-taonad-idirichaidrimh-iospartach\" class=\"collapse\" aria-labelledby=\"heading-an-taonad-idirichaidrimh-iospartach\" data-parent=\"#accordion-u6aqeneaooe\" style=\"\">\n        <div class=\"card-body\">\n            <p>Oifig an Sti\u00farth\u00f3ra Ionch\u00faiseamh Poibl\u00ed<br \/>\n    B\u00f3thar na hOtharlainne<br \/>\n    Baile \u00c1tha Cliath 7.<\/p>\n<p>Guth\u00e1n: (01) 858 8500<br \/>\n    Facs: (01) 642 7406<\/p>\n\n        <\/div>\n    <\/div>\n<\/div><div class=\"card\">\n    <div class=\"card-header\" id=\"heading-line-cabhrach-diospartaigh-choireachta\">\n\n        <h2 class=\"mb-0\"><a class=\"collapsed\" href=\"#accordion-u6aqeneaooe-collapse-line-cabhrach-diospartaigh-choireachta\" data-toggle=\"collapse\" data-target=\"#accordion-u6aqeneaooe-collapse-line-cabhrach-diospartaigh-choireachta\" aria-expanded=\"false\" aria-controls=\"accordion-u6aqeneaooe-collapse-line-cabhrach-diospartaigh-choireachta\">L\u00edne Cabhrach D&#039;\u00edospartaigh Choireachta<\/a><\/h2>\n\n    <\/div>\n    <div id=\"accordion-u6aqeneaooe-collapse-line-cabhrach-diospartaigh-choireachta\" class=\"collapse\" aria-labelledby=\"heading-line-cabhrach-diospartaigh-choireachta\" data-parent=\"#accordion-u6aqeneaooe\" style=\"\">\n        <div class=\"card-body\">\n            <p>Teilaf\u00f3in saor in aisce: 1850 211 407<br \/>\n    L\u00e1ithre\u00e1n Gr\u00e9as\u00e1in: <a href=\"http:\/\/www.crimevictimshelpline.ie\/\">www.crimevictimshelpline.ie<\/a><\/p>\n<p>Is f\u00e9idir mionsonra\u00ed na <strong>seirbh\u00eds\u00ed taca\u00edochta d\u2019\u00edospartaigh<\/strong> at\u00e1 ar f\u00e1il i do cheantar a fh\u00e1il \u00f3n gCabhairl\u00edne d\u2019\u00cdospartaigh Choire.&nbsp; Is f\u00e9idir eolas ar sheirbh\u00eds\u00ed speisialta at\u00e1 ar f\u00e1il d\u2019\u00edospartaigh coireanna ar leith, for\u00e9igean baile, m\u00ed-\u00fas\u00e1id ghn\u00e9asach agus \u00e9igni\u00fa mar shampla, a fh\u00e1il \u00f3n gCabhairl\u00edne.<\/p>\n\n        <\/div>\n    <\/div>\n<\/div><div class=\"card\">\n    <div class=\"card-header\" id=\"heading-an-tseirbhis-chuirteanna\">\n\n        <h2 class=\"mb-0\"><a class=\"collapsed\" href=\"#accordion-u6aqeneaooe-collapse-an-tseirbhis-chuirteanna\" data-toggle=\"collapse\" data-target=\"#accordion-u6aqeneaooe-collapse-an-tseirbhis-chuirteanna\" aria-expanded=\"false\" aria-controls=\"accordion-u6aqeneaooe-collapse-an-tseirbhis-chuirteanna\">An Tseirbh\u00eds Ch\u00fairteanna<\/a><\/h2>\n\n    <\/div>\n    <div id=\"accordion-u6aqeneaooe-collapse-an-tseirbhis-chuirteanna\" class=\"collapse\" aria-labelledby=\"heading-an-tseirbhis-chuirteanna\" data-parent=\"#accordion-u6aqeneaooe\" style=\"\">\n        <div class=\"card-body\">\n            <p>Oifig Eolais,<br \/>\n    Teach an Fhionnuisce,<br \/>\n    15\/24 Sr\u00e1id an Fhionnuisce Thuaidh,<br \/>\n    Margadh na Feirme,<br \/>\n    Baile \u00c1tha Cliath 7.<\/p>\n<p>Teil: (01) 888 6000<br \/>\n    Faics: (01) 873 5250<br \/>\n    L\u00e1ithre\u00e1n Gr\u00e9as\u00e1in: <a href=\"https:\/\/www.courts.ie\/ga\">www.courts.ie<\/a><\/p>\n\n        <\/div>\n    <\/div>\n<\/div><div class=\"card\">\n    <div class=\"card-header\" id=\"heading-an-roinn-dli-agus-cirt-agus-comhionannais\">\n\n        <h2 class=\"mb-0\"><a class=\"collapsed\" href=\"#accordion-u6aqeneaooe-collapse-an-roinn-dli-agus-cirt-agus-comhionannais\" data-toggle=\"collapse\" data-target=\"#accordion-u6aqeneaooe-collapse-an-roinn-dli-agus-cirt-agus-comhionannais\" aria-expanded=\"false\" aria-controls=\"accordion-u6aqeneaooe-collapse-an-roinn-dli-agus-cirt-agus-comhionannais\">An Roinn Dl\u00ed Agus Cirt Agus Comhionannais<\/a><\/h2>\n\n    <\/div>\n    <div id=\"accordion-u6aqeneaooe-collapse-an-roinn-dli-agus-cirt-agus-comhionannais\" class=\"collapse\" aria-labelledby=\"heading-an-roinn-dli-agus-cirt-agus-comhionannais\" data-parent=\"#accordion-u6aqeneaooe\" style=\"\">\n        <div class=\"card-body\">\n            <p>51 Faiche Stiabhna,<br \/>\n    Baile \u00c1tha Cliath 2.<\/p>\n<p>Teil: (01) 602 8202<br \/>\n    Faics: (01) 661 5461<br \/>\n    L\u00e1ithre\u00e1n Gr\u00e9as\u00e1in: <a href=\"http:\/\/www.justice.ie\/ga\/JELR\/pages\/home\">www.justice.ie<\/a><\/p>\n\n        <\/div>\n    <\/div>\n<\/div><div class=\"card\">\n    <div class=\"card-header\" id=\"heading-an-binse-cuitimh-i-leith-diobhalacha-coiriula\">\n\n        <h2 class=\"mb-0\"><a class=\"collapsed\" href=\"#accordion-u6aqeneaooe-collapse-an-binse-cuitimh-i-leith-diobhalacha-coiriula\" data-toggle=\"collapse\" data-target=\"#accordion-u6aqeneaooe-collapse-an-binse-cuitimh-i-leith-diobhalacha-coiriula\" aria-expanded=\"false\" aria-controls=\"accordion-u6aqeneaooe-collapse-an-binse-cuitimh-i-leith-diobhalacha-coiriula\">An Binse C\u00faitimh I Leith D\u00edobh\u00e1lacha Coiri\u00fala<\/a><\/h2>\n\n    <\/div>\n    <div id=\"accordion-u6aqeneaooe-collapse-an-binse-cuitimh-i-leith-diobhalacha-coiriula\" class=\"collapse\" aria-labelledby=\"heading-an-binse-cuitimh-i-leith-diobhalacha-coiriula\" data-parent=\"#accordion-u6aqeneaooe\" style=\"\">\n        <div class=\"card-body\">\n            <p>Criminal Injuries Compensation Tribunal,<br \/>\n    Department of Justice,<br \/>\n    Bishop&#8217;s Square,<br \/>\n    Redmond\u2019s Hill,<br \/>\n    Dublin 2,<br \/>\n    D02 TD99<\/p>\n<p>Teil: (01) 479 0290<br \/>\n    Email: <a href=\"mailto:criminalinjuries@justice.ie\">criminalinjuries@justice.ie<\/a><br \/>\n    L\u00e1ithre\u00e1n Gr\u00e9as\u00e1in: <a href=\"http:\/\/www.justice.ie\/en\/JELR\/Pages\/WP15000110\">www.justice.ie<\/a><\/p>\n\n        <\/div>\n    <\/div>\n<\/div><div class=\"card\">\n    <div class=\"card-header\" id=\"heading-an-bord-um-chunamh-dlithiuil\">\n\n        <h2 class=\"mb-0\"><a class=\"collapsed\" href=\"#accordion-u6aqeneaooe-collapse-an-bord-um-chunamh-dlithiuil\" data-toggle=\"collapse\" data-target=\"#accordion-u6aqeneaooe-collapse-an-bord-um-chunamh-dlithiuil\" aria-expanded=\"false\" aria-controls=\"accordion-u6aqeneaooe-collapse-an-bord-um-chunamh-dlithiuil\">An Bord Um Ch\u00fanamh Dl\u00edthi\u00fail<\/a><\/h2>\n\n    <\/div>\n    <div id=\"accordion-u6aqeneaooe-collapse-an-bord-um-chunamh-dlithiuil\" class=\"collapse\" aria-labelledby=\"heading-an-bord-um-chunamh-dlithiuil\" data-parent=\"#accordion-u6aqeneaooe\" style=\"\">\n        <div class=\"card-body\">\n            <p>Sr\u00e1id na C\u00e9ibhe,<br \/>\n    Cathair Saidhbh\u00edn,<br \/>\n    Co. Chiarra\u00ed.<\/p>\n<p>Teil: (066) 947 1000<br \/>\n    Faics: (066) 947 1035<br \/>\n    L\u00e1ithre\u00e1n Gr\u00e9as\u00e1in: <a href=\"https:\/\/www.legalaidboard.ie\/ga\/\">www.legalaidboard.ie<\/a><\/p>\n\n        <\/div>\n    <\/div>\n<\/div><div class=\"card\">\n    <div class=\"card-header\" id=\"heading-the-victims-charter\">\n\n        <h2 class=\"mb-0\"><a class=\"collapsed\" href=\"#accordion-u6aqeneaooe-collapse-the-victims-charter\" data-toggle=\"collapse\" data-target=\"#accordion-u6aqeneaooe-collapse-the-victims-charter\" aria-expanded=\"false\" aria-controls=\"accordion-u6aqeneaooe-collapse-the-victims-charter\">The Victims Charter<\/a><\/h2>\n\n    <\/div>\n    <div id=\"accordion-u6aqeneaooe-collapse-the-victims-charter\" class=\"collapse\" aria-labelledby=\"heading-the-victims-charter\" data-parent=\"#accordion-u6aqeneaooe\" style=\"\">\n        <div class=\"card-body\">\n            <p>The Victims Charter<br \/>\n    An Roinn Dl\u00ed agus Cirt<br \/>\n    51 Faiche Stiabhna<br \/>\n    Baile \u00c1tha Cliath 2.<\/p>\n<p>Teil: (01) 602 8202<br \/>\n    LoCall: 1890 221 227<br \/>\n    Faics: (01) 661 5461<br \/>\n    R\u00edomhphost: info@justice.ie<br \/>\n    L\u00e1ithre\u00e1n Gr\u00e9as\u00e1in: <a href=\"https:\/\/www.victimscharter.ie\/\">www.victimscharter.ie<\/a><\/p>\n\n        <\/div>\n    <\/div>\n<\/div><\/div>[\/vc_column][\/vc_row]<\/p>\n<\/div>","protected":false},"excerpt":{"rendered":"<p>[vc_row][vc_column][\/vc_column][\/vc_row]<\/p>\n","protected":false},"author":1,"featured_media":0,"parent":10504,"menu_order":0,"comment_status":"closed","ping_status":"closed","template":"","meta":{"_acf_changed":false,"om_disable_all_campaigns":false,"_relevanssi_hide_post":"","_relevanssi_hide_content":"","_relevanssi_pin_for_all":"","_relevanssi_pin_keywords":"","_relevanssi_unpin_keywords":"","_relevanssi_related_keywords":"","_relevanssi_related_include_ids":"","_relevanssi_related_exclude_ids":"","_relevanssi_related_no_append":"","_relevanssi_related_not_related":"","_relevanssi_related_posts":"","_relevanssi_noindex_reason":"","_monsterinsights_skip_tracking":false,"_monsterinsights_sitenote_active":false,"_monsterinsights_sitenote_note":"","_monsterinsights_sitenote_category":0,"_uf_show_specific_survey":0,"_uf_disable_surveys":false,"footnotes":""},"class_list":["post-10481","page","type-page","status-publish","hentry"],"acf":[],"yoast_head":"<!-- This site is optimized with the Yoast SEO plugin v27.6 - https:\/\/yoast.com\/product\/yoast-seo-wordpress\/ -->\n<title>Teagmh\u00e1lacha \u00das\u00e1ideacha d&#039;\u00cdospartaigh - Office of the Director of Public Prosecutions<\/title>\n<meta name=\"description\" content=\"Office of the Director of Public Prosecutions - Providing a prosecution that is independent, fair and effective\" \/>\n<meta name=\"robots\" content=\"index, follow, max-snippet:-1, max-image-preview:large, max-video-preview:-1\" \/>\n<link rel=\"canonical\" href=\"https:\/\/www.dppireland.ie\/ga\/victims-witnesses\/useful-contacts-for-victims\/\" \/>\n<meta property=\"og:locale\" content=\"ga_IE\" \/>\n<meta property=\"og:type\" content=\"article\" \/>\n<meta property=\"og:title\" content=\"Teagmh\u00e1lacha \u00das\u00e1ideacha d&#039;\u00cdospartaigh - Office of the Director of Public Prosecutions\" \/>\n<meta property=\"og:description\" content=\"Office of the Director of Public Prosecutions - Providing a prosecution that is independent, fair and effective\" \/>\n<meta property=\"og:url\" content=\"https:\/\/www.dppireland.ie\/ga\/victims-witnesses\/useful-contacts-for-victims\/\" \/>\n<meta property=\"og:site_name\" content=\"Office of the Director of Public Prosecutions\" \/>\n<meta property=\"article:modified_time\" content=\"2022-08-18T15:01:39+00:00\" \/>\n<meta name=\"twitter:card\" content=\"summary_large_image\" \/>\n<meta name=\"twitter:label1\" content=\"Est. reading time\" \/>\n\t<meta name=\"twitter:data1\" content=\"1 minute\" \/>\n<script type=\"application\/ld+json\" class=\"yoast-schema-graph\">{\"@context\":\"https:\\\/\\\/schema.org\",\"@graph\":[{\"@type\":\"WebPage\",\"@id\":\"https:\\\/\\\/www.dppireland.ie\\\/ga\\\/victims-witnesses\\\/useful-contacts-for-victims\\\/\",\"url\":\"https:\\\/\\\/www.dppireland.ie\\\/ga\\\/victims-witnesses\\\/useful-contacts-for-victims\\\/\",\"name\":\"Teagmh\u00e1lacha \u00das\u00e1ideacha d'\u00cdospartaigh - Office of the Director of Public Prosecutions\",\"isPartOf\":{\"@id\":\"https:\\\/\\\/www.dppireland.ie\\\/#website\"},\"datePublished\":\"2019-01-24T15:53:37+00:00\",\"dateModified\":\"2022-08-18T15:01:39+00:00\",\"description\":\"Office of the Director of Public Prosecutions - Providing a prosecution that is independent, fair and effective\",\"breadcrumb\":{\"@id\":\"https:\\\/\\\/www.dppireland.ie\\\/ga\\\/victims-witnesses\\\/useful-contacts-for-victims\\\/#breadcrumb\"},\"inLanguage\":\"ga-IE\",\"potentialAction\":[{\"@type\":\"ReadAction\",\"target\":[\"https:\\\/\\\/www.dppireland.ie\\\/ga\\\/victims-witnesses\\\/useful-contacts-for-victims\\\/\"]}]},{\"@type\":\"BreadcrumbList\",\"@id\":\"https:\\\/\\\/www.dppireland.ie\\\/ga\\\/victims-witnesses\\\/useful-contacts-for-victims\\\/#breadcrumb\",\"itemListElement\":[{\"@type\":\"ListItem\",\"position\":1,\"name\":\"Home\",\"item\":\"https:\\\/\\\/www.dppireland.ie\\\/ga\\\/\"},{\"@type\":\"ListItem\",\"position\":2,\"name\":\"\u00cdospartaigh agus Finn\u00e9ithe\",\"item\":\"https:\\\/\\\/www.dppireland.ie\\\/ga\\\/victims-witnesses\\\/\"},{\"@type\":\"ListItem\",\"position\":3,\"name\":\"Teagmh\u00e1lacha \u00das\u00e1ideacha d&#8217;\u00cdospartaigh\"}]},{\"@type\":\"WebSite\",\"@id\":\"https:\\\/\\\/www.dppireland.ie\\\/#website\",\"url\":\"https:\\\/\\\/www.dppireland.ie\\\/\",\"name\":\"Office of the Director of Public Prosecutions\",\"description\":\"Providing a prosecution that is independent, fair and effective\",\"potentialAction\":[{\"@type\":\"SearchAction\",\"target\":{\"@type\":\"EntryPoint\",\"urlTemplate\":\"https:\\\/\\\/www.dppireland.ie\\\/?s={search_term_string}\"},\"query-input\":{\"@type\":\"PropertyValueSpecification\",\"valueRequired\":true,\"valueName\":\"search_term_string\"}}],\"inLanguage\":\"ga-IE\"}]}<\/script>\n<!-- \/ Yoast SEO plugin. -->","yoast_head_json":{"title":"Teagmh\u00e1lacha \u00das\u00e1ideacha d'\u00cdospartaigh - Office of the Director of Public Prosecutions","description":"Office of the Director of Public Prosecutions - Providing a prosecution that is independent, fair and effective","robots":{"index":"index","follow":"follow","max-snippet":"max-snippet:-1","max-image-preview":"max-image-preview:large","max-video-preview":"max-video-preview:-1"},"canonical":"https:\/\/www.dppireland.ie\/ga\/victims-witnesses\/useful-contacts-for-victims\/","og_locale":"ga_IE","og_type":"article","og_title":"Teagmh\u00e1lacha \u00das\u00e1ideacha d'\u00cdospartaigh - Office of the Director of Public Prosecutions","og_description":"Office of the Director of Public Prosecutions - Providing a prosecution that is independent, fair and effective","og_url":"https:\/\/www.dppireland.ie\/ga\/victims-witnesses\/useful-contacts-for-victims\/","og_site_name":"Office of the Director of Public Prosecutions","article_modified_time":"2022-08-18T15:01:39+00:00","twitter_card":"summary_large_image","twitter_misc":{"Est. reading time":"1 minute"},"schema":{"@context":"https:\/\/schema.org","@graph":[{"@type":"WebPage","@id":"https:\/\/www.dppireland.ie\/ga\/victims-witnesses\/useful-contacts-for-victims\/","url":"https:\/\/www.dppireland.ie\/ga\/victims-witnesses\/useful-contacts-for-victims\/","name":"Teagmh\u00e1lacha \u00das\u00e1ideacha d'\u00cdospartaigh - Office of the Director of Public Prosecutions","isPartOf":{"@id":"https:\/\/www.dppireland.ie\/#website"},"datePublished":"2019-01-24T15:53:37+00:00","dateModified":"2022-08-18T15:01:39+00:00","description":"Office of the Director of Public Prosecutions - Providing a prosecution that is independent, fair and effective","breadcrumb":{"@id":"https:\/\/www.dppireland.ie\/ga\/victims-witnesses\/useful-contacts-for-victims\/#breadcrumb"},"inLanguage":"ga-IE","potentialAction":[{"@type":"ReadAction","target":["https:\/\/www.dppireland.ie\/ga\/victims-witnesses\/useful-contacts-for-victims\/"]}]},{"@type":"BreadcrumbList","@id":"https:\/\/www.dppireland.ie\/ga\/victims-witnesses\/useful-contacts-for-victims\/#breadcrumb","itemListElement":[{"@type":"ListItem","position":1,"name":"Home","item":"https:\/\/www.dppireland.ie\/ga\/"},{"@type":"ListItem","position":2,"name":"\u00cdospartaigh agus Finn\u00e9ithe","item":"https:\/\/www.dppireland.ie\/ga\/victims-witnesses\/"},{"@type":"ListItem","position":3,"name":"Teagmh\u00e1lacha \u00das\u00e1ideacha d&#8217;\u00cdospartaigh"}]},{"@type":"WebSite","@id":"https:\/\/www.dppireland.ie\/#website","url":"https:\/\/www.dppireland.ie\/","name":"Office of the Director of Public Prosecutions","description":"Providing a prosecution that is independent, fair and effective","potentialAction":[{"@type":"SearchAction","target":{"@type":"EntryPoint","urlTemplate":"https:\/\/www.dppireland.ie\/?s={search_term_string}"},"query-input":{"@type":"PropertyValueSpecification","valueRequired":true,"valueName":"search_term_string"}}],"inLanguage":"ga-IE"}]}},"jetpack_sharing_enabled":true,"_links":{"self":[{"href":"https:\/\/www.dppireland.ie\/ga\/wp-json\/wp\/v2\/pages\/10481","targetHints":{"allow":["GET"]}}],"collection":[{"href":"https:\/\/www.dppireland.ie\/ga\/wp-json\/wp\/v2\/pages"}],"about":[{"href":"https:\/\/www.dppireland.ie\/ga\/wp-json\/wp\/v2\/types\/page"}],"author":[{"embeddable":true,"href":"https:\/\/www.dppireland.ie\/ga\/wp-json\/wp\/v2\/users\/1"}],"replies":[{"embeddable":true,"href":"https:\/\/www.dppireland.ie\/ga\/wp-json\/wp\/v2\/comments?post=10481"}],"version-history":[{"count":2,"href":"https:\/\/www.dppireland.ie\/ga\/wp-json\/wp\/v2\/pages\/10481\/revisions"}],"predecessor-version":[{"id":10748,"href":"https:\/\/www.dppireland.ie\/ga\/wp-json\/wp\/v2\/pages\/10481\/revisions\/10748"}],"up":[{"embeddable":true,"href":"https:\/\/www.dppireland.ie\/ga\/wp-json\/wp\/v2\/pages\/10504"}],"wp:attachment":[{"href":"https:\/\/www.dppireland.ie\/ga\/wp-json\/wp\/v2\/media?parent=10481"}],"curies":[{"name":"wp","href":"https:\/\/api.w.org\/{rel}","templated":true}]}}