{"id":10480,"date":"2019-01-24T15:53:52","date_gmt":"2019-01-24T15:53:52","guid":{"rendered":"https:\/\/www.dppireland.ie\/complaints-policy\/"},"modified":"2026-03-30T18:14:06","modified_gmt":"2026-03-30T17:14:06","slug":"complaints-policy","status":"publish","type":"page","link":"https:\/\/www.dppireland.ie\/ga\/victims-witnesses\/complaints-policy\/","title":{"rendered":"Beartas Gear\u00e1n"},"content":{"rendered":"<div class=\"wpb-content-wrapper\"><p>[vc_row][vc_column]<div id=\"accordion-dhgqceu2yidmi\" class=\"accordion\">\n    <div class=\"card\">\n    <div class=\"card-header\" id=\"heading-cen-gearain-a-chumhdaionn-an-beartas-gearan-seo\">\n\n        <h2 class=\"mb-0\"><a class=\"collapsed\" href=\"#accordion-dhgqceu2yidmi-collapse-cen-gearain-a-chumhdaionn-an-beartas-gearan-seo\" data-toggle=\"collapse\" data-target=\"#accordion-dhgqceu2yidmi-collapse-cen-gearain-a-chumhdaionn-an-beartas-gearan-seo\" aria-expanded=\"false\" aria-controls=\"accordion-dhgqceu2yidmi-collapse-cen-gearain-a-chumhdaionn-an-beartas-gearan-seo\">C\u00e9n gear\u00e1in a chumhda\u00edonn an Beartas Gear\u00e1n seo?<\/a><\/h2>\n\n    <\/div>\n    <div id=\"accordion-dhgqceu2yidmi-collapse-cen-gearain-a-chumhdaionn-an-beartas-gearan-seo\" class=\"collapse\" aria-labelledby=\"heading-cen-gearain-a-chumhdaionn-an-beartas-gearan-seo\" data-parent=\"#accordion-dhgqceu2yidmi\" style=\"\">\n        <div class=\"card-body\">\n            <p>Cumhda\u00edonn an beartas seo gear\u00e1in faoi <strong>sheirbh\u00eds a shol\u00e1thair<\/strong> Oifig an DPP a imr\u00edonn tionchar d\u00edreach ort. Mar shampla, d\u2019fh\u00e9adfadh gear\u00e1in baint le freagairt mhoillithe a thabhairt ar litir a sheol t\u00fa chugainn, n\u00f3 b\u2019fh\u00e9idir go mbraitheann t\u00fa n\u00e1r freastala\u00edodh ar do chuid ceart mar \u00edospartach.<\/p>\n\n        <\/div>\n    <\/div>\n<\/div><div class=\"card\">\n    <div class=\"card-header\" id=\"heading-cen-gearain-nach-gcumhdaionn-an-beartas-gearan-seo\">\n\n        <h2 class=\"mb-0\"><a class=\"collapsed\" href=\"#accordion-dhgqceu2yidmi-collapse-cen-gearain-nach-gcumhdaionn-an-beartas-gearan-seo\" data-toggle=\"collapse\" data-target=\"#accordion-dhgqceu2yidmi-collapse-cen-gearain-nach-gcumhdaionn-an-beartas-gearan-seo\" aria-expanded=\"false\" aria-controls=\"accordion-dhgqceu2yidmi-collapse-cen-gearain-nach-gcumhdaionn-an-beartas-gearan-seo\">C\u00e9n gear\u00e1in nach gcumhda\u00edonn an Beartas Gear\u00e1n seo?<\/a><\/h2>\n\n    <\/div>\n    <div id=\"accordion-dhgqceu2yidmi-collapse-cen-gearain-nach-gcumhdaionn-an-beartas-gearan-seo\" class=\"collapse\" aria-labelledby=\"heading-cen-gearain-nach-gcumhdaionn-an-beartas-gearan-seo\" data-parent=\"#accordion-dhgqceu2yidmi\" style=\"\">\n        <div class=\"card-body\">\n            <p>N\u00ed chumhda\u00edonn an beartas seo m\u00edsh\u00e1samh le <strong>cinnt\u00ed gan ionch\u00faiseamh a dh\u00e9anamh<\/strong>.\u00a0 M\u00e1 t\u00e1 t\u00fa m\u00edsh\u00e1sta le cinneadh gan ionch\u00faiseamh, f\u00e9adfaidh t\u00fa iarraidh orainn c\u00fais a thabhairt a bh\u00ed leis an gcinneadh n\u00f3 athbhreithni\u00fa a dh\u00e9anamh ar an gcinneadh.\u00a0 F\u00e9adfaidh t\u00fa teacht ar n\u00edos m\u00f3 faisn\u00e9ise ar conas seo a dh\u00e9anamh sa leabhr\u00e1n faisn\u00e9ise <a href=\"https:\/\/www.dppireland.ie\/ga\/publications\/information-for-the-public\/\"><strong> Conas Iarraidh ar Ch\u00faiseanna agus Athbhreithnithe<\/strong><\/a>.<\/p>\n\n        <\/div>\n    <\/div>\n<\/div><div class=\"card\">\n    <div class=\"card-header\" id=\"heading-conas-is-feidir-liom-gearan-a-dheanamh\">\n\n        <h2 class=\"mb-0\"><a class=\"collapsed\" href=\"#accordion-dhgqceu2yidmi-collapse-conas-is-feidir-liom-gearan-a-dheanamh\" data-toggle=\"collapse\" data-target=\"#accordion-dhgqceu2yidmi-collapse-conas-is-feidir-liom-gearan-a-dheanamh\" aria-expanded=\"false\" aria-controls=\"accordion-dhgqceu2yidmi-collapse-conas-is-feidir-liom-gearan-a-dheanamh\">Conas is f\u00e9idir liom gear\u00e1n a dh\u00e9anamh?<\/a><\/h2>\n\n    <\/div>\n    <div id=\"accordion-dhgqceu2yidmi-collapse-conas-is-feidir-liom-gearan-a-dheanamh\" class=\"collapse\" aria-labelledby=\"heading-conas-is-feidir-liom-gearan-a-dheanamh\" data-parent=\"#accordion-dhgqceu2yidmi\" style=\"\">\n        <div class=\"card-body\">\n            <p>Chun gear\u00e1n a dh\u00e9anamh, is g\u00e1 duit scr\u00edobh chugainn le sonra\u00ed faoi do ghear\u00e1n agus an ch\u00e1ip\u00e9is seo a sheoladh chuig:<\/p>\n<p><span class=\"jCAhz ChMk0b\"><span class=\"ryNqvb\">Oifigeach Gear\u00e1n<br \/>\n<\/span><\/span><span class=\"jCAhz ChMk0b\"><span class=\"ryNqvb\">An tAonad Rialachais agus Cumars\u00e1id<br \/>\n<\/span><\/span>Oifig an Sti\u00farth\u00f3ir Ionch\u00faiseamh Poibl\u00ed<br \/>\nB\u00f3thar na hOtharlainne<br \/>\nBaile \u00c1tha Cliath 7.<\/p>\n\n        <\/div>\n    <\/div>\n<\/div><div class=\"card\">\n    <div class=\"card-header\" id=\"heading-conas-a-dheilealfar-le-mo-ghearan\">\n\n        <h2 class=\"mb-0\"><a class=\"collapsed\" href=\"#accordion-dhgqceu2yidmi-collapse-conas-a-dheilealfar-le-mo-ghearan\" data-toggle=\"collapse\" data-target=\"#accordion-dhgqceu2yidmi-collapse-conas-a-dheilealfar-le-mo-ghearan\" aria-expanded=\"false\" aria-controls=\"accordion-dhgqceu2yidmi-collapse-conas-a-dheilealfar-le-mo-ghearan\">Conas a dh\u00e9ile\u00e1lfar le mo ghear\u00e1n?<\/a><\/h2>\n\n    <\/div>\n    <div id=\"accordion-dhgqceu2yidmi-collapse-conas-a-dheilealfar-le-mo-ghearan\" class=\"collapse\" aria-labelledby=\"heading-conas-a-dheilealfar-le-mo-ghearan\" data-parent=\"#accordion-dhgqceu2yidmi\" style=\"\">\n        <div class=\"card-body\">\n            <p>Nuair a gheobhaimid do ghear\u00e1n, cuirfimid \u00e9 i dtaifead agus d\u00e9anfaimid iarracht \u00e9 a r\u00e9iteach go pras. I roinnt c\u00e1sanna, b\u2019fh\u00e9idir go mbeimid in ann do ghear\u00e1n a r\u00e9iteach go han-simpl\u00ed. D\u2019fh\u00e9adfadh seo tarl\u00fa, mar shampla, m\u00e1s f\u00e9idir linn breis faisn\u00e9ise a shol\u00e1thar duit, bot\u00fan a rinneamar a cheart\u00fa, n\u00f3 n\u00f3s imeachta ar leith a mh\u00edni\u00fa duit.<\/p>\n<p>M\u00e1s de chine\u00e1l n\u00edos tromch\u00fais\u00ed do ghear\u00e1n, cuirfimid \u00e9 faoi bhr\u00e1id duine d\u00e1r mbainisteoir\u00ed sinsearacha \u00e9. Scr\u00fad\u00f3idh an bainisteoir sinsearach an tsaincheist agus tabharfaidh s\u00e9\/s\u00ed freagairt duit a luaithe is f\u00e9idir.<\/p>\n\n        <\/div>\n    <\/div>\n<\/div><div class=\"card\">\n    <div class=\"card-header\" id=\"heading-ce-chomh-fada-a-ghlacfaidh-se-chun-deileail-le-mo-ghearan\">\n\n        <h2 class=\"mb-0\"><a class=\"collapsed\" href=\"#accordion-dhgqceu2yidmi-collapse-ce-chomh-fada-a-ghlacfaidh-se-chun-deileail-le-mo-ghearan\" data-toggle=\"collapse\" data-target=\"#accordion-dhgqceu2yidmi-collapse-ce-chomh-fada-a-ghlacfaidh-se-chun-deileail-le-mo-ghearan\" aria-expanded=\"false\" aria-controls=\"accordion-dhgqceu2yidmi-collapse-ce-chomh-fada-a-ghlacfaidh-se-chun-deileail-le-mo-ghearan\">C\u00e9 chomh fada a ghlacfaidh s\u00e9 chun d\u00e9ile\u00e1il le mo ghear\u00e1n?<\/a><\/h2>\n\n    <\/div>\n    <div id=\"accordion-dhgqceu2yidmi-collapse-ce-chomh-fada-a-ghlacfaidh-se-chun-deileail-le-mo-ghearan\" class=\"collapse\" aria-labelledby=\"heading-ce-chomh-fada-a-ghlacfaidh-se-chun-deileail-le-mo-ghearan\" data-parent=\"#accordion-dhgqceu2yidmi\" style=\"\">\n        <div class=\"card-body\">\n            <p>Aithneoimid do ghear\u00e1n laistigh de ch\u00faig l\u00e1 oibre.\u00a0 Seolfaimid freagairt ioml\u00e1n chugat, sa ch\u00e1s gur f\u00e9idir, <strong>laistigh de sh\u00e9 seachtaine<\/strong>.\u00a0 I roinnt c\u00e1sanna, d\u2019fh\u00e9adfadh s\u00e9 n\u00edos faide a ghlacadh. \u00a0\u00a0M\u00e1 tharla\u00edonn seo, scr\u00edobhfaimid chugat agus cuirfimid ar an eolas th\u00fa cathain ar f\u00e9idir leat s\u00fail a bheith le freagairt a fh\u00e1il.<\/p>\n\n        <\/div>\n    <\/div>\n<\/div><div class=\"card\">\n    <div class=\"card-header\" id=\"heading-cad-a-tharlaionn-mura-bhfuilim-sasta\">\n\n        <h2 class=\"mb-0\"><a class=\"collapsed\" href=\"#accordion-dhgqceu2yidmi-collapse-cad-a-tharlaionn-mura-bhfuilim-sasta\" data-toggle=\"collapse\" data-target=\"#accordion-dhgqceu2yidmi-collapse-cad-a-tharlaionn-mura-bhfuilim-sasta\" aria-expanded=\"false\" aria-controls=\"accordion-dhgqceu2yidmi-collapse-cad-a-tharlaionn-mura-bhfuilim-sasta\">Cad a tharla\u00edonn mura bhfuilim s\u00e1sta?<\/a><\/h2>\n\n    <\/div>\n    <div id=\"accordion-dhgqceu2yidmi-collapse-cad-a-tharlaionn-mura-bhfuilim-sasta\" class=\"collapse\" aria-labelledby=\"heading-cad-a-tharlaionn-mura-bhfuilim-sasta\" data-parent=\"#accordion-dhgqceu2yidmi\" style=\"\">\n        <div class=\"card-body\">\n            <p>Mura bhfuil t\u00fa s\u00e1sta leis an mbealach a dh\u00e9ile\u00e1lamar le do ghear\u00e1n,is f\u00e9idir leat <strong>achomharc<\/strong> a dh\u00e9anamh. Beidh an Leas-Sti\u00farth\u00f3ir d\u00e9ile\u00e1il le d&#8217;achomharc.<\/p>\n\n        <\/div>\n    <\/div>\n<\/div><\/div>[\/vc_column][\/vc_row]<\/p>\n<\/div>","protected":false},"excerpt":{"rendered":"<p>[vc_row][vc_column][\/vc_column][\/vc_row]<\/p>\n","protected":false},"author":1,"featured_media":0,"parent":10504,"menu_order":0,"comment_status":"closed","ping_status":"closed","template":"","meta":{"_acf_changed":false,"om_disable_all_campaigns":false,"_relevanssi_hide_post":"","_relevanssi_hide_content":"","_relevanssi_pin_for_all":"","_relevanssi_pin_keywords":"","_relevanssi_unpin_keywords":"","_relevanssi_related_keywords":"","_relevanssi_related_include_ids":"","_relevanssi_related_exclude_ids":"","_relevanssi_related_no_append":"","_relevanssi_related_not_related":"","_relevanssi_related_posts":"","_relevanssi_noindex_reason":"","_monsterinsights_skip_tracking":false,"_monsterinsights_sitenote_active":false,"_monsterinsights_sitenote_note":"","_monsterinsights_sitenote_category":0,"_uf_show_specific_survey":0,"_uf_disable_surveys":false,"footnotes":""},"class_list":["post-10480","page","type-page","status-publish","hentry"],"acf":[],"yoast_head":"<!-- This site is optimized with the Yoast SEO plugin v27.5 - https:\/\/yoast.com\/product\/yoast-seo-wordpress\/ -->\n<title>Beartas Gear\u00e1n - Office of the Director of Public Prosecutions<\/title>\n<meta name=\"description\" content=\"Office of the Director of Public Prosecutions - Providing a prosecution that is independent, fair and effective\" \/>\n<meta name=\"robots\" content=\"index, follow, max-snippet:-1, max-image-preview:large, max-video-preview:-1\" \/>\n<link rel=\"canonical\" href=\"https:\/\/www.dppireland.ie\/ga\/victims-witnesses\/complaints-policy\/\" \/>\n<meta property=\"og:locale\" content=\"ga_IE\" \/>\n<meta property=\"og:type\" content=\"article\" \/>\n<meta property=\"og:title\" content=\"Beartas Gear\u00e1n - Office of the Director of Public Prosecutions\" \/>\n<meta property=\"og:description\" content=\"Office of the Director of Public Prosecutions - Providing a prosecution that is independent, fair and effective\" \/>\n<meta property=\"og:url\" content=\"https:\/\/www.dppireland.ie\/ga\/victims-witnesses\/complaints-policy\/\" \/>\n<meta property=\"og:site_name\" content=\"Office of the Director of Public Prosecutions\" \/>\n<meta property=\"article:modified_time\" content=\"2026-03-30T17:14:06+00:00\" \/>\n<meta name=\"twitter:card\" content=\"summary_large_image\" \/>\n<meta name=\"twitter:label1\" content=\"Est. reading time\" \/>\n\t<meta name=\"twitter:data1\" content=\"2 minutes\" \/>\n<script type=\"application\/ld+json\" class=\"yoast-schema-graph\">{\"@context\":\"https:\\\/\\\/schema.org\",\"@graph\":[{\"@type\":\"WebPage\",\"@id\":\"https:\\\/\\\/www.dppireland.ie\\\/ga\\\/victims-witnesses\\\/complaints-policy\\\/\",\"url\":\"https:\\\/\\\/www.dppireland.ie\\\/ga\\\/victims-witnesses\\\/complaints-policy\\\/\",\"name\":\"Beartas Gear\u00e1n - Office of the Director of Public Prosecutions\",\"isPartOf\":{\"@id\":\"https:\\\/\\\/www.dppireland.ie\\\/#website\"},\"datePublished\":\"2019-01-24T15:53:52+00:00\",\"dateModified\":\"2026-03-30T17:14:06+00:00\",\"description\":\"Office of the Director of Public Prosecutions - Providing a prosecution that is independent, fair and effective\",\"breadcrumb\":{\"@id\":\"https:\\\/\\\/www.dppireland.ie\\\/ga\\\/victims-witnesses\\\/complaints-policy\\\/#breadcrumb\"},\"inLanguage\":\"ga-IE\",\"potentialAction\":[{\"@type\":\"ReadAction\",\"target\":[\"https:\\\/\\\/www.dppireland.ie\\\/ga\\\/victims-witnesses\\\/complaints-policy\\\/\"]}]},{\"@type\":\"BreadcrumbList\",\"@id\":\"https:\\\/\\\/www.dppireland.ie\\\/ga\\\/victims-witnesses\\\/complaints-policy\\\/#breadcrumb\",\"itemListElement\":[{\"@type\":\"ListItem\",\"position\":1,\"name\":\"Home\",\"item\":\"https:\\\/\\\/www.dppireland.ie\\\/ga\\\/\"},{\"@type\":\"ListItem\",\"position\":2,\"name\":\"\u00cdospartaigh agus Finn\u00e9ithe\",\"item\":\"https:\\\/\\\/www.dppireland.ie\\\/ga\\\/victims-witnesses\\\/\"},{\"@type\":\"ListItem\",\"position\":3,\"name\":\"Beartas Gear\u00e1n\"}]},{\"@type\":\"WebSite\",\"@id\":\"https:\\\/\\\/www.dppireland.ie\\\/#website\",\"url\":\"https:\\\/\\\/www.dppireland.ie\\\/\",\"name\":\"Office of the Director of Public Prosecutions\",\"description\":\"Providing a prosecution that is independent, fair and effective\",\"potentialAction\":[{\"@type\":\"SearchAction\",\"target\":{\"@type\":\"EntryPoint\",\"urlTemplate\":\"https:\\\/\\\/www.dppireland.ie\\\/?s={search_term_string}\"},\"query-input\":{\"@type\":\"PropertyValueSpecification\",\"valueRequired\":true,\"valueName\":\"search_term_string\"}}],\"inLanguage\":\"ga-IE\"}]}<\/script>\n<!-- \/ Yoast SEO plugin. -->","yoast_head_json":{"title":"Beartas Gear\u00e1n - Office of the Director of Public Prosecutions","description":"Office of the Director of Public Prosecutions - Providing a prosecution that is independent, fair and effective","robots":{"index":"index","follow":"follow","max-snippet":"max-snippet:-1","max-image-preview":"max-image-preview:large","max-video-preview":"max-video-preview:-1"},"canonical":"https:\/\/www.dppireland.ie\/ga\/victims-witnesses\/complaints-policy\/","og_locale":"ga_IE","og_type":"article","og_title":"Beartas Gear\u00e1n - Office of the Director of Public Prosecutions","og_description":"Office of the Director of Public Prosecutions - Providing a prosecution that is independent, fair and effective","og_url":"https:\/\/www.dppireland.ie\/ga\/victims-witnesses\/complaints-policy\/","og_site_name":"Office of the Director of Public Prosecutions","article_modified_time":"2026-03-30T17:14:06+00:00","twitter_card":"summary_large_image","twitter_misc":{"Est. reading time":"2 minutes"},"schema":{"@context":"https:\/\/schema.org","@graph":[{"@type":"WebPage","@id":"https:\/\/www.dppireland.ie\/ga\/victims-witnesses\/complaints-policy\/","url":"https:\/\/www.dppireland.ie\/ga\/victims-witnesses\/complaints-policy\/","name":"Beartas Gear\u00e1n - Office of the Director of Public Prosecutions","isPartOf":{"@id":"https:\/\/www.dppireland.ie\/#website"},"datePublished":"2019-01-24T15:53:52+00:00","dateModified":"2026-03-30T17:14:06+00:00","description":"Office of the Director of Public Prosecutions - Providing a prosecution that is independent, fair and effective","breadcrumb":{"@id":"https:\/\/www.dppireland.ie\/ga\/victims-witnesses\/complaints-policy\/#breadcrumb"},"inLanguage":"ga-IE","potentialAction":[{"@type":"ReadAction","target":["https:\/\/www.dppireland.ie\/ga\/victims-witnesses\/complaints-policy\/"]}]},{"@type":"BreadcrumbList","@id":"https:\/\/www.dppireland.ie\/ga\/victims-witnesses\/complaints-policy\/#breadcrumb","itemListElement":[{"@type":"ListItem","position":1,"name":"Home","item":"https:\/\/www.dppireland.ie\/ga\/"},{"@type":"ListItem","position":2,"name":"\u00cdospartaigh agus Finn\u00e9ithe","item":"https:\/\/www.dppireland.ie\/ga\/victims-witnesses\/"},{"@type":"ListItem","position":3,"name":"Beartas Gear\u00e1n"}]},{"@type":"WebSite","@id":"https:\/\/www.dppireland.ie\/#website","url":"https:\/\/www.dppireland.ie\/","name":"Office of the Director of Public Prosecutions","description":"Providing a prosecution that is independent, fair and effective","potentialAction":[{"@type":"SearchAction","target":{"@type":"EntryPoint","urlTemplate":"https:\/\/www.dppireland.ie\/?s={search_term_string}"},"query-input":{"@type":"PropertyValueSpecification","valueRequired":true,"valueName":"search_term_string"}}],"inLanguage":"ga-IE"}]}},"jetpack_sharing_enabled":true,"_links":{"self":[{"href":"https:\/\/www.dppireland.ie\/ga\/wp-json\/wp\/v2\/pages\/10480","targetHints":{"allow":["GET"]}}],"collection":[{"href":"https:\/\/www.dppireland.ie\/ga\/wp-json\/wp\/v2\/pages"}],"about":[{"href":"https:\/\/www.dppireland.ie\/ga\/wp-json\/wp\/v2\/types\/page"}],"author":[{"embeddable":true,"href":"https:\/\/www.dppireland.ie\/ga\/wp-json\/wp\/v2\/users\/1"}],"replies":[{"embeddable":true,"href":"https:\/\/www.dppireland.ie\/ga\/wp-json\/wp\/v2\/comments?post=10480"}],"version-history":[{"count":8,"href":"https:\/\/www.dppireland.ie\/ga\/wp-json\/wp\/v2\/pages\/10480\/revisions"}],"predecessor-version":[{"id":28514,"href":"https:\/\/www.dppireland.ie\/ga\/wp-json\/wp\/v2\/pages\/10480\/revisions\/28514"}],"up":[{"embeddable":true,"href":"https:\/\/www.dppireland.ie\/ga\/wp-json\/wp\/v2\/pages\/10504"}],"wp:attachment":[{"href":"https:\/\/www.dppireland.ie\/ga\/wp-json\/wp\/v2\/media?parent=10480"}],"curies":[{"name":"wp","href":"https:\/\/api.w.org\/{rel}","templated":true}]}}