{"id":10479,"date":"2019-01-24T15:54:10","date_gmt":"2019-01-24T15:54:10","guid":{"rendered":"https:\/\/www.dppireland.ie\/information-for-the-public\/"},"modified":"2023-08-08T11:44:51","modified_gmt":"2023-08-08T10:44:51","slug":"information-for-the-public","status":"publish","type":"page","link":"https:\/\/www.dppireland.ie\/ga\/publications\/information-for-the-public\/","title":{"rendered":"Faisn\u00e9is don phobal"},"content":{"rendered":"<div class=\"wpb-content-wrapper\"><p>[vc_row][vc_column][vc_column_text]T\u00e1 s\u00e9 leabhr\u00e1n faisn\u00e9ise againn, agus t\u00e1 siad ar fad scr\u00edofa i dteanga shimpl\u00ed a d\u2019fhaomh an \u00c1is\u00edneacht N\u00e1isi\u00fanta Litearthachta d\u2019Aosaigh, at\u00e1 ar f\u00e1il d\u2019\u00edospartaigh na coireachta agus don phobal i gcoitinne. T\u00e1 na leabhr\u00e1in ar f\u00e1il i mB\u00e9arla, i nGaeilge agus i ndeich dteanga eachtracha. Roghnaigh an teanga is rogha leat th\u00edos.<\/p>\n<p>T\u00e1 tr\u00ed bhileog faisn\u00e9ise againn freisin a bhaineann le cine\u00e1lacha \u00e9ags\u00fala achomhairc &#8211; ciont\u00fa, pianbhreith agus boige mh\u00edchu\u00ed.[\/vc_column_text]<form class=\"box\">\n    <div class=\"form-group row\">\n        <label for=\"selectlanguage\" class=\"col-auto col-md-4 col-xl-3 col-form-label\">Change Language:<\/label>\n        <div class=\"col col-md-5 col-xl-4\">\n            <select class=\"form-control form-control-sm\" id=\"selectlanguage\">\n                <option selected=\"\" value=\"irish\"> Irish <\/option>\n                <option  value=\"english\"> English <\/option>\n                <option  value=\"arabic\">Arabic<\/option>\n                <option  value=\"french\">French<\/option>\n                <option  value=\"latvian\">Latvian<\/option>\n                <option  value=\"lithuanian\">Lithuanian<\/option>\n                <option  value=\"mandarin\">Mandarin<\/option>\n                <option  value=\"polish\">Polish<\/option>\n                <option  value=\"romanian\">Romanian<\/option>\n                <option  value=\"russian\">Russian<\/option>\n                <option  value=\"spanish\">Spanish<\/option>\n                <option  value=\"portuguese\">Portuguese (Brazil)<\/option>\n            <\/select>\n        <\/div>\n    <\/div>\n<\/form>\n<h2> Irish <\/h2>\n    <div class=\"row boxes\">\n                                <div class=\"col-md-6\">\n                <div class=\"box box-download\">\n                    <a href=\"https:\/\/www.dppireland.ie\/app\/uploads\/2024\/06\/IRL-Role-of-the-DPP-August-2022.pdf\">\n                        <img decoding=\"async\" src=\"https:\/\/www.dppireland.ie\/app\/uploads\/2024\/06\/IRL-Role-of-the-DPP-August-2022-pdf-image-100x142.jpg\" alt=\"R\u00f3l an DPP\"\/>\n                        <h3>R\u00f3l an DPP<\/h3>\n                        <p>Format: PDF<br \/>\n                            Size: Size: 428.03 KB<\/p>\n                    <\/a>\n                <\/div>\n            <\/div>\n                                <div class=\"col-md-6\">\n                <div class=\"box box-download\">\n                    <a href=\"https:\/\/www.dppireland.ie\/app\/uploads\/2024\/07\/Going-to-Court-Dec-2022-IRL-updated-03.07.2024.pdf\">\n                        <img decoding=\"async\" src=\"https:\/\/www.dppireland.ie\/app\/uploads\/2024\/07\/Going-to-Court-Dec-2022-IRL-updated-03-07-2024-pdf-image-100x142.jpg\" alt=\"Ag dul chuig an gC\u00fairt mar Fhinn\u00e9\"\/>\n                        <h3>Ag dul chuig an gC\u00fairt mar Fhinn\u00e9<\/h3>\n                        <p>Format: PDF<br \/>\n                            Size: Size: 852.78 KB<\/p>\n                    <\/a>\n                <\/div>\n            <\/div>\n            <\/div>\n    <div class=\"row boxes\">\n                                <div class=\"col-md-6\">\n                <div class=\"box box-download\">\n                    <a href=\"https:\/\/www.dppireland.ie\/app\/uploads\/2024\/09\/IRISH-How-we-make-prosecution-decisions.pdf\">\n                        <img decoding=\"async\" src=\"https:\/\/www.dppireland.ie\/app\/uploads\/2024\/09\/IRISH-How-we-make-prosecution-decisions-pdf-image-68x142.jpg\" alt=\"Conas a Dh\u00e9anaimid Cinnt\u00ed Faoi Ionch\u00faisimh\"\/>\n                        <h3>Conas a Dh\u00e9anaimid Cinnt\u00ed Faoi Ionch\u00faisimh<\/h3>\n                        <p>Format: PDF<br \/>\n                            Size: Size: 276.51 KB<\/p>\n                    <\/a>\n                <\/div>\n            <\/div>\n                                <div class=\"col-md-6\">\n                <div class=\"box box-download\">\n                    <a href=\"https:\/\/www.dppireland.ie\/app\/uploads\/2024\/09\/IRISH-How-to-request-reasons-and-reviews.pdf\">\n                        <img decoding=\"async\" src=\"https:\/\/www.dppireland.ie\/app\/uploads\/2024\/09\/IRISH-How-to-request-reasons-and-reviews-pdf-image-68x142.jpg\" alt=\"Conas Iarraidh ar Ch\u00faiseanna agus Athbhreithnithe\"\/>\n                        <h3>Conas Iarraidh ar Ch\u00faiseanna agus Athbhreithnithe<\/h3>\n                        <p>Format: PDF<br \/>\n                            Size: Size: 250.79 KB<\/p>\n                    <\/a>\n                <\/div>\n            <\/div>\n            <\/div>\n    <div class=\"row boxes\">\n                                <div class=\"col-md-6\">\n                <div class=\"box box-download\">\n                    <a href=\"https:\/\/www.dppireland.ie\/app\/uploads\/2024\/04\/IRL-Making-a-Victim-Impact-Statement-Aug2022.pdf\">\n                        <img decoding=\"async\" src=\"https:\/\/www.dppireland.ie\/app\/uploads\/2024\/04\/IRL-Making-a-Victim-Impact-Statement-Aug2022-pdf-image-68x142.jpg\" alt=\"R\u00e1iteas Tionchair \u00cdospartaigh a Dh\u00e9anamh\"\/>\n                        <h3>R\u00e1iteas Tionchair \u00cdospartaigh a Dh\u00e9anamh<\/h3>\n                        <p>Format: PDF<br \/>\n                            Size: Size: 253.95 KB<\/p>\n                    <\/a>\n                <\/div>\n            <\/div>\n                                <div class=\"col-md-6\">\n                <div class=\"box box-download\">\n                    <a href=\"https:\/\/www.dppireland.ie\/app\/uploads\/2024\/09\/IRISH-What-is-an-Undue-Leniency-Appeal.pdf\">\n                        <img decoding=\"async\" src=\"https:\/\/www.dppireland.ie\/app\/uploads\/2024\/09\/IRISH-What-is-an-Undue-Leniency-Appeal-pdf-image-100x142.jpg\" alt=\"Cad is achomharc i leith boige mh\u00edchu\u00ed ann?\"\/>\n                        <h3>Cad is achomharc i leith boige mh\u00edchu\u00ed ann?<\/h3>\n                        <p>Format: PDF<br \/>\n                            Size: Size: 240.01 KB<\/p>\n                    <\/a>\n                <\/div>\n            <\/div>\n            <\/div>\n    <div class=\"row boxes\">\n                                <div class=\"col-md-6\">\n                <div class=\"box box-download\">\n                    <a href=\"https:\/\/www.dppireland.ie\/app\/uploads\/2024\/09\/IRISH-What-is-a-Sentence-Appeal.pdf\">\n                        <img decoding=\"async\" src=\"https:\/\/www.dppireland.ie\/app\/uploads\/2024\/09\/IRISH-What-is-a-Sentence-Appeal-pdf-image-100x142.jpg\" alt=\"Cad is achomharc i leith pianbhreithe ann?\"\/>\n                        <h3>Cad is achomharc i leith pianbhreithe ann?<\/h3>\n                        <p>Format: PDF<br \/>\n                            Size: Size: 205.95 KB<\/p>\n                    <\/a>\n                <\/div>\n            <\/div>\n                                <div class=\"col-md-6\">\n                <div class=\"box box-download\">\n                    <a href=\"https:\/\/www.dppireland.ie\/app\/uploads\/2024\/09\/IRISH-What-is-a-Conviction-Appeal.pdf\">\n                        <img decoding=\"async\" src=\"https:\/\/www.dppireland.ie\/app\/uploads\/2024\/09\/IRISH-What-is-a-Conviction-Appeal-pdf-image-100x142.jpg\" alt=\"Cad is achomharc i leith ciontaithe ann?\"\/>\n                        <h3>Cad is achomharc i leith ciontaithe ann?<\/h3>\n                        <p>Format: PDF<br \/>\n                            Size: Size: 190.86 KB<\/p>\n                    <\/a>\n                <\/div>\n            <\/div>\n            <\/div>\n[\/vc_column][\/vc_row]<\/p>\n<\/div>","protected":false},"excerpt":{"rendered":"<p>[vc_row][vc_column][vc_column_text]T\u00e1 s\u00e9 leabhr\u00e1n faisn\u00e9ise againn, agus t\u00e1 siad ar fad scr\u00edofa i dteanga shimpl\u00ed a d\u2019fhaomh an \u00c1is\u00edneacht N\u00e1isi\u00fanta Litearthachta d\u2019Aosaigh, at\u00e1 ar f\u00e1il d\u2019\u00edospartaigh na coireachta agus don phobal i gcoitinne. T\u00e1 na leabhr\u00e1in ar f\u00e1il i mB\u00e9arla, i nGaeilge agus i ndeich dteanga eachtracha. Roghnaigh an teanga is rogha leat th\u00edos. T\u00e1 tr\u00ed &hellip; <a href=\"https:\/\/www.dppireland.ie\/ga\/publications\/information-for-the-public\/\">Continued<\/a><\/p>\n","protected":false},"author":1,"featured_media":0,"parent":10503,"menu_order":0,"comment_status":"closed","ping_status":"closed","template":"","meta":{"_acf_changed":false,"om_disable_all_campaigns":false,"_relevanssi_hide_post":"","_relevanssi_hide_content":"","_relevanssi_pin_for_all":"","_relevanssi_pin_keywords":"","_relevanssi_unpin_keywords":"","_relevanssi_related_keywords":"","_relevanssi_related_include_ids":"","_relevanssi_related_exclude_ids":"","_relevanssi_related_no_append":"","_relevanssi_related_not_related":"","_relevanssi_related_posts":"","_relevanssi_noindex_reason":"","_monsterinsights_skip_tracking":false,"_monsterinsights_sitenote_active":false,"_monsterinsights_sitenote_note":"","_monsterinsights_sitenote_category":0,"_uf_show_specific_survey":0,"_uf_disable_surveys":false,"footnotes":""},"class_list":["post-10479","page","type-page","status-publish","hentry"],"acf":[],"yoast_head":"<!-- This site is optimized with the Yoast SEO plugin v27.4 - https:\/\/yoast.com\/product\/yoast-seo-wordpress\/ -->\n<title>Faisn\u00e9is don phobal - Office of the Director of Public Prosecutions<\/title>\n<meta name=\"description\" content=\"Office of the Director of Public Prosecutions - Providing a prosecution that is independent, fair and effective\" \/>\n<meta name=\"robots\" content=\"index, follow, max-snippet:-1, max-image-preview:large, max-video-preview:-1\" \/>\n<link rel=\"canonical\" href=\"https:\/\/www.dppireland.ie\/ga\/publications\/information-for-the-public\/\" \/>\n<meta property=\"og:locale\" content=\"ga_IE\" \/>\n<meta property=\"og:type\" content=\"article\" \/>\n<meta property=\"og:title\" content=\"Faisn\u00e9is don phobal - Office of the Director of Public Prosecutions\" \/>\n<meta property=\"og:description\" content=\"Office of the Director of Public Prosecutions - Providing a prosecution that is independent, fair and effective\" \/>\n<meta property=\"og:url\" content=\"https:\/\/www.dppireland.ie\/ga\/publications\/information-for-the-public\/\" \/>\n<meta property=\"og:site_name\" content=\"Office of the Director of Public Prosecutions\" \/>\n<meta property=\"article:modified_time\" content=\"2023-08-08T10:44:51+00:00\" \/>\n<meta name=\"twitter:card\" content=\"summary_large_image\" \/>\n<meta name=\"twitter:label1\" content=\"Est. reading time\" \/>\n\t<meta name=\"twitter:data1\" content=\"1 minute\" \/>\n<script type=\"application\/ld+json\" class=\"yoast-schema-graph\">{\"@context\":\"https:\\\/\\\/schema.org\",\"@graph\":[{\"@type\":\"WebPage\",\"@id\":\"https:\\\/\\\/www.dppireland.ie\\\/ga\\\/publications\\\/information-for-the-public\\\/\",\"url\":\"https:\\\/\\\/www.dppireland.ie\\\/ga\\\/publications\\\/information-for-the-public\\\/\",\"name\":\"Faisn\u00e9is don phobal - Office of the Director of Public Prosecutions\",\"isPartOf\":{\"@id\":\"https:\\\/\\\/www.dppireland.ie\\\/#website\"},\"datePublished\":\"2019-01-24T15:54:10+00:00\",\"dateModified\":\"2023-08-08T10:44:51+00:00\",\"description\":\"Office of the Director of Public Prosecutions - Providing a prosecution that is independent, fair and effective\",\"breadcrumb\":{\"@id\":\"https:\\\/\\\/www.dppireland.ie\\\/ga\\\/publications\\\/information-for-the-public\\\/#breadcrumb\"},\"inLanguage\":\"ga-IE\",\"potentialAction\":[{\"@type\":\"ReadAction\",\"target\":[\"https:\\\/\\\/www.dppireland.ie\\\/ga\\\/publications\\\/information-for-the-public\\\/\"]}]},{\"@type\":\"BreadcrumbList\",\"@id\":\"https:\\\/\\\/www.dppireland.ie\\\/ga\\\/publications\\\/information-for-the-public\\\/#breadcrumb\",\"itemListElement\":[{\"@type\":\"ListItem\",\"position\":1,\"name\":\"Home\",\"item\":\"https:\\\/\\\/www.dppireland.ie\\\/ga\\\/\"},{\"@type\":\"ListItem\",\"position\":2,\"name\":\"Foilseach\u00e1in\",\"item\":\"https:\\\/\\\/www.dppireland.ie\\\/ga\\\/publications\\\/\"},{\"@type\":\"ListItem\",\"position\":3,\"name\":\"Faisn\u00e9is don phobal\"}]},{\"@type\":\"WebSite\",\"@id\":\"https:\\\/\\\/www.dppireland.ie\\\/#website\",\"url\":\"https:\\\/\\\/www.dppireland.ie\\\/\",\"name\":\"Office of the Director of Public Prosecutions\",\"description\":\"Providing a prosecution that is independent, fair and effective\",\"potentialAction\":[{\"@type\":\"SearchAction\",\"target\":{\"@type\":\"EntryPoint\",\"urlTemplate\":\"https:\\\/\\\/www.dppireland.ie\\\/?s={search_term_string}\"},\"query-input\":{\"@type\":\"PropertyValueSpecification\",\"valueRequired\":true,\"valueName\":\"search_term_string\"}}],\"inLanguage\":\"ga-IE\"}]}<\/script>\n<!-- \/ Yoast SEO plugin. -->","yoast_head_json":{"title":"Faisn\u00e9is don phobal - Office of the Director of Public Prosecutions","description":"Office of the Director of Public Prosecutions - Providing a prosecution that is independent, fair and effective","robots":{"index":"index","follow":"follow","max-snippet":"max-snippet:-1","max-image-preview":"max-image-preview:large","max-video-preview":"max-video-preview:-1"},"canonical":"https:\/\/www.dppireland.ie\/ga\/publications\/information-for-the-public\/","og_locale":"ga_IE","og_type":"article","og_title":"Faisn\u00e9is don phobal - Office of the Director of Public Prosecutions","og_description":"Office of the Director of Public Prosecutions - Providing a prosecution that is independent, fair and effective","og_url":"https:\/\/www.dppireland.ie\/ga\/publications\/information-for-the-public\/","og_site_name":"Office of the Director of Public Prosecutions","article_modified_time":"2023-08-08T10:44:51+00:00","twitter_card":"summary_large_image","twitter_misc":{"Est. reading time":"1 minute"},"schema":{"@context":"https:\/\/schema.org","@graph":[{"@type":"WebPage","@id":"https:\/\/www.dppireland.ie\/ga\/publications\/information-for-the-public\/","url":"https:\/\/www.dppireland.ie\/ga\/publications\/information-for-the-public\/","name":"Faisn\u00e9is don phobal - Office of the Director of Public Prosecutions","isPartOf":{"@id":"https:\/\/www.dppireland.ie\/#website"},"datePublished":"2019-01-24T15:54:10+00:00","dateModified":"2023-08-08T10:44:51+00:00","description":"Office of the Director of Public Prosecutions - Providing a prosecution that is independent, fair and effective","breadcrumb":{"@id":"https:\/\/www.dppireland.ie\/ga\/publications\/information-for-the-public\/#breadcrumb"},"inLanguage":"ga-IE","potentialAction":[{"@type":"ReadAction","target":["https:\/\/www.dppireland.ie\/ga\/publications\/information-for-the-public\/"]}]},{"@type":"BreadcrumbList","@id":"https:\/\/www.dppireland.ie\/ga\/publications\/information-for-the-public\/#breadcrumb","itemListElement":[{"@type":"ListItem","position":1,"name":"Home","item":"https:\/\/www.dppireland.ie\/ga\/"},{"@type":"ListItem","position":2,"name":"Foilseach\u00e1in","item":"https:\/\/www.dppireland.ie\/ga\/publications\/"},{"@type":"ListItem","position":3,"name":"Faisn\u00e9is don phobal"}]},{"@type":"WebSite","@id":"https:\/\/www.dppireland.ie\/#website","url":"https:\/\/www.dppireland.ie\/","name":"Office of the Director of Public Prosecutions","description":"Providing a prosecution that is independent, fair and effective","potentialAction":[{"@type":"SearchAction","target":{"@type":"EntryPoint","urlTemplate":"https:\/\/www.dppireland.ie\/?s={search_term_string}"},"query-input":{"@type":"PropertyValueSpecification","valueRequired":true,"valueName":"search_term_string"}}],"inLanguage":"ga-IE"}]}},"jetpack_sharing_enabled":true,"_links":{"self":[{"href":"https:\/\/www.dppireland.ie\/ga\/wp-json\/wp\/v2\/pages\/10479","targetHints":{"allow":["GET"]}}],"collection":[{"href":"https:\/\/www.dppireland.ie\/ga\/wp-json\/wp\/v2\/pages"}],"about":[{"href":"https:\/\/www.dppireland.ie\/ga\/wp-json\/wp\/v2\/types\/page"}],"author":[{"embeddable":true,"href":"https:\/\/www.dppireland.ie\/ga\/wp-json\/wp\/v2\/users\/1"}],"replies":[{"embeddable":true,"href":"https:\/\/www.dppireland.ie\/ga\/wp-json\/wp\/v2\/comments?post=10479"}],"version-history":[{"count":4,"href":"https:\/\/www.dppireland.ie\/ga\/wp-json\/wp\/v2\/pages\/10479\/revisions"}],"predecessor-version":[{"id":21371,"href":"https:\/\/www.dppireland.ie\/ga\/wp-json\/wp\/v2\/pages\/10479\/revisions\/21371"}],"up":[{"embeddable":true,"href":"https:\/\/www.dppireland.ie\/ga\/wp-json\/wp\/v2\/pages\/10503"}],"wp:attachment":[{"href":"https:\/\/www.dppireland.ie\/ga\/wp-json\/wp\/v2\/media?parent=10479"}],"curies":[{"name":"wp","href":"https:\/\/api.w.org\/{rel}","templated":true}]}}