{"id":10478,"date":"2019-01-24T15:54:29","date_gmt":"2019-01-24T15:54:29","guid":{"rendered":"https:\/\/www.dppireland.ie\/guidelines-for-practitioners\/"},"modified":"2022-09-21T20:00:56","modified_gmt":"2022-09-21T19:00:56","slug":"guidelines-for-practitioners","status":"publish","type":"page","link":"https:\/\/www.dppireland.ie\/ga\/publications\/guidelines-for-practitioners\/","title":{"rendered":"Treoirl\u00ednte le haghaidh Cleacht\u00f3ir\u00ed"},"content":{"rendered":"<div class=\"wpb-content-wrapper\"><p>[vc_row][vc_column][vc_column_text]T\u00e1 faisn\u00e9is riachtanach sa roinn seo le haghaidh ionch\u00faisitheoir\u00ed, gairmithe dl\u00edthi\u00fala agus ball de na Garda\u00ed.[\/vc_column_text]<div class=\"row boxes\">\n<div class=\"col-md-6\">\r\n    <div class=\"box box-category\">\r\n        <h2><a href=\"https:\/\/www.dppireland.ie\/ga\/publication-category\/guidelines-for-prosecutors\" target=\"\">Treoirl\u00ednte d'Ionch\u00faisitheoir\u00ed<\/a><\/h2>\r\n        \r\n        <p aria-hidden=\"true\"><a class=\"btn\" href=\"https:\/\/www.dppireland.ie\/ga\/publication-category\/guidelines-for-prosecutors\" target=\"\" tabindex=\"-1\">F\u00e9ach na Treoirl\u00ednte d'Ionch\u00faisitheoir\u00ed<\/a><\/p>\r\n        \r\n    <\/div>\r\n<\/div><div class=\"col-md-6\">\r\n    <div class=\"box box-category\">\r\n        <h2><a href=\"https:\/\/www.dppireland.ie\/ga\/publication-category\/treoracha-ginearalta\" target=\"\">Treoracha Ginear\u00e1lta (Garda S\u00edoch\u00e1na)<\/a><\/h2>\r\n        \r\n        <p aria-hidden=\"true\"><a class=\"btn\" href=\"https:\/\/www.dppireland.ie\/ga\/publication-category\/treoracha-ginearalta\" target=\"\" tabindex=\"-1\">F\u00e9ach na Treo Ginear\u00e1lta Uimh<\/a><\/p>\r\n        \r\n    <\/div>\r\n<\/div><\/div><div class=\"row boxes\">\n<div class=\"col-md-6\">\r\n    <div class=\"box box-category\">\r\n        <h2><a href=\"https:\/\/www.dppireland.ie\/ga\/publication-category\/cartel-immunity-programme\" target=\"\">An Cl\u00e1r maidir le D\u00edol\u00faine Cairt\u00e9al<\/a><\/h2>\r\n        \r\n        <p aria-hidden=\"true\"><a class=\"btn\" href=\"https:\/\/www.dppireland.ie\/ga\/publication-category\/cartel-immunity-programme\" target=\"\" tabindex=\"-1\">F\u00e9ach na An Cl\u00e1r maidir le D\u00edol\u00faine Cairt\u00e9al<\/a><\/p>\r\n        \r\n    <\/div>\r\n<\/div><\/div>[\/vc_column][\/vc_row]<\/p>\n<\/div>","protected":false},"excerpt":{"rendered":"<p>[vc_row][vc_column][vc_column_text]T\u00e1 faisn\u00e9is riachtanach sa roinn seo le haghaidh ionch\u00faisitheoir\u00ed, gairmithe dl\u00edthi\u00fala agus ball de na Garda\u00ed.[\/vc_column_text][\/vc_column][\/vc_row]<\/p>\n","protected":false},"author":1,"featured_media":0,"parent":10503,"menu_order":0,"comment_status":"closed","ping_status":"closed","template":"","meta":{"_acf_changed":false,"om_disable_all_campaigns":false,"_relevanssi_hide_post":"","_relevanssi_hide_content":"","_relevanssi_pin_for_all":"","_relevanssi_pin_keywords":"","_relevanssi_unpin_keywords":"","_relevanssi_related_keywords":"","_relevanssi_related_include_ids":"","_relevanssi_related_exclude_ids":"","_relevanssi_related_no_append":"","_relevanssi_related_not_related":"","_relevanssi_related_posts":"","_relevanssi_noindex_reason":"","_monsterinsights_skip_tracking":false,"_monsterinsights_sitenote_active":false,"_monsterinsights_sitenote_note":"","_monsterinsights_sitenote_category":0,"_uf_show_specific_survey":0,"_uf_disable_surveys":false,"footnotes":""},"class_list":["post-10478","page","type-page","status-publish","hentry"],"acf":[],"yoast_head":"<!-- This site is optimized with the Yoast SEO plugin v27.4 - https:\/\/yoast.com\/product\/yoast-seo-wordpress\/ -->\n<title>Treoirl\u00ednte le haghaidh Cleacht\u00f3ir\u00ed - Office of the Director of Public Prosecutions<\/title>\n<meta name=\"description\" content=\"Office of the Director of Public Prosecutions - Providing a prosecution that is independent, fair and effective\" \/>\n<meta name=\"robots\" content=\"index, follow, max-snippet:-1, max-image-preview:large, max-video-preview:-1\" \/>\n<link rel=\"canonical\" href=\"https:\/\/www.dppireland.ie\/ga\/publications\/guidelines-for-practitioners\/\" \/>\n<meta property=\"og:locale\" content=\"ga_IE\" \/>\n<meta property=\"og:type\" content=\"article\" \/>\n<meta property=\"og:title\" content=\"Treoirl\u00ednte le haghaidh Cleacht\u00f3ir\u00ed - Office of the Director of Public Prosecutions\" \/>\n<meta property=\"og:description\" content=\"Office of the Director of Public Prosecutions - Providing a prosecution that is independent, fair and effective\" \/>\n<meta property=\"og:url\" content=\"https:\/\/www.dppireland.ie\/ga\/publications\/guidelines-for-practitioners\/\" \/>\n<meta property=\"og:site_name\" content=\"Office of the Director of Public Prosecutions\" \/>\n<meta property=\"article:modified_time\" content=\"2022-09-21T19:00:56+00:00\" \/>\n<meta name=\"twitter:card\" content=\"summary_large_image\" \/>\n<meta name=\"twitter:label1\" content=\"Est. reading time\" \/>\n\t<meta name=\"twitter:data1\" content=\"1 minute\" \/>\n<script type=\"application\/ld+json\" class=\"yoast-schema-graph\">{\"@context\":\"https:\\\/\\\/schema.org\",\"@graph\":[{\"@type\":\"WebPage\",\"@id\":\"https:\\\/\\\/www.dppireland.ie\\\/ga\\\/publications\\\/guidelines-for-practitioners\\\/\",\"url\":\"https:\\\/\\\/www.dppireland.ie\\\/ga\\\/publications\\\/guidelines-for-practitioners\\\/\",\"name\":\"Treoirl\u00ednte le haghaidh Cleacht\u00f3ir\u00ed - Office of the Director of Public Prosecutions\",\"isPartOf\":{\"@id\":\"https:\\\/\\\/www.dppireland.ie\\\/#website\"},\"datePublished\":\"2019-01-24T15:54:29+00:00\",\"dateModified\":\"2022-09-21T19:00:56+00:00\",\"description\":\"Office of the Director of Public Prosecutions - Providing a prosecution that is independent, fair and effective\",\"breadcrumb\":{\"@id\":\"https:\\\/\\\/www.dppireland.ie\\\/ga\\\/publications\\\/guidelines-for-practitioners\\\/#breadcrumb\"},\"inLanguage\":\"ga-IE\",\"potentialAction\":[{\"@type\":\"ReadAction\",\"target\":[\"https:\\\/\\\/www.dppireland.ie\\\/ga\\\/publications\\\/guidelines-for-practitioners\\\/\"]}]},{\"@type\":\"BreadcrumbList\",\"@id\":\"https:\\\/\\\/www.dppireland.ie\\\/ga\\\/publications\\\/guidelines-for-practitioners\\\/#breadcrumb\",\"itemListElement\":[{\"@type\":\"ListItem\",\"position\":1,\"name\":\"Home\",\"item\":\"https:\\\/\\\/www.dppireland.ie\\\/ga\\\/\"},{\"@type\":\"ListItem\",\"position\":2,\"name\":\"Foilseach\u00e1in\",\"item\":\"https:\\\/\\\/www.dppireland.ie\\\/ga\\\/publications\\\/\"},{\"@type\":\"ListItem\",\"position\":3,\"name\":\"Treoirl\u00ednte le haghaidh Cleacht\u00f3ir\u00ed\"}]},{\"@type\":\"WebSite\",\"@id\":\"https:\\\/\\\/www.dppireland.ie\\\/#website\",\"url\":\"https:\\\/\\\/www.dppireland.ie\\\/\",\"name\":\"Office of the Director of Public Prosecutions\",\"description\":\"Providing a prosecution that is independent, fair and effective\",\"potentialAction\":[{\"@type\":\"SearchAction\",\"target\":{\"@type\":\"EntryPoint\",\"urlTemplate\":\"https:\\\/\\\/www.dppireland.ie\\\/?s={search_term_string}\"},\"query-input\":{\"@type\":\"PropertyValueSpecification\",\"valueRequired\":true,\"valueName\":\"search_term_string\"}}],\"inLanguage\":\"ga-IE\"}]}<\/script>\n<!-- \/ Yoast SEO plugin. -->","yoast_head_json":{"title":"Treoirl\u00ednte le haghaidh Cleacht\u00f3ir\u00ed - Office of the Director of Public Prosecutions","description":"Office of the Director of Public Prosecutions - Providing a prosecution that is independent, fair and effective","robots":{"index":"index","follow":"follow","max-snippet":"max-snippet:-1","max-image-preview":"max-image-preview:large","max-video-preview":"max-video-preview:-1"},"canonical":"https:\/\/www.dppireland.ie\/ga\/publications\/guidelines-for-practitioners\/","og_locale":"ga_IE","og_type":"article","og_title":"Treoirl\u00ednte le haghaidh Cleacht\u00f3ir\u00ed - Office of the Director of Public Prosecutions","og_description":"Office of the Director of Public Prosecutions - Providing a prosecution that is independent, fair and effective","og_url":"https:\/\/www.dppireland.ie\/ga\/publications\/guidelines-for-practitioners\/","og_site_name":"Office of the Director of Public Prosecutions","article_modified_time":"2022-09-21T19:00:56+00:00","twitter_card":"summary_large_image","twitter_misc":{"Est. reading time":"1 minute"},"schema":{"@context":"https:\/\/schema.org","@graph":[{"@type":"WebPage","@id":"https:\/\/www.dppireland.ie\/ga\/publications\/guidelines-for-practitioners\/","url":"https:\/\/www.dppireland.ie\/ga\/publications\/guidelines-for-practitioners\/","name":"Treoirl\u00ednte le haghaidh Cleacht\u00f3ir\u00ed - Office of the Director of Public Prosecutions","isPartOf":{"@id":"https:\/\/www.dppireland.ie\/#website"},"datePublished":"2019-01-24T15:54:29+00:00","dateModified":"2022-09-21T19:00:56+00:00","description":"Office of the Director of Public Prosecutions - Providing a prosecution that is independent, fair and effective","breadcrumb":{"@id":"https:\/\/www.dppireland.ie\/ga\/publications\/guidelines-for-practitioners\/#breadcrumb"},"inLanguage":"ga-IE","potentialAction":[{"@type":"ReadAction","target":["https:\/\/www.dppireland.ie\/ga\/publications\/guidelines-for-practitioners\/"]}]},{"@type":"BreadcrumbList","@id":"https:\/\/www.dppireland.ie\/ga\/publications\/guidelines-for-practitioners\/#breadcrumb","itemListElement":[{"@type":"ListItem","position":1,"name":"Home","item":"https:\/\/www.dppireland.ie\/ga\/"},{"@type":"ListItem","position":2,"name":"Foilseach\u00e1in","item":"https:\/\/www.dppireland.ie\/ga\/publications\/"},{"@type":"ListItem","position":3,"name":"Treoirl\u00ednte le haghaidh Cleacht\u00f3ir\u00ed"}]},{"@type":"WebSite","@id":"https:\/\/www.dppireland.ie\/#website","url":"https:\/\/www.dppireland.ie\/","name":"Office of the Director of Public Prosecutions","description":"Providing a prosecution that is independent, fair and effective","potentialAction":[{"@type":"SearchAction","target":{"@type":"EntryPoint","urlTemplate":"https:\/\/www.dppireland.ie\/?s={search_term_string}"},"query-input":{"@type":"PropertyValueSpecification","valueRequired":true,"valueName":"search_term_string"}}],"inLanguage":"ga-IE"}]}},"jetpack_sharing_enabled":true,"_links":{"self":[{"href":"https:\/\/www.dppireland.ie\/ga\/wp-json\/wp\/v2\/pages\/10478","targetHints":{"allow":["GET"]}}],"collection":[{"href":"https:\/\/www.dppireland.ie\/ga\/wp-json\/wp\/v2\/pages"}],"about":[{"href":"https:\/\/www.dppireland.ie\/ga\/wp-json\/wp\/v2\/types\/page"}],"author":[{"embeddable":true,"href":"https:\/\/www.dppireland.ie\/ga\/wp-json\/wp\/v2\/users\/1"}],"replies":[{"embeddable":true,"href":"https:\/\/www.dppireland.ie\/ga\/wp-json\/wp\/v2\/comments?post=10478"}],"version-history":[{"count":3,"href":"https:\/\/www.dppireland.ie\/ga\/wp-json\/wp\/v2\/pages\/10478\/revisions"}],"predecessor-version":[{"id":18271,"href":"https:\/\/www.dppireland.ie\/ga\/wp-json\/wp\/v2\/pages\/10478\/revisions\/18271"}],"up":[{"embeddable":true,"href":"https:\/\/www.dppireland.ie\/ga\/wp-json\/wp\/v2\/pages\/10503"}],"wp:attachment":[{"href":"https:\/\/www.dppireland.ie\/ga\/wp-json\/wp\/v2\/media?parent=10478"}],"curies":[{"name":"wp","href":"https:\/\/api.w.org\/{rel}","templated":true}]}}