{"id":10477,"date":"2019-01-24T15:54:42","date_gmt":"2019-01-24T15:54:42","guid":{"rendered":"https:\/\/www.dppireland.ie\/corporate-publications\/"},"modified":"2025-01-06T11:52:52","modified_gmt":"2025-01-06T11:52:52","slug":"corporate-publications","status":"publish","type":"page","link":"https:\/\/www.dppireland.ie\/ga\/publications\/corporate-publications\/","title":{"rendered":"Foilseach\u00e1in Chorpar\u00e1ideacha"},"content":{"rendered":"<div class=\"wpb-content-wrapper\"><p>[vc_row][vc_column][vc_column_text]T\u00e1 foilseach\u00e1in chorpar\u00e1ideacha \u00e9ags\u00fala sa roinn seo amhail Tuarasc\u00e1lacha Bliant\u00fala, R\u00e1itis Strait\u00e9ise, agus mar sin de. M\u00e1s \u00edospartach na coireachta th\u00fa, b\u2019fh\u00e9idir gur mian leat c\u00fairt a thabhairt ar \u00e1r leathanach ina bhfuil <a href=\"https:\/\/www.dppireland.ie\/ga\/publications\/\">leabhr\u00e1in faisn\u00e9ise<\/a> maidir le r\u00f3l an Sti\u00farth\u00f3ra Ionch\u00faiseamh Poibl\u00ed, ag dul chun na c\u00fairte mar fhinn\u00e9 agus topaic\u00ed eile.[\/vc_column_text][\/vc_column][\/vc_row][vc_row][vc_column]<div class=\"row boxes\">\n<div class=\"col-md-6\">\r\n    <div class=\"box box-category\">\r\n        <h2><a href=\"https:\/\/www.dppireland.ie\/ga\/publication-category\/annual-reports\/#\" target=\"\">Tuarasc\u00e1lacha Bliant\u00fala<\/a><\/h2>\r\n        <p>In\u00e1r dTuarasc\u00e1lacha Bliant\u00fala leagtar amach gn\u00edomha\u00edochta\u00ed Oifig an Sti\u00farth\u00f3ra Ionch\u00faiseamh Poibl\u00ed thar thr\u00e9imhse gach bliana f\u00e9ilire.<\/p>\n\r\n        <p aria-hidden=\"true\"><a class=\"btn\" href=\"https:\/\/www.dppireland.ie\/ga\/publication-category\/annual-reports\/#\" target=\"\" tabindex=\"-1\">F\u00e9ach na Tuarasc\u00e1lacha Bliant\u00fala<\/a><\/p>\r\n        \r\n    <\/div>\r\n<\/div><div class=\"col-md-6\">\r\n    <div class=\"box box-category\">\r\n        <h2><a href=\"https:\/\/www.dppireland.ie\/ga\/publication-category\/strategy-statements\" target=\"\">R\u00e1itis Strait\u00e9ise<\/a><\/h2>\r\n        <p>Conas a bhainfimid \u00e1r misean amach seirbh\u00eds ionch\u00faisimh at\u00e1 cothrom, neamhsple\u00e1ch agus \u00e9ifeachtach a shol\u00e1thar thar ceann mhuintir uile na h\u00c9ireann<\/p>\n\r\n        <p aria-hidden=\"true\"><a class=\"btn\" href=\"https:\/\/www.dppireland.ie\/ga\/publication-category\/strategy-statements\" target=\"\" tabindex=\"-1\">F\u00e9ach na R\u00e1itis Strait\u00e9ise<\/a><\/p>\r\n        \r\n    <\/div>\r\n<\/div><\/div><div class=\"row boxes\">\n<div class=\"col-md-6\">\r\n    <div class=\"box box-category\">\r\n        <h2><a href=\"https:\/\/www.dppireland.ie\/ga\/publication-category\/corporate_governance\" target=\"\">Rialachas Corpar\u00e1ideach<\/a><\/h2>\r\n        <p>Sol\u00e1thra\u00edonn \u00e1r gCreat Rialachais Chorpar\u00e1idigh forbhreathn\u00fa ar strucht\u00far na hOifige, na n\u00f3sanna imeachta bainist\u00edochta at\u00e1 i bhfeidhm agus na socruithe ini\u00fachta agus comhl\u00edonta a bhfuilimid faoina r\u00e9ir.<\/p>\n\r\n        <p aria-hidden=\"true\"><a class=\"btn\" href=\"https:\/\/www.dppireland.ie\/ga\/publication-category\/corporate_governance\" target=\"\" tabindex=\"-1\">F\u00e9ach ar \u00e1r gCreat Rialachais Chorpar\u00e1idigh<\/a><\/p>\r\n        \r\n    <\/div>\r\n<\/div><div class=\"col-md-6\">\r\n    <div class=\"box box-category\">\r\n        <h2><a href=\"https:\/\/www.dppireland.ie\/ga\/publication-category\/quality-service\/#\" target=\"\">Seirbh\u00eds Ardchaighde\u00e1in<\/a><\/h2>\r\n        <p>R\u00e1itis phoibl\u00ed is ea \u00e1r gCairt um Sheirbh\u00eds Ardchaighde\u00e1in agus \u00e1r bPlean Gn\u00edomha\u00edochta um Seirbh\u00eds Ardchaighde\u00e1in ina leagtar amach na caighde\u00e1in agus an leibh\u00e9al seirbh\u00edse lena bhf\u00e9adf\u00e1 a bheith ag s\u00fail agus t\u00fa ag d\u00e9ile\u00e1il len\u00e1r nOifig.<\/p>\n\r\n        <p aria-hidden=\"true\"><a class=\"btn\" href=\"https:\/\/www.dppireland.ie\/ga\/publication-category\/quality-service\/#\" target=\"\" tabindex=\"-1\">F\u00e9ach na Seirbh\u00eds Ardchaighde\u00e1in<\/a><\/p>\r\n        \r\n    <\/div>\r\n<\/div><\/div><div class=\"row boxes\">\n<div class=\"col-md-6\">\r\n    <div class=\"box box-category\">\r\n        <h2><a href=\"https:\/\/www.dppireland.ie\/ga\/publication-category\/data-protection-statement\/#\" target=\"\">R\u00e1iteas um Chosaint Sonra\u00ed<\/a><\/h2>\r\n        <p>Toisc go bpr\u00f3ise\u00e1lann Oifig an Sti\u00farth\u00f3ra Ionch\u00faiseamh Poibl\u00ed sonra\u00ed pearsanta t\u00e1 oibleag\u00e1id\u00ed \u00e1irithe air faoin reachta\u00edocht maidir le Cosaint Sonra\u00ed. In\u00e1r R\u00e1iteas um Chosaint Sonra\u00ed m\u00edn\u00edtear cad iad na hoibleag\u00e1id\u00ed sin agus an d\u00f3igh a gclo\u00edmid leo.<\/p>\n\r\n        <p aria-hidden=\"true\"><a class=\"btn\" href=\"https:\/\/www.dppireland.ie\/ga\/publication-category\/data-protection-statement\/#\" target=\"\" tabindex=\"-1\">F\u00e9ach an R\u00e1itis<\/a><\/p>\r\n        \r\n    <\/div>\r\n<\/div><div class=\"col-md-6\">\r\n    <div class=\"box box-category\">\r\n        <h2><a href=\"https:\/\/www.dppireland.ie\/ga\/publication-category\/irish-language-scheme\" target=\"\">Sc\u00e9im na Gaeilge<\/a><\/h2>\r\n        <p>D\u00e9antar for\u00e1il in Acht na dTeangacha Oifigi\u00fala 2003 i leith ullmh\u00fa sc\u00e9ime reacht\u00fala ag comhlachta\u00ed poibl\u00ed ina mionsonra\u00edtear na seirbh\u00eds\u00ed a shol\u00e1thra\u00edmid f\u00e1il tr\u00ed mhe\u00e1n na Gaeilge.<\/p>\n\r\n        <p aria-hidden=\"true\"><a class=\"btn\" href=\"https:\/\/www.dppireland.ie\/ga\/publication-category\/irish-language-scheme\" target=\"\" tabindex=\"-1\">F\u00e9ach Sc\u00e9imeanna na Gaeilge<\/a><\/p>\r\n        \r\n    <\/div>\r\n<\/div><\/div><div class=\"row boxes\">\n<div class=\"col-md-6\">\r\n    <div class=\"box box-category\">\r\n        <h2><a href=\"https:\/\/www.dppireland.ie\/ga\/publication-category\/protected-disclosure-annual-reports\/\" target=\"\">Tuarasc\u00e1lacha bliant\u00fala um Nochtadh Cosanta<\/a><\/h2>\r\n        <p>Tuarasc\u00e1lacha bliant\u00fala um Nochtadh Cosanta i gcomhr\u00e9ir le halt 22 den Acht um Nochtadh Cosanta, 2014.<\/p>\n\r\n        <p aria-hidden=\"true\"><a class=\"btn\" href=\"https:\/\/www.dppireland.ie\/ga\/publication-category\/protected-disclosure-annual-reports\/\" target=\"\" tabindex=\"-1\">F\u00e9ach na Nochtadh Cosanta<\/a><\/p>\r\n        \r\n    <\/div>\r\n<\/div><div class=\"col-md-6\">\r\n    <div class=\"box box-category\">\r\n        <h2><a href=\"https:\/\/www.dppireland.ie\/ga\/publication-category\/prosecution-system-in-ireland\" target=\"\">An C\u00f3ras Ionch\u00faisimh in \u00c9irinn<\/a><\/h2>\r\n        <p>Leagann an ch\u00e1ip\u00e9is seo amach an obair a thugann \u2018ionch\u00faisitheoir\u00ed\u2019 \u00e9ags\u00fala sa ch\u00f3ras ionch\u00faisimh \u00c9ireannach f\u00fathu faoi l\u00e1thair na h-uaire.<\/p>\n\r\n        <p aria-hidden=\"true\"><a class=\"btn\" href=\"https:\/\/www.dppireland.ie\/ga\/publication-category\/prosecution-system-in-ireland\" target=\"\" tabindex=\"-1\">L\u00e9igh faoin gC\u00f3ras Ionch\u00faisimh in \u00c9irinn<\/a><\/p>\r\n        \r\n    <\/div>\r\n<\/div><\/div><div class=\"row boxes\">\n<div class=\"col-md-6\">\r\n    <div class=\"box box-category\">\r\n        <h2><a href=\"https:\/\/www.dppireland.ie\/ga\/publication-category\/human-resources-and-organisational-development\" target=\"\">Acmhainn\u00ed Daonna &amp; Forbartha Eagra\u00edochta<\/a><\/h2>\r\n        <p>F\u00e9ach ar \u00e1r bhfoilseach\u00e1in agus tuarasc\u00e1lacha Acmhainn\u00ed Daonna &amp; Forbartha Eagra\u00edochta.<\/p>\n\r\n        <p aria-hidden=\"true\"><a class=\"btn\" href=\"https:\/\/www.dppireland.ie\/ga\/publication-category\/human-resources-and-organisational-development\" target=\"\" tabindex=\"-1\">Acmhainn\u00ed Daonna & Forbartha Eagra\u00edochta - Foilseach\u00e1in agus Tuarasc\u00e1lacha<\/a><\/p>\r\n        \r\n    <\/div>\r\n<\/div><\/div>[\/vc_column][\/vc_row]<\/p>\n<\/div>","protected":false},"excerpt":{"rendered":"<p>[vc_row][vc_column][vc_column_text]T\u00e1 foilseach\u00e1in chorpar\u00e1ideacha \u00e9ags\u00fala sa roinn seo amhail Tuarasc\u00e1lacha Bliant\u00fala, R\u00e1itis Strait\u00e9ise, agus mar sin de. M\u00e1s \u00edospartach na coireachta th\u00fa, b\u2019fh\u00e9idir gur mian leat c\u00fairt a thabhairt ar \u00e1r leathanach ina bhfuil leabhr\u00e1in faisn\u00e9ise maidir le r\u00f3l an Sti\u00farth\u00f3ra Ionch\u00faiseamh Poibl\u00ed, ag dul chun na c\u00fairte mar fhinn\u00e9 agus topaic\u00ed eile.[\/vc_column_text][\/vc_column][\/vc_row][vc_row][vc_column][\/vc_column][\/vc_row]<\/p>\n","protected":false},"author":1,"featured_media":0,"parent":10503,"menu_order":0,"comment_status":"closed","ping_status":"closed","template":"","meta":{"_acf_changed":false,"om_disable_all_campaigns":false,"_relevanssi_hide_post":"","_relevanssi_hide_content":"","_relevanssi_pin_for_all":"","_relevanssi_pin_keywords":"","_relevanssi_unpin_keywords":"","_relevanssi_related_keywords":"","_relevanssi_related_include_ids":"","_relevanssi_related_exclude_ids":"","_relevanssi_related_no_append":"","_relevanssi_related_not_related":"","_relevanssi_related_posts":"","_relevanssi_noindex_reason":"","_monsterinsights_skip_tracking":false,"_monsterinsights_sitenote_active":false,"_monsterinsights_sitenote_note":"","_monsterinsights_sitenote_category":0,"_uf_show_specific_survey":0,"_uf_disable_surveys":false,"footnotes":""},"class_list":["post-10477","page","type-page","status-publish","hentry"],"acf":[],"yoast_head":"<!-- This site is optimized with the Yoast SEO plugin v27.4 - https:\/\/yoast.com\/product\/yoast-seo-wordpress\/ -->\n<title>Foilseach\u00e1in Chorpar\u00e1ideacha - Office of the Director of Public Prosecutions<\/title>\n<meta name=\"description\" content=\"Office of the Director of Public Prosecutions - Providing a prosecution that is independent, fair and effective\" \/>\n<meta name=\"robots\" content=\"index, follow, max-snippet:-1, max-image-preview:large, max-video-preview:-1\" \/>\n<link rel=\"canonical\" href=\"https:\/\/www.dppireland.ie\/ga\/publications\/corporate-publications\/\" \/>\n<meta property=\"og:locale\" content=\"ga_IE\" \/>\n<meta property=\"og:type\" content=\"article\" \/>\n<meta property=\"og:title\" content=\"Foilseach\u00e1in Chorpar\u00e1ideacha - Office of the Director of Public Prosecutions\" \/>\n<meta property=\"og:description\" content=\"Office of the Director of Public Prosecutions - Providing a prosecution that is independent, fair and effective\" \/>\n<meta property=\"og:url\" content=\"https:\/\/www.dppireland.ie\/ga\/publications\/corporate-publications\/\" \/>\n<meta property=\"og:site_name\" content=\"Office of the Director of Public Prosecutions\" \/>\n<meta property=\"article:modified_time\" content=\"2025-01-06T11:52:52+00:00\" \/>\n<meta name=\"twitter:card\" content=\"summary_large_image\" \/>\n<meta name=\"twitter:label1\" content=\"Est. reading time\" \/>\n\t<meta name=\"twitter:data1\" content=\"2 minutes\" \/>\n<script type=\"application\/ld+json\" class=\"yoast-schema-graph\">{\"@context\":\"https:\\\/\\\/schema.org\",\"@graph\":[{\"@type\":\"WebPage\",\"@id\":\"https:\\\/\\\/www.dppireland.ie\\\/ga\\\/publications\\\/corporate-publications\\\/\",\"url\":\"https:\\\/\\\/www.dppireland.ie\\\/ga\\\/publications\\\/corporate-publications\\\/\",\"name\":\"Foilseach\u00e1in Chorpar\u00e1ideacha - Office of the Director of Public Prosecutions\",\"isPartOf\":{\"@id\":\"https:\\\/\\\/www.dppireland.ie\\\/#website\"},\"datePublished\":\"2019-01-24T15:54:42+00:00\",\"dateModified\":\"2025-01-06T11:52:52+00:00\",\"description\":\"Office of the Director of Public Prosecutions - Providing a prosecution that is independent, fair and effective\",\"breadcrumb\":{\"@id\":\"https:\\\/\\\/www.dppireland.ie\\\/ga\\\/publications\\\/corporate-publications\\\/#breadcrumb\"},\"inLanguage\":\"ga-IE\",\"potentialAction\":[{\"@type\":\"ReadAction\",\"target\":[\"https:\\\/\\\/www.dppireland.ie\\\/ga\\\/publications\\\/corporate-publications\\\/\"]}]},{\"@type\":\"BreadcrumbList\",\"@id\":\"https:\\\/\\\/www.dppireland.ie\\\/ga\\\/publications\\\/corporate-publications\\\/#breadcrumb\",\"itemListElement\":[{\"@type\":\"ListItem\",\"position\":1,\"name\":\"Home\",\"item\":\"https:\\\/\\\/www.dppireland.ie\\\/ga\\\/\"},{\"@type\":\"ListItem\",\"position\":2,\"name\":\"Foilseach\u00e1in\",\"item\":\"https:\\\/\\\/www.dppireland.ie\\\/ga\\\/publications\\\/\"},{\"@type\":\"ListItem\",\"position\":3,\"name\":\"Foilseach\u00e1in Chorpar\u00e1ideacha\"}]},{\"@type\":\"WebSite\",\"@id\":\"https:\\\/\\\/www.dppireland.ie\\\/#website\",\"url\":\"https:\\\/\\\/www.dppireland.ie\\\/\",\"name\":\"Office of the Director of Public Prosecutions\",\"description\":\"Providing a prosecution that is independent, fair and effective\",\"potentialAction\":[{\"@type\":\"SearchAction\",\"target\":{\"@type\":\"EntryPoint\",\"urlTemplate\":\"https:\\\/\\\/www.dppireland.ie\\\/?s={search_term_string}\"},\"query-input\":{\"@type\":\"PropertyValueSpecification\",\"valueRequired\":true,\"valueName\":\"search_term_string\"}}],\"inLanguage\":\"ga-IE\"}]}<\/script>\n<!-- \/ Yoast SEO plugin. -->","yoast_head_json":{"title":"Foilseach\u00e1in Chorpar\u00e1ideacha - Office of the Director of Public Prosecutions","description":"Office of the Director of Public Prosecutions - Providing a prosecution that is independent, fair and effective","robots":{"index":"index","follow":"follow","max-snippet":"max-snippet:-1","max-image-preview":"max-image-preview:large","max-video-preview":"max-video-preview:-1"},"canonical":"https:\/\/www.dppireland.ie\/ga\/publications\/corporate-publications\/","og_locale":"ga_IE","og_type":"article","og_title":"Foilseach\u00e1in Chorpar\u00e1ideacha - Office of the Director of Public Prosecutions","og_description":"Office of the Director of Public Prosecutions - Providing a prosecution that is independent, fair and effective","og_url":"https:\/\/www.dppireland.ie\/ga\/publications\/corporate-publications\/","og_site_name":"Office of the Director of Public Prosecutions","article_modified_time":"2025-01-06T11:52:52+00:00","twitter_card":"summary_large_image","twitter_misc":{"Est. reading time":"2 minutes"},"schema":{"@context":"https:\/\/schema.org","@graph":[{"@type":"WebPage","@id":"https:\/\/www.dppireland.ie\/ga\/publications\/corporate-publications\/","url":"https:\/\/www.dppireland.ie\/ga\/publications\/corporate-publications\/","name":"Foilseach\u00e1in Chorpar\u00e1ideacha - Office of the Director of Public Prosecutions","isPartOf":{"@id":"https:\/\/www.dppireland.ie\/#website"},"datePublished":"2019-01-24T15:54:42+00:00","dateModified":"2025-01-06T11:52:52+00:00","description":"Office of the Director of Public Prosecutions - Providing a prosecution that is independent, fair and effective","breadcrumb":{"@id":"https:\/\/www.dppireland.ie\/ga\/publications\/corporate-publications\/#breadcrumb"},"inLanguage":"ga-IE","potentialAction":[{"@type":"ReadAction","target":["https:\/\/www.dppireland.ie\/ga\/publications\/corporate-publications\/"]}]},{"@type":"BreadcrumbList","@id":"https:\/\/www.dppireland.ie\/ga\/publications\/corporate-publications\/#breadcrumb","itemListElement":[{"@type":"ListItem","position":1,"name":"Home","item":"https:\/\/www.dppireland.ie\/ga\/"},{"@type":"ListItem","position":2,"name":"Foilseach\u00e1in","item":"https:\/\/www.dppireland.ie\/ga\/publications\/"},{"@type":"ListItem","position":3,"name":"Foilseach\u00e1in Chorpar\u00e1ideacha"}]},{"@type":"WebSite","@id":"https:\/\/www.dppireland.ie\/#website","url":"https:\/\/www.dppireland.ie\/","name":"Office of the Director of Public Prosecutions","description":"Providing a prosecution that is independent, fair and effective","potentialAction":[{"@type":"SearchAction","target":{"@type":"EntryPoint","urlTemplate":"https:\/\/www.dppireland.ie\/?s={search_term_string}"},"query-input":{"@type":"PropertyValueSpecification","valueRequired":true,"valueName":"search_term_string"}}],"inLanguage":"ga-IE"}]}},"jetpack_sharing_enabled":true,"_links":{"self":[{"href":"https:\/\/www.dppireland.ie\/ga\/wp-json\/wp\/v2\/pages\/10477","targetHints":{"allow":["GET"]}}],"collection":[{"href":"https:\/\/www.dppireland.ie\/ga\/wp-json\/wp\/v2\/pages"}],"about":[{"href":"https:\/\/www.dppireland.ie\/ga\/wp-json\/wp\/v2\/types\/page"}],"author":[{"embeddable":true,"href":"https:\/\/www.dppireland.ie\/ga\/wp-json\/wp\/v2\/users\/1"}],"replies":[{"embeddable":true,"href":"https:\/\/www.dppireland.ie\/ga\/wp-json\/wp\/v2\/comments?post=10477"}],"version-history":[{"count":14,"href":"https:\/\/www.dppireland.ie\/ga\/wp-json\/wp\/v2\/pages\/10477\/revisions"}],"predecessor-version":[{"id":25960,"href":"https:\/\/www.dppireland.ie\/ga\/wp-json\/wp\/v2\/pages\/10477\/revisions\/25960"}],"up":[{"embeddable":true,"href":"https:\/\/www.dppireland.ie\/ga\/wp-json\/wp\/v2\/pages\/10503"}],"wp:attachment":[{"href":"https:\/\/www.dppireland.ie\/ga\/wp-json\/wp\/v2\/media?parent=10477"}],"curies":[{"name":"wp","href":"https:\/\/api.w.org\/{rel}","templated":true}]}}