{"id":10476,"date":"2019-01-24T15:54:58","date_gmt":"2019-01-24T15:54:58","guid":{"rendered":"https:\/\/www.dppireland.ie\/conference-papers\/"},"modified":"2022-08-18T16:03:27","modified_gmt":"2022-08-18T15:03:27","slug":"conference-papers","status":"publish","type":"page","link":"https:\/\/www.dppireland.ie\/ga\/publications\/conference-papers\/","title":{"rendered":"P\u00e1ip\u00e9ir Chomhdh\u00e1lacha"},"content":{"rendered":"<div class=\"wpb-content-wrapper\"><p>[vc_row][vc_column][vc_column_text]Sa roinn seo gheobhaidh t\u00fa naisc le cuir i l\u00e1thair agus le cainteanna arna nd\u00e9anamh ag an Sti\u00farth\u00f3ir Ionch\u00faiseamh Poibl\u00ed ag comhdh\u00e1lacha bliant\u00fala \u00e1r nOifige chomh maith le himeachta\u00ed seachtracha.[\/vc_column_text][\/vc_column][\/vc_row][vc_row][vc_column]<div class=\"row boxes\">\r\n                                <div class=\"col-md-6\">\r\n                <div class=\"box box-download\">\r\n                    <a href=\"https:\/\/www.dppireland.ie\/app\/uploads\/2025\/12\/Judgment-of-the-Supreme-Court-in-Director-of-Public-Prosecutions-v-AM-2-May-2025-Roisin-Lacey-S.C._ga_45302.pdf\">\r\n                                                <h3>Judgment of the Supreme Court in Director of Public Prosecutions v AM, 2 May 2025 &#8211; Roisin Lacey S.C.<\/h3>\r\n                        <p> Date: 09\/12\/2025<br \/>\r\n                            Format: PDF<br \/>\r\n                            Size: 202.55 KB<\/p>\r\n                    <\/a>\r\n                <\/div>\r\n            <\/div>\r\n                                <div class=\"col-md-6\">\r\n                <div class=\"box box-download\">\r\n                    <a href=\"https:\/\/www.dppireland.ie\/app\/uploads\/2025\/12\/Witness-for-the-Prosecution-History-Justice-and-the-Democratic-Ideal-Patrick-Geoghegan_ga_45302.pdf\">\r\n                                                <h3>Witness for the Prosecution History, Justice, and the Democratic Ideal &#8211; Patrick Geoghegan<\/h3>\r\n                        <p> Date: 09\/12\/2025<br \/>\r\n                            Format: PDF<br \/>\r\n                            Size: 141.30 KB<\/p>\r\n                    <\/a>\r\n                <\/div>\r\n            <\/div>\r\n            <\/div>\r\n    <div class=\"row boxes\">\r\n                                <div class=\"col-md-6\">\r\n                <div class=\"box box-download\">\r\n                    <a href=\"https:\/\/www.dppireland.ie\/app\/uploads\/2025\/12\/Bright-Lines-and-Blurred-Edges_ga.pdf\">\r\n                                                <h3>Bright Lines and Blurred Edges \u2013 Some Reflections on Recent Litigation Concerning the Children Act 2001 &#8211; Remy Farrell S.C.<\/h3>\r\n                        <p> Date: 09\/12\/2025<br \/>\r\n                            Format: PDF<br \/>\r\n                            Size: 148.86 KB<\/p>\r\n                    <\/a>\r\n                <\/div>\r\n            <\/div>\r\n                                <div class=\"col-md-6\">\r\n                <div class=\"box box-download\">\r\n                    <a href=\"https:\/\/www.dppireland.ie\/app\/uploads\/2025\/11\/DPP-Opening-Addess-at-26th-Annual-National-Prosecutors-Conference.pdf\">\r\n                                                <h3>26th Annual National Prosecutors\u2019 Conference \u2013 Director\u2019s Opening Address<\/h3>\r\n                        <p> Date: 19\/11\/2025<br \/>\r\n                            Format: PDF<br \/>\r\n                            Size: 143.34 KB<\/p>\r\n                    <\/a>\r\n                <\/div>\r\n            <\/div>\r\n            <\/div>\r\n    <div class=\"row boxes\">\r\n                                <div class=\"col-md-6\">\r\n                <div class=\"box box-download\">\r\n                    <a href=\"https:\/\/www.dppireland.ie\/app\/uploads\/2024\/12\/25th-Annual-National-Prosecutors-Conference-Directors-Opening-Address_GAEILGE.pdf\">\r\n                                                <h3>Catherine Pierse, Sti\u00farth\u00f3ir Ionch\u00faiseamh Poibl\u00ed Caint Oscailte \u2013an 25\u00fa Comhdh\u00e1il Bhliant\u00fail N\u00e1isi\u00fanta na nIonch\u00faisitheoir\u00ed<\/h3>\r\n                        <p> Date: 12\/12\/2024<br \/>\r\n                            Format: PDF<br \/>\r\n                            Size: 207.37 KB<\/p>\r\n                    <\/a>\r\n                <\/div>\r\n            <\/div>\r\n                                <div class=\"col-md-6\">\r\n                <div class=\"box box-download\">\r\n                    <a href=\"https:\/\/www.dppireland.ie\/app\/uploads\/2024\/12\/Equality-before-the-law-\u2013-do-preprepared-statements-advance-or-undermine-justice-Bernard-Condon-SC_GAEILGE.pdf\">\r\n                                                <h3>Comhionannas roimh an dl\u00ed \u2013 an dul chun cinn iad na r\u00e1itis r\u00e9amhullmhaithe sa  ch\u00f3ras ceartais? N\u00f3 an mbaineann siad an bonn de? Bernard Condon SC<\/h3>\r\n                        <p> Date: 12\/12\/2024<br \/>\r\n                            Format: PDF<br \/>\r\n                            Size: 287.83 KB<\/p>\r\n                    <\/a>\r\n                <\/div>\r\n            <\/div>\r\n            <\/div>\r\n    <div class=\"row boxes\">\r\n                                <div class=\"col-md-6\">\r\n                <div class=\"box box-download\">\r\n                    <a href=\"https:\/\/www.dppireland.ie\/app\/uploads\/2024\/12\/Speech-to-EPA-ICEL-Environmental-Conference-2024.11.29_GAEILGE.pdf\">\r\n                                                <h3>An Sti\u00farth\u00f3ir Ionch\u00faiseamh Poibl\u00ed, Catherine Pierse \u00d3r\u00e1id ag Comhdh\u00e1il an EPA-ICEL AE um Fhorfheidhmi\u00fa an Dl\u00ed Comhshaoil<\/h3>\r\n                        <p> Date: 29\/11\/2024<br \/>\r\n                            Format: PDF<br \/>\r\n                            Size: 165.94 KB<\/p>\r\n                    <\/a>\r\n                <\/div>\r\n            <\/div>\r\n                                <div class=\"col-md-6\">\r\n                <div class=\"box box-download\">\r\n                    <a href=\"https:\/\/www.dppireland.ie\/app\/uploads\/2024\/05\/24th-Annual-National-Prosecutors-Conference-Directors-Opening-Address_Irish.pdf\">\r\n                                                <h3>Catherine Pierse, An Sti\u00farth\u00f3ir Ionch\u00faiseamh Poibl\u00ed Aitheasc Tosaigh - 24\u00fa Comhdh\u00e1il N\u00e1isi\u00fanta na nIonch\u00faisitheoir\u00ed 25 Samhain 2023<\/h3>\r\n                        <p> Date: 01\/12\/2023<br \/>\r\n                            Format: PDF<br \/>\r\n                            Size: 156.11 KB<\/p>\r\n                    <\/a>\r\n                <\/div>\r\n            <\/div>\r\n            <\/div>\r\n    <div class=\"row boxes\">\r\n                                <div class=\"col-md-6\">\r\n                <div class=\"box box-download\">\r\n                    <a href=\"https:\/\/www.dppireland.ie\/app\/uploads\/2022\/11\/Disclosure-in-the-21st-Century-James-B-Dwyer-SC.pdf\">\r\n                                                <h3>Hard Data: Disclosure in the 21st Century ag James B. Dwyer SC ag an 23\u00fa Comhdh\u00e1il N\u00e1isi\u00fanta Bliant\u00fail Ionch\u00faisitheoir\u00ed<\/h3>\r\n                        <p> Date: 19\/11\/2022<br \/>\r\n                            Format: PDF<br \/>\r\n                            Size: 179.72 KB<\/p>\r\n                    <\/a>\r\n                <\/div>\r\n            <\/div>\r\n                                <div class=\"col-md-6\">\r\n                <div class=\"box box-download\">\r\n                    <a href=\"https:\/\/www.dppireland.ie\/app\/uploads\/2022\/12\/Annual-National-Prosecutors-Conference-2022-Directors-Opening-Address-Irish.pdf\">\r\n                                                <h3>Or\u00e1id Tosaigh an Stiurth\u00f3ra Ionch\u00faiseam Poibl\u00ed ag an 23\u00fa Comhdh\u00e1il Bhliant\u00fail N\u00e1isi\u00fanta na nIonch\u00faisitheoir\u00ed<\/h3>\r\n                        <p> Date: 19\/11\/2022<br \/>\r\n                            Format: PDF<br \/>\r\n                            Size: 150.15 KB<\/p>\r\n                    <\/a>\r\n                <\/div>\r\n            <\/div>\r\n            <\/div>\r\n<div class='wp-pagenavi' role='navigation'>\n<span class='pages'>Page 1 of 8<\/span><span aria-current='page' class='current'>1<\/span><a class=\"page larger\" title=\"Page 2\" href=\"https:\/\/www.dppireland.ie\/ga\/wp-json\/wp\/v2\/pages\/10476\/page\/2\/\">2<\/a><a class=\"page larger\" title=\"Page 3\" href=\"https:\/\/www.dppireland.ie\/ga\/wp-json\/wp\/v2\/pages\/10476\/page\/3\/\">3<\/a><a class=\"page larger\" title=\"Page 4\" href=\"https:\/\/www.dppireland.ie\/ga\/wp-json\/wp\/v2\/pages\/10476\/page\/4\/\">4<\/a><a class=\"page larger\" title=\"Page 5\" href=\"https:\/\/www.dppireland.ie\/ga\/wp-json\/wp\/v2\/pages\/10476\/page\/5\/\">5<\/a><span class='extend'>...<\/span><a class=\"nextpostslink\" rel=\"next\" aria-label=\"Next Page\" href=\"https:\/\/www.dppireland.ie\/ga\/wp-json\/wp\/v2\/pages\/10476\/page\/2\/\">&raquo;<\/a><a class=\"last\" aria-label=\"Last Page\" href=\"https:\/\/www.dppireland.ie\/ga\/wp-json\/wp\/v2\/pages\/10476\/page\/8\/\">Last &raquo;<\/a>\n<\/div>[\/vc_column][\/vc_row]<\/p>\n<\/div>","protected":false},"excerpt":{"rendered":"<p>[vc_row][vc_column][vc_column_text]Sa roinn seo gheobhaidh t\u00fa naisc le cuir i l\u00e1thair agus le cainteanna arna nd\u00e9anamh ag an Sti\u00farth\u00f3ir Ionch\u00faiseamh Poibl\u00ed ag comhdh\u00e1lacha bliant\u00fala \u00e1r nOifige chomh maith le himeachta\u00ed seachtracha.[\/vc_column_text][\/vc_column][\/vc_row][vc_row][vc_column][\/vc_column][\/vc_row]<\/p>\n","protected":false},"author":1,"featured_media":0,"parent":10503,"menu_order":0,"comment_status":"closed","ping_status":"closed","template":"","meta":{"_acf_changed":false,"om_disable_all_campaigns":false,"_relevanssi_hide_post":"","_relevanssi_hide_content":"","_relevanssi_pin_for_all":"","_relevanssi_pin_keywords":"","_relevanssi_unpin_keywords":"","_relevanssi_related_keywords":"","_relevanssi_related_include_ids":"","_relevanssi_related_exclude_ids":"","_relevanssi_related_no_append":"","_relevanssi_related_not_related":"","_relevanssi_related_posts":"","_relevanssi_noindex_reason":"","_monsterinsights_skip_tracking":false,"_monsterinsights_sitenote_active":false,"_monsterinsights_sitenote_note":"","_monsterinsights_sitenote_category":0,"_uf_show_specific_survey":0,"_uf_disable_surveys":false,"footnotes":""},"class_list":["post-10476","page","type-page","status-publish","hentry"],"acf":[],"yoast_head":"<!-- This site is optimized with the Yoast SEO plugin v27.4 - https:\/\/yoast.com\/product\/yoast-seo-wordpress\/ -->\n<title>P\u00e1ip\u00e9ir Chomhdh\u00e1lacha - Office of the Director of Public Prosecutions<\/title>\n<meta name=\"description\" content=\"Office of the Director of Public Prosecutions - Providing a prosecution that is independent, fair and effective\" \/>\n<meta name=\"robots\" content=\"index, follow, max-snippet:-1, max-image-preview:large, max-video-preview:-1\" \/>\n<link rel=\"canonical\" href=\"https:\/\/www.dppireland.ie\/ga\/publications\/conference-papers\/\" \/>\n<meta property=\"og:locale\" content=\"ga_IE\" \/>\n<meta property=\"og:type\" content=\"article\" \/>\n<meta property=\"og:title\" content=\"P\u00e1ip\u00e9ir Chomhdh\u00e1lacha - Office of the Director of Public Prosecutions\" \/>\n<meta property=\"og:description\" content=\"Office of the Director of Public Prosecutions - Providing a prosecution that is independent, fair and effective\" \/>\n<meta property=\"og:url\" content=\"https:\/\/www.dppireland.ie\/ga\/publications\/conference-papers\/\" \/>\n<meta property=\"og:site_name\" content=\"Office of the Director of Public Prosecutions\" \/>\n<meta property=\"article:modified_time\" content=\"2022-08-18T15:03:27+00:00\" \/>\n<meta name=\"twitter:card\" content=\"summary_large_image\" \/>\n<meta name=\"twitter:label1\" content=\"Est. reading time\" \/>\n\t<meta name=\"twitter:data1\" content=\"1 minute\" \/>\n<script type=\"application\/ld+json\" class=\"yoast-schema-graph\">{\"@context\":\"https:\\\/\\\/schema.org\",\"@graph\":[{\"@type\":\"WebPage\",\"@id\":\"https:\\\/\\\/www.dppireland.ie\\\/ga\\\/publications\\\/conference-papers\\\/\",\"url\":\"https:\\\/\\\/www.dppireland.ie\\\/ga\\\/publications\\\/conference-papers\\\/\",\"name\":\"P\u00e1ip\u00e9ir Chomhdh\u00e1lacha - Office of the Director of Public Prosecutions\",\"isPartOf\":{\"@id\":\"https:\\\/\\\/www.dppireland.ie\\\/#website\"},\"datePublished\":\"2019-01-24T15:54:58+00:00\",\"dateModified\":\"2022-08-18T15:03:27+00:00\",\"description\":\"Office of the Director of Public Prosecutions - Providing a prosecution that is independent, fair and effective\",\"breadcrumb\":{\"@id\":\"https:\\\/\\\/www.dppireland.ie\\\/ga\\\/publications\\\/conference-papers\\\/#breadcrumb\"},\"inLanguage\":\"ga-IE\",\"potentialAction\":[{\"@type\":\"ReadAction\",\"target\":[\"https:\\\/\\\/www.dppireland.ie\\\/ga\\\/publications\\\/conference-papers\\\/\"]}]},{\"@type\":\"BreadcrumbList\",\"@id\":\"https:\\\/\\\/www.dppireland.ie\\\/ga\\\/publications\\\/conference-papers\\\/#breadcrumb\",\"itemListElement\":[{\"@type\":\"ListItem\",\"position\":1,\"name\":\"Home\",\"item\":\"https:\\\/\\\/www.dppireland.ie\\\/ga\\\/\"},{\"@type\":\"ListItem\",\"position\":2,\"name\":\"Foilseach\u00e1in\",\"item\":\"https:\\\/\\\/www.dppireland.ie\\\/ga\\\/publications\\\/\"},{\"@type\":\"ListItem\",\"position\":3,\"name\":\"P\u00e1ip\u00e9ir Chomhdh\u00e1lacha\"}]},{\"@type\":\"WebSite\",\"@id\":\"https:\\\/\\\/www.dppireland.ie\\\/#website\",\"url\":\"https:\\\/\\\/www.dppireland.ie\\\/\",\"name\":\"Office of the Director of Public Prosecutions\",\"description\":\"Providing a prosecution that is independent, fair and effective\",\"potentialAction\":[{\"@type\":\"SearchAction\",\"target\":{\"@type\":\"EntryPoint\",\"urlTemplate\":\"https:\\\/\\\/www.dppireland.ie\\\/?s={search_term_string}\"},\"query-input\":{\"@type\":\"PropertyValueSpecification\",\"valueRequired\":true,\"valueName\":\"search_term_string\"}}],\"inLanguage\":\"ga-IE\"}]}<\/script>\n<!-- \/ Yoast SEO plugin. -->","yoast_head_json":{"title":"P\u00e1ip\u00e9ir Chomhdh\u00e1lacha - Office of the Director of Public Prosecutions","description":"Office of the Director of Public Prosecutions - Providing a prosecution that is independent, fair and effective","robots":{"index":"index","follow":"follow","max-snippet":"max-snippet:-1","max-image-preview":"max-image-preview:large","max-video-preview":"max-video-preview:-1"},"canonical":"https:\/\/www.dppireland.ie\/ga\/publications\/conference-papers\/","og_locale":"ga_IE","og_type":"article","og_title":"P\u00e1ip\u00e9ir Chomhdh\u00e1lacha - Office of the Director of Public Prosecutions","og_description":"Office of the Director of Public Prosecutions - Providing a prosecution that is independent, fair and effective","og_url":"https:\/\/www.dppireland.ie\/ga\/publications\/conference-papers\/","og_site_name":"Office of the Director of Public Prosecutions","article_modified_time":"2022-08-18T15:03:27+00:00","twitter_card":"summary_large_image","twitter_misc":{"Est. reading time":"1 minute"},"schema":{"@context":"https:\/\/schema.org","@graph":[{"@type":"WebPage","@id":"https:\/\/www.dppireland.ie\/ga\/publications\/conference-papers\/","url":"https:\/\/www.dppireland.ie\/ga\/publications\/conference-papers\/","name":"P\u00e1ip\u00e9ir Chomhdh\u00e1lacha - Office of the Director of Public Prosecutions","isPartOf":{"@id":"https:\/\/www.dppireland.ie\/#website"},"datePublished":"2019-01-24T15:54:58+00:00","dateModified":"2022-08-18T15:03:27+00:00","description":"Office of the Director of Public Prosecutions - Providing a prosecution that is independent, fair and effective","breadcrumb":{"@id":"https:\/\/www.dppireland.ie\/ga\/publications\/conference-papers\/#breadcrumb"},"inLanguage":"ga-IE","potentialAction":[{"@type":"ReadAction","target":["https:\/\/www.dppireland.ie\/ga\/publications\/conference-papers\/"]}]},{"@type":"BreadcrumbList","@id":"https:\/\/www.dppireland.ie\/ga\/publications\/conference-papers\/#breadcrumb","itemListElement":[{"@type":"ListItem","position":1,"name":"Home","item":"https:\/\/www.dppireland.ie\/ga\/"},{"@type":"ListItem","position":2,"name":"Foilseach\u00e1in","item":"https:\/\/www.dppireland.ie\/ga\/publications\/"},{"@type":"ListItem","position":3,"name":"P\u00e1ip\u00e9ir Chomhdh\u00e1lacha"}]},{"@type":"WebSite","@id":"https:\/\/www.dppireland.ie\/#website","url":"https:\/\/www.dppireland.ie\/","name":"Office of the Director of Public Prosecutions","description":"Providing a prosecution that is independent, fair and effective","potentialAction":[{"@type":"SearchAction","target":{"@type":"EntryPoint","urlTemplate":"https:\/\/www.dppireland.ie\/?s={search_term_string}"},"query-input":{"@type":"PropertyValueSpecification","valueRequired":true,"valueName":"search_term_string"}}],"inLanguage":"ga-IE"}]}},"jetpack_sharing_enabled":true,"_links":{"self":[{"href":"https:\/\/www.dppireland.ie\/ga\/wp-json\/wp\/v2\/pages\/10476","targetHints":{"allow":["GET"]}}],"collection":[{"href":"https:\/\/www.dppireland.ie\/ga\/wp-json\/wp\/v2\/pages"}],"about":[{"href":"https:\/\/www.dppireland.ie\/ga\/wp-json\/wp\/v2\/types\/page"}],"author":[{"embeddable":true,"href":"https:\/\/www.dppireland.ie\/ga\/wp-json\/wp\/v2\/users\/1"}],"replies":[{"embeddable":true,"href":"https:\/\/www.dppireland.ie\/ga\/wp-json\/wp\/v2\/comments?post=10476"}],"version-history":[{"count":2,"href":"https:\/\/www.dppireland.ie\/ga\/wp-json\/wp\/v2\/pages\/10476\/revisions"}],"predecessor-version":[{"id":22641,"href":"https:\/\/www.dppireland.ie\/ga\/wp-json\/wp\/v2\/pages\/10476\/revisions\/22641"}],"up":[{"embeddable":true,"href":"https:\/\/www.dppireland.ie\/ga\/wp-json\/wp\/v2\/pages\/10503"}],"wp:attachment":[{"href":"https:\/\/www.dppireland.ie\/ga\/wp-json\/wp\/v2\/media?parent=10476"}],"curies":[{"name":"wp","href":"https:\/\/api.w.org\/{rel}","templated":true}]}}