{"id":10472,"date":"2019-01-24T15:58:42","date_gmt":"2019-01-24T15:58:42","guid":{"rendered":"https:\/\/www.dppireland.ie\/external-websites\/"},"modified":"2025-02-10T11:00:57","modified_gmt":"2025-02-10T11:00:57","slug":"external-websites","status":"publish","type":"page","link":"https:\/\/www.dppireland.ie\/ga\/external-websites\/","title":{"rendered":"Su\u00edmh Idirl\u00edn Seachtracha"},"content":{"rendered":"<div class=\"wpb-content-wrapper\"><p>[vc_row][vc_column][vc_column_text css=&#8221;&#8221;]<\/p>\n<ul>\n<li><a href=\"http:\/\/www.lawreform.ie\/\">An Coimisi\u00fan um Athch\u00f3iri\u00fa an Dl\u00ed\u00a0<\/a><\/li>\n<li><a href=\"https:\/\/www.gov.ie\/ga\/eolas-eagraiochtai\/b525a-about-the-criminal-law-codification-advisory-committee\/?\">An Coiste Comhairleach um Ch\u00f3d\u00fa an Dl\u00ed Choiri\u00fail\u00a0<\/a><\/li>\n<li><a href=\"http:\/\/www.iap-association.org\/\">An Cumann Idirn\u00e1isi\u00fanta Ionch\u00faisitheoir\u00ed\u00a0<\/a><\/li>\n<li><a href=\"https:\/\/www.garda.ie\/ga\/\">An Garda S\u00edoch\u00e1na\u00a0<\/a><\/li>\n<li><a href=\"http:\/\/www.justice.ie\/ga\/JELR\/pages\/home\">An Roinn Dl\u00ed agus Cirt<\/a><\/li>\n<li><a href=\"https:\/\/forensicscience.ie\/\">An tSaotharlann Dl\u00ed-Eola\u00edochta\u00a0<\/a><\/li>\n<li><a href=\"https:\/\/www.courts.ie\/ga\">An tSeirbh\u00eds Ch\u00fairteanna\u00a0<\/a><\/li>\n<li><a href=\"https:\/\/www.hsa.ie\/eng\/gaeilge\/\">An t\u00dadar\u00e1s Sl\u00e1inte &amp; S\u00e1bh\u00e1ilteachta\u00a0<\/a><\/li>\n<li><a href=\"http:\/\/www.attorneygeneral.ie\/index_ga.html\">Ard-Aighne\u00a0<\/a><\/li>\n<li><a href=\"http:\/\/www.gardaombudsman.ie\/\">Coimisi\u00fan Ombudsman an Gharda S\u00edoch\u00e1na\u00a0<\/a><\/li>\n<li><a href=\"http:\/\/www.tca.ie\/\">Coimisi\u00fan um ioma\u00edocht agus cosaint tomhalt\u00f3ir\u00ed\u00a0<\/a><\/li>\n<li><a href=\"http:\/\/www.lawlibrary.ie\">Comhairle Abhc\u00f3id\u00ed \u00c9ireann\u00a0<\/a><\/li>\n<li><a href=\"https:\/\/www.gov.ie\/ga\/\">Idirl\u00edn Rialtas na h\u00c9ireann\u00a0<\/a><\/li>\n<li><a href=\"http:\/\/www.icel.ie\/\">Ionad na h\u00c9ireann do Dhl\u00ed na hEorpa (ICEL)\u00a0<\/a><\/li>\n<li><a href=\"https:\/\/www.revenue.ie\/ga\/Home.aspx\">Na Coimisin\u00e9ir\u00ed loncaim\u00a0<\/a><\/li>\n<li><a href=\"https:\/\/cea.gov.ie\/en-ie\/\">\u00dadar\u00e1s Forfheidhmithe Corpar\u00e1ideach<\/a><\/li>\n<li><a href=\"https:\/\/www.gov.ie\/ga\/eagraiocht\/an-roinn-caiteachais-phoibli-agus-athchoirithe\/\">Rialamh\u00e1in &#8211; Athch\u00f3iri\u00fa na Seirbh\u00eds\u00ed Poibl\u00ed\u00a0<\/a><\/li>\n<li><a href=\"https:\/\/www.irishstatutebook.ie\/#\">R\u00edomhleabhar Reachtanna na h\u00c9ireann<\/a><\/li>\n<li><a href=\"http:\/\/www.irishprisons.ie\/\">Seirbh\u00eds Phr\u00edos\u00fain na h\u00c9ireann\u00a0<\/a><\/li>\n<li><a href=\"https:\/\/www.oireachtas.ie\/ga\/\">Tithe an Oireachtais (Reachtanna &amp; Bill\u00ed)\u00a0<\/a><\/li>\n<\/ul>\n<h2>Seirbh\u00eds\u00ed ionch\u00faisimh i ndl\u00edns\u00ed eile<\/h2>\n<ul>\n<li><a href=\"http:\/\/www.cdpp.gov.au\/\">Commonwealth Director of Public Prosecutions (Australia)\u00a0<\/a><\/li>\n<li><a href=\"http:\/\/www.cps.gov.uk\/\">Crown Prosecution Service (England &amp; Wales)\u00a0<\/a><\/li>\n<li><a href=\"http:\/\/www.dpp.nt.gov.au\">Director of Public Prosecutions (Northern Territory of Australia)\u00a0<\/a><\/li>\n<li><a href=\"http:\/\/www.ndaa.org\/\">National District Attorneys Association (U.S.A.)\u00a0<\/a><\/li>\n<li><a href=\"http:\/\/www.odpp.nsw.gov.au\/\">Office of the Director of Public Prosecutions (New South Wales)\u00a0<\/a><\/li>\n<li><a href=\"https:\/\/www.copfs.gov.uk\/\">Procurator Fiscal, Crown Office, Scotland\u00a0<\/a><\/li>\n<li><a href=\"http:\/\/www.ppsni.gov.uk\">The Public Prosecution Service for Northern Ireland\u00a0<\/a><\/li>\n<\/ul>\n<p>[\/vc_column_text][\/vc_column][\/vc_row]<\/p>\n<\/div>","protected":false},"excerpt":{"rendered":"<p>[vc_row][vc_column][vc_column_text css=&#8221;&#8221;] An Coimisi\u00fan um Athch\u00f3iri\u00fa an Dl\u00ed\u00a0 An Coiste Comhairleach um Ch\u00f3d\u00fa an Dl\u00ed Choiri\u00fail\u00a0 An Cumann Idirn\u00e1isi\u00fanta Ionch\u00faisitheoir\u00ed\u00a0 An Garda S\u00edoch\u00e1na\u00a0 An Roinn Dl\u00ed agus Cirt An tSaotharlann Dl\u00ed-Eola\u00edochta\u00a0 An tSeirbh\u00eds Ch\u00fairteanna\u00a0 An t\u00dadar\u00e1s Sl\u00e1inte &amp; S\u00e1bh\u00e1ilteachta\u00a0 Ard-Aighne\u00a0 Coimisi\u00fan Ombudsman an Gharda S\u00edoch\u00e1na\u00a0 Coimisi\u00fan um ioma\u00edocht agus cosaint tomhalt\u00f3ir\u00ed\u00a0 Comhairle Abhc\u00f3id\u00ed \u00c9ireann\u00a0 Idirl\u00edn &hellip; <a href=\"https:\/\/www.dppireland.ie\/ga\/external-websites\/\">Continued<\/a><\/p>\n","protected":false},"author":1,"featured_media":0,"parent":0,"menu_order":11,"comment_status":"closed","ping_status":"closed","template":"","meta":{"_acf_changed":false,"om_disable_all_campaigns":false,"_relevanssi_hide_post":"","_relevanssi_hide_content":"","_relevanssi_pin_for_all":"","_relevanssi_pin_keywords":"","_relevanssi_unpin_keywords":"","_relevanssi_related_keywords":"","_relevanssi_related_include_ids":"","_relevanssi_related_exclude_ids":"","_relevanssi_related_no_append":"","_relevanssi_related_not_related":"","_relevanssi_related_posts":"","_relevanssi_noindex_reason":"","_monsterinsights_skip_tracking":false,"_monsterinsights_sitenote_active":false,"_monsterinsights_sitenote_note":"","_monsterinsights_sitenote_category":0,"_uf_show_specific_survey":0,"_uf_disable_surveys":false,"footnotes":""},"class_list":["post-10472","page","type-page","status-publish","hentry"],"acf":[],"yoast_head":"<!-- This site is optimized with the Yoast SEO plugin v27.4 - https:\/\/yoast.com\/product\/yoast-seo-wordpress\/ -->\n<title>Su\u00edmh Idirl\u00edn Seachtracha - Office of the Director of Public Prosecutions<\/title>\n<meta name=\"description\" content=\"Office of the Director of Public Prosecutions - Providing a prosecution that is independent, fair and effective\" \/>\n<meta name=\"robots\" content=\"index, follow, max-snippet:-1, max-image-preview:large, max-video-preview:-1\" \/>\n<link rel=\"canonical\" href=\"https:\/\/www.dppireland.ie\/ga\/external-websites\/\" \/>\n<meta property=\"og:locale\" content=\"ga_IE\" \/>\n<meta property=\"og:type\" content=\"article\" \/>\n<meta property=\"og:title\" content=\"Su\u00edmh Idirl\u00edn Seachtracha - Office of the Director of Public Prosecutions\" \/>\n<meta property=\"og:description\" content=\"Office of the Director of Public Prosecutions - Providing a prosecution that is independent, fair and effective\" \/>\n<meta property=\"og:url\" content=\"https:\/\/www.dppireland.ie\/ga\/external-websites\/\" \/>\n<meta property=\"og:site_name\" content=\"Office of the Director of Public Prosecutions\" \/>\n<meta property=\"article:modified_time\" content=\"2025-02-10T11:00:57+00:00\" \/>\n<meta name=\"twitter:card\" content=\"summary_large_image\" \/>\n<meta name=\"twitter:label1\" content=\"Est. reading time\" \/>\n\t<meta name=\"twitter:data1\" content=\"1 minute\" \/>\n<script type=\"application\/ld+json\" class=\"yoast-schema-graph\">{\"@context\":\"https:\\\/\\\/schema.org\",\"@graph\":[{\"@type\":\"WebPage\",\"@id\":\"https:\\\/\\\/www.dppireland.ie\\\/ga\\\/external-websites\\\/\",\"url\":\"https:\\\/\\\/www.dppireland.ie\\\/ga\\\/external-websites\\\/\",\"name\":\"Su\u00edmh Idirl\u00edn Seachtracha - Office of the Director of Public Prosecutions\",\"isPartOf\":{\"@id\":\"https:\\\/\\\/www.dppireland.ie\\\/#website\"},\"datePublished\":\"2019-01-24T15:58:42+00:00\",\"dateModified\":\"2025-02-10T11:00:57+00:00\",\"description\":\"Office of the Director of Public Prosecutions - Providing a prosecution that is independent, fair and effective\",\"breadcrumb\":{\"@id\":\"https:\\\/\\\/www.dppireland.ie\\\/ga\\\/external-websites\\\/#breadcrumb\"},\"inLanguage\":\"ga-IE\",\"potentialAction\":[{\"@type\":\"ReadAction\",\"target\":[\"https:\\\/\\\/www.dppireland.ie\\\/ga\\\/external-websites\\\/\"]}]},{\"@type\":\"BreadcrumbList\",\"@id\":\"https:\\\/\\\/www.dppireland.ie\\\/ga\\\/external-websites\\\/#breadcrumb\",\"itemListElement\":[{\"@type\":\"ListItem\",\"position\":1,\"name\":\"Home\",\"item\":\"https:\\\/\\\/www.dppireland.ie\\\/ga\\\/\"},{\"@type\":\"ListItem\",\"position\":2,\"name\":\"Su\u00edmh Idirl\u00edn Seachtracha\"}]},{\"@type\":\"WebSite\",\"@id\":\"https:\\\/\\\/www.dppireland.ie\\\/#website\",\"url\":\"https:\\\/\\\/www.dppireland.ie\\\/\",\"name\":\"Office of the Director of Public Prosecutions\",\"description\":\"Providing a prosecution that is independent, fair and effective\",\"potentialAction\":[{\"@type\":\"SearchAction\",\"target\":{\"@type\":\"EntryPoint\",\"urlTemplate\":\"https:\\\/\\\/www.dppireland.ie\\\/?s={search_term_string}\"},\"query-input\":{\"@type\":\"PropertyValueSpecification\",\"valueRequired\":true,\"valueName\":\"search_term_string\"}}],\"inLanguage\":\"ga-IE\"}]}<\/script>\n<!-- \/ Yoast SEO plugin. -->","yoast_head_json":{"title":"Su\u00edmh Idirl\u00edn Seachtracha - Office of the Director of Public Prosecutions","description":"Office of the Director of Public Prosecutions - Providing a prosecution that is independent, fair and effective","robots":{"index":"index","follow":"follow","max-snippet":"max-snippet:-1","max-image-preview":"max-image-preview:large","max-video-preview":"max-video-preview:-1"},"canonical":"https:\/\/www.dppireland.ie\/ga\/external-websites\/","og_locale":"ga_IE","og_type":"article","og_title":"Su\u00edmh Idirl\u00edn Seachtracha - Office of the Director of Public Prosecutions","og_description":"Office of the Director of Public Prosecutions - Providing a prosecution that is independent, fair and effective","og_url":"https:\/\/www.dppireland.ie\/ga\/external-websites\/","og_site_name":"Office of the Director of Public Prosecutions","article_modified_time":"2025-02-10T11:00:57+00:00","twitter_card":"summary_large_image","twitter_misc":{"Est. reading time":"1 minute"},"schema":{"@context":"https:\/\/schema.org","@graph":[{"@type":"WebPage","@id":"https:\/\/www.dppireland.ie\/ga\/external-websites\/","url":"https:\/\/www.dppireland.ie\/ga\/external-websites\/","name":"Su\u00edmh Idirl\u00edn Seachtracha - Office of the Director of Public Prosecutions","isPartOf":{"@id":"https:\/\/www.dppireland.ie\/#website"},"datePublished":"2019-01-24T15:58:42+00:00","dateModified":"2025-02-10T11:00:57+00:00","description":"Office of the Director of Public Prosecutions - Providing a prosecution that is independent, fair and effective","breadcrumb":{"@id":"https:\/\/www.dppireland.ie\/ga\/external-websites\/#breadcrumb"},"inLanguage":"ga-IE","potentialAction":[{"@type":"ReadAction","target":["https:\/\/www.dppireland.ie\/ga\/external-websites\/"]}]},{"@type":"BreadcrumbList","@id":"https:\/\/www.dppireland.ie\/ga\/external-websites\/#breadcrumb","itemListElement":[{"@type":"ListItem","position":1,"name":"Home","item":"https:\/\/www.dppireland.ie\/ga\/"},{"@type":"ListItem","position":2,"name":"Su\u00edmh Idirl\u00edn Seachtracha"}]},{"@type":"WebSite","@id":"https:\/\/www.dppireland.ie\/#website","url":"https:\/\/www.dppireland.ie\/","name":"Office of the Director of Public Prosecutions","description":"Providing a prosecution that is independent, fair and effective","potentialAction":[{"@type":"SearchAction","target":{"@type":"EntryPoint","urlTemplate":"https:\/\/www.dppireland.ie\/?s={search_term_string}"},"query-input":{"@type":"PropertyValueSpecification","valueRequired":true,"valueName":"search_term_string"}}],"inLanguage":"ga-IE"}]}},"jetpack_sharing_enabled":true,"_links":{"self":[{"href":"https:\/\/www.dppireland.ie\/ga\/wp-json\/wp\/v2\/pages\/10472","targetHints":{"allow":["GET"]}}],"collection":[{"href":"https:\/\/www.dppireland.ie\/ga\/wp-json\/wp\/v2\/pages"}],"about":[{"href":"https:\/\/www.dppireland.ie\/ga\/wp-json\/wp\/v2\/types\/page"}],"author":[{"embeddable":true,"href":"https:\/\/www.dppireland.ie\/ga\/wp-json\/wp\/v2\/users\/1"}],"replies":[{"embeddable":true,"href":"https:\/\/www.dppireland.ie\/ga\/wp-json\/wp\/v2\/comments?post=10472"}],"version-history":[{"count":11,"href":"https:\/\/www.dppireland.ie\/ga\/wp-json\/wp\/v2\/pages\/10472\/revisions"}],"predecessor-version":[{"id":26309,"href":"https:\/\/www.dppireland.ie\/ga\/wp-json\/wp\/v2\/pages\/10472\/revisions\/26309"}],"wp:attachment":[{"href":"https:\/\/www.dppireland.ie\/ga\/wp-json\/wp\/v2\/media?parent=10472"}],"curies":[{"name":"wp","href":"https:\/\/api.w.org\/{rel}","templated":true}]}}