{"id":10471,"date":"2019-01-24T15:59:24","date_gmt":"2019-01-24T15:59:24","guid":{"rendered":"https:\/\/www.dppireland.ie\/compliance\/"},"modified":"2024-10-25T17:34:10","modified_gmt":"2024-10-25T16:34:10","slug":"compliance","status":"publish","type":"page","link":"https:\/\/www.dppireland.ie\/ga\/compliance\/","title":{"rendered":"Comhlionadh"},"content":{"rendered":"<div class=\"wpb-content-wrapper\"><p>[vc_row][vc_column]<div class=\"row boxes\">\n<div class=\"col-md-4\">\r\n    <div class=\"box box-feature\">\r\n        <img decoding=\"async\" src=\"https:\/\/www.dppireland.ie\/app\/themes\/dpp\/resources\/img\/icon-gavel.svg\" alt=\"\"\/>\r\n        <h2><a href=\"https:\/\/www.dppireland.ie\/ga\/contact-us\/access-officer\/\" target=\"\">Oifigeach Rochtana<\/a><\/h2>\r\n        \r\n        <p aria-hidden=\"true\"><a class=\"btn\" href=\"https:\/\/www.dppireland.ie\/ga\/contact-us\/access-officer\/\" target=\"\" tabindex=\"-1\">Tuilleadh eolais<\/a><\/p>\r\n        \r\n    <\/div>\r\n<\/div>\r\n<div class=\"col-md-4\">\r\n    <div class=\"box box-feature\">\r\n        <img decoding=\"async\" src=\"https:\/\/www.dppireland.ie\/app\/themes\/dpp\/resources\/img\/icon-page.svg\" alt=\"\"\/>\r\n        <h2><a href=\"https:\/\/www.dppireland.ie\/ga\/compliance\/data-protection\/\" target=\"\">Cosaint Sonra\u00ed<\/a><\/h2>\r\n        \r\n        <p aria-hidden=\"true\"><a class=\"btn\" href=\"https:\/\/www.dppireland.ie\/ga\/compliance\/data-protection\/\" target=\"\" tabindex=\"-1\">Tuilleadh eolais<\/a><\/p>\r\n        \r\n    <\/div>\r\n<\/div>\r\n<div class=\"col-md-4\">\r\n    <div class=\"box box-feature\">\r\n        <img decoding=\"async\" src=\"https:\/\/www.dppireland.ie\/app\/themes\/dpp\/resources\/img\/icon-person.svg\" alt=\"\"\/>\r\n        <h2><a href=\"https:\/\/www.dppireland.ie\/ga\/compliance\/freedom-of-information\/\" target=\"\">Saor\u00e1il Faisn\u00e9ise<\/a><\/h2>\r\n        \r\n        <p aria-hidden=\"true\"><a class=\"btn\" href=\"https:\/\/www.dppireland.ie\/ga\/compliance\/freedom-of-information\/\" target=\"\" tabindex=\"-1\">Tuilleadh eolais<\/a><\/p>\r\n        \r\n    <\/div>\r\n<\/div>\r\n<\/div><div class=\"row boxes\">\n<div class=\"col-md-4\">\r\n    <div class=\"box box-feature\">\r\n        <img decoding=\"async\" src=\"https:\/\/www.dppireland.ie\/app\/themes\/dpp\/resources\/img\/icon-speech.svg\" alt=\"\"\/>\r\n        <h2><a href=\"https:\/\/www.dppireland.ie\/ga\/compliance\/official-languages-act\/\" target=\"\">Acht na dTeangacha Oifigi\u00fala<\/a><\/h2>\r\n        \r\n        <p aria-hidden=\"true\"><a class=\"btn\" href=\"https:\/\/www.dppireland.ie\/ga\/compliance\/official-languages-act\/\" target=\"\" tabindex=\"-1\">Tuilleadh eolais<\/a><\/p>\r\n        \r\n    <\/div>\r\n<\/div>\r\n<div class=\"col-md-4\">\r\n    <div class=\"box box-feature\">\r\n        <img decoding=\"async\" src=\"https:\/\/www.dppireland.ie\/app\/themes\/dpp\/resources\/img\/icon-scroll.svg\" alt=\"\"\/>\r\n        <h2><a href=\"https:\/\/www.dppireland.ie\/ga\/compliance\/regulation-of-lobbying-act\/\" target=\"\">An tAcht um Br\u00fastocaireacht a Rial\u00e1il<\/a><\/h2>\r\n        \r\n        <p aria-hidden=\"true\"><a class=\"btn\" href=\"https:\/\/www.dppireland.ie\/ga\/compliance\/regulation-of-lobbying-act\/\" target=\"\" tabindex=\"-1\">Tuilleadh eolais<\/a><\/p>\r\n        \r\n    <\/div>\r\n<\/div>\r\n<div class=\"col-md-4\">\r\n    <div class=\"box box-feature\">\r\n        <img decoding=\"async\" src=\"https:\/\/www.dppireland.ie\/app\/themes\/dpp\/resources\/img\/icon-question.svg\" alt=\"\"\/>\r\n        <h2><a href=\"https:\/\/www.dppireland.ie\/ga\/compliance\/re-use-of-public-sector-information\" target=\"\">Faisn\u00e9is \u00f3n Earn\u00e1il Phoibl\u00ed a Ath\u00fas\u00e1id<\/a><\/h2>\r\n        \r\n        <p aria-hidden=\"true\"><a class=\"btn\" href=\"https:\/\/www.dppireland.ie\/ga\/compliance\/re-use-of-public-sector-information\" target=\"\" tabindex=\"-1\">Tuilleadh eolais<\/a><\/p>\r\n        \r\n    <\/div>\r\n<\/div>\r\n<\/div><div class=\"row boxes\">\n<div class=\"col-md-4\">\r\n    <div class=\"box box-feature\">\r\n        <img decoding=\"async\" src=\"https:\/\/www.dppireland.ie\/app\/themes\/dpp\/resources\/img\/icon-contact.svg\" alt=\"\"\/>\r\n        <h2><a href=\"https:\/\/www.dppireland.ie\/ga\/compliance\/disclaimer\/\" target=\"\">S\u00e9anadh<\/a><\/h2>\r\n        \r\n        <p aria-hidden=\"true\"><a class=\"btn\" href=\"https:\/\/www.dppireland.ie\/ga\/compliance\/disclaimer\/\" target=\"\" tabindex=\"-1\">Tuilleadh eolais<\/a><\/p>\r\n        \r\n    <\/div>\r\n<\/div>\r\n<div class=\"col-md-4\">\r\n    <div class=\"box box-feature\">\r\n        <img decoding=\"async\" src=\"https:\/\/www.dppireland.ie\/app\/themes\/dpp\/resources\/img\/icon-person.svg\" alt=\"\"\/>\r\n        <h2><a href=\"https:\/\/www.dppireland.ie\/ga\/compliance\/accessibility\/\" target=\"\">Inrochtaineacht<\/a><\/h2>\r\n        \r\n        <p aria-hidden=\"true\"><a class=\"btn\" href=\"https:\/\/www.dppireland.ie\/ga\/compliance\/accessibility\/\" target=\"\" tabindex=\"-1\">Tuilleadh eolais<\/a><\/p>\r\n        \r\n    <\/div>\r\n<\/div>\r\n<div class=\"col-md-4\">\r\n    <div class=\"box box-feature\">\r\n        <img decoding=\"async\" src=\"https:\/\/www.dppireland.ie\/app\/themes\/dpp\/resources\/img\/icon-paperclip.svg\" alt=\"\"\/>\r\n        <h2><a href=\"https:\/\/www.dppireland.ie\/ga\/compliance\/cookie-policy\/\" target=\"\">Beartas um Fhian\u00e1in<\/a><\/h2>\r\n        \r\n        <p aria-hidden=\"true\"><a class=\"btn\" href=\"https:\/\/www.dppireland.ie\/ga\/compliance\/cookie-policy\/\" target=\"\" tabindex=\"-1\">Tuilleadh eolais<\/a><\/p>\r\n        \r\n    <\/div>\r\n<\/div>\r\n<\/div><div class=\"row boxes\">\n<\/div>[\/vc_column][\/vc_row]<\/p>\n<\/div>","protected":false},"excerpt":{"rendered":"<p>[vc_row][vc_column][\/vc_column][\/vc_row]<\/p>\n","protected":false},"author":1,"featured_media":0,"parent":0,"menu_order":7,"comment_status":"closed","ping_status":"closed","template":"","meta":{"_acf_changed":false,"om_disable_all_campaigns":false,"_relevanssi_hide_post":"","_relevanssi_hide_content":"","_relevanssi_pin_for_all":"","_relevanssi_pin_keywords":"","_relevanssi_unpin_keywords":"","_relevanssi_related_keywords":"","_relevanssi_related_include_ids":"","_relevanssi_related_exclude_ids":"","_relevanssi_related_no_append":"","_relevanssi_related_not_related":"","_relevanssi_related_posts":"","_relevanssi_noindex_reason":"","_monsterinsights_skip_tracking":false,"_monsterinsights_sitenote_active":false,"_monsterinsights_sitenote_note":"","_monsterinsights_sitenote_category":0,"_uf_show_specific_survey":0,"_uf_disable_surveys":false,"footnotes":""},"class_list":["post-10471","page","type-page","status-publish","hentry"],"acf":[],"yoast_head":"<!-- This site is optimized with the Yoast SEO plugin v27.5 - https:\/\/yoast.com\/product\/yoast-seo-wordpress\/ -->\n<title>Comhlionadh - Office of the Director of Public Prosecutions<\/title>\n<meta name=\"description\" content=\"Office of the Director of Public Prosecutions - Providing a prosecution that is independent, fair and effective\" \/>\n<meta name=\"robots\" content=\"index, follow, max-snippet:-1, max-image-preview:large, max-video-preview:-1\" \/>\n<link rel=\"canonical\" href=\"https:\/\/www.dppireland.ie\/ga\/compliance\/\" \/>\n<meta property=\"og:locale\" content=\"ga_IE\" \/>\n<meta property=\"og:type\" content=\"article\" \/>\n<meta property=\"og:title\" content=\"Comhlionadh - Office of the Director of Public Prosecutions\" \/>\n<meta property=\"og:description\" content=\"Office of the Director of Public Prosecutions - Providing a prosecution that is independent, fair and effective\" \/>\n<meta property=\"og:url\" content=\"https:\/\/www.dppireland.ie\/ga\/compliance\/\" \/>\n<meta property=\"og:site_name\" content=\"Office of the Director of Public Prosecutions\" \/>\n<meta property=\"article:modified_time\" content=\"2024-10-25T16:34:10+00:00\" \/>\n<meta name=\"twitter:card\" content=\"summary_large_image\" \/>\n<meta name=\"twitter:label1\" content=\"Est. reading time\" \/>\n\t<meta name=\"twitter:data1\" content=\"1 minute\" \/>\n<script type=\"application\/ld+json\" class=\"yoast-schema-graph\">{\"@context\":\"https:\\\/\\\/schema.org\",\"@graph\":[{\"@type\":\"WebPage\",\"@id\":\"https:\\\/\\\/www.dppireland.ie\\\/ga\\\/compliance\\\/\",\"url\":\"https:\\\/\\\/www.dppireland.ie\\\/ga\\\/compliance\\\/\",\"name\":\"Comhlionadh - Office of the Director of Public Prosecutions\",\"isPartOf\":{\"@id\":\"https:\\\/\\\/www.dppireland.ie\\\/#website\"},\"datePublished\":\"2019-01-24T15:59:24+00:00\",\"dateModified\":\"2024-10-25T16:34:10+00:00\",\"description\":\"Office of the Director of Public Prosecutions - Providing a prosecution that is independent, fair and effective\",\"breadcrumb\":{\"@id\":\"https:\\\/\\\/www.dppireland.ie\\\/ga\\\/compliance\\\/#breadcrumb\"},\"inLanguage\":\"ga-IE\",\"potentialAction\":[{\"@type\":\"ReadAction\",\"target\":[\"https:\\\/\\\/www.dppireland.ie\\\/ga\\\/compliance\\\/\"]}]},{\"@type\":\"BreadcrumbList\",\"@id\":\"https:\\\/\\\/www.dppireland.ie\\\/ga\\\/compliance\\\/#breadcrumb\",\"itemListElement\":[{\"@type\":\"ListItem\",\"position\":1,\"name\":\"Home\",\"item\":\"https:\\\/\\\/www.dppireland.ie\\\/ga\\\/\"},{\"@type\":\"ListItem\",\"position\":2,\"name\":\"Comhlionadh\"}]},{\"@type\":\"WebSite\",\"@id\":\"https:\\\/\\\/www.dppireland.ie\\\/#website\",\"url\":\"https:\\\/\\\/www.dppireland.ie\\\/\",\"name\":\"Office of the Director of Public Prosecutions\",\"description\":\"Providing a prosecution that is independent, fair and effective\",\"potentialAction\":[{\"@type\":\"SearchAction\",\"target\":{\"@type\":\"EntryPoint\",\"urlTemplate\":\"https:\\\/\\\/www.dppireland.ie\\\/?s={search_term_string}\"},\"query-input\":{\"@type\":\"PropertyValueSpecification\",\"valueRequired\":true,\"valueName\":\"search_term_string\"}}],\"inLanguage\":\"ga-IE\"}]}<\/script>\n<!-- \/ Yoast SEO plugin. -->","yoast_head_json":{"title":"Comhlionadh - Office of the Director of Public Prosecutions","description":"Office of the Director of Public Prosecutions - Providing a prosecution that is independent, fair and effective","robots":{"index":"index","follow":"follow","max-snippet":"max-snippet:-1","max-image-preview":"max-image-preview:large","max-video-preview":"max-video-preview:-1"},"canonical":"https:\/\/www.dppireland.ie\/ga\/compliance\/","og_locale":"ga_IE","og_type":"article","og_title":"Comhlionadh - Office of the Director of Public Prosecutions","og_description":"Office of the Director of Public Prosecutions - Providing a prosecution that is independent, fair and effective","og_url":"https:\/\/www.dppireland.ie\/ga\/compliance\/","og_site_name":"Office of the Director of Public Prosecutions","article_modified_time":"2024-10-25T16:34:10+00:00","twitter_card":"summary_large_image","twitter_misc":{"Est. reading time":"1 minute"},"schema":{"@context":"https:\/\/schema.org","@graph":[{"@type":"WebPage","@id":"https:\/\/www.dppireland.ie\/ga\/compliance\/","url":"https:\/\/www.dppireland.ie\/ga\/compliance\/","name":"Comhlionadh - Office of the Director of Public Prosecutions","isPartOf":{"@id":"https:\/\/www.dppireland.ie\/#website"},"datePublished":"2019-01-24T15:59:24+00:00","dateModified":"2024-10-25T16:34:10+00:00","description":"Office of the Director of Public Prosecutions - Providing a prosecution that is independent, fair and effective","breadcrumb":{"@id":"https:\/\/www.dppireland.ie\/ga\/compliance\/#breadcrumb"},"inLanguage":"ga-IE","potentialAction":[{"@type":"ReadAction","target":["https:\/\/www.dppireland.ie\/ga\/compliance\/"]}]},{"@type":"BreadcrumbList","@id":"https:\/\/www.dppireland.ie\/ga\/compliance\/#breadcrumb","itemListElement":[{"@type":"ListItem","position":1,"name":"Home","item":"https:\/\/www.dppireland.ie\/ga\/"},{"@type":"ListItem","position":2,"name":"Comhlionadh"}]},{"@type":"WebSite","@id":"https:\/\/www.dppireland.ie\/#website","url":"https:\/\/www.dppireland.ie\/","name":"Office of the Director of Public Prosecutions","description":"Providing a prosecution that is independent, fair and effective","potentialAction":[{"@type":"SearchAction","target":{"@type":"EntryPoint","urlTemplate":"https:\/\/www.dppireland.ie\/?s={search_term_string}"},"query-input":{"@type":"PropertyValueSpecification","valueRequired":true,"valueName":"search_term_string"}}],"inLanguage":"ga-IE"}]}},"jetpack_sharing_enabled":true,"_links":{"self":[{"href":"https:\/\/www.dppireland.ie\/ga\/wp-json\/wp\/v2\/pages\/10471","targetHints":{"allow":["GET"]}}],"collection":[{"href":"https:\/\/www.dppireland.ie\/ga\/wp-json\/wp\/v2\/pages"}],"about":[{"href":"https:\/\/www.dppireland.ie\/ga\/wp-json\/wp\/v2\/types\/page"}],"author":[{"embeddable":true,"href":"https:\/\/www.dppireland.ie\/ga\/wp-json\/wp\/v2\/users\/1"}],"replies":[{"embeddable":true,"href":"https:\/\/www.dppireland.ie\/ga\/wp-json\/wp\/v2\/comments?post=10471"}],"version-history":[{"count":10,"href":"https:\/\/www.dppireland.ie\/ga\/wp-json\/wp\/v2\/pages\/10471\/revisions"}],"predecessor-version":[{"id":25654,"href":"https:\/\/www.dppireland.ie\/ga\/wp-json\/wp\/v2\/pages\/10471\/revisions\/25654"}],"wp:attachment":[{"href":"https:\/\/www.dppireland.ie\/ga\/wp-json\/wp\/v2\/media?parent=10471"}],"curies":[{"name":"wp","href":"https:\/\/api.w.org\/{rel}","templated":true}]}}