{"id":10465,"date":"2019-01-24T16:00:59","date_gmt":"2019-01-24T16:00:59","guid":{"rendered":"https:\/\/www.dppireland.ie\/regulation-of-lobbying-act\/"},"modified":"2026-04-07T09:47:12","modified_gmt":"2026-04-07T08:47:12","slug":"regulation-of-lobbying-act","status":"publish","type":"page","link":"https:\/\/www.dppireland.ie\/ga\/compliance\/regulation-of-lobbying-act\/","title":{"rendered":"An tAcht um Br\u00fastocaireacht"},"content":{"rendered":"<div class=\"wpb-content-wrapper\"><p>[vc_row][vc_column][vc_column_text css=&#8221;&#8221;]<\/p>\n<h2><strong>Oifigigh Phoibl\u00ed Ainmnithe<\/strong><\/h2>\n<p><strong>Catherine Pierse &#8211; An Sti\u00farth\u00f3ir Ionch\u00faiseamh Poibl\u00ed<\/strong><br \/>\nOifig an Sti\u00farth\u00f3ra Ionch\u00faiseamh Poibl\u00ed<\/p>\n<p><strong>Helena Kiely &#8211; An Leas-Sti\u00farth\u00f3ir Ionch\u00faiseamh Poibl\u00ed (ag gn\u00edomh\u00fa)<\/strong><br \/>\nOifig an Sti\u00farth\u00f3ra Ionch\u00faiseamh Poibl\u00ed<\/p>\n<p><strong>John Kinsella &#8211; Ceann an Rann\u00e1in na Aonaid Sti\u00fartha agus Speisialt\u00f3ra <\/strong><br \/>\nar a bhfuil freagracht an Rann\u00e1in na Aonaid Sti\u00fartha agus Speisialt\u00f3ra a sti\u00faradh maidir le cib\u00e9 ar cheart lean\u00faint le hionch\u00faiseamh bunaithe ar an gcomhad a chuirtear ar aghaidh agus aon imeachta\u00ed agus sti\u00faradh<br \/>\nOifig an Sti\u00farth\u00f3ra Ionch\u00faiseamh Poibl\u00ed<\/p>\n<p><strong>Liam Mulholland &#8211; Pr\u00edomh-Aturnae Ionch\u00faiseamh (ag gn\u00edomh\u00fa)<\/strong><br \/>\nar a bhfuil freagracht seirbh\u00eds aturnae a chur ar f\u00e1il don Sti\u00farth\u00f3ir i ngach c\u00fairt i mBaile \u00c1tha Cliath agus ar fud na t\u00edre tr\u00edd na nAturnaetha St\u00e1it<br \/>\nOifig an Sti\u00farth\u00f3ra Ionch\u00faiseamh Poibl\u00ed<\/p>\n<p><strong>Raymond Briscoe &#8211; Leas-Phr\u00edomh-Ionch\u00faisitheoir<\/strong><br \/>\nar a bhfuil freagracht Aonad laistigh den Rann\u00e1n Sti\u00fartha a threor\u00fa<br \/>\nOifig an Sti\u00farth\u00f3ra Ionch\u00faiseamh Poibl\u00ed<\/p>\n<p><strong>Nicholas Donnelly &#8211; Leas-Phr\u00edomh-Ionch\u00faisitheoir<\/strong><br \/>\nar a bhfuil freagracht an Rann\u00e1n Seirbh\u00eds\u00ed Taca\u00edochta Ionch\u00faiseamh a threor\u00fa<br \/>\nOifig an Sti\u00farth\u00f3ra Ionch\u00faiseamh Poibl\u00ed<\/p>\n<p><strong>Noreen Landers &#8211; Leas-Phr\u00edomh-Ionch\u00faisitheoir<\/strong>,<br \/>\nar a bhfuil freagracht Aonad laistigh den Rann\u00e1n Sti\u00fartha a threor\u00fa<br \/>\nOifig an Sti\u00farth\u00f3ra Ionch\u00faiseamh Poibl\u00ed<\/p>\n<p><strong>Padraic Taylor &#8211; Leas-Phr\u00edomh-Ionch\u00faisitheoir<\/strong><br \/>\nar a bhfuil freagracht Aonad laistigh den Rann\u00e1n Sti\u00fartha a threor\u00fa<br \/>\nOifig an Sti\u00farth\u00f3ra Ionch\u00faiseamh Poibl\u00ed<\/p>\n<p><strong>Brian O&#8217;Malley &#8211; Head of Corporate Services Division<br \/>\n<\/strong>ar a bhfuil freagracht An tAonad Airgeadais, Acmhainn\u00ed Daonna &amp; Forbartha Eagra\u00edochta, Rialachais, Gn\u00f3tha\u00ed Poibl\u00ed, Strait\u00e9is, Teicneolaochta agus Eagr\u00fach\u00e1in &amp; Seirbh\u00eds\u00ed Ginear\u00e1lta.<\/p>\n<p><strong>Orlagh Flood &#8211; Ceann an tAonad Rialachais agus Gn\u00f3tha\u00ed Poibl\u00ed,<\/strong>\u00a0an tOifigeach Ainmnithe chun teagmh\u00e1il a dh\u00e9anamh leis an gCoimisi\u00fan um Chaighde\u00e1in in Oifig\u00ed Poibl\u00ed.<\/p>\n<p>T\u00e1 breis eolais maidir le Rialach\u00e1in an Achta um Br\u00fastocaireacht 2015 le f\u00e1il ar an l\u00e1ithre\u00e1n gr\u00e9as\u00e1in <a href=\"https:\/\/www.lobbying.ie\/ga\/\">www.lobbying.ie<\/a>.[\/vc_column_text][\/vc_column][\/vc_row]<\/p>\n<\/div>","protected":false},"excerpt":{"rendered":"<p>[vc_row][vc_column][vc_column_text css=&#8221;&#8221;] Oifigigh Phoibl\u00ed Ainmnithe Catherine Pierse &#8211; An Sti\u00farth\u00f3ir Ionch\u00faiseamh Poibl\u00ed Oifig an Sti\u00farth\u00f3ra Ionch\u00faiseamh Poibl\u00ed Helena Kiely &#8211; An Leas-Sti\u00farth\u00f3ir Ionch\u00faiseamh Poibl\u00ed (ag gn\u00edomh\u00fa) Oifig an Sti\u00farth\u00f3ra Ionch\u00faiseamh Poibl\u00ed John Kinsella &#8211; Ceann an Rann\u00e1in na Aonaid Sti\u00fartha agus Speisialt\u00f3ra ar a bhfuil freagracht an Rann\u00e1in na Aonaid Sti\u00fartha agus Speisialt\u00f3ra a sti\u00faradh &hellip; <a href=\"https:\/\/www.dppireland.ie\/ga\/compliance\/regulation-of-lobbying-act\/\">Continued<\/a><\/p>\n","protected":false},"author":1,"featured_media":0,"parent":10471,"menu_order":2,"comment_status":"closed","ping_status":"closed","template":"","meta":{"_acf_changed":false,"om_disable_all_campaigns":false,"_relevanssi_hide_post":"","_relevanssi_hide_content":"","_relevanssi_pin_for_all":"","_relevanssi_pin_keywords":"","_relevanssi_unpin_keywords":"","_relevanssi_related_keywords":"","_relevanssi_related_include_ids":"","_relevanssi_related_exclude_ids":"","_relevanssi_related_no_append":"","_relevanssi_related_not_related":"","_relevanssi_related_posts":"","_relevanssi_noindex_reason":"","_monsterinsights_skip_tracking":false,"_monsterinsights_sitenote_active":false,"_monsterinsights_sitenote_note":"","_monsterinsights_sitenote_category":0,"_uf_show_specific_survey":0,"_uf_disable_surveys":false,"footnotes":""},"class_list":["post-10465","page","type-page","status-publish","hentry"],"acf":[],"yoast_head":"<!-- This site is optimized with the Yoast SEO plugin v27.4 - https:\/\/yoast.com\/product\/yoast-seo-wordpress\/ -->\n<title>An tAcht um Br\u00fastocaireacht - Office of the Director of Public Prosecutions<\/title>\n<meta name=\"description\" content=\"Office of the Director of Public Prosecutions - Providing a prosecution that is independent, fair and effective\" \/>\n<meta name=\"robots\" content=\"index, follow, max-snippet:-1, max-image-preview:large, max-video-preview:-1\" \/>\n<link rel=\"canonical\" href=\"https:\/\/www.dppireland.ie\/ga\/compliance\/regulation-of-lobbying-act\/\" \/>\n<meta property=\"og:locale\" content=\"ga_IE\" \/>\n<meta property=\"og:type\" content=\"article\" \/>\n<meta property=\"og:title\" content=\"An tAcht um Br\u00fastocaireacht - Office of the Director of Public Prosecutions\" \/>\n<meta property=\"og:description\" content=\"Office of the Director of Public Prosecutions - Providing a prosecution that is independent, fair and effective\" \/>\n<meta property=\"og:url\" content=\"https:\/\/www.dppireland.ie\/ga\/compliance\/regulation-of-lobbying-act\/\" \/>\n<meta property=\"og:site_name\" content=\"Office of the Director of Public Prosecutions\" \/>\n<meta property=\"article:modified_time\" content=\"2026-04-07T08:47:12+00:00\" \/>\n<meta name=\"twitter:card\" content=\"summary_large_image\" \/>\n<meta name=\"twitter:label1\" content=\"Est. reading time\" \/>\n\t<meta name=\"twitter:data1\" content=\"2 minutes\" \/>\n<script type=\"application\/ld+json\" class=\"yoast-schema-graph\">{\"@context\":\"https:\\\/\\\/schema.org\",\"@graph\":[{\"@type\":\"WebPage\",\"@id\":\"https:\\\/\\\/www.dppireland.ie\\\/ga\\\/compliance\\\/regulation-of-lobbying-act\\\/\",\"url\":\"https:\\\/\\\/www.dppireland.ie\\\/ga\\\/compliance\\\/regulation-of-lobbying-act\\\/\",\"name\":\"An tAcht um Br\u00fastocaireacht - Office of the Director of Public Prosecutions\",\"isPartOf\":{\"@id\":\"https:\\\/\\\/www.dppireland.ie\\\/#website\"},\"datePublished\":\"2019-01-24T16:00:59+00:00\",\"dateModified\":\"2026-04-07T08:47:12+00:00\",\"description\":\"Office of the Director of Public Prosecutions - Providing a prosecution that is independent, fair and effective\",\"breadcrumb\":{\"@id\":\"https:\\\/\\\/www.dppireland.ie\\\/ga\\\/compliance\\\/regulation-of-lobbying-act\\\/#breadcrumb\"},\"inLanguage\":\"ga-IE\",\"potentialAction\":[{\"@type\":\"ReadAction\",\"target\":[\"https:\\\/\\\/www.dppireland.ie\\\/ga\\\/compliance\\\/regulation-of-lobbying-act\\\/\"]}]},{\"@type\":\"BreadcrumbList\",\"@id\":\"https:\\\/\\\/www.dppireland.ie\\\/ga\\\/compliance\\\/regulation-of-lobbying-act\\\/#breadcrumb\",\"itemListElement\":[{\"@type\":\"ListItem\",\"position\":1,\"name\":\"Home\",\"item\":\"https:\\\/\\\/www.dppireland.ie\\\/ga\\\/\"},{\"@type\":\"ListItem\",\"position\":2,\"name\":\"Comhlionadh\",\"item\":\"https:\\\/\\\/www.dppireland.ie\\\/ga\\\/compliance\\\/\"},{\"@type\":\"ListItem\",\"position\":3,\"name\":\"An tAcht um Br\u00fastocaireacht\"}]},{\"@type\":\"WebSite\",\"@id\":\"https:\\\/\\\/www.dppireland.ie\\\/#website\",\"url\":\"https:\\\/\\\/www.dppireland.ie\\\/\",\"name\":\"Office of the Director of Public Prosecutions\",\"description\":\"Providing a prosecution that is independent, fair and effective\",\"potentialAction\":[{\"@type\":\"SearchAction\",\"target\":{\"@type\":\"EntryPoint\",\"urlTemplate\":\"https:\\\/\\\/www.dppireland.ie\\\/?s={search_term_string}\"},\"query-input\":{\"@type\":\"PropertyValueSpecification\",\"valueRequired\":true,\"valueName\":\"search_term_string\"}}],\"inLanguage\":\"ga-IE\"}]}<\/script>\n<!-- \/ Yoast SEO plugin. -->","yoast_head_json":{"title":"An tAcht um Br\u00fastocaireacht - Office of the Director of Public Prosecutions","description":"Office of the Director of Public Prosecutions - Providing a prosecution that is independent, fair and effective","robots":{"index":"index","follow":"follow","max-snippet":"max-snippet:-1","max-image-preview":"max-image-preview:large","max-video-preview":"max-video-preview:-1"},"canonical":"https:\/\/www.dppireland.ie\/ga\/compliance\/regulation-of-lobbying-act\/","og_locale":"ga_IE","og_type":"article","og_title":"An tAcht um Br\u00fastocaireacht - Office of the Director of Public Prosecutions","og_description":"Office of the Director of Public Prosecutions - Providing a prosecution that is independent, fair and effective","og_url":"https:\/\/www.dppireland.ie\/ga\/compliance\/regulation-of-lobbying-act\/","og_site_name":"Office of the Director of Public Prosecutions","article_modified_time":"2026-04-07T08:47:12+00:00","twitter_card":"summary_large_image","twitter_misc":{"Est. reading time":"2 minutes"},"schema":{"@context":"https:\/\/schema.org","@graph":[{"@type":"WebPage","@id":"https:\/\/www.dppireland.ie\/ga\/compliance\/regulation-of-lobbying-act\/","url":"https:\/\/www.dppireland.ie\/ga\/compliance\/regulation-of-lobbying-act\/","name":"An tAcht um Br\u00fastocaireacht - Office of the Director of Public Prosecutions","isPartOf":{"@id":"https:\/\/www.dppireland.ie\/#website"},"datePublished":"2019-01-24T16:00:59+00:00","dateModified":"2026-04-07T08:47:12+00:00","description":"Office of the Director of Public Prosecutions - Providing a prosecution that is independent, fair and effective","breadcrumb":{"@id":"https:\/\/www.dppireland.ie\/ga\/compliance\/regulation-of-lobbying-act\/#breadcrumb"},"inLanguage":"ga-IE","potentialAction":[{"@type":"ReadAction","target":["https:\/\/www.dppireland.ie\/ga\/compliance\/regulation-of-lobbying-act\/"]}]},{"@type":"BreadcrumbList","@id":"https:\/\/www.dppireland.ie\/ga\/compliance\/regulation-of-lobbying-act\/#breadcrumb","itemListElement":[{"@type":"ListItem","position":1,"name":"Home","item":"https:\/\/www.dppireland.ie\/ga\/"},{"@type":"ListItem","position":2,"name":"Comhlionadh","item":"https:\/\/www.dppireland.ie\/ga\/compliance\/"},{"@type":"ListItem","position":3,"name":"An tAcht um Br\u00fastocaireacht"}]},{"@type":"WebSite","@id":"https:\/\/www.dppireland.ie\/#website","url":"https:\/\/www.dppireland.ie\/","name":"Office of the Director of Public Prosecutions","description":"Providing a prosecution that is independent, fair and effective","potentialAction":[{"@type":"SearchAction","target":{"@type":"EntryPoint","urlTemplate":"https:\/\/www.dppireland.ie\/?s={search_term_string}"},"query-input":{"@type":"PropertyValueSpecification","valueRequired":true,"valueName":"search_term_string"}}],"inLanguage":"ga-IE"}]}},"jetpack_sharing_enabled":true,"_links":{"self":[{"href":"https:\/\/www.dppireland.ie\/ga\/wp-json\/wp\/v2\/pages\/10465","targetHints":{"allow":["GET"]}}],"collection":[{"href":"https:\/\/www.dppireland.ie\/ga\/wp-json\/wp\/v2\/pages"}],"about":[{"href":"https:\/\/www.dppireland.ie\/ga\/wp-json\/wp\/v2\/types\/page"}],"author":[{"embeddable":true,"href":"https:\/\/www.dppireland.ie\/ga\/wp-json\/wp\/v2\/users\/1"}],"replies":[{"embeddable":true,"href":"https:\/\/www.dppireland.ie\/ga\/wp-json\/wp\/v2\/comments?post=10465"}],"version-history":[{"count":11,"href":"https:\/\/www.dppireland.ie\/ga\/wp-json\/wp\/v2\/pages\/10465\/revisions"}],"predecessor-version":[{"id":28542,"href":"https:\/\/www.dppireland.ie\/ga\/wp-json\/wp\/v2\/pages\/10465\/revisions\/28542"}],"up":[{"embeddable":true,"href":"https:\/\/www.dppireland.ie\/ga\/wp-json\/wp\/v2\/pages\/10471"}],"wp:attachment":[{"href":"https:\/\/www.dppireland.ie\/ga\/wp-json\/wp\/v2\/media?parent=10465"}],"curies":[{"name":"wp","href":"https:\/\/api.w.org\/{rel}","templated":true}]}}