{"id":10464,"date":"2019-01-24T16:01:15","date_gmt":"2019-01-24T16:01:15","guid":{"rendered":"https:\/\/www.dppireland.ie\/re-use-of-public-sector-information\/"},"modified":"2022-11-28T12:21:12","modified_gmt":"2022-11-28T12:21:12","slug":"re-use-of-public-sector-information","status":"publish","type":"page","link":"https:\/\/www.dppireland.ie\/ga\/compliance\/re-use-of-public-sector-information\/","title":{"rendered":"Ath\u00fas\u00e1id Fhaisn\u00e9ise na hEarn\u00e1la Poibl\u00ed"},"content":{"rendered":"<div class=\"wpb-content-wrapper\"><p>[vc_row][vc_column][vc_column_text]Comhl\u00edonann Oifig an Sti\u00farth\u00f3ra Ionch\u00faiseamh Poibl\u00ed na Rialach\u00e1in thuas a thrasu\u00edonn Treoir 2003\/98\/CE sa dl\u00ed.\u00a0 Leagann an Treoir creat comhchuibhithe amach inar f\u00e9idir faisn\u00e9is \u00f3n earn\u00e1il poibl\u00ed \u00f3 \u00e1iteanna ar fud an Aontais Eorpaigh a mheas agus a ath\u00fas\u00e1id, agus tugaimid spreagadh an fhaisn\u00e9is seo a chuirimid ar f\u00e1il a ath\u00fas\u00e1id.<\/p>\n<p>T\u00e1 an fhaisn\u00e9is go l\u00e9ir a bh\u00edonn ar \u00e1r l\u00e1ithre\u00e1n gr\u00e9as\u00e1in faoi r\u00e9ir ch\u00f3ipcheart Oifig an Sti\u00farth\u00f3ra Ionch\u00faiseamh Poibl\u00ed, mura l\u00e9ir\u00edtear a mhalairt. F\u00e9adfaidh t\u00fa an fhaisn\u00e9is ar an l\u00e1ithre\u00e1n gr\u00e9as\u00e1in seo a \u00fas\u00e1id saor \u00f3 th\u00e1ille in aon fhormaid gur mian leat.<\/p>\n<p>\u00c1ir\u00edtear le hath\u00fas\u00e1id c\u00f3ipe\u00e1il, c\u00f3ipeanna a chur ar f\u00e1il don phobal, foilsi\u00fa, craolt\u00f3ireacht agus aistri\u00fa isteach i dteangacha eile. Cl\u00fada\u00edonn s\u00e9 taighde agus staid\u00e9ar neamhthr\u00e1chtala freisin. F\u00e9adfar faisn\u00e9is agus c\u00e1ip\u00e9is\u00ed \u00f3n l\u00e1ithre\u00e1n gr\u00e9as\u00e1in seo a athchruth\u00fa n\u00f3 a ath\u00fas\u00e1id faoi r\u00e9ir ag t\u00e9arma\u00ed an chead\u00fanais is deireana\u00ed d&#8217;Fhaisn\u00e9is na hEarn\u00e1la Poibl\u00ed ag <a href=\"https:\/\/data.gov.ie\/ga\/pages\/re-useofpublicsectorinformation\">www.psi.gov.ie<\/a>.<\/p>\n<p>T\u00e1 ath\u00fas\u00e1id faoi r\u00e9ir ag na coinn\u00edollacha seo a leanas. Caithfidh t\u00fa:<\/p>\n<ul>\n<li>Aitheantas a thabhairt don fhoinse agus d\u00e1r gc\u00f3ipcheart i gc\u00e1sanna go gcuireann t\u00fa an fhaisn\u00e9is ar f\u00e1il do dhaoine eile<\/li>\n<li>an fhaisn\u00e9is a chur ar f\u00e1il ar\u00eds go cruinn<\/li>\n<li>gan an fhaisn\u00e9is a \u00fas\u00e1id go m\u00edthreorach<\/li>\n<li>gan an fhaisn\u00e9is a \u00fas\u00e1id ar mhaithe go pr\u00edomha le bolscaireacht a dh\u00e9anamh faoi th\u00e1irge n\u00f3 faoi sheirbh\u00eds \u00e1irithe n\u00f3 iad a chur chun cinn<\/li>\n<li>gan an fhaisn\u00e9is a \u00fas\u00e1id chun tac\u00fa le c\u00fains\u00ed m\u00eddhleathacha, m\u00edmhor\u00e1lta, calaoiseacha n\u00f3 m\u00edmhac\u00e1nta.<\/li>\n<\/ul>\n<p>N\u00edl Oifig an Sti\u00farth\u00f3ra Ionch\u00faiseamh Poibl\u00ed faoi dhliteanas ag aon chaillteanas n\u00e1 dliteanas a bhaineann le faisn\u00e9is a fhoils\u00edtear ar a l\u00e1ithre\u00e1n gr\u00e9as\u00e1in a ath\u00fas\u00e1id. C\u00e9 go nd\u00e9antar gach iarracht a chinnti\u00fa go nd\u00e9antar uasghr\u00e1d\u00fa rialta ar an bhfaisn\u00e9is ar an l\u00e1ithre\u00e1n gr\u00e9as\u00e1in agus go bhfuil s\u00ed cruinn n\u00ed thugann an Oifig deimhni\u00fa go bhfuil s\u00ed cothrom le d\u00e1ta n\u00f3 saor \u00f3 earr\u00e1id.<\/p>\n<p>N\u00ed \u00fadara\u00edonn Oifig an Sti\u00farth\u00f3ra Ionch\u00faiseamh Poibl\u00ed aon \u00fas\u00e1ideoir chun cearta eisiacha a bheith aige\/aici aon chuid den fhaisn\u00e9is a fhoils\u00edtear ar an l\u00e1ithre\u00e1n gr\u00e9as\u00e1in a ath\u00fas\u00e1id.<\/p>\n<h2>Mionsonra\u00ed faoin Fhaisn\u00e9is a Fhoils\u00edtear ar an L\u00e1ithre\u00e1n Gr\u00e9as\u00e1in<\/h2>\n<h3><strong>Maidir Linne<br \/>\n<\/strong><\/h3>\n<p>Sa rann\u00e1n seo \u00e1ir\u00edtear:<\/p>\n<ul>\n<li>Cairt Eagr\u00fach\u00e1in na hOifige<\/li>\n<li>Creat an Phr\u00f3isis Ionch\u00faiseamh Choiri\u00fail<\/li>\n<\/ul>\n<h3><strong>Mionsonra\u00ed Teagmh\u00e1la<br \/>\n<\/strong><\/h3>\n<p>Sa rann\u00e1n seo \u00e1ir\u00edtear:<\/p>\n<ul>\n<li>Mionsonra\u00ed teagmh\u00e1la d&#8217;Oifig an Sti\u00farth\u00f3ra Ionch\u00faiseamh Poibl\u00ed, do Phr\u00edomh-Aturnae an St\u00e1it agus do dhl\u00edod\u00f3ir\u00ed st\u00e1it \u00e1iti\u00fala ar fud na h\u00c9ireann.<\/li>\n<\/ul>\n<h3>Maidir Le h\u00edospartaigh &amp; Le Finn\u00e9ithe<\/h3>\n<p>Sa rann\u00e1n seo \u00e1ir\u00edtear:<\/p>\n<ul>\n<li>Brief Guide to the Criminal Justice System<\/li>\n<li>An Cinneadh Maidir le hIonch\u00faiseamh a Dh\u00e9anamh<\/li>\n<li>C\u00faiseanna le Cinnt\u00ed<\/li>\n<li>C\u00f3d Eitice<\/li>\n<li>Cabhairl\u00edne d\u2019\u00cdospartaigh Choire<\/li>\n<li>Finn\u00e9ithe \u00d3ga<\/li>\n<li>R\u00e1iteas Tionchair \u00cdospartaigh a Dh\u00e9anamh<\/li>\n<li>Cairt an \u00cdospartaigh<\/li>\n<li>Gear\u00e1in<\/li>\n<li>Sonra\u00ed Teagmh\u00e1la<\/li>\n<\/ul>\n<h3><strong>Foilseach\u00e1in<br \/>\n<\/strong><\/h3>\n<p>Sa rann\u00e1n seo \u00e1ir\u00edtear:<\/p>\n<ul>\n<li>Tuarasc\u00e1la Bhlianth\u00fail<\/li>\n<li>Pleananna Strat\u00e9iseacha<\/li>\n<li>Leabhr\u00e1in Eolais<\/li>\n<li>Treoirl\u00ednte d&#8217;Ionch\u00faisitheoir\u00ed<\/li>\n<li>Na Treoracha \/ Polasa\u00ed<\/li>\n<li>Ardchaighde\u00e1n Seirbh\u00edse<\/li>\n<li>Foilseach\u00e1in Eachtracha<\/li>\n<\/ul>\n<h3>Na Me\u00e1in<\/h3>\n<p>Sa rann\u00e1n seo \u00e1ir\u00edtear:<\/p>\n<ul>\n<li>Preasr\u00e1itis<\/li>\n<li>Speeches \/ Conference Papers<\/li>\n<\/ul>\n<h3><strong>An tacht Um Shoar\u00e1il Faisn\u00e9ise &amp; Rialach\u00e1in<br \/>\n<\/strong><\/h3>\n<p>Sa rann\u00e1n seo \u00e1ir\u00edtear:<\/p>\n<ul>\n<li>F\u00f3gra D\u00edol\u00faine<\/li>\n<li>Leabhar Tagartha an Achta um Shaor\u00e1il Faisn\u00e9ise<\/li>\n<li>Foirm Iarratais Shaor\u00e1il Faisn\u00e9ise<\/li>\n<\/ul>\n<h3>Gairmeacha Beatha<\/h3>\n<p>Sa rann\u00e1n seo \u00e1ir\u00edtear:<\/p>\n<ul>\n<li>Faisn\u00e9is faoi bheith ag obair don Sti\u00farth\u00f3ir Ionch\u00faiseamh Poibl\u00ed<\/li>\n<li>An fhaisn\u00e9is is deireana\u00ed faoi fholl\u00fantais<\/li>\n<\/ul>\n<h3>Leabhr\u00e1in Fhaisn\u00e9ise &#8211; Teanga Iasachta<\/h3>\n<p>Sa rann\u00e1n seo \u00e1ir\u00edtear:<\/p>\n<ul>\n<li>Aistri\u00fach\u00e1in ar na Leabhr\u00e1in Fhaisn\u00e9ise &#8216;R\u00f3l an Sti\u00farth\u00f3ra Ionch\u00faiseamh Poibl\u00ed&#8217; agus &#8216;Ag freastal ar Ch\u00fairt mar Fhinn\u00e9&#8217; sna teangacha seo a leanas:<\/li>\n<\/ul>\n<ol>\n<li>Araibis<\/li>\n<li>Fraincis<\/li>\n<li>Laitvis<\/li>\n<li>Liotu\u00e1inis<\/li>\n<li>S\u00ednis (Mandair\u00ednis)<\/li>\n<li>Polainnis<\/li>\n<li>Portaing\u00e9ilis [Brasa\u00edleach]<\/li>\n<li>R\u00f3m\u00e1nais<\/li>\n<li>R\u00faisise<\/li>\n<li>Sp\u00e1innis<\/li>\n<\/ol>\n<h3>Cad T\u00e1 Nua<\/h3>\n<p>Sa rann\u00e1n seo \u00e1ir\u00edtear:\u00a0\u00a0<strong>\u00a0<\/strong><\/p>\n<ul>\n<li>Nuashonr\u00fa Nuachta agus Faisn\u00e9is<\/li>\n<\/ul>\n<h3><strong>Tuilleadh Faisn\u00e9ise<br \/>\n<\/strong><\/h3>\n<p>Cuirfear tuilleadh faisn\u00e9ise faoi ath\u00fas\u00e1id faisn\u00e9ise a fhoils\u00edonn Oifig an Sti\u00farth\u00f3ra Ionch\u00faiseamh Poibl\u00ed ar f\u00e1il \u00f3n:<\/p>\n<p><strong>Aonad Cumars\u00e1ide<\/strong><br \/>\nTeileaf\u00f3n :\u00a0 +353 (0)1 858 8500<\/p>\n<p>R\u00edomhphost:\u00a0 <a href=\"mailto:gaeilge@dppireland.ie\">gaeilge@dppireland.ie<\/a>[\/vc_column_text][\/vc_column][\/vc_row]<\/p>\n<\/div>","protected":false},"excerpt":{"rendered":"<p>[vc_row][vc_column][vc_column_text]Comhl\u00edonann Oifig an Sti\u00farth\u00f3ra Ionch\u00faiseamh Poibl\u00ed na Rialach\u00e1in thuas a thrasu\u00edonn Treoir 2003\/98\/CE sa dl\u00ed.\u00a0 Leagann an Treoir creat comhchuibhithe amach inar f\u00e9idir faisn\u00e9is \u00f3n earn\u00e1il poibl\u00ed \u00f3 \u00e1iteanna ar fud an Aontais Eorpaigh a mheas agus a ath\u00fas\u00e1id, agus tugaimid spreagadh an fhaisn\u00e9is seo a chuirimid ar f\u00e1il a ath\u00fas\u00e1id. T\u00e1 an fhaisn\u00e9is go &hellip; <a href=\"https:\/\/www.dppireland.ie\/ga\/compliance\/re-use-of-public-sector-information\/\">Continued<\/a><\/p>\n","protected":false},"author":1,"featured_media":0,"parent":10471,"menu_order":2,"comment_status":"closed","ping_status":"closed","template":"","meta":{"_acf_changed":false,"om_disable_all_campaigns":false,"_relevanssi_hide_post":"","_relevanssi_hide_content":"","_relevanssi_pin_for_all":"","_relevanssi_pin_keywords":"","_relevanssi_unpin_keywords":"","_relevanssi_related_keywords":"","_relevanssi_related_include_ids":"","_relevanssi_related_exclude_ids":"","_relevanssi_related_no_append":"","_relevanssi_related_not_related":"","_relevanssi_related_posts":"","_relevanssi_noindex_reason":"","_monsterinsights_skip_tracking":false,"_monsterinsights_sitenote_active":false,"_monsterinsights_sitenote_note":"","_monsterinsights_sitenote_category":0,"_uf_show_specific_survey":0,"_uf_disable_surveys":false,"footnotes":""},"class_list":["post-10464","page","type-page","status-publish","hentry"],"acf":[],"yoast_head":"<!-- This site is optimized with the Yoast SEO plugin v27.4 - https:\/\/yoast.com\/product\/yoast-seo-wordpress\/ -->\n<title>Ath\u00fas\u00e1id Fhaisn\u00e9ise na hEarn\u00e1la Poibl\u00ed - Office of the Director of Public Prosecutions<\/title>\n<meta name=\"description\" content=\"Office of the Director of Public Prosecutions - Providing a prosecution that is independent, fair and effective\" \/>\n<meta name=\"robots\" content=\"index, follow, max-snippet:-1, max-image-preview:large, max-video-preview:-1\" \/>\n<link rel=\"canonical\" href=\"https:\/\/www.dppireland.ie\/ga\/compliance\/re-use-of-public-sector-information\/\" \/>\n<meta property=\"og:locale\" content=\"ga_IE\" \/>\n<meta property=\"og:type\" content=\"article\" \/>\n<meta property=\"og:title\" content=\"Ath\u00fas\u00e1id Fhaisn\u00e9ise na hEarn\u00e1la Poibl\u00ed - Office of the Director of Public Prosecutions\" \/>\n<meta property=\"og:description\" content=\"Office of the Director of Public Prosecutions - Providing a prosecution that is independent, fair and effective\" \/>\n<meta property=\"og:url\" content=\"https:\/\/www.dppireland.ie\/ga\/compliance\/re-use-of-public-sector-information\/\" \/>\n<meta property=\"og:site_name\" content=\"Office of the Director of Public Prosecutions\" \/>\n<meta property=\"article:modified_time\" content=\"2022-11-28T12:21:12+00:00\" \/>\n<meta name=\"twitter:card\" content=\"summary_large_image\" \/>\n<meta name=\"twitter:label1\" content=\"Est. reading time\" \/>\n\t<meta name=\"twitter:data1\" content=\"3 minutes\" \/>\n<script type=\"application\/ld+json\" class=\"yoast-schema-graph\">{\"@context\":\"https:\\\/\\\/schema.org\",\"@graph\":[{\"@type\":\"WebPage\",\"@id\":\"https:\\\/\\\/www.dppireland.ie\\\/ga\\\/compliance\\\/re-use-of-public-sector-information\\\/\",\"url\":\"https:\\\/\\\/www.dppireland.ie\\\/ga\\\/compliance\\\/re-use-of-public-sector-information\\\/\",\"name\":\"Ath\u00fas\u00e1id Fhaisn\u00e9ise na hEarn\u00e1la Poibl\u00ed - Office of the Director of Public Prosecutions\",\"isPartOf\":{\"@id\":\"https:\\\/\\\/www.dppireland.ie\\\/#website\"},\"datePublished\":\"2019-01-24T16:01:15+00:00\",\"dateModified\":\"2022-11-28T12:21:12+00:00\",\"description\":\"Office of the Director of Public Prosecutions - Providing a prosecution that is independent, fair and effective\",\"breadcrumb\":{\"@id\":\"https:\\\/\\\/www.dppireland.ie\\\/ga\\\/compliance\\\/re-use-of-public-sector-information\\\/#breadcrumb\"},\"inLanguage\":\"ga-IE\",\"potentialAction\":[{\"@type\":\"ReadAction\",\"target\":[\"https:\\\/\\\/www.dppireland.ie\\\/ga\\\/compliance\\\/re-use-of-public-sector-information\\\/\"]}]},{\"@type\":\"BreadcrumbList\",\"@id\":\"https:\\\/\\\/www.dppireland.ie\\\/ga\\\/compliance\\\/re-use-of-public-sector-information\\\/#breadcrumb\",\"itemListElement\":[{\"@type\":\"ListItem\",\"position\":1,\"name\":\"Home\",\"item\":\"https:\\\/\\\/www.dppireland.ie\\\/ga\\\/\"},{\"@type\":\"ListItem\",\"position\":2,\"name\":\"Comhlionadh\",\"item\":\"https:\\\/\\\/www.dppireland.ie\\\/ga\\\/compliance\\\/\"},{\"@type\":\"ListItem\",\"position\":3,\"name\":\"Ath\u00fas\u00e1id Fhaisn\u00e9ise na hEarn\u00e1la Poibl\u00ed\"}]},{\"@type\":\"WebSite\",\"@id\":\"https:\\\/\\\/www.dppireland.ie\\\/#website\",\"url\":\"https:\\\/\\\/www.dppireland.ie\\\/\",\"name\":\"Office of the Director of Public Prosecutions\",\"description\":\"Providing a prosecution that is independent, fair and effective\",\"potentialAction\":[{\"@type\":\"SearchAction\",\"target\":{\"@type\":\"EntryPoint\",\"urlTemplate\":\"https:\\\/\\\/www.dppireland.ie\\\/?s={search_term_string}\"},\"query-input\":{\"@type\":\"PropertyValueSpecification\",\"valueRequired\":true,\"valueName\":\"search_term_string\"}}],\"inLanguage\":\"ga-IE\"}]}<\/script>\n<!-- \/ Yoast SEO plugin. -->","yoast_head_json":{"title":"Ath\u00fas\u00e1id Fhaisn\u00e9ise na hEarn\u00e1la Poibl\u00ed - Office of the Director of Public Prosecutions","description":"Office of the Director of Public Prosecutions - Providing a prosecution that is independent, fair and effective","robots":{"index":"index","follow":"follow","max-snippet":"max-snippet:-1","max-image-preview":"max-image-preview:large","max-video-preview":"max-video-preview:-1"},"canonical":"https:\/\/www.dppireland.ie\/ga\/compliance\/re-use-of-public-sector-information\/","og_locale":"ga_IE","og_type":"article","og_title":"Ath\u00fas\u00e1id Fhaisn\u00e9ise na hEarn\u00e1la Poibl\u00ed - Office of the Director of Public Prosecutions","og_description":"Office of the Director of Public Prosecutions - Providing a prosecution that is independent, fair and effective","og_url":"https:\/\/www.dppireland.ie\/ga\/compliance\/re-use-of-public-sector-information\/","og_site_name":"Office of the Director of Public Prosecutions","article_modified_time":"2022-11-28T12:21:12+00:00","twitter_card":"summary_large_image","twitter_misc":{"Est. reading time":"3 minutes"},"schema":{"@context":"https:\/\/schema.org","@graph":[{"@type":"WebPage","@id":"https:\/\/www.dppireland.ie\/ga\/compliance\/re-use-of-public-sector-information\/","url":"https:\/\/www.dppireland.ie\/ga\/compliance\/re-use-of-public-sector-information\/","name":"Ath\u00fas\u00e1id Fhaisn\u00e9ise na hEarn\u00e1la Poibl\u00ed - Office of the Director of Public Prosecutions","isPartOf":{"@id":"https:\/\/www.dppireland.ie\/#website"},"datePublished":"2019-01-24T16:01:15+00:00","dateModified":"2022-11-28T12:21:12+00:00","description":"Office of the Director of Public Prosecutions - Providing a prosecution that is independent, fair and effective","breadcrumb":{"@id":"https:\/\/www.dppireland.ie\/ga\/compliance\/re-use-of-public-sector-information\/#breadcrumb"},"inLanguage":"ga-IE","potentialAction":[{"@type":"ReadAction","target":["https:\/\/www.dppireland.ie\/ga\/compliance\/re-use-of-public-sector-information\/"]}]},{"@type":"BreadcrumbList","@id":"https:\/\/www.dppireland.ie\/ga\/compliance\/re-use-of-public-sector-information\/#breadcrumb","itemListElement":[{"@type":"ListItem","position":1,"name":"Home","item":"https:\/\/www.dppireland.ie\/ga\/"},{"@type":"ListItem","position":2,"name":"Comhlionadh","item":"https:\/\/www.dppireland.ie\/ga\/compliance\/"},{"@type":"ListItem","position":3,"name":"Ath\u00fas\u00e1id Fhaisn\u00e9ise na hEarn\u00e1la Poibl\u00ed"}]},{"@type":"WebSite","@id":"https:\/\/www.dppireland.ie\/#website","url":"https:\/\/www.dppireland.ie\/","name":"Office of the Director of Public Prosecutions","description":"Providing a prosecution that is independent, fair and effective","potentialAction":[{"@type":"SearchAction","target":{"@type":"EntryPoint","urlTemplate":"https:\/\/www.dppireland.ie\/?s={search_term_string}"},"query-input":{"@type":"PropertyValueSpecification","valueRequired":true,"valueName":"search_term_string"}}],"inLanguage":"ga-IE"}]}},"jetpack_sharing_enabled":true,"_links":{"self":[{"href":"https:\/\/www.dppireland.ie\/ga\/wp-json\/wp\/v2\/pages\/10464","targetHints":{"allow":["GET"]}}],"collection":[{"href":"https:\/\/www.dppireland.ie\/ga\/wp-json\/wp\/v2\/pages"}],"about":[{"href":"https:\/\/www.dppireland.ie\/ga\/wp-json\/wp\/v2\/types\/page"}],"author":[{"embeddable":true,"href":"https:\/\/www.dppireland.ie\/ga\/wp-json\/wp\/v2\/users\/1"}],"replies":[{"embeddable":true,"href":"https:\/\/www.dppireland.ie\/ga\/wp-json\/wp\/v2\/comments?post=10464"}],"version-history":[{"count":2,"href":"https:\/\/www.dppireland.ie\/ga\/wp-json\/wp\/v2\/pages\/10464\/revisions"}],"predecessor-version":[{"id":19266,"href":"https:\/\/www.dppireland.ie\/ga\/wp-json\/wp\/v2\/pages\/10464\/revisions\/19266"}],"up":[{"embeddable":true,"href":"https:\/\/www.dppireland.ie\/ga\/wp-json\/wp\/v2\/pages\/10471"}],"wp:attachment":[{"href":"https:\/\/www.dppireland.ie\/ga\/wp-json\/wp\/v2\/media?parent=10464"}],"curies":[{"name":"wp","href":"https:\/\/api.w.org\/{rel}","templated":true}]}}