{"id":10461,"date":"2019-01-24T16:02:12","date_gmt":"2019-01-24T16:02:12","guid":{"rendered":"https:\/\/www.dppireland.ie\/cookie-policy\/"},"modified":"2022-08-18T16:09:43","modified_gmt":"2022-08-18T15:09:43","slug":"cookie-policy","status":"publish","type":"page","link":"https:\/\/www.dppireland.ie\/ga\/compliance\/cookie-policy\/","title":{"rendered":"Beartas um Fhian\u00e1in"},"content":{"rendered":"<div class=\"wpb-content-wrapper\"><p>[vc_row][vc_column][vc_column_text]Urrama\u00edonn Oifig an Sti\u00farth\u00f3ra Ionch\u00faiseamh Poibl\u00ed cearta agus pr\u00edobh\u00e1ideachais \u00fas\u00e1ideoir\u00ed \u00e1r su\u00edmh ghr\u00e9as\u00e1in.&nbsp; Mar riail ghinear\u00e1lta, n\u00ed bhail\u00edmid faisn\u00e9is phearsanta de chine\u00e1l ar bith \u00f3 chuairteoir\u00ed ar \u00e1r su\u00edomh gr\u00e9as\u00e1in.&nbsp; M\u00e1 fhaighimid faisn\u00e9is phearsanta, \u00fas\u00e1idfimid \u00ed chun na cr\u00edocha ar cuireadh ar f\u00e1il \u00ed amh\u00e1in.&nbsp; N\u00ed chomhroinnimid faisn\u00e9is a fhaighimid le tr\u00ed\u00fa p\u00e1irtithe ar bith.[\/vc_column_text]<div id=\"accordion-ombethdhubu\" class=\"accordion\">\n    <div class=\"card\">\n    <div class=\"card-header\" id=\"heading-ceard-is-fianan-ann\">\n\n        <h2 class=\"mb-0\"><a class=\"collapsed\" href=\"#accordion-ombethdhubu-collapse-ceard-is-fianan-ann\" data-toggle=\"collapse\" data-target=\"#accordion-ombethdhubu-collapse-ceard-is-fianan-ann\" aria-expanded=\"false\" aria-controls=\"accordion-ombethdhubu-collapse-ceard-is-fianan-ann\">C\u00e9ard is fian\u00e1n ann?<\/a><\/h2>\n\n    <\/div>\n    <div id=\"accordion-ombethdhubu-collapse-ceard-is-fianan-ann\" class=\"collapse\" aria-labelledby=\"heading-ceard-is-fianan-ann\" data-parent=\"#accordion-ombethdhubu\" style=\"\">\n        <div class=\"card-body\">\n            <p>Comhaid bheaga sonra\u00ed is ea iad fian\u00e1in a chuirtear ar do ghl\u00e9as nuair a bh\u00edonn t\u00fa ag brabhs\u00e1il ar l\u00edne. T\u00e1 siad caighde\u00e1nach ar fud fhormh\u00f3r na su\u00edomhanna gr\u00e9as\u00e1in agus n\u00ed bh\u00edonn tionchar acu ar do ghl\u00e9as. Le fian\u00e1in oibr\u00edonn su\u00edomhanna gr\u00e9as\u00e1in ar bhealach n\u00edos \u00e9ifeachta\u00ed agus cuirtear faisn\u00e9is ar f\u00e1il d\u2019\u00fain\u00e9ir\u00ed an tsu\u00edmh. Is f\u00e9idir tuilleadh faisn\u00e9ise a fh\u00e1il faoi fhian\u00e1in ag: <a href=\"https:\/\/wikis.ec.europa.eu\/display\/WEBGUIDE\/04.+Cookies+and+similar+technologies\">http:\/\/ec.europa.eu\/ipg\/basics\/legal\/cookies\/index_en.htm<\/a>.<\/p>\n\n        <\/div>\n    <\/div>\n<\/div><div class=\"card\">\n    <div class=\"card-header\" id=\"heading-cad-iad-na-fianain-a-usaidimid\">\n\n        <h2 class=\"mb-0\"><a class=\"collapsed\" href=\"#accordion-ombethdhubu-collapse-cad-iad-na-fianain-a-usaidimid\" data-toggle=\"collapse\" data-target=\"#accordion-ombethdhubu-collapse-cad-iad-na-fianain-a-usaidimid\" aria-expanded=\"false\" aria-controls=\"accordion-ombethdhubu-collapse-cad-iad-na-fianain-a-usaidimid\">Cad iad na fian\u00e1in a \u00fas\u00e1idimid?<\/a><\/h2>\n\n    <\/div>\n    <div id=\"accordion-ombethdhubu-collapse-cad-iad-na-fianain-a-usaidimid\" class=\"collapse\" aria-labelledby=\"heading-cad-iad-na-fianain-a-usaidimid\" data-parent=\"#accordion-ombethdhubu\" style=\"\">\n        <div class=\"card-body\">\n            <p>\u00das\u00e1idimid fian\u00e1in seisi\u00fain ar fian\u00e1in shealadacha iad agus cr\u00edochna\u00edonn siad nuair a fh\u00e1gann t\u00fa \u00e1r su\u00edomh gr\u00e9as\u00e1in. An ch\u00e9ad am eile a thabharfaidh t\u00fa cuairt ar \u00e1r su\u00edomh gr\u00e9as\u00e1in, beidh t\u00fa i do chuairteoir \u00far ar fad. N\u00ed st\u00f3r\u00e1lann na fian\u00e1in seo aon sonra\u00ed pearsanta.<\/p>\n\n        <\/div>\n    <\/div>\n<\/div><\/div>[vc_column_text]\u00das\u00e1idimid faisn\u00e9is ar bith a bhail\u00edmid chun cr\u00edocha staidrimh agus riarach\u00e1in amh\u00e1in.&nbsp; N\u00ed dh\u00e9anfaidh Oifig an Sti\u00farth\u00f3ra Ionch\u00faiseamh Poibl\u00ed iarracht ar bith cuairteoir\u00ed aonair a aithint, n\u00f3 na sonra\u00ed teicni\u00fala at\u00e1 liostaithe thuas a cheangal le duine aonair ar bith in imscr\u00fad\u00fa ar \u00fas\u00e1id mh\u00edchu\u00ed n\u00f3 mhail\u00edseach ar bith as su\u00edomh gr\u00e9as\u00e1in Oifig an Sti\u00farth\u00f3ir Ionch\u00faiseamh Poibl\u00ed f\u00e9in.&nbsp; Is \u00e9 beartas na hOifige gan faisn\u00e9is theicni\u00fail ar bith a nochtadh i nd\u00e1il le cuairteoir\u00ed aonair ar an su\u00edomh gr\u00e9as\u00e1in chuig tr\u00ed\u00fa p\u00e1irt\u00ed ar bith, mura bhfuil oibleag\u00e1id dhl\u00edthi\u00fail ann maidir le nochtadh d\u00e1 leith\u00e9id a dh\u00e9anamh.[\/vc_column_text][\/vc_column][\/vc_row]<\/p>\n<\/div>","protected":false},"excerpt":{"rendered":"<p>[vc_row][vc_column][vc_column_text]Urrama\u00edonn Oifig an Sti\u00farth\u00f3ra Ionch\u00faiseamh Poibl\u00ed cearta agus pr\u00edobh\u00e1ideachais \u00fas\u00e1ideoir\u00ed \u00e1r su\u00edmh ghr\u00e9as\u00e1in.&nbsp; Mar riail ghinear\u00e1lta, n\u00ed bhail\u00edmid faisn\u00e9is phearsanta de chine\u00e1l ar bith \u00f3 chuairteoir\u00ed ar \u00e1r su\u00edomh gr\u00e9as\u00e1in.&nbsp; M\u00e1 fhaighimid faisn\u00e9is phearsanta, \u00fas\u00e1idfimid \u00ed chun na cr\u00edocha ar cuireadh ar f\u00e1il \u00ed amh\u00e1in.&nbsp; N\u00ed chomhroinnimid faisn\u00e9is a fhaighimid le tr\u00ed\u00fa p\u00e1irtithe ar bith.[\/vc_column_text][vc_column_text]\u00das\u00e1idimid &hellip; <a href=\"https:\/\/www.dppireland.ie\/ga\/compliance\/cookie-policy\/\">Continued<\/a><\/p>\n","protected":false},"author":1,"featured_media":0,"parent":10471,"menu_order":2,"comment_status":"closed","ping_status":"closed","template":"","meta":{"_acf_changed":false,"om_disable_all_campaigns":false,"_relevanssi_hide_post":"","_relevanssi_hide_content":"","_relevanssi_pin_for_all":"","_relevanssi_pin_keywords":"","_relevanssi_unpin_keywords":"","_relevanssi_related_keywords":"","_relevanssi_related_include_ids":"","_relevanssi_related_exclude_ids":"","_relevanssi_related_no_append":"","_relevanssi_related_not_related":"","_relevanssi_related_posts":"","_relevanssi_noindex_reason":"","_monsterinsights_skip_tracking":false,"_monsterinsights_sitenote_active":false,"_monsterinsights_sitenote_note":"","_monsterinsights_sitenote_category":0,"_uf_show_specific_survey":0,"_uf_disable_surveys":false,"footnotes":""},"class_list":["post-10461","page","type-page","status-publish","hentry"],"acf":[],"yoast_head":"<!-- This site is optimized with the Yoast SEO plugin v27.6 - https:\/\/yoast.com\/product\/yoast-seo-wordpress\/ -->\n<title>Beartas um Fhian\u00e1in - Office of the Director of Public Prosecutions<\/title>\n<meta name=\"description\" content=\"Office of the Director of Public Prosecutions - Providing a prosecution that is independent, fair and effective\" \/>\n<meta name=\"robots\" content=\"index, follow, max-snippet:-1, max-image-preview:large, max-video-preview:-1\" \/>\n<link rel=\"canonical\" href=\"https:\/\/www.dppireland.ie\/ga\/compliance\/cookie-policy\/\" \/>\n<meta property=\"og:locale\" content=\"ga_IE\" \/>\n<meta property=\"og:type\" content=\"article\" \/>\n<meta property=\"og:title\" content=\"Beartas um Fhian\u00e1in - Office of the Director of Public Prosecutions\" \/>\n<meta property=\"og:description\" content=\"Office of the Director of Public Prosecutions - Providing a prosecution that is independent, fair and effective\" \/>\n<meta property=\"og:url\" content=\"https:\/\/www.dppireland.ie\/ga\/compliance\/cookie-policy\/\" \/>\n<meta property=\"og:site_name\" content=\"Office of the Director of Public Prosecutions\" \/>\n<meta property=\"article:modified_time\" content=\"2022-08-18T15:09:43+00:00\" \/>\n<meta name=\"twitter:card\" content=\"summary_large_image\" \/>\n<meta name=\"twitter:label1\" content=\"Est. reading time\" \/>\n\t<meta name=\"twitter:data1\" content=\"2 minutes\" \/>\n<script type=\"application\/ld+json\" class=\"yoast-schema-graph\">{\"@context\":\"https:\\\/\\\/schema.org\",\"@graph\":[{\"@type\":\"WebPage\",\"@id\":\"https:\\\/\\\/www.dppireland.ie\\\/ga\\\/compliance\\\/cookie-policy\\\/\",\"url\":\"https:\\\/\\\/www.dppireland.ie\\\/ga\\\/compliance\\\/cookie-policy\\\/\",\"name\":\"Beartas um Fhian\u00e1in - Office of the Director of Public Prosecutions\",\"isPartOf\":{\"@id\":\"https:\\\/\\\/www.dppireland.ie\\\/#website\"},\"datePublished\":\"2019-01-24T16:02:12+00:00\",\"dateModified\":\"2022-08-18T15:09:43+00:00\",\"description\":\"Office of the Director of Public Prosecutions - Providing a prosecution that is independent, fair and effective\",\"breadcrumb\":{\"@id\":\"https:\\\/\\\/www.dppireland.ie\\\/ga\\\/compliance\\\/cookie-policy\\\/#breadcrumb\"},\"inLanguage\":\"ga-IE\",\"potentialAction\":[{\"@type\":\"ReadAction\",\"target\":[\"https:\\\/\\\/www.dppireland.ie\\\/ga\\\/compliance\\\/cookie-policy\\\/\"]}]},{\"@type\":\"BreadcrumbList\",\"@id\":\"https:\\\/\\\/www.dppireland.ie\\\/ga\\\/compliance\\\/cookie-policy\\\/#breadcrumb\",\"itemListElement\":[{\"@type\":\"ListItem\",\"position\":1,\"name\":\"Home\",\"item\":\"https:\\\/\\\/www.dppireland.ie\\\/ga\\\/\"},{\"@type\":\"ListItem\",\"position\":2,\"name\":\"Comhlionadh\",\"item\":\"https:\\\/\\\/www.dppireland.ie\\\/ga\\\/compliance\\\/\"},{\"@type\":\"ListItem\",\"position\":3,\"name\":\"Beartas um Fhian\u00e1in\"}]},{\"@type\":\"WebSite\",\"@id\":\"https:\\\/\\\/www.dppireland.ie\\\/#website\",\"url\":\"https:\\\/\\\/www.dppireland.ie\\\/\",\"name\":\"Office of the Director of Public Prosecutions\",\"description\":\"Providing a prosecution that is independent, fair and effective\",\"potentialAction\":[{\"@type\":\"SearchAction\",\"target\":{\"@type\":\"EntryPoint\",\"urlTemplate\":\"https:\\\/\\\/www.dppireland.ie\\\/?s={search_term_string}\"},\"query-input\":{\"@type\":\"PropertyValueSpecification\",\"valueRequired\":true,\"valueName\":\"search_term_string\"}}],\"inLanguage\":\"ga-IE\"}]}<\/script>\n<!-- \/ Yoast SEO plugin. -->","yoast_head_json":{"title":"Beartas um Fhian\u00e1in - Office of the Director of Public Prosecutions","description":"Office of the Director of Public Prosecutions - Providing a prosecution that is independent, fair and effective","robots":{"index":"index","follow":"follow","max-snippet":"max-snippet:-1","max-image-preview":"max-image-preview:large","max-video-preview":"max-video-preview:-1"},"canonical":"https:\/\/www.dppireland.ie\/ga\/compliance\/cookie-policy\/","og_locale":"ga_IE","og_type":"article","og_title":"Beartas um Fhian\u00e1in - Office of the Director of Public Prosecutions","og_description":"Office of the Director of Public Prosecutions - Providing a prosecution that is independent, fair and effective","og_url":"https:\/\/www.dppireland.ie\/ga\/compliance\/cookie-policy\/","og_site_name":"Office of the Director of Public Prosecutions","article_modified_time":"2022-08-18T15:09:43+00:00","twitter_card":"summary_large_image","twitter_misc":{"Est. reading time":"2 minutes"},"schema":{"@context":"https:\/\/schema.org","@graph":[{"@type":"WebPage","@id":"https:\/\/www.dppireland.ie\/ga\/compliance\/cookie-policy\/","url":"https:\/\/www.dppireland.ie\/ga\/compliance\/cookie-policy\/","name":"Beartas um Fhian\u00e1in - Office of the Director of Public Prosecutions","isPartOf":{"@id":"https:\/\/www.dppireland.ie\/#website"},"datePublished":"2019-01-24T16:02:12+00:00","dateModified":"2022-08-18T15:09:43+00:00","description":"Office of the Director of Public Prosecutions - Providing a prosecution that is independent, fair and effective","breadcrumb":{"@id":"https:\/\/www.dppireland.ie\/ga\/compliance\/cookie-policy\/#breadcrumb"},"inLanguage":"ga-IE","potentialAction":[{"@type":"ReadAction","target":["https:\/\/www.dppireland.ie\/ga\/compliance\/cookie-policy\/"]}]},{"@type":"BreadcrumbList","@id":"https:\/\/www.dppireland.ie\/ga\/compliance\/cookie-policy\/#breadcrumb","itemListElement":[{"@type":"ListItem","position":1,"name":"Home","item":"https:\/\/www.dppireland.ie\/ga\/"},{"@type":"ListItem","position":2,"name":"Comhlionadh","item":"https:\/\/www.dppireland.ie\/ga\/compliance\/"},{"@type":"ListItem","position":3,"name":"Beartas um Fhian\u00e1in"}]},{"@type":"WebSite","@id":"https:\/\/www.dppireland.ie\/#website","url":"https:\/\/www.dppireland.ie\/","name":"Office of the Director of Public Prosecutions","description":"Providing a prosecution that is independent, fair and effective","potentialAction":[{"@type":"SearchAction","target":{"@type":"EntryPoint","urlTemplate":"https:\/\/www.dppireland.ie\/?s={search_term_string}"},"query-input":{"@type":"PropertyValueSpecification","valueRequired":true,"valueName":"search_term_string"}}],"inLanguage":"ga-IE"}]}},"jetpack_sharing_enabled":true,"_links":{"self":[{"href":"https:\/\/www.dppireland.ie\/ga\/wp-json\/wp\/v2\/pages\/10461","targetHints":{"allow":["GET"]}}],"collection":[{"href":"https:\/\/www.dppireland.ie\/ga\/wp-json\/wp\/v2\/pages"}],"about":[{"href":"https:\/\/www.dppireland.ie\/ga\/wp-json\/wp\/v2\/types\/page"}],"author":[{"embeddable":true,"href":"https:\/\/www.dppireland.ie\/ga\/wp-json\/wp\/v2\/users\/1"}],"replies":[{"embeddable":true,"href":"https:\/\/www.dppireland.ie\/ga\/wp-json\/wp\/v2\/comments?post=10461"}],"version-history":[{"count":1,"href":"https:\/\/www.dppireland.ie\/ga\/wp-json\/wp\/v2\/pages\/10461\/revisions"}],"predecessor-version":[{"id":10833,"href":"https:\/\/www.dppireland.ie\/ga\/wp-json\/wp\/v2\/pages\/10461\/revisions\/10833"}],"up":[{"embeddable":true,"href":"https:\/\/www.dppireland.ie\/ga\/wp-json\/wp\/v2\/pages\/10471"}],"wp:attachment":[{"href":"https:\/\/www.dppireland.ie\/ga\/wp-json\/wp\/v2\/media?parent=10461"}],"curies":[{"name":"wp","href":"https:\/\/api.w.org\/{rel}","templated":true}]}}