{"id":10460,"date":"2019-01-24T16:15:44","date_gmt":"2019-01-24T16:15:44","guid":{"rendered":"https:\/\/www.dppireland.ie\/director-of-public-prosecutions\/"},"modified":"2022-08-18T16:15:24","modified_gmt":"2022-08-18T15:15:24","slug":"director-of-public-prosecutions","status":"publish","type":"page","link":"https:\/\/www.dppireland.ie\/ga\/contact-us\/director-of-public-prosecutions\/","title":{"rendered":"Sti\u00farth\u00f3ir Ionch\u00faiseamh Poibl\u00ed"},"content":{"rendered":"<div class=\"wpb-content-wrapper\"><p>[vc_row][vc_column][vc_column_text]An Sti\u00farth\u00f3ir Ionch\u00faiseamh Poibl\u00ed<br \/>\n    Oifig an Sti\u00farth\u00f3ra Ionch\u00faiseamh Poibl\u00ed<br \/>\n    B\u00f3thar na hOtharlainne<br \/>\n    Baile \u00c1tha Cliath 7<br \/>\n    D07 FHN8<br \/>\n    \u00c9ire.<\/p>\n<p>Teil: + 353 1 858 8500<br \/>\n    Faics: + 353 1 642 7406<\/p>\n<h2>R\u00edomhphost<\/h2>\n<p>Tabhair ar aird, ar ch\u00faiseanna r\u00fandachta, nach f\u00e9idir le hOifig an Sti\u00farth\u00f3ra Ionch\u00faiseamh Poibl\u00ed glacadh le comhfhreagracht a bhaineann le comhaid ionch\u00faisimh choiri\u00fail a sheoltar le r\u00edomhphost. Ba ch\u00f3ir aon chomhfhreagras a bhaineann le comhaid ionch\u00faisimh choiri\u00fail a bheith i scr\u00edbhinn agus a chur ar aghaidh leis an bpost chuig B\u00f3thar na hOtharlainne mar a thuairisc\u00edtear thuas.<\/p>\n<p>Is f\u00e9idir fiosruithe de chine\u00e1l ginear\u00e1lta a chur le r\u00edomhphost chuig: <a href=\"mailto:dpp@dppireland.ie\">dpp@dppireland.ie<\/a><\/p>\n<p>Is f\u00e9idir fiosruithe as Gaeilge a chur le r\u00edomhphost chuig: <a href=\"mailto:gaeilge@dppireland.ie\">gaeilge@dppireland.ie<\/a>[\/vc_column_text][\/vc_column][\/vc_row]<\/p>\n<\/div>","protected":false},"excerpt":{"rendered":"<p>[vc_row][vc_column][vc_column_text]An Sti\u00farth\u00f3ir Ionch\u00faiseamh Poibl\u00ed Oifig an Sti\u00farth\u00f3ra Ionch\u00faiseamh Poibl\u00ed B\u00f3thar na hOtharlainne Baile \u00c1tha Cliath 7 D07 FHN8 \u00c9ire. Teil: + 353 1 858 8500 Faics: + 353 1 642 7406 R\u00edomhphost Tabhair ar aird, ar ch\u00faiseanna r\u00fandachta, nach f\u00e9idir le hOifig an Sti\u00farth\u00f3ra Ionch\u00faiseamh Poibl\u00ed glacadh le comhfhreagracht a bhaineann le comhaid ionch\u00faisimh choiri\u00fail &hellip; <a href=\"https:\/\/www.dppireland.ie\/ga\/contact-us\/director-of-public-prosecutions\/\">Continued<\/a><\/p>\n","protected":false},"author":1,"featured_media":0,"parent":10507,"menu_order":0,"comment_status":"closed","ping_status":"closed","template":"","meta":{"_acf_changed":false,"om_disable_all_campaigns":false,"_relevanssi_hide_post":"","_relevanssi_hide_content":"","_relevanssi_pin_for_all":"","_relevanssi_pin_keywords":"","_relevanssi_unpin_keywords":"","_relevanssi_related_keywords":"","_relevanssi_related_include_ids":"","_relevanssi_related_exclude_ids":"","_relevanssi_related_no_append":"","_relevanssi_related_not_related":"","_relevanssi_related_posts":"","_relevanssi_noindex_reason":"","_monsterinsights_skip_tracking":false,"_monsterinsights_sitenote_active":false,"_monsterinsights_sitenote_note":"","_monsterinsights_sitenote_category":0,"_uf_show_specific_survey":0,"_uf_disable_surveys":false,"footnotes":""},"class_list":["post-10460","page","type-page","status-publish","hentry"],"acf":[],"yoast_head":"<!-- This site is optimized with the Yoast SEO plugin v27.4 - https:\/\/yoast.com\/product\/yoast-seo-wordpress\/ -->\n<title>Sti\u00farth\u00f3ir Ionch\u00faiseamh Poibl\u00ed - Office of the Director of Public Prosecutions<\/title>\n<meta name=\"description\" content=\"Office of the Director of Public Prosecutions - Providing a prosecution that is independent, fair and effective\" \/>\n<meta name=\"robots\" content=\"index, follow, max-snippet:-1, max-image-preview:large, max-video-preview:-1\" \/>\n<link rel=\"canonical\" href=\"https:\/\/www.dppireland.ie\/ga\/contact-us\/director-of-public-prosecutions\/\" \/>\n<meta property=\"og:locale\" content=\"ga_IE\" \/>\n<meta property=\"og:type\" content=\"article\" \/>\n<meta property=\"og:title\" content=\"Sti\u00farth\u00f3ir Ionch\u00faiseamh Poibl\u00ed - Office of the Director of Public Prosecutions\" \/>\n<meta property=\"og:description\" content=\"Office of the Director of Public Prosecutions - Providing a prosecution that is independent, fair and effective\" \/>\n<meta property=\"og:url\" content=\"https:\/\/www.dppireland.ie\/ga\/contact-us\/director-of-public-prosecutions\/\" \/>\n<meta property=\"og:site_name\" content=\"Office of the Director of Public Prosecutions\" \/>\n<meta property=\"article:modified_time\" content=\"2022-08-18T15:15:24+00:00\" \/>\n<meta name=\"twitter:card\" content=\"summary_large_image\" \/>\n<meta name=\"twitter:label1\" content=\"Est. reading time\" \/>\n\t<meta name=\"twitter:data1\" content=\"1 minute\" \/>\n<script type=\"application\/ld+json\" class=\"yoast-schema-graph\">{\"@context\":\"https:\\\/\\\/schema.org\",\"@graph\":[{\"@type\":\"WebPage\",\"@id\":\"https:\\\/\\\/www.dppireland.ie\\\/ga\\\/contact-us\\\/director-of-public-prosecutions\\\/\",\"url\":\"https:\\\/\\\/www.dppireland.ie\\\/ga\\\/contact-us\\\/director-of-public-prosecutions\\\/\",\"name\":\"Sti\u00farth\u00f3ir Ionch\u00faiseamh Poibl\u00ed - Office of the Director of Public Prosecutions\",\"isPartOf\":{\"@id\":\"https:\\\/\\\/www.dppireland.ie\\\/#website\"},\"datePublished\":\"2019-01-24T16:15:44+00:00\",\"dateModified\":\"2022-08-18T15:15:24+00:00\",\"description\":\"Office of the Director of Public Prosecutions - Providing a prosecution that is independent, fair and effective\",\"breadcrumb\":{\"@id\":\"https:\\\/\\\/www.dppireland.ie\\\/ga\\\/contact-us\\\/director-of-public-prosecutions\\\/#breadcrumb\"},\"inLanguage\":\"ga-IE\",\"potentialAction\":[{\"@type\":\"ReadAction\",\"target\":[\"https:\\\/\\\/www.dppireland.ie\\\/ga\\\/contact-us\\\/director-of-public-prosecutions\\\/\"]}]},{\"@type\":\"BreadcrumbList\",\"@id\":\"https:\\\/\\\/www.dppireland.ie\\\/ga\\\/contact-us\\\/director-of-public-prosecutions\\\/#breadcrumb\",\"itemListElement\":[{\"@type\":\"ListItem\",\"position\":1,\"name\":\"Home\",\"item\":\"https:\\\/\\\/www.dppireland.ie\\\/ga\\\/\"},{\"@type\":\"ListItem\",\"position\":2,\"name\":\"D\u00e9an Teagmh\u00e1il Linn\",\"item\":\"https:\\\/\\\/www.dppireland.ie\\\/ga\\\/contact-us\\\/\"},{\"@type\":\"ListItem\",\"position\":3,\"name\":\"Sti\u00farth\u00f3ir Ionch\u00faiseamh Poibl\u00ed\"}]},{\"@type\":\"WebSite\",\"@id\":\"https:\\\/\\\/www.dppireland.ie\\\/#website\",\"url\":\"https:\\\/\\\/www.dppireland.ie\\\/\",\"name\":\"Office of the Director of Public Prosecutions\",\"description\":\"Providing a prosecution that is independent, fair and effective\",\"potentialAction\":[{\"@type\":\"SearchAction\",\"target\":{\"@type\":\"EntryPoint\",\"urlTemplate\":\"https:\\\/\\\/www.dppireland.ie\\\/?s={search_term_string}\"},\"query-input\":{\"@type\":\"PropertyValueSpecification\",\"valueRequired\":true,\"valueName\":\"search_term_string\"}}],\"inLanguage\":\"ga-IE\"}]}<\/script>\n<!-- \/ Yoast SEO plugin. -->","yoast_head_json":{"title":"Sti\u00farth\u00f3ir Ionch\u00faiseamh Poibl\u00ed - Office of the Director of Public Prosecutions","description":"Office of the Director of Public Prosecutions - Providing a prosecution that is independent, fair and effective","robots":{"index":"index","follow":"follow","max-snippet":"max-snippet:-1","max-image-preview":"max-image-preview:large","max-video-preview":"max-video-preview:-1"},"canonical":"https:\/\/www.dppireland.ie\/ga\/contact-us\/director-of-public-prosecutions\/","og_locale":"ga_IE","og_type":"article","og_title":"Sti\u00farth\u00f3ir Ionch\u00faiseamh Poibl\u00ed - Office of the Director of Public Prosecutions","og_description":"Office of the Director of Public Prosecutions - Providing a prosecution that is independent, fair and effective","og_url":"https:\/\/www.dppireland.ie\/ga\/contact-us\/director-of-public-prosecutions\/","og_site_name":"Office of the Director of Public Prosecutions","article_modified_time":"2022-08-18T15:15:24+00:00","twitter_card":"summary_large_image","twitter_misc":{"Est. reading time":"1 minute"},"schema":{"@context":"https:\/\/schema.org","@graph":[{"@type":"WebPage","@id":"https:\/\/www.dppireland.ie\/ga\/contact-us\/director-of-public-prosecutions\/","url":"https:\/\/www.dppireland.ie\/ga\/contact-us\/director-of-public-prosecutions\/","name":"Sti\u00farth\u00f3ir Ionch\u00faiseamh Poibl\u00ed - Office of the Director of Public Prosecutions","isPartOf":{"@id":"https:\/\/www.dppireland.ie\/#website"},"datePublished":"2019-01-24T16:15:44+00:00","dateModified":"2022-08-18T15:15:24+00:00","description":"Office of the Director of Public Prosecutions - Providing a prosecution that is independent, fair and effective","breadcrumb":{"@id":"https:\/\/www.dppireland.ie\/ga\/contact-us\/director-of-public-prosecutions\/#breadcrumb"},"inLanguage":"ga-IE","potentialAction":[{"@type":"ReadAction","target":["https:\/\/www.dppireland.ie\/ga\/contact-us\/director-of-public-prosecutions\/"]}]},{"@type":"BreadcrumbList","@id":"https:\/\/www.dppireland.ie\/ga\/contact-us\/director-of-public-prosecutions\/#breadcrumb","itemListElement":[{"@type":"ListItem","position":1,"name":"Home","item":"https:\/\/www.dppireland.ie\/ga\/"},{"@type":"ListItem","position":2,"name":"D\u00e9an Teagmh\u00e1il Linn","item":"https:\/\/www.dppireland.ie\/ga\/contact-us\/"},{"@type":"ListItem","position":3,"name":"Sti\u00farth\u00f3ir Ionch\u00faiseamh Poibl\u00ed"}]},{"@type":"WebSite","@id":"https:\/\/www.dppireland.ie\/#website","url":"https:\/\/www.dppireland.ie\/","name":"Office of the Director of Public Prosecutions","description":"Providing a prosecution that is independent, fair and effective","potentialAction":[{"@type":"SearchAction","target":{"@type":"EntryPoint","urlTemplate":"https:\/\/www.dppireland.ie\/?s={search_term_string}"},"query-input":{"@type":"PropertyValueSpecification","valueRequired":true,"valueName":"search_term_string"}}],"inLanguage":"ga-IE"}]}},"jetpack_sharing_enabled":true,"_links":{"self":[{"href":"https:\/\/www.dppireland.ie\/ga\/wp-json\/wp\/v2\/pages\/10460","targetHints":{"allow":["GET"]}}],"collection":[{"href":"https:\/\/www.dppireland.ie\/ga\/wp-json\/wp\/v2\/pages"}],"about":[{"href":"https:\/\/www.dppireland.ie\/ga\/wp-json\/wp\/v2\/types\/page"}],"author":[{"embeddable":true,"href":"https:\/\/www.dppireland.ie\/ga\/wp-json\/wp\/v2\/users\/1"}],"replies":[{"embeddable":true,"href":"https:\/\/www.dppireland.ie\/ga\/wp-json\/wp\/v2\/comments?post=10460"}],"version-history":[{"count":1,"href":"https:\/\/www.dppireland.ie\/ga\/wp-json\/wp\/v2\/pages\/10460\/revisions"}],"predecessor-version":[{"id":10913,"href":"https:\/\/www.dppireland.ie\/ga\/wp-json\/wp\/v2\/pages\/10460\/revisions\/10913"}],"up":[{"embeddable":true,"href":"https:\/\/www.dppireland.ie\/ga\/wp-json\/wp\/v2\/pages\/10507"}],"wp:attachment":[{"href":"https:\/\/www.dppireland.ie\/ga\/wp-json\/wp\/v2\/media?parent=10460"}],"curies":[{"name":"wp","href":"https:\/\/api.w.org\/{rel}","templated":true}]}}