{"id":10457,"date":"2019-01-24T16:18:03","date_gmt":"2019-01-24T16:18:03","guid":{"rendered":"https:\/\/www.dppireland.ie\/access-officer\/"},"modified":"2025-11-11T12:38:14","modified_gmt":"2025-11-11T12:38:14","slug":"access-officer","status":"publish","type":"page","link":"https:\/\/www.dppireland.ie\/ga\/contact-us\/access-officer\/","title":{"rendered":"Oifigeach Rochtana"},"content":{"rendered":"<div class=\"wpb-content-wrapper\"><p>[vc_row][vc_column][vc_column_text css=&#8221;&#8221;]T\u00e1 Oifigeach Rochtana ceaptha ag Oifig an Sti\u00farth\u00f3ra Ionch\u00faiseamh Poibl\u00ed de r\u00e9ir alt 26(2) den Acht um M\u00edchumas, 2005. T\u00e1 an tOifigeach seo freagrach as c\u00fanamh agus treoir a shol\u00e1thar n\u00f3 a shocr\u00fa, agus a chomhord\u00fa, le haghaidh daoine at\u00e1 faoi mh\u00edchumas agus at\u00e1 ag baint leasa as seirbh\u00eds\u00ed na Roinne. Foinse theagmh\u00e1la at\u00e1 san Oifigeach seo do dhaoine at\u00e1 faoi mh\u00edchumas agus a dteasta\u00edonn uathu leas a bhaint as na seirbh\u00eds\u00ed sin.<\/p>\n<p>Seo a leanas sonra\u00ed teagmh\u00e1la an Oifigigh Rochtana:<\/p>\n<p>Oifigeach Rochtana (Kevin Graham)<br \/>\nOifig an Sti\u00farth\u00f3ra Ionch\u00faiseamh Poibl\u00ed<br \/>\nB\u00f3thar na hOtharlainne<br \/>\nBaile \u00c1tha Cliath 7<br \/>\nD07 FHN8<\/p>\n<p>Teil: 01 858 8500<br \/>\nR\u00edomhphost: <a href=\"mailto:accessofficer@dppireland.ie\">accessofficer@dppireland.ie<\/a>[\/vc_column_text][\/vc_column][\/vc_row]<\/p>\n<\/div>","protected":false},"excerpt":{"rendered":"<p>[vc_row][vc_column][vc_column_text css=&#8221;&#8221;]T\u00e1 Oifigeach Rochtana ceaptha ag Oifig an Sti\u00farth\u00f3ra Ionch\u00faiseamh Poibl\u00ed de r\u00e9ir alt 26(2) den Acht um M\u00edchumas, 2005. T\u00e1 an tOifigeach seo freagrach as c\u00fanamh agus treoir a shol\u00e1thar n\u00f3 a shocr\u00fa, agus a chomhord\u00fa, le haghaidh daoine at\u00e1 faoi mh\u00edchumas agus at\u00e1 ag baint leasa as seirbh\u00eds\u00ed na Roinne. Foinse theagmh\u00e1la at\u00e1 &hellip; <a href=\"https:\/\/www.dppireland.ie\/ga\/contact-us\/access-officer\/\">Continued<\/a><\/p>\n","protected":false},"author":1,"featured_media":0,"parent":10507,"menu_order":0,"comment_status":"closed","ping_status":"closed","template":"","meta":{"_acf_changed":false,"om_disable_all_campaigns":false,"_relevanssi_hide_post":"","_relevanssi_hide_content":"","_relevanssi_pin_for_all":"","_relevanssi_pin_keywords":"","_relevanssi_unpin_keywords":"","_relevanssi_related_keywords":"","_relevanssi_related_include_ids":"","_relevanssi_related_exclude_ids":"","_relevanssi_related_no_append":"","_relevanssi_related_not_related":"","_relevanssi_related_posts":"","_relevanssi_noindex_reason":"","_monsterinsights_skip_tracking":false,"_monsterinsights_sitenote_active":false,"_monsterinsights_sitenote_note":"","_monsterinsights_sitenote_category":0,"_uf_show_specific_survey":0,"_uf_disable_surveys":false,"footnotes":""},"class_list":["post-10457","page","type-page","status-publish","hentry"],"acf":[],"yoast_head":"<!-- This site is optimized with the Yoast SEO plugin v27.4 - https:\/\/yoast.com\/product\/yoast-seo-wordpress\/ -->\n<title>Oifigeach Rochtana - Office of the Director of Public Prosecutions<\/title>\n<meta name=\"description\" content=\"Office of the Director of Public Prosecutions - Providing a prosecution that is independent, fair and effective\" \/>\n<meta name=\"robots\" content=\"index, follow, max-snippet:-1, max-image-preview:large, max-video-preview:-1\" \/>\n<link rel=\"canonical\" href=\"https:\/\/www.dppireland.ie\/ga\/contact-us\/access-officer\/\" \/>\n<meta property=\"og:locale\" content=\"ga_IE\" \/>\n<meta property=\"og:type\" content=\"article\" \/>\n<meta property=\"og:title\" content=\"Oifigeach Rochtana - Office of the Director of Public Prosecutions\" \/>\n<meta property=\"og:description\" content=\"Office of the Director of Public Prosecutions - Providing a prosecution that is independent, fair and effective\" \/>\n<meta property=\"og:url\" content=\"https:\/\/www.dppireland.ie\/ga\/contact-us\/access-officer\/\" \/>\n<meta property=\"og:site_name\" content=\"Office of the Director of Public Prosecutions\" \/>\n<meta property=\"article:modified_time\" content=\"2025-11-11T12:38:14+00:00\" \/>\n<meta name=\"twitter:card\" content=\"summary_large_image\" \/>\n<meta name=\"twitter:label1\" content=\"Est. reading time\" \/>\n\t<meta name=\"twitter:data1\" content=\"1 minute\" \/>\n<script type=\"application\/ld+json\" class=\"yoast-schema-graph\">{\"@context\":\"https:\\\/\\\/schema.org\",\"@graph\":[{\"@type\":\"WebPage\",\"@id\":\"https:\\\/\\\/www.dppireland.ie\\\/ga\\\/contact-us\\\/access-officer\\\/\",\"url\":\"https:\\\/\\\/www.dppireland.ie\\\/ga\\\/contact-us\\\/access-officer\\\/\",\"name\":\"Oifigeach Rochtana - Office of the Director of Public Prosecutions\",\"isPartOf\":{\"@id\":\"https:\\\/\\\/www.dppireland.ie\\\/#website\"},\"datePublished\":\"2019-01-24T16:18:03+00:00\",\"dateModified\":\"2025-11-11T12:38:14+00:00\",\"description\":\"Office of the Director of Public Prosecutions - Providing a prosecution that is independent, fair and effective\",\"breadcrumb\":{\"@id\":\"https:\\\/\\\/www.dppireland.ie\\\/ga\\\/contact-us\\\/access-officer\\\/#breadcrumb\"},\"inLanguage\":\"ga-IE\",\"potentialAction\":[{\"@type\":\"ReadAction\",\"target\":[\"https:\\\/\\\/www.dppireland.ie\\\/ga\\\/contact-us\\\/access-officer\\\/\"]}]},{\"@type\":\"BreadcrumbList\",\"@id\":\"https:\\\/\\\/www.dppireland.ie\\\/ga\\\/contact-us\\\/access-officer\\\/#breadcrumb\",\"itemListElement\":[{\"@type\":\"ListItem\",\"position\":1,\"name\":\"Home\",\"item\":\"https:\\\/\\\/www.dppireland.ie\\\/ga\\\/\"},{\"@type\":\"ListItem\",\"position\":2,\"name\":\"D\u00e9an Teagmh\u00e1il Linn\",\"item\":\"https:\\\/\\\/www.dppireland.ie\\\/ga\\\/contact-us\\\/\"},{\"@type\":\"ListItem\",\"position\":3,\"name\":\"Oifigeach Rochtana\"}]},{\"@type\":\"WebSite\",\"@id\":\"https:\\\/\\\/www.dppireland.ie\\\/#website\",\"url\":\"https:\\\/\\\/www.dppireland.ie\\\/\",\"name\":\"Office of the Director of Public Prosecutions\",\"description\":\"Providing a prosecution that is independent, fair and effective\",\"potentialAction\":[{\"@type\":\"SearchAction\",\"target\":{\"@type\":\"EntryPoint\",\"urlTemplate\":\"https:\\\/\\\/www.dppireland.ie\\\/?s={search_term_string}\"},\"query-input\":{\"@type\":\"PropertyValueSpecification\",\"valueRequired\":true,\"valueName\":\"search_term_string\"}}],\"inLanguage\":\"ga-IE\"}]}<\/script>\n<!-- \/ Yoast SEO plugin. -->","yoast_head_json":{"title":"Oifigeach Rochtana - Office of the Director of Public Prosecutions","description":"Office of the Director of Public Prosecutions - Providing a prosecution that is independent, fair and effective","robots":{"index":"index","follow":"follow","max-snippet":"max-snippet:-1","max-image-preview":"max-image-preview:large","max-video-preview":"max-video-preview:-1"},"canonical":"https:\/\/www.dppireland.ie\/ga\/contact-us\/access-officer\/","og_locale":"ga_IE","og_type":"article","og_title":"Oifigeach Rochtana - Office of the Director of Public Prosecutions","og_description":"Office of the Director of Public Prosecutions - Providing a prosecution that is independent, fair and effective","og_url":"https:\/\/www.dppireland.ie\/ga\/contact-us\/access-officer\/","og_site_name":"Office of the Director of Public Prosecutions","article_modified_time":"2025-11-11T12:38:14+00:00","twitter_card":"summary_large_image","twitter_misc":{"Est. reading time":"1 minute"},"schema":{"@context":"https:\/\/schema.org","@graph":[{"@type":"WebPage","@id":"https:\/\/www.dppireland.ie\/ga\/contact-us\/access-officer\/","url":"https:\/\/www.dppireland.ie\/ga\/contact-us\/access-officer\/","name":"Oifigeach Rochtana - Office of the Director of Public Prosecutions","isPartOf":{"@id":"https:\/\/www.dppireland.ie\/#website"},"datePublished":"2019-01-24T16:18:03+00:00","dateModified":"2025-11-11T12:38:14+00:00","description":"Office of the Director of Public Prosecutions - Providing a prosecution that is independent, fair and effective","breadcrumb":{"@id":"https:\/\/www.dppireland.ie\/ga\/contact-us\/access-officer\/#breadcrumb"},"inLanguage":"ga-IE","potentialAction":[{"@type":"ReadAction","target":["https:\/\/www.dppireland.ie\/ga\/contact-us\/access-officer\/"]}]},{"@type":"BreadcrumbList","@id":"https:\/\/www.dppireland.ie\/ga\/contact-us\/access-officer\/#breadcrumb","itemListElement":[{"@type":"ListItem","position":1,"name":"Home","item":"https:\/\/www.dppireland.ie\/ga\/"},{"@type":"ListItem","position":2,"name":"D\u00e9an Teagmh\u00e1il Linn","item":"https:\/\/www.dppireland.ie\/ga\/contact-us\/"},{"@type":"ListItem","position":3,"name":"Oifigeach Rochtana"}]},{"@type":"WebSite","@id":"https:\/\/www.dppireland.ie\/#website","url":"https:\/\/www.dppireland.ie\/","name":"Office of the Director of Public Prosecutions","description":"Providing a prosecution that is independent, fair and effective","potentialAction":[{"@type":"SearchAction","target":{"@type":"EntryPoint","urlTemplate":"https:\/\/www.dppireland.ie\/?s={search_term_string}"},"query-input":{"@type":"PropertyValueSpecification","valueRequired":true,"valueName":"search_term_string"}}],"inLanguage":"ga-IE"}]}},"jetpack_sharing_enabled":true,"_links":{"self":[{"href":"https:\/\/www.dppireland.ie\/ga\/wp-json\/wp\/v2\/pages\/10457","targetHints":{"allow":["GET"]}}],"collection":[{"href":"https:\/\/www.dppireland.ie\/ga\/wp-json\/wp\/v2\/pages"}],"about":[{"href":"https:\/\/www.dppireland.ie\/ga\/wp-json\/wp\/v2\/types\/page"}],"author":[{"embeddable":true,"href":"https:\/\/www.dppireland.ie\/ga\/wp-json\/wp\/v2\/users\/1"}],"replies":[{"embeddable":true,"href":"https:\/\/www.dppireland.ie\/ga\/wp-json\/wp\/v2\/comments?post=10457"}],"version-history":[{"count":3,"href":"https:\/\/www.dppireland.ie\/ga\/wp-json\/wp\/v2\/pages\/10457\/revisions"}],"predecessor-version":[{"id":27903,"href":"https:\/\/www.dppireland.ie\/ga\/wp-json\/wp\/v2\/pages\/10457\/revisions\/27903"}],"up":[{"embeddable":true,"href":"https:\/\/www.dppireland.ie\/ga\/wp-json\/wp\/v2\/pages\/10507"}],"wp:attachment":[{"href":"https:\/\/www.dppireland.ie\/ga\/wp-json\/wp\/v2\/media?parent=10457"}],"curies":[{"name":"wp","href":"https:\/\/api.w.org\/{rel}","templated":true}]}}