{"id":10450,"date":"2019-04-11T17:37:45","date_gmt":"2019-04-11T16:37:45","guid":{"rendered":"https:\/\/www.dppireland.ie\/state-solicitors\/"},"modified":"2024-03-08T16:01:17","modified_gmt":"2024-03-08T16:01:17","slug":"state-solicitors","status":"publish","type":"page","link":"https:\/\/www.dppireland.ie\/ga\/working-with-us\/state-solicitors\/","title":{"rendered":"Aturnaetha St\u00e1it"},"content":{"rendered":"<div class=\"wpb-content-wrapper\"><p>[vc_row][vc_column][vc_column_text]Is ionann Aturnaetha St\u00e1it agus aturnaetha a oibr\u00edonn i gcleachtadh pr\u00edobh\u00e1ideach agus a fhosta\u00edtear ar bhonn conartha chun gn\u00edomh\u00fa thar ceann an Sti\u00farth\u00f3ra Ionch\u00faiseamh Poibl\u00ed.<\/p>\n<p>Lasmuigh de limist\u00e9ar Bhaile \u00c1tha Cliath, sol\u00e1thra\u00edonn <a href=\"https:\/\/www.dppireland.ie\/ga\/contact-us\/local-state-solicitors\/\"><strong>30 Aturnae St\u00e1it<\/strong><\/a> seirbh\u00eds aturnae don Sti\u00farth\u00f3ir i leith nithe i gC\u00fairteanna Cuarda agus i leith nithe \u00e1irithe i gC\u00fairteanna D\u00faiche. Tr\u00edd is tr\u00edd, is ann d\u2019Aturnae St\u00e1it amh\u00e1in in aghaidh an chontae. I gcontaetha \u00e1irithe, \u00e1fach, scoilteadh limist\u00e9ir Aturnae St\u00e1it chun tosca amhail an daonra a chur san \u00e1ireamh. Mar shampla, t\u00e1 Contae Chorca\u00ed roinnte ina cheithre limist\u00e9ar: Cathair Chorca\u00ed, Corcaigh Thoir Thuaidh, Corcaigh Thoir Theas agus Corcaigh Thiar.<\/p>\n<p>Nuair a thagann fol\u00fantais chun cinn d\u2019Aturnaetha St\u00e1it, f\u00f3gra\u00edmid iad i nuacht\u00e1in n\u00e1isi\u00fanta agus ar an su\u00edomh Gr\u00e9as\u00e1in seo. Iarrtar iarratais agus d\u00e9antar ceapach\u00e1n tar \u00e9is pr\u00f3iseas roghn\u00fach\u00e1in ioma\u00edoch.[\/vc_column_text][\/vc_column][\/vc_row]<\/p>\n<\/div>","protected":false},"excerpt":{"rendered":"<p>[vc_row][vc_column][vc_column_text]Is ionann Aturnaetha St\u00e1it agus aturnaetha a oibr\u00edonn i gcleachtadh pr\u00edobh\u00e1ideach agus a fhosta\u00edtear ar bhonn conartha chun gn\u00edomh\u00fa thar ceann an Sti\u00farth\u00f3ra Ionch\u00faiseamh Poibl\u00ed. Lasmuigh de limist\u00e9ar Bhaile \u00c1tha Cliath, sol\u00e1thra\u00edonn 30 Aturnae St\u00e1it seirbh\u00eds aturnae don Sti\u00farth\u00f3ir i leith nithe i gC\u00fairteanna Cuarda agus i leith nithe \u00e1irithe i gC\u00fairteanna D\u00faiche. Tr\u00edd is &hellip; <a href=\"https:\/\/www.dppireland.ie\/ga\/working-with-us\/state-solicitors\/\">Continued<\/a><\/p>\n","protected":false},"author":1,"featured_media":0,"parent":10502,"menu_order":0,"comment_status":"closed","ping_status":"closed","template":"","meta":{"_acf_changed":false,"om_disable_all_campaigns":false,"_relevanssi_hide_post":"","_relevanssi_hide_content":"","_relevanssi_pin_for_all":"","_relevanssi_pin_keywords":"","_relevanssi_unpin_keywords":"","_relevanssi_related_keywords":"","_relevanssi_related_include_ids":"","_relevanssi_related_exclude_ids":"","_relevanssi_related_no_append":"","_relevanssi_related_not_related":"","_relevanssi_related_posts":"","_relevanssi_noindex_reason":"","_monsterinsights_skip_tracking":false,"_monsterinsights_sitenote_active":false,"_monsterinsights_sitenote_note":"","_monsterinsights_sitenote_category":0,"_uf_show_specific_survey":0,"_uf_disable_surveys":false,"footnotes":""},"class_list":["post-10450","page","type-page","status-publish","hentry"],"acf":[],"yoast_head":"<!-- This site is optimized with the Yoast SEO plugin v27.5 - https:\/\/yoast.com\/product\/yoast-seo-wordpress\/ -->\n<title>Aturnaetha St\u00e1it - Office of the Director of Public Prosecutions<\/title>\n<meta name=\"description\" content=\"Office of the Director of Public Prosecutions - Providing a prosecution that is independent, fair and effective\" \/>\n<meta name=\"robots\" content=\"index, follow, max-snippet:-1, max-image-preview:large, max-video-preview:-1\" \/>\n<link rel=\"canonical\" href=\"https:\/\/www.dppireland.ie\/ga\/working-with-us\/state-solicitors\/\" \/>\n<meta property=\"og:locale\" content=\"ga_IE\" \/>\n<meta property=\"og:type\" content=\"article\" \/>\n<meta property=\"og:title\" content=\"Aturnaetha St\u00e1it - Office of the Director of Public Prosecutions\" \/>\n<meta property=\"og:description\" content=\"Office of the Director of Public Prosecutions - Providing a prosecution that is independent, fair and effective\" \/>\n<meta property=\"og:url\" content=\"https:\/\/www.dppireland.ie\/ga\/working-with-us\/state-solicitors\/\" \/>\n<meta property=\"og:site_name\" content=\"Office of the Director of Public Prosecutions\" \/>\n<meta property=\"article:modified_time\" content=\"2024-03-08T16:01:17+00:00\" \/>\n<meta name=\"twitter:card\" content=\"summary_large_image\" \/>\n<meta name=\"twitter:label1\" content=\"Est. reading time\" \/>\n\t<meta name=\"twitter:data1\" content=\"1 minute\" \/>\n<script type=\"application\/ld+json\" class=\"yoast-schema-graph\">{\"@context\":\"https:\\\/\\\/schema.org\",\"@graph\":[{\"@type\":\"WebPage\",\"@id\":\"https:\\\/\\\/www.dppireland.ie\\\/ga\\\/working-with-us\\\/state-solicitors\\\/\",\"url\":\"https:\\\/\\\/www.dppireland.ie\\\/ga\\\/working-with-us\\\/state-solicitors\\\/\",\"name\":\"Aturnaetha St\u00e1it - Office of the Director of Public Prosecutions\",\"isPartOf\":{\"@id\":\"https:\\\/\\\/www.dppireland.ie\\\/#website\"},\"datePublished\":\"2019-04-11T16:37:45+00:00\",\"dateModified\":\"2024-03-08T16:01:17+00:00\",\"description\":\"Office of the Director of Public Prosecutions - Providing a prosecution that is independent, fair and effective\",\"breadcrumb\":{\"@id\":\"https:\\\/\\\/www.dppireland.ie\\\/ga\\\/working-with-us\\\/state-solicitors\\\/#breadcrumb\"},\"inLanguage\":\"ga-IE\",\"potentialAction\":[{\"@type\":\"ReadAction\",\"target\":[\"https:\\\/\\\/www.dppireland.ie\\\/ga\\\/working-with-us\\\/state-solicitors\\\/\"]}]},{\"@type\":\"BreadcrumbList\",\"@id\":\"https:\\\/\\\/www.dppireland.ie\\\/ga\\\/working-with-us\\\/state-solicitors\\\/#breadcrumb\",\"itemListElement\":[{\"@type\":\"ListItem\",\"position\":1,\"name\":\"Home\",\"item\":\"https:\\\/\\\/www.dppireland.ie\\\/ga\\\/\"},{\"@type\":\"ListItem\",\"position\":2,\"name\":\"Sl\u00ed bheatha linn\",\"item\":\"https:\\\/\\\/www.dppireland.ie\\\/ga\\\/working-with-us\\\/\"},{\"@type\":\"ListItem\",\"position\":3,\"name\":\"Aturnaetha St\u00e1it\"}]},{\"@type\":\"WebSite\",\"@id\":\"https:\\\/\\\/www.dppireland.ie\\\/#website\",\"url\":\"https:\\\/\\\/www.dppireland.ie\\\/\",\"name\":\"Office of the Director of Public Prosecutions\",\"description\":\"Providing a prosecution that is independent, fair and effective\",\"potentialAction\":[{\"@type\":\"SearchAction\",\"target\":{\"@type\":\"EntryPoint\",\"urlTemplate\":\"https:\\\/\\\/www.dppireland.ie\\\/?s={search_term_string}\"},\"query-input\":{\"@type\":\"PropertyValueSpecification\",\"valueRequired\":true,\"valueName\":\"search_term_string\"}}],\"inLanguage\":\"ga-IE\"}]}<\/script>\n<!-- \/ Yoast SEO plugin. -->","yoast_head_json":{"title":"Aturnaetha St\u00e1it - Office of the Director of Public Prosecutions","description":"Office of the Director of Public Prosecutions - Providing a prosecution that is independent, fair and effective","robots":{"index":"index","follow":"follow","max-snippet":"max-snippet:-1","max-image-preview":"max-image-preview:large","max-video-preview":"max-video-preview:-1"},"canonical":"https:\/\/www.dppireland.ie\/ga\/working-with-us\/state-solicitors\/","og_locale":"ga_IE","og_type":"article","og_title":"Aturnaetha St\u00e1it - Office of the Director of Public Prosecutions","og_description":"Office of the Director of Public Prosecutions - Providing a prosecution that is independent, fair and effective","og_url":"https:\/\/www.dppireland.ie\/ga\/working-with-us\/state-solicitors\/","og_site_name":"Office of the Director of Public Prosecutions","article_modified_time":"2024-03-08T16:01:17+00:00","twitter_card":"summary_large_image","twitter_misc":{"Est. reading time":"1 minute"},"schema":{"@context":"https:\/\/schema.org","@graph":[{"@type":"WebPage","@id":"https:\/\/www.dppireland.ie\/ga\/working-with-us\/state-solicitors\/","url":"https:\/\/www.dppireland.ie\/ga\/working-with-us\/state-solicitors\/","name":"Aturnaetha St\u00e1it - Office of the Director of Public Prosecutions","isPartOf":{"@id":"https:\/\/www.dppireland.ie\/#website"},"datePublished":"2019-04-11T16:37:45+00:00","dateModified":"2024-03-08T16:01:17+00:00","description":"Office of the Director of Public Prosecutions - Providing a prosecution that is independent, fair and effective","breadcrumb":{"@id":"https:\/\/www.dppireland.ie\/ga\/working-with-us\/state-solicitors\/#breadcrumb"},"inLanguage":"ga-IE","potentialAction":[{"@type":"ReadAction","target":["https:\/\/www.dppireland.ie\/ga\/working-with-us\/state-solicitors\/"]}]},{"@type":"BreadcrumbList","@id":"https:\/\/www.dppireland.ie\/ga\/working-with-us\/state-solicitors\/#breadcrumb","itemListElement":[{"@type":"ListItem","position":1,"name":"Home","item":"https:\/\/www.dppireland.ie\/ga\/"},{"@type":"ListItem","position":2,"name":"Sl\u00ed bheatha linn","item":"https:\/\/www.dppireland.ie\/ga\/working-with-us\/"},{"@type":"ListItem","position":3,"name":"Aturnaetha St\u00e1it"}]},{"@type":"WebSite","@id":"https:\/\/www.dppireland.ie\/#website","url":"https:\/\/www.dppireland.ie\/","name":"Office of the Director of Public Prosecutions","description":"Providing a prosecution that is independent, fair and effective","potentialAction":[{"@type":"SearchAction","target":{"@type":"EntryPoint","urlTemplate":"https:\/\/www.dppireland.ie\/?s={search_term_string}"},"query-input":{"@type":"PropertyValueSpecification","valueRequired":true,"valueName":"search_term_string"}}],"inLanguage":"ga-IE"}]}},"jetpack_sharing_enabled":true,"_links":{"self":[{"href":"https:\/\/www.dppireland.ie\/ga\/wp-json\/wp\/v2\/pages\/10450","targetHints":{"allow":["GET"]}}],"collection":[{"href":"https:\/\/www.dppireland.ie\/ga\/wp-json\/wp\/v2\/pages"}],"about":[{"href":"https:\/\/www.dppireland.ie\/ga\/wp-json\/wp\/v2\/types\/page"}],"author":[{"embeddable":true,"href":"https:\/\/www.dppireland.ie\/ga\/wp-json\/wp\/v2\/users\/1"}],"replies":[{"embeddable":true,"href":"https:\/\/www.dppireland.ie\/ga\/wp-json\/wp\/v2\/comments?post=10450"}],"version-history":[{"count":2,"href":"https:\/\/www.dppireland.ie\/ga\/wp-json\/wp\/v2\/pages\/10450\/revisions"}],"predecessor-version":[{"id":23109,"href":"https:\/\/www.dppireland.ie\/ga\/wp-json\/wp\/v2\/pages\/10450\/revisions\/23109"}],"up":[{"embeddable":true,"href":"https:\/\/www.dppireland.ie\/ga\/wp-json\/wp\/v2\/pages\/10502"}],"wp:attachment":[{"href":"https:\/\/www.dppireland.ie\/ga\/wp-json\/wp\/v2\/media?parent=10450"}],"curies":[{"name":"wp","href":"https:\/\/api.w.org\/{rel}","templated":true}]}}