{"id":10449,"date":"2019-07-01T12:52:54","date_gmt":"2019-07-01T11:52:54","guid":{"rendered":"https:\/\/www.dppireland.ie\/organisation-chart\/"},"modified":"2026-04-07T09:43:58","modified_gmt":"2026-04-07T08:43:58","slug":"organisation-chart","status":"publish","type":"page","link":"https:\/\/www.dppireland.ie\/ga\/about-us\/organisation-chart\/","title":{"rendered":"Cairt Eagr\u00fach\u00e1in"},"content":{"rendered":"<div class=\"wpb-content-wrapper\"><p>[vc_row][vc_column][vc_column_text css=&#8221;&#8221;]Le haghaidh l\u00e9iri\u00fa amhairc ar \u00e1r gCairt Eagra\u00edochta <a href=\"https:\/\/www.dppireland.ie\/app\/uploads\/2026\/04\/Organisation-Chart-April-2026-irl-scaled.jpg\"><strong>clice\u00e1il anseo<\/strong><\/a> le do thoil.<\/p>\n<h3>AN STI\u00daRTH\u00d3IR IONCH\u00daISEAMH POIBL\u00cd<br \/>\nCatherine Pierse<\/h3>\n<h3>AN LEAS-STI\u00daRTH\u00d3IR IONCH\u00daISEAMH POIBL\u00cd<br \/>\nHelena Kiely (ag gn\u00edomh\u00fa)<\/h3>\n<h3>RANN\u00c1N NA dTREORACHA AGUS AONAID SPEISIALAITHE<\/h3>\n<p><strong>Ceann na Rann\u00e1n na dTreoracha agus Aonaid Speisialaithe:<\/strong> John Kinsella<br \/>\n<strong>Ceannasaithe na n-Aonad:<\/strong> Raymond Briscoe, Padraic Taylor<\/p>\n<p><strong>An tAonad Speisialta Airgeadais:<\/strong> Henry Matthews (Ceann Aonaid)<br \/>\n<strong>An tAonad Chionta Tromch\u00faiseacha agus Gn\u00e9asacha: <\/strong>Noreen Landers (Ceann Aonaid)<\/p>\n<h3>RANN\u00c1N NA nATURNAETHA<\/h3>\n<p><strong>An Pr\u00edomh-Aturnae Ionch\u00faisimh:<\/strong> Liam Mulholland (ag gn\u00edomh\u00fa)<br \/>\n<strong>Rann\u00f3g Achomhairc:<\/strong> Mair\u00e9ad Cotter (Ceann na Rann\u00f3ige)<br \/>\n<strong>Rann\u00f3g na C\u00fairte Cuarda:<\/strong> Liam Sheridan (Ceann na Rann\u00f3ige)<br \/>\n<strong>Rann\u00f3g na C\u00fairte D\u00faiche:<\/strong> Jane Farrell (Ceann na Rann\u00f3ige)<br \/>\n<strong>Rann\u00f3g Athbhreithnithe Breithi\u00fanach:<\/strong> Terence Hamilton (Ceann na Rann\u00f3ige)<br \/>\n<strong>An tAonad Taca\u00edochta na nAturnaetha St\u00e1it: <\/strong>Stephanie O&#8217;Brien (Ceann Aonaid)<strong><br \/>\n<\/strong><\/p>\n<h3>RANN\u00c1N NA SEIRBH\u00cdS\u00cd TACA\u00cdOCHTA IONCH\u00daISEAMH<\/h3>\n<p><strong>Ceann na Rann\u00e1n na Seirbh\u00eds\u00ed Taca\u00edochta Ionch\u00faiseamh<\/strong><strong>:<\/strong> Nicholas Donnelly<br \/>\n<strong>An tAonad um Chosaint Sonra\u00ed:<\/strong> Edel Golden (Ceann Aonaid)<br \/>\n<strong>An tAonad Idirn\u00e1isi\u00fanta:<\/strong> Christina Cullen (Ceann Aonaid)<br \/>\n<strong>Aonad an Pholasa\u00ed &amp; Taighde:<\/strong> Claire O&#8217;Regan (Ceann Aonaid)<br \/>\n<strong>\u00a0 \u00a0 Leabharlann:<\/strong> Paolo Defant<br \/>\n<strong>\u00a0 \u00a0 Taighde Dl\u00ed &amp; Bainist\u00edochta Eolais: <\/strong>Cillian Blake<br \/>\n<strong>An tAonad um Chaighde\u00e1in Ionch\u00faisimh: <\/strong>Helen Kealy (Ceann Aonaid)<strong><br \/>\nAn tAonad Idirchaidrimh \u00cdospartaigh:<\/strong> Susan Hudson (Ceann Aonaid)<\/p>\n<h3>AN RANN\u00c1N SEIRBH\u00cdS\u00cd CORPAR\u00c1IDEACHA<\/h3>\n<p><strong>Ceann na Rann\u00f3ige Seirbh\u00eds\u00ed Corpar\u00e1ideacha:<\/strong>\u00a0Brian O\u2019Malley<br \/>\n<strong>An tAonad Airgeadais:<\/strong>John Byrne (Ceann Aonaid)<strong><br \/>\nAn tAonad Rialachais agus Cumars\u00e1ide:<\/strong> Orlagh Flood (Ceann Aonaid)<br \/>\n<strong>An tAonad Acmhainn\u00ed Daonna &amp; Forbartha Eagra\u00edochta:<\/strong> Janet Buckley (Ceann Aonaid)<br \/>\n<strong>An tAonad Teicneolaochta:<\/strong> Paul Spring (Ceann Aonaid)<br \/>\n<strong>An tAonad Eagr\u00fach\u00e1in &amp; Seirbh\u00eds\u00ed Ginear\u00e1lta:<\/strong> Joe Mulligan (Ceann Aonaid)<br \/>\n<strong>An tAonad Strait\u00e9is:<\/strong> Elaine Monaghan (Ceann Aonaid)[\/vc_column_text][\/vc_column][\/vc_row]<\/p>\n<\/div>","protected":false},"excerpt":{"rendered":"<p>[vc_row][vc_column][vc_column_text css=&#8221;&#8221;]Le haghaidh l\u00e9iri\u00fa amhairc ar \u00e1r gCairt Eagra\u00edochta clice\u00e1il anseo le do thoil. AN STI\u00daRTH\u00d3IR IONCH\u00daISEAMH POIBL\u00cd Catherine Pierse AN LEAS-STI\u00daRTH\u00d3IR IONCH\u00daISEAMH POIBL\u00cd Helena Kiely (ag gn\u00edomh\u00fa) RANN\u00c1N NA dTREORACHA AGUS AONAID SPEISIALAITHE Ceann na Rann\u00e1n na dTreoracha agus Aonaid Speisialaithe: John Kinsella Ceannasaithe na n-Aonad: Raymond Briscoe, Padraic Taylor An tAonad Speisialta Airgeadais: &hellip; <a href=\"https:\/\/www.dppireland.ie\/ga\/about-us\/organisation-chart\/\">Continued<\/a><\/p>\n","protected":false},"author":1,"featured_media":0,"parent":13233,"menu_order":2,"comment_status":"closed","ping_status":"closed","template":"","meta":{"_acf_changed":false,"om_disable_all_campaigns":false,"_relevanssi_hide_post":"","_relevanssi_hide_content":"","_relevanssi_pin_for_all":"","_relevanssi_pin_keywords":"","_relevanssi_unpin_keywords":"","_relevanssi_related_keywords":"","_relevanssi_related_include_ids":"","_relevanssi_related_exclude_ids":"","_relevanssi_related_no_append":"","_relevanssi_related_not_related":"","_relevanssi_related_posts":"","_relevanssi_noindex_reason":"","_monsterinsights_skip_tracking":false,"_monsterinsights_sitenote_active":false,"_monsterinsights_sitenote_note":"","_monsterinsights_sitenote_category":0,"_uf_show_specific_survey":0,"_uf_disable_surveys":false,"footnotes":""},"class_list":["post-10449","page","type-page","status-publish","hentry"],"acf":[],"yoast_head":"<!-- This site is optimized with the Yoast SEO plugin v27.4 - https:\/\/yoast.com\/product\/yoast-seo-wordpress\/ -->\n<title>Cairt Eagr\u00fach\u00e1in - Office of the Director of Public Prosecutions<\/title>\n<meta name=\"description\" content=\"Office of the Director of Public Prosecutions - Providing a prosecution that is independent, fair and effective\" \/>\n<meta name=\"robots\" content=\"index, follow, max-snippet:-1, max-image-preview:large, max-video-preview:-1\" \/>\n<link rel=\"canonical\" href=\"https:\/\/www.dppireland.ie\/ga\/about-us\/organisation-chart\/\" \/>\n<meta property=\"og:locale\" content=\"ga_IE\" \/>\n<meta property=\"og:type\" content=\"article\" \/>\n<meta property=\"og:title\" content=\"Cairt Eagr\u00fach\u00e1in - Office of the Director of Public Prosecutions\" \/>\n<meta property=\"og:description\" content=\"Office of the Director of Public Prosecutions - Providing a prosecution that is independent, fair and effective\" \/>\n<meta property=\"og:url\" content=\"https:\/\/www.dppireland.ie\/ga\/about-us\/organisation-chart\/\" \/>\n<meta property=\"og:site_name\" content=\"Office of the Director of Public Prosecutions\" \/>\n<meta property=\"article:modified_time\" content=\"2026-04-07T08:43:58+00:00\" \/>\n<meta name=\"twitter:card\" content=\"summary_large_image\" \/>\n<meta name=\"twitter:label1\" content=\"Est. reading time\" \/>\n\t<meta name=\"twitter:data1\" content=\"2 minutes\" \/>\n<script type=\"application\/ld+json\" class=\"yoast-schema-graph\">{\"@context\":\"https:\\\/\\\/schema.org\",\"@graph\":[{\"@type\":\"WebPage\",\"@id\":\"https:\\\/\\\/www.dppireland.ie\\\/ga\\\/about-us\\\/organisation-chart\\\/\",\"url\":\"https:\\\/\\\/www.dppireland.ie\\\/ga\\\/about-us\\\/organisation-chart\\\/\",\"name\":\"Cairt Eagr\u00fach\u00e1in - Office of the Director of Public Prosecutions\",\"isPartOf\":{\"@id\":\"https:\\\/\\\/www.dppireland.ie\\\/#website\"},\"datePublished\":\"2019-07-01T11:52:54+00:00\",\"dateModified\":\"2026-04-07T08:43:58+00:00\",\"description\":\"Office of the Director of Public Prosecutions - Providing a prosecution that is independent, fair and effective\",\"breadcrumb\":{\"@id\":\"https:\\\/\\\/www.dppireland.ie\\\/ga\\\/about-us\\\/organisation-chart\\\/#breadcrumb\"},\"inLanguage\":\"ga-IE\",\"potentialAction\":[{\"@type\":\"ReadAction\",\"target\":[\"https:\\\/\\\/www.dppireland.ie\\\/ga\\\/about-us\\\/organisation-chart\\\/\"]}]},{\"@type\":\"BreadcrumbList\",\"@id\":\"https:\\\/\\\/www.dppireland.ie\\\/ga\\\/about-us\\\/organisation-chart\\\/#breadcrumb\",\"itemListElement\":[{\"@type\":\"ListItem\",\"position\":1,\"name\":\"Home\",\"item\":\"https:\\\/\\\/www.dppireland.ie\\\/ga\\\/\"},{\"@type\":\"ListItem\",\"position\":2,\"name\":\"Maidir Linne\",\"item\":\"https:\\\/\\\/www.dppireland.ie\\\/ga\\\/about-us\\\/\"},{\"@type\":\"ListItem\",\"position\":3,\"name\":\"Cairt Eagr\u00fach\u00e1in\"}]},{\"@type\":\"WebSite\",\"@id\":\"https:\\\/\\\/www.dppireland.ie\\\/#website\",\"url\":\"https:\\\/\\\/www.dppireland.ie\\\/\",\"name\":\"Office of the Director of Public Prosecutions\",\"description\":\"Providing a prosecution that is independent, fair and effective\",\"potentialAction\":[{\"@type\":\"SearchAction\",\"target\":{\"@type\":\"EntryPoint\",\"urlTemplate\":\"https:\\\/\\\/www.dppireland.ie\\\/?s={search_term_string}\"},\"query-input\":{\"@type\":\"PropertyValueSpecification\",\"valueRequired\":true,\"valueName\":\"search_term_string\"}}],\"inLanguage\":\"ga-IE\"}]}<\/script>\n<!-- \/ Yoast SEO plugin. -->","yoast_head_json":{"title":"Cairt Eagr\u00fach\u00e1in - Office of the Director of Public Prosecutions","description":"Office of the Director of Public Prosecutions - Providing a prosecution that is independent, fair and effective","robots":{"index":"index","follow":"follow","max-snippet":"max-snippet:-1","max-image-preview":"max-image-preview:large","max-video-preview":"max-video-preview:-1"},"canonical":"https:\/\/www.dppireland.ie\/ga\/about-us\/organisation-chart\/","og_locale":"ga_IE","og_type":"article","og_title":"Cairt Eagr\u00fach\u00e1in - Office of the Director of Public Prosecutions","og_description":"Office of the Director of Public Prosecutions - Providing a prosecution that is independent, fair and effective","og_url":"https:\/\/www.dppireland.ie\/ga\/about-us\/organisation-chart\/","og_site_name":"Office of the Director of Public Prosecutions","article_modified_time":"2026-04-07T08:43:58+00:00","twitter_card":"summary_large_image","twitter_misc":{"Est. reading time":"2 minutes"},"schema":{"@context":"https:\/\/schema.org","@graph":[{"@type":"WebPage","@id":"https:\/\/www.dppireland.ie\/ga\/about-us\/organisation-chart\/","url":"https:\/\/www.dppireland.ie\/ga\/about-us\/organisation-chart\/","name":"Cairt Eagr\u00fach\u00e1in - Office of the Director of Public Prosecutions","isPartOf":{"@id":"https:\/\/www.dppireland.ie\/#website"},"datePublished":"2019-07-01T11:52:54+00:00","dateModified":"2026-04-07T08:43:58+00:00","description":"Office of the Director of Public Prosecutions - Providing a prosecution that is independent, fair and effective","breadcrumb":{"@id":"https:\/\/www.dppireland.ie\/ga\/about-us\/organisation-chart\/#breadcrumb"},"inLanguage":"ga-IE","potentialAction":[{"@type":"ReadAction","target":["https:\/\/www.dppireland.ie\/ga\/about-us\/organisation-chart\/"]}]},{"@type":"BreadcrumbList","@id":"https:\/\/www.dppireland.ie\/ga\/about-us\/organisation-chart\/#breadcrumb","itemListElement":[{"@type":"ListItem","position":1,"name":"Home","item":"https:\/\/www.dppireland.ie\/ga\/"},{"@type":"ListItem","position":2,"name":"Maidir Linne","item":"https:\/\/www.dppireland.ie\/ga\/about-us\/"},{"@type":"ListItem","position":3,"name":"Cairt Eagr\u00fach\u00e1in"}]},{"@type":"WebSite","@id":"https:\/\/www.dppireland.ie\/#website","url":"https:\/\/www.dppireland.ie\/","name":"Office of the Director of Public Prosecutions","description":"Providing a prosecution that is independent, fair and effective","potentialAction":[{"@type":"SearchAction","target":{"@type":"EntryPoint","urlTemplate":"https:\/\/www.dppireland.ie\/?s={search_term_string}"},"query-input":{"@type":"PropertyValueSpecification","valueRequired":true,"valueName":"search_term_string"}}],"inLanguage":"ga-IE"}]}},"jetpack_sharing_enabled":true,"_links":{"self":[{"href":"https:\/\/www.dppireland.ie\/ga\/wp-json\/wp\/v2\/pages\/10449","targetHints":{"allow":["GET"]}}],"collection":[{"href":"https:\/\/www.dppireland.ie\/ga\/wp-json\/wp\/v2\/pages"}],"about":[{"href":"https:\/\/www.dppireland.ie\/ga\/wp-json\/wp\/v2\/types\/page"}],"author":[{"embeddable":true,"href":"https:\/\/www.dppireland.ie\/ga\/wp-json\/wp\/v2\/users\/1"}],"replies":[{"embeddable":true,"href":"https:\/\/www.dppireland.ie\/ga\/wp-json\/wp\/v2\/comments?post=10449"}],"version-history":[{"count":41,"href":"https:\/\/www.dppireland.ie\/ga\/wp-json\/wp\/v2\/pages\/10449\/revisions"}],"predecessor-version":[{"id":28533,"href":"https:\/\/www.dppireland.ie\/ga\/wp-json\/wp\/v2\/pages\/10449\/revisions\/28533"}],"up":[{"embeddable":true,"href":"https:\/\/www.dppireland.ie\/ga\/wp-json\/wp\/v2\/pages\/13233"}],"wp:attachment":[{"href":"https:\/\/www.dppireland.ie\/ga\/wp-json\/wp\/v2\/media?parent=10449"}],"curies":[{"name":"wp","href":"https:\/\/api.w.org\/{rel}","templated":true}]}}