{"id":10445,"date":"2021-05-10T16:19:41","date_gmt":"2021-05-10T15:19:41","guid":{"rendered":"https:\/\/www.dppireland.ie\/complaints-policy\/"},"modified":"2026-05-11T14:54:14","modified_gmt":"2026-05-11T13:54:14","slug":"complaints-policy","status":"publish","type":"page","link":"https:\/\/www.dppireland.ie\/ga\/compliance\/complaints-policy\/","title":{"rendered":"Beartas Aiseolais agus Gear\u00e1n"},"content":{"rendered":"<div class=\"wpb-content-wrapper\"><p>[vc_row][vc_column][vc_column_text css=&#8221;&#8221;]T\u00e1 Oifig an Sti\u00farth\u00f3ra Ionch\u00faiseamh Poibl\u00ed tiomanta do bheith inrochtana agus sofhreagrach d&#8217;\u00edospartaigh na coireachta, d&#8217;fhinn\u00e9ithe agus do ph\u00e1irtithe leasmhara sa phr\u00f3iseas ionch\u00faisimh. T\u00e1imid ag s\u00fail le haiseolas a fh\u00e1il faoin\u00e1r gcuid oibre agus f\u00e1ilt\u00edmid roimh do thuairim faoin\u00e1r seirbh\u00eds agus faoi do thaith\u00ed \u2013 an m\u00e9id a d\u2019oibrigh go maith agus an m\u00e9id a d\u2019fh\u00e9adfa\u00ed a fheabhs\u00fa.<\/p>\n<p>M\u00edn\u00edtear agus taca\u00edtear sa bheartas seo le cearta na ndaoine a mb\u00edmid ag d\u00e9ile\u00e1il leo \u2013 go h\u00e1irithe \u00edospartaigh na coireachta \u2013 chun aiseolas a shol\u00e1thar, idir aiseolas dearfach agus aiseolas di\u00faltach ar \u00e1r seirbh\u00eds, n\u00f3 chun gear\u00e1n a dh\u00e9anamh.[\/vc_column_text]<div id=\"accordion-oage-yuh3oe\" class=\"accordion\">\n    <div class=\"card\">\n    <div class=\"card-header\" id=\"heading-cad-a-chumhdaitear-leis-an-mbeartas-aiseolais-agus-gearan-seo\">\n\n        <h2 class=\"mb-0\"><a class=\"collapsed\" href=\"#accordion-oage-yuh3oe-collapse-cad-a-chumhdaitear-leis-an-mbeartas-aiseolais-agus-gearan-seo\" data-toggle=\"collapse\" data-target=\"#accordion-oage-yuh3oe-collapse-cad-a-chumhdaitear-leis-an-mbeartas-aiseolais-agus-gearan-seo\" aria-expanded=\"false\" aria-controls=\"accordion-oage-yuh3oe-collapse-cad-a-chumhdaitear-leis-an-mbeartas-aiseolais-agus-gearan-seo\">Cad a chumhda\u00edtear leis an mBeartas Aiseolais agus Gear\u00e1n seo?<\/a><\/h2>\n\n    <\/div>\n    <div id=\"accordion-oage-yuh3oe-collapse-cad-a-chumhdaitear-leis-an-mbeartas-aiseolais-agus-gearan-seo\" class=\"collapse\" aria-labelledby=\"heading-cad-a-chumhdaitear-leis-an-mbeartas-aiseolais-agus-gearan-seo\" data-parent=\"#accordion-oage-yuh3oe\" style=\"\">\n        <div class=\"card-body\">\n            <p>Cumhda\u00edonn an beartas seo gear\u00e1in faoi <strong>sheirbh\u00eds a shol\u00e1thair<\/strong> Oifig an DPP a imr\u00edonn tionchar d\u00edreach ort. Mar shampla, d\u2019fh\u00e9adfadh gear\u00e1in baint le freagairt mhoillithe a thabhairt ar litir a sheol t\u00fa chugainn, n\u00f3 b\u2019fh\u00e9idir go mbraitheann t\u00fa n\u00e1r freastala\u00edodh ar do chuid ceart mar \u00edospartach.<\/p>\n<p>Cl\u00fada\u00edonn an beartas seo aon chumars\u00e1id a chuireann m\u00edsh\u00e1stacht n\u00f3 c\u00e1ineadh in i\u00fal maidir leis na <strong>seirbh\u00eds\u00ed a shol\u00e1thra\u00edonn<\/strong> Oifig an Sti\u00farth\u00f3ra Ionch\u00faiseamh Poibl\u00ed a mb\u00edonn tionchar d\u00edreach acu ort. Mar shampla, d\u2019fh\u00e9adfadh baint a bheith ag an aiseolas sin leis na nithe seo a leanas:<\/p>\n<ul>\n<li>\u00c9ifeachtacht agus \u00e9ifeacht\u00falacht obair na seirbh\u00edse ionch\u00faisimh; mar shampla, freagra moillithe ar litir a sheol t\u00fa chugainn, n\u00f3 b&#8217;fh\u00e9idir go mbraitheann t\u00fa n\u00e1r comhl\u00edonadh do chearta mar \u00edospartach.<\/li>\n<li>An chaoi ar chaith ball foirne de chuid Oifig an Sti\u00farth\u00f3ra Ionch\u00faiseamh Poibl\u00ed n\u00f3 duine a bh\u00ed ag gn\u00edomh\u00fa ar \u00e1r son, mar shampla, aturnae st\u00e1it, n\u00f3 abhc\u00f3ide faoi threoir Oifig an Sti\u00farth\u00f3ra Ionch\u00faiseamh Poibl\u00ed, le duine.<\/li>\n<li>Aon mhainneachtain clo\u00ed leis an gC\u00f3d Eitice. T\u00e1 C\u00f3d Eitice Oifig an Sti\u00farth\u00f3ra Ionch\u00faiseamh Poibl\u00ed ar f\u00e1il ach clice\u00e1il anseo. T\u00e1 C\u00f3d Eitice Oifig an Sti\u00farth\u00f3ra Ionch\u00faiseamh Poibl\u00ed ar f\u00e1il ach clice\u00e1il <a style=\"background-color: #ffffff; font-size: 1rem;\" href=\"https:\/\/www.dppireland.ie\/app\/uploads\/2023\/02\/Guidelines-for-Prosecutors-5th-Edition-irl.pdf\"><strong>anseo<\/strong><\/a><span style=\"font-size: 1rem;\">.<\/span><\/li>\n<\/ul>\n\n        <\/div>\n    <\/div>\n<\/div><div class=\"card\">\n    <div class=\"card-header\" id=\"heading-cad-nach-gcumhdaitear-leis-an-mbeartas-aiseolais-agus-gearan-seo\">\n\n        <h2 class=\"mb-0\"><a class=\"collapsed\" href=\"#accordion-oage-yuh3oe-collapse-cad-nach-gcumhdaitear-leis-an-mbeartas-aiseolais-agus-gearan-seo\" data-toggle=\"collapse\" data-target=\"#accordion-oage-yuh3oe-collapse-cad-nach-gcumhdaitear-leis-an-mbeartas-aiseolais-agus-gearan-seo\" aria-expanded=\"false\" aria-controls=\"accordion-oage-yuh3oe-collapse-cad-nach-gcumhdaitear-leis-an-mbeartas-aiseolais-agus-gearan-seo\">Cad nach gcumhda\u00edtear leis an mBeartas Aiseolais agus Gear\u00e1n seo?<\/a><\/h2>\n\n    <\/div>\n    <div id=\"accordion-oage-yuh3oe-collapse-cad-nach-gcumhdaitear-leis-an-mbeartas-aiseolais-agus-gearan-seo\" class=\"collapse\" aria-labelledby=\"heading-cad-nach-gcumhdaitear-leis-an-mbeartas-aiseolais-agus-gearan-seo\" data-parent=\"#accordion-oage-yuh3oe\" style=\"\">\n        <div class=\"card-body\">\n            <p>N\u00ed chl\u00fada\u00edonn an beartas seo m\u00edsh\u00e1stacht le <strong>cinnt\u00ed chun ionch\u00faiseamh a dh\u00e9anamh n\u00f3 gan ionch\u00faiseamh a dh\u00e9anamh<\/strong>.<\/p>\n<p>M\u00e1s \u00edospartach coireachta th\u00fa (n\u00f3 ball teaghlaigh \u00edospartaigh i gc\u00e1s marfach) agus m\u00e1 t\u00e1 t\u00fa m\u00edsh\u00e1sta le cinneadh gan ionch\u00faiseamh a dh\u00e9anamh, t\u00e1 pr\u00f3iseas difri\u00fail ann tr\u00ednar f\u00e9idir leat achoimre a iarraidh orainn ar na c\u00faiseanna at\u00e1 leis an gcinneadh n\u00f3 le hathbhreithni\u00fa a dh\u00e9anamh ar an gcinneadh. Is f\u00e9idir leat n\u00edos m\u00f3 a fhoghlaim faoi conas \u00e9 seo a dh\u00e9anamh ar an gcuid <a href=\"https:\/\/www.dppireland.ie\/ga\/victims-witnesses\/decisions-not-to-procecute\/\">Cinnt\u00ed gan Ionch\u00faiseamh a Dh\u00e9anamh<\/a> ar \u00e1r su\u00edomh Gr\u00e9as\u00e1in.<\/p>\n<p>N\u00ed h\u00e9 Oifig an Sti\u00farth\u00f3ra Ionch\u00faiseamh Poibl\u00ed an s\u00e1sra cu\u00ed do dhaoine c\u00faisithe f\u00e9achaint leis na c\u00e1sanna ina gcoinne a tharraingt siar n\u00f3 a gciontuithe a chur ar ceal. M\u00e1s duine c\u00faisithe th\u00fa sa ch\u00e1s seo, ba cheart duit comhairle dl\u00ed neamhsple\u00e1ch a lorg ina ionad sin.<\/p>\n<p>Nuair a bhaineann gear\u00e1n le c\u00e1sanna coiri\u00fala lean\u00fanacha, b&#8217;fh\u00e9idir nach mbeimid in ann ach faisn\u00e9is theoranta a shol\u00e1thar. Coime\u00e1daimid an ceart gan d\u00e9ile\u00e1il le gear\u00e1n maidir le c\u00e1s lean\u00fanach m\u00e1s rud \u00e9 go bhf\u00e9adfadh s\u00e9 dochar a dh\u00e9anamh do na himeachta\u00ed.<\/p>\n<p>N\u00edl s\u00e9 i gceist leis an beartas seo ach oiread d\u00e9ile\u00e1il le saincheisteanna a bhaineann le d\u00ednit ag an obair n\u00f3 le casaoid a thagann chun cinn idir baill foirne Oifig an Sti\u00farth\u00f3ra Ionch\u00faiseamh Poibl\u00ed. D\u00e9ile\u00e1iltear le nithe den s\u00f3rt sin tr\u00ed n\u00f3sanna imeachta \u00e1bhartha na St\u00e1tseirbh\u00edse, <a href=\"https:\/\/www.gov.ie\/en\/department-of-finance\/circulars\/revised-procedure-for-dealing-with-grievance-problems\/\">mar shampla, ciorcl\u00e1n 11\/2001: N\u00f3s Imeachta Athbhreithnithe chun D\u00e9ile\u00e1il le Fadhbanna Casaoide<\/a>.<\/p>\n\n        <\/div>\n    <\/div>\n<\/div><div class=\"card\">\n    <div class=\"card-header\" id=\"heading-ce-ata-in-ann-gearan-a-dheanamh-no-aiseolas-a-thabhairt\">\n\n        <h2 class=\"mb-0\"><a class=\"collapsed\" href=\"#accordion-oage-yuh3oe-collapse-ce-ata-in-ann-gearan-a-dheanamh-no-aiseolas-a-thabhairt\" data-toggle=\"collapse\" data-target=\"#accordion-oage-yuh3oe-collapse-ce-ata-in-ann-gearan-a-dheanamh-no-aiseolas-a-thabhairt\" aria-expanded=\"false\" aria-controls=\"accordion-oage-yuh3oe-collapse-ce-ata-in-ann-gearan-a-dheanamh-no-aiseolas-a-thabhairt\">C\u00e9 at\u00e1 in ann gear\u00e1n a dh\u00e9anamh n\u00f3 aiseolas a thabhairt?<\/a><\/h2>\n\n    <\/div>\n    <div id=\"accordion-oage-yuh3oe-collapse-ce-ata-in-ann-gearan-a-dheanamh-no-aiseolas-a-thabhairt\" class=\"collapse\" aria-labelledby=\"heading-ce-ata-in-ann-gearan-a-dheanamh-no-aiseolas-a-thabhairt\" data-parent=\"#accordion-oage-yuh3oe\" style=\"\">\n        <div class=\"card-body\">\n            \n<h2>Gear\u00e1in<\/h2>\n<p>Is f\u00e9idir le haon \u00fas\u00e1ideoir seirbh\u00edse gear\u00e1n a dh\u00e9anamh, n\u00f3 tr\u00edna ionada\u00ed ainmnithe, mar shampla, ball teaghlaigh n\u00f3 aturnae, a raibh tionchar d\u00edreach ag seirbh\u00eds arna sol\u00e1thar ag Oifig an Sti\u00farth\u00f3ra Ionch\u00faiseamh Poibl\u00ed air.<\/p>\n<p>N\u00ed fhreagr\u00f3imid do ghear\u00e1in \u00f3 dhaoine den phobal nach bhfuil baint dh\u00edreach acu le c\u00e1s.<\/p>\n<h2>Aiseolas<\/h2>\n<p>Molaimid aiseolas ar \u00e1r mbeartais, n\u00f3sanna imeachta agus feidhm\u00edocht, idir dhearfach agus dhi\u00faltach, agus f\u00e1ilt\u00edmid roimh do thuairim ar aon ghn\u00e9 d\u00e1r seirbh\u00eds. Is f\u00e9idir le duine ar bith aiseolas den s\u00f3rt sin a shol\u00e1thar ag am ar bith. N\u00ed dh\u00e9ile\u00e1lfar le haiseolas ginear\u00e1lta den chine\u00e1l seo faoin\u00e1r n\u00f3s imeachta gear\u00e1n. De ghn\u00e1th, \u00e1fach, d\u00e9anfar \u00e9 a aithint, a thaifeadadh agus a anail\u00edsi\u00fa chun cabhr\u00fa linn c\u00e1il\u00edocht na seirbh\u00edse a chuirimid ar f\u00e1il don phobal a chothabh\u00e1il agus a fheabhs\u00fa go lean\u00fanach.<\/p>\n\n        <\/div>\n    <\/div>\n<\/div><div class=\"card\">\n    <div class=\"card-header\" id=\"heading-conas-is-feidir-liom-aiseolas-a-thabhairt-no-gearan-a-dheanamh\">\n\n        <h2 class=\"mb-0\"><a class=\"collapsed\" href=\"#accordion-oage-yuh3oe-collapse-conas-is-feidir-liom-aiseolas-a-thabhairt-no-gearan-a-dheanamh\" data-toggle=\"collapse\" data-target=\"#accordion-oage-yuh3oe-collapse-conas-is-feidir-liom-aiseolas-a-thabhairt-no-gearan-a-dheanamh\" aria-expanded=\"false\" aria-controls=\"accordion-oage-yuh3oe-collapse-conas-is-feidir-liom-aiseolas-a-thabhairt-no-gearan-a-dheanamh\">Conas is f\u00e9idir liom aiseolas a thabhairt n\u00f3 gear\u00e1n a dh\u00e9anamh?<\/a><\/h2>\n\n    <\/div>\n    <div id=\"accordion-oage-yuh3oe-collapse-conas-is-feidir-liom-aiseolas-a-thabhairt-no-gearan-a-dheanamh\" class=\"collapse\" aria-labelledby=\"heading-conas-is-feidir-liom-aiseolas-a-thabhairt-no-gearan-a-dheanamh\" data-parent=\"#accordion-oage-yuh3oe\" style=\"\">\n        <div class=\"card-body\">\n            <p>T\u00e1 \u00e1r n-aiseolas agus \u00e1r n\u00f3s imeachta gear\u00e1n \u00e9asca le h\u00fas\u00e1id. M\u00e1s mian leat aiseolas ginear\u00e1lta a thabhairt ar an tseirbh\u00eds ionch\u00faisimh, n\u00f3 m\u00e1s mian leat gear\u00e1n a dh\u00e9anamh, is f\u00e9idir leat \u00e9 sin a dh\u00e9anamh ar na beala\u00ed seo a leanas:<\/p>\n<p><strong>Tr\u00ed litir:<\/strong><\/p>\n<p>Oifigeach Aiseolais agus Gear\u00e1n<br \/>\nCeann an Rialachais agus na Cumars\u00e1ide<br \/>\nOifig an Sti\u00farth\u00f3ra Ionch\u00faiseamh Poibl\u00ed<br \/>\nB\u00f3thar na hOtharlainne<br \/>\nBaile \u00c1tha Cliath 7<br \/>\nD07 FHN8<\/p>\n<p><strong>Ar l\u00edne:<\/strong>\u00a0\u00a0\u00a0\u00a0\u00a0\u00a0 Oifig an Sti\u00farth\u00f3ra Ionch\u00faiseamh Poibl\u00ed <a href=\"https:\/\/www.dppireland.ie\/ga\/feedback-form-online-submission\/\"><strong>Foirm Aiseolais Ghinear\u00e1lta<\/strong><\/a> n\u00f3 <a href=\"https:\/\/www.dppireland.ie\/ga\/complaint-form-online-submission\/\"><strong>Foirm Ghear\u00e1n<\/strong><\/a><\/p>\n<p>M\u00e1 t\u00e1 gear\u00e1n \u00e1 dh\u00e9anamh agat, tabhair an oiread eolais agus is f\u00e9idir faoin gc\u00e1s ina raibh t\u00fa p\u00e1irteach.<\/p>\n\n        <\/div>\n    <\/div>\n<\/div><div class=\"card\">\n    <div class=\"card-header\" id=\"heading-ma-dheanaim-gearan-cen-chaoi-a-ndeilealfar-leis\">\n\n        <h2 class=\"mb-0\"><a class=\"collapsed\" href=\"#accordion-oage-yuh3oe-collapse-ma-dheanaim-gearan-cen-chaoi-a-ndeilealfar-leis\" data-toggle=\"collapse\" data-target=\"#accordion-oage-yuh3oe-collapse-ma-dheanaim-gearan-cen-chaoi-a-ndeilealfar-leis\" aria-expanded=\"false\" aria-controls=\"accordion-oage-yuh3oe-collapse-ma-dheanaim-gearan-cen-chaoi-a-ndeilealfar-leis\">M\u00e1 dh\u00e9anaim gear\u00e1n, c\u00e9n chaoi a nd\u00e9ile\u00e1lfar leis?<\/a><\/h2>\n\n    <\/div>\n    <div id=\"accordion-oage-yuh3oe-collapse-ma-dheanaim-gearan-cen-chaoi-a-ndeilealfar-leis\" class=\"collapse\" aria-labelledby=\"heading-ma-dheanaim-gearan-cen-chaoi-a-ndeilealfar-leis\" data-parent=\"#accordion-oage-yuh3oe\" style=\"\">\n        <div class=\"card-body\">\n            <p>D\u00e9anfaimid taifead agus admh\u00f3imid go bhfuarthas do ghear\u00e1n laistigh de ch\u00faig l\u00e1 oibre agus cuirfimid meastach\u00e1n ar f\u00e1il maidir leis an bhfad a th\u00f3gfaidh s\u00e9 freagra a thabhairt ort. Beidh s\u00e9 mar aidhm againn freagra ioml\u00e1n a thabhairt duit, nuair is f\u00e9idir, laistigh de sh\u00e9 seachtaine.<\/p>\n<p>I roinnt c\u00e1sanna, d&#8217;fh\u00e9adfadh go mbeimid in ann do ghear\u00e1n a r\u00e9iteach go han-tapa agus go simpl\u00ed. D&#8217;fh\u00e9adfadh s\u00e9 seo tarl\u00fa, mar shampla, m\u00e1s f\u00e9idir linn tuilleadh faisn\u00e9ise a shol\u00e1thar duit, bot\u00fan a rinneamar a cheart\u00fa, n\u00f3 n\u00f3s imeachta ar leith a mh\u00edni\u00fa duit.<\/p>\n<p>M\u00e1 t\u00e1 do ghear\u00e1n n\u00edos tromch\u00fais\u00ed, cuirfimid ar aghaidh \u00e9 chuig duine d\u00e1r mbainisteoir\u00ed sinsearacha a scr\u00fad\u00f3idh an t-\u00e1bhar. M\u00e1 th\u00f3gann s\u00e9 n\u00edos m\u00f3 n\u00e1 s\u00e9 seachtaine chun d\u00e9ile\u00e1il le do ghear\u00e1n, scr\u00edobhfaimid chugat agus cuirfimid in i\u00fal duit c\u00e9n f\u00e1th go bhfuil s\u00e9 amhlaidh, agus cathain is f\u00e9idir leat a bheith ag s\u00fail le freagra.<\/p>\n\n        <\/div>\n    <\/div>\n<\/div><div class=\"card\">\n    <div class=\"card-header\" id=\"heading-cad-a-tharlaionn-mura-bhfuilim-sasta\">\n\n        <h2 class=\"mb-0\"><a class=\"collapsed\" href=\"#accordion-oage-yuh3oe-collapse-cad-a-tharlaionn-mura-bhfuilim-sasta\" data-toggle=\"collapse\" data-target=\"#accordion-oage-yuh3oe-collapse-cad-a-tharlaionn-mura-bhfuilim-sasta\" aria-expanded=\"false\" aria-controls=\"accordion-oage-yuh3oe-collapse-cad-a-tharlaionn-mura-bhfuilim-sasta\">Cad a tharla\u00edonn mura bhfuilim s\u00e1sta?<\/a><\/h2>\n\n    <\/div>\n    <div id=\"accordion-oage-yuh3oe-collapse-cad-a-tharlaionn-mura-bhfuilim-sasta\" class=\"collapse\" aria-labelledby=\"heading-cad-a-tharlaionn-mura-bhfuilim-sasta\" data-parent=\"#accordion-oage-yuh3oe\" style=\"\">\n        <div class=\"card-body\">\n            <p>Mura bhfuil t\u00fa s\u00e1sta leis an gcaoi ar dh\u00e9ile\u00e1il muid le do ghear\u00e1n, is f\u00e9idir leat <strong>athbhreithni\u00fa a lorg<\/strong> laistigh de cheithre seachtaine tar \u00e9is d\u00fainn \u00e1r bhfreagra a fh\u00e1il. D\u00e9ile\u00e1lfaidh an Leas-Sti\u00farth\u00f3ir le d&#8217;iarratas ar athbhreithni\u00fa.<\/p>\n\n        <\/div>\n    <\/div>\n<\/div><\/div>[\/vc_column][\/vc_row]<\/p>\n<\/div>","protected":false},"excerpt":{"rendered":"<p>[vc_row][vc_column][vc_column_text css=&#8221;&#8221;]T\u00e1 Oifig an Sti\u00farth\u00f3ra Ionch\u00faiseamh Poibl\u00ed tiomanta do bheith inrochtana agus sofhreagrach d&#8217;\u00edospartaigh na coireachta, d&#8217;fhinn\u00e9ithe agus do ph\u00e1irtithe leasmhara sa phr\u00f3iseas ionch\u00faisimh. T\u00e1imid ag s\u00fail le haiseolas a fh\u00e1il faoin\u00e1r gcuid oibre agus f\u00e1ilt\u00edmid roimh do thuairim faoin\u00e1r seirbh\u00eds agus faoi do thaith\u00ed \u2013 an m\u00e9id a d\u2019oibrigh go maith agus an m\u00e9id &hellip; <a href=\"https:\/\/www.dppireland.ie\/ga\/compliance\/complaints-policy\/\">Continued<\/a><\/p>\n","protected":false},"author":3,"featured_media":0,"parent":10471,"menu_order":3,"comment_status":"closed","ping_status":"closed","template":"","meta":{"_acf_changed":false,"om_disable_all_campaigns":false,"_relevanssi_hide_post":"","_relevanssi_hide_content":"","_relevanssi_pin_for_all":"","_relevanssi_pin_keywords":"","_relevanssi_unpin_keywords":"","_relevanssi_related_keywords":"","_relevanssi_related_include_ids":"","_relevanssi_related_exclude_ids":"","_relevanssi_related_no_append":"","_relevanssi_related_not_related":"","_relevanssi_related_posts":"","_relevanssi_noindex_reason":"","_monsterinsights_skip_tracking":false,"_monsterinsights_sitenote_active":false,"_monsterinsights_sitenote_note":"","_monsterinsights_sitenote_category":0,"_uf_show_specific_survey":0,"_uf_disable_surveys":false,"footnotes":""},"class_list":["post-10445","page","type-page","status-publish","hentry"],"acf":[],"yoast_head":"<!-- This site is optimized with the Yoast SEO plugin v27.6 - https:\/\/yoast.com\/product\/yoast-seo-wordpress\/ -->\n<title>Beartas Aiseolais agus Gear\u00e1n - Office of the Director of Public Prosecutions<\/title>\n<meta name=\"description\" content=\"Office of the Director of Public Prosecutions - Providing a prosecution that is independent, fair and effective\" \/>\n<meta name=\"robots\" content=\"index, follow, max-snippet:-1, max-image-preview:large, max-video-preview:-1\" \/>\n<link rel=\"canonical\" href=\"https:\/\/www.dppireland.ie\/ga\/compliance\/complaints-policy\/\" \/>\n<meta property=\"og:locale\" content=\"ga_IE\" \/>\n<meta property=\"og:type\" content=\"article\" \/>\n<meta property=\"og:title\" content=\"Beartas Aiseolais agus Gear\u00e1n - Office of the Director of Public Prosecutions\" \/>\n<meta property=\"og:description\" content=\"Office of the Director of Public Prosecutions - Providing a prosecution that is independent, fair and effective\" \/>\n<meta property=\"og:url\" content=\"https:\/\/www.dppireland.ie\/ga\/compliance\/complaints-policy\/\" \/>\n<meta property=\"og:site_name\" content=\"Office of the Director of Public Prosecutions\" \/>\n<meta property=\"article:modified_time\" content=\"2026-05-11T13:54:14+00:00\" \/>\n<meta name=\"twitter:card\" content=\"summary_large_image\" \/>\n<meta name=\"twitter:label1\" content=\"Est. reading time\" \/>\n\t<meta name=\"twitter:data1\" content=\"5 minutes\" \/>\n<script type=\"application\/ld+json\" class=\"yoast-schema-graph\">{\"@context\":\"https:\\\/\\\/schema.org\",\"@graph\":[{\"@type\":\"WebPage\",\"@id\":\"https:\\\/\\\/www.dppireland.ie\\\/ga\\\/compliance\\\/complaints-policy\\\/\",\"url\":\"https:\\\/\\\/www.dppireland.ie\\\/ga\\\/compliance\\\/complaints-policy\\\/\",\"name\":\"Beartas Aiseolais agus Gear\u00e1n - Office of the Director of Public Prosecutions\",\"isPartOf\":{\"@id\":\"https:\\\/\\\/www.dppireland.ie\\\/#website\"},\"datePublished\":\"2021-05-10T15:19:41+00:00\",\"dateModified\":\"2026-05-11T13:54:14+00:00\",\"description\":\"Office of the Director of Public Prosecutions - Providing a prosecution that is independent, fair and effective\",\"breadcrumb\":{\"@id\":\"https:\\\/\\\/www.dppireland.ie\\\/ga\\\/compliance\\\/complaints-policy\\\/#breadcrumb\"},\"inLanguage\":\"ga-IE\",\"potentialAction\":[{\"@type\":\"ReadAction\",\"target\":[\"https:\\\/\\\/www.dppireland.ie\\\/ga\\\/compliance\\\/complaints-policy\\\/\"]}]},{\"@type\":\"BreadcrumbList\",\"@id\":\"https:\\\/\\\/www.dppireland.ie\\\/ga\\\/compliance\\\/complaints-policy\\\/#breadcrumb\",\"itemListElement\":[{\"@type\":\"ListItem\",\"position\":1,\"name\":\"Home\",\"item\":\"https:\\\/\\\/www.dppireland.ie\\\/ga\\\/\"},{\"@type\":\"ListItem\",\"position\":2,\"name\":\"Comhlionadh\",\"item\":\"https:\\\/\\\/www.dppireland.ie\\\/ga\\\/compliance\\\/\"},{\"@type\":\"ListItem\",\"position\":3,\"name\":\"Beartas Aiseolais agus Gear\u00e1n\"}]},{\"@type\":\"WebSite\",\"@id\":\"https:\\\/\\\/www.dppireland.ie\\\/#website\",\"url\":\"https:\\\/\\\/www.dppireland.ie\\\/\",\"name\":\"Office of the Director of Public Prosecutions\",\"description\":\"Providing a prosecution that is independent, fair and effective\",\"potentialAction\":[{\"@type\":\"SearchAction\",\"target\":{\"@type\":\"EntryPoint\",\"urlTemplate\":\"https:\\\/\\\/www.dppireland.ie\\\/?s={search_term_string}\"},\"query-input\":{\"@type\":\"PropertyValueSpecification\",\"valueRequired\":true,\"valueName\":\"search_term_string\"}}],\"inLanguage\":\"ga-IE\"}]}<\/script>\n<!-- \/ Yoast SEO plugin. -->","yoast_head_json":{"title":"Beartas Aiseolais agus Gear\u00e1n - Office of the Director of Public Prosecutions","description":"Office of the Director of Public Prosecutions - Providing a prosecution that is independent, fair and effective","robots":{"index":"index","follow":"follow","max-snippet":"max-snippet:-1","max-image-preview":"max-image-preview:large","max-video-preview":"max-video-preview:-1"},"canonical":"https:\/\/www.dppireland.ie\/ga\/compliance\/complaints-policy\/","og_locale":"ga_IE","og_type":"article","og_title":"Beartas Aiseolais agus Gear\u00e1n - Office of the Director of Public Prosecutions","og_description":"Office of the Director of Public Prosecutions - Providing a prosecution that is independent, fair and effective","og_url":"https:\/\/www.dppireland.ie\/ga\/compliance\/complaints-policy\/","og_site_name":"Office of the Director of Public Prosecutions","article_modified_time":"2026-05-11T13:54:14+00:00","twitter_card":"summary_large_image","twitter_misc":{"Est. reading time":"5 minutes"},"schema":{"@context":"https:\/\/schema.org","@graph":[{"@type":"WebPage","@id":"https:\/\/www.dppireland.ie\/ga\/compliance\/complaints-policy\/","url":"https:\/\/www.dppireland.ie\/ga\/compliance\/complaints-policy\/","name":"Beartas Aiseolais agus Gear\u00e1n - Office of the Director of Public Prosecutions","isPartOf":{"@id":"https:\/\/www.dppireland.ie\/#website"},"datePublished":"2021-05-10T15:19:41+00:00","dateModified":"2026-05-11T13:54:14+00:00","description":"Office of the Director of Public Prosecutions - Providing a prosecution that is independent, fair and effective","breadcrumb":{"@id":"https:\/\/www.dppireland.ie\/ga\/compliance\/complaints-policy\/#breadcrumb"},"inLanguage":"ga-IE","potentialAction":[{"@type":"ReadAction","target":["https:\/\/www.dppireland.ie\/ga\/compliance\/complaints-policy\/"]}]},{"@type":"BreadcrumbList","@id":"https:\/\/www.dppireland.ie\/ga\/compliance\/complaints-policy\/#breadcrumb","itemListElement":[{"@type":"ListItem","position":1,"name":"Home","item":"https:\/\/www.dppireland.ie\/ga\/"},{"@type":"ListItem","position":2,"name":"Comhlionadh","item":"https:\/\/www.dppireland.ie\/ga\/compliance\/"},{"@type":"ListItem","position":3,"name":"Beartas Aiseolais agus Gear\u00e1n"}]},{"@type":"WebSite","@id":"https:\/\/www.dppireland.ie\/#website","url":"https:\/\/www.dppireland.ie\/","name":"Office of the Director of Public Prosecutions","description":"Providing a prosecution that is independent, fair and effective","potentialAction":[{"@type":"SearchAction","target":{"@type":"EntryPoint","urlTemplate":"https:\/\/www.dppireland.ie\/?s={search_term_string}"},"query-input":{"@type":"PropertyValueSpecification","valueRequired":true,"valueName":"search_term_string"}}],"inLanguage":"ga-IE"}]}},"jetpack_sharing_enabled":true,"_links":{"self":[{"href":"https:\/\/www.dppireland.ie\/ga\/wp-json\/wp\/v2\/pages\/10445","targetHints":{"allow":["GET"]}}],"collection":[{"href":"https:\/\/www.dppireland.ie\/ga\/wp-json\/wp\/v2\/pages"}],"about":[{"href":"https:\/\/www.dppireland.ie\/ga\/wp-json\/wp\/v2\/types\/page"}],"author":[{"embeddable":true,"href":"https:\/\/www.dppireland.ie\/ga\/wp-json\/wp\/v2\/users\/3"}],"replies":[{"embeddable":true,"href":"https:\/\/www.dppireland.ie\/ga\/wp-json\/wp\/v2\/comments?post=10445"}],"version-history":[{"count":9,"href":"https:\/\/www.dppireland.ie\/ga\/wp-json\/wp\/v2\/pages\/10445\/revisions"}],"predecessor-version":[{"id":28769,"href":"https:\/\/www.dppireland.ie\/ga\/wp-json\/wp\/v2\/pages\/10445\/revisions\/28769"}],"up":[{"embeddable":true,"href":"https:\/\/www.dppireland.ie\/ga\/wp-json\/wp\/v2\/pages\/10471"}],"wp:attachment":[{"href":"https:\/\/www.dppireland.ie\/ga\/wp-json\/wp\/v2\/media?parent=10445"}],"curies":[{"name":"wp","href":"https:\/\/api.w.org\/{rel}","templated":true}]}}