{"id":10444,"date":"2022-01-24T16:28:25","date_gmt":"2022-01-24T16:28:25","guid":{"rendered":"https:\/\/www.dppireland.ie\/letters-of-rights\/"},"modified":"2022-08-10T15:34:26","modified_gmt":"2022-08-10T14:34:26","slug":"letters-of-rights","status":"publish","type":"page","link":"https:\/\/www.dppireland.ie\/ga\/criminal-justice-system\/letters-of-rights\/","title":{"rendered":"Cearta daoine faoi amhras agus na daoine at\u00e1 c\u00faisithe &#8211; Litir um Chearta"},"content":{"rendered":"<div class=\"wpb-content-wrapper\"><p>[vc_row][vc_column][vc_column_text]T\u00e1 cearta na daoine at\u00e1 san amhras n\u00f3 c\u00faisithe mar gheall air coiri\u00fail leagtha amach sna hailteanna th\u00edos. Gheobhaidh daoine a bhfuil san amhras agus c\u00faisithe c\u00f3ip de na c\u00e1ip\u00e9is seo faoi choinne\u00e1l agus\/n\u00f3 le toghairm \u00f3n Garda S\u00edoch\u00e1na:<\/p>\n<h2>Litir um Chearta, anois go bhfuil Toghairthe chun na C\u00fairte ort<\/h2>\n<p>T\u00e1 Toghairm seirbhe\u00e1ilte ort anois. Doicim\u00e9ad dl\u00edthi\u00fail at\u00e1 i dtoghairm, agus cialla\u00edonn s\u00e9 go bhfuil ort freastal sa ch\u00fairt, ar an d\u00e1ta agus san am agus san \u00e1it at\u00e1 luaite ar an toghairm, chun c\u00faiseamh coiri\u00fail a fhreagairt. \u00d3s rud \u00e9 go bhfuil t\u00fa bainteach anois le pr\u00f3iseas c\u00fairte, t\u00e1 cearta \u00e1irithe agat. T\u00e1 s\u00e9 t\u00e1bhachtach go mbeadh na cearta sin, a mh\u00edn\u00edtear th\u00edos, ar eolas agat<\/p>\n<p><strong>1. An ceart chun dul i gcomhairle le haturnae agus comhairle dl\u00ed a fh\u00e1il<\/strong><br \/>\nT\u00e1 de cheart agat labhairt le h<strong>aturnae<\/strong> agus comhairle dl\u00ed agus eile a fh\u00e1il \u00f3n aturnae.<br \/>\nDl\u00edod\u00f3ir at\u00e1 in aturnae, agus t\u00e1 an t-aturnae neamhsple\u00e1ch ar an nGarda S\u00edoch\u00e1na (p\u00f3il\u00edn\u00ed \u00c9ireannacha) n\u00f3 ar \u00fadar\u00e1is St\u00e1it.<\/p>\n<p><strong>F\u00e9adfaidh<\/strong> s\u00e9 go mbeidh t\u00fa \u00e1balta c\u00fanamh dl\u00edthi\u00fail a fh\u00e1il saor in aisce. Ar dh\u00e1ta na h\u00e9isteachta sa ch\u00fairt, is f\u00e9idir leat iarratas ar ch\u00fanamh dl\u00edthi\u00fail in aisce a dh\u00e9anamh chuig an mBreitheamh ag a mbeidh do ch\u00e1s \u00e1 \u00e9isteacht. <strong>F\u00e9adfaidh<\/strong> s\u00e9 go dteast\u00f3idh \u00f3n mBreitheamh roinnt eolais a fh\u00e1il uait chun a chinneadh an f\u00e9idir c\u00fanamh dl\u00edthi\u00fail in aisce a dheon\u00fa, agus d\u00e9anfaidh an Breitheamh na nithe seo a leanas a bhreithni\u00fa roimh chinneadh a dh\u00e9anamh maidir le c\u00fanamh dl\u00edthi\u00fail:<\/p>\n<ul>\n<li>Cib\u00e9 acu at\u00e1 n\u00f3 nach bhfuil d\u00f3thain airgid agat chun d\u00edol as do dhl\u00edod\u00f3ir f\u00e9in;<\/li>\n<li>Ag cur tromch\u00fais an ch\u00faisimh n\u00f3 an chiona san \u00e1ireamh, cib\u00e9 acu an ar mhaithe leis an gceartas \u00e9 gur ceart c\u00fanamh dl\u00edthi\u00fail a bheith agat le linn do chosaint a ullmh\u00fa agus a sti\u00faradh.<\/li>\n<\/ul>\n<p><strong>2. An ceart chun fanacht i do thost<\/strong><br \/>\nI gcoitinne, <strong>n\u00ed g\u00e1 duit<\/strong> aon cheisteanna a fhreagairt faoin gc\u00faiseamh at\u00e1 d\u00e9anta sa Toghairm, n\u00f3 eolas a chur ar f\u00e1il faoin gc\u00faiseamh at\u00e1 d\u00e9anta sa Toghairm.<\/p>\n<p><strong>Ach \u2013 <\/strong><\/p>\n<ul>\n<li>Is ceart duit freagra a thabhairt nuair a ghlaonn an Cl\u00e1raitheoir d\u2019ainm agus aon cheisteanna n\u00f3is imeachta a chuireann an Breitheamh ort sa ch\u00fairt a fhreagairt.<\/li>\n<li>Nuair a iarrtar ort, is ceart duit a r\u00e1 cib\u00e9 acu at\u00e1 t\u00fa ag pl\u00e9ad\u00e1il ciontach n\u00f3 ag pl\u00e9ad\u00e1il neamhchiontach.<\/li>\n<li><strong>T\u00e1 de cheart agat gan fianaise a thabhairt<\/strong> \u2013 m\u00e1 chinneann t\u00fa fianaise a thabhairt sa ch\u00fairt, \u00e1fach, n\u00ed m\u00f3r duit aon cheisteanna a chuirtear ort faoin gc\u00faiseamh sa Toghairm a fhreagairt.<\/li>\n<\/ul>\n<p>Is f\u00e9idir le d\u2019aturnae (m\u00e1 t\u00e1 ceann agat) cuidi\u00fa leat cinneadh a dh\u00e9anamh maidir leis an gcur chuige is fearr duitse<\/p>\n<p><strong>3. An ceart chun tuilleadh eolais a iarraidh faoina bhfuil t\u00fa c\u00faisithe ann<\/strong><br \/>\nT\u00e1 eolas sa Toghairm faoina bhfuil t\u00fa \u00e1 ch\u00faiseamh ann, <strong>ach<\/strong> is f\u00e9idir leat n\u00edos m\u00f3 eolais agus doicim\u00e9id faoin gc\u00faiseamh a iarraidh.<\/p>\n<p>Nuair a rachaidh t\u00fa chun na c\u00fairte, is f\u00e9idir leatsa n\u00f3 le d\u2019aturnae (m\u00e1 t\u00e1 ceann agat) n\u00edos m\u00f3 eolais agus doicim\u00e9id a iarraidh ar an mBreitheamh. M\u00e1 dheona\u00edonn an Breitheamh \u00e9 sin n\u00f3 iad sin duit, f\u00e9adfaidh s\u00e9 go gcuirfidh an Breitheamh do ch\u00e1s siar d\u2019fhonn tr\u00e9imhse ama a thabhairt duit chun an t-eolas go l\u00e9ir (agus aon doicim\u00e9id) a bhreithni\u00fa sula gcinneann t\u00fa an dteasta\u00edonn uait pl\u00e9ad\u00e1il ciontach n\u00f3 neamhchiontach ina bhfuil t\u00fa \u00e1 ch\u00faiseamh ann.<\/p>\n<p>Is f\u00e9idir le d\u2019aturnae (m\u00e1 t\u00e1 ceann agat) comhairle a chur ort faoin gcur chuige is fearr duitse.<\/p>\n<p><strong>4. An ceart chun ateangaire n\u00f3 aistri\u00fach\u00e1n ar dhoicim\u00e9id a iarraidh ar an mBreitheamh<\/strong><br \/>\nIs f\u00e9idir leat ateangaire n\u00f3 aistri\u00fach\u00e1n ar dhoicim\u00e9id a iarraidh ar an mBreitheamh. M\u00e1 orda\u00edonn an Breitheamh an c\u00fanamh sin sa ch\u00fairt, beidh s\u00e9 saor in aisce. F\u00e9adfaidh s\u00e9 go gcuirfidh an Breitheamh do ch\u00e1s siar chun deimhin a dh\u00e9anamh de go bhfuil ateangaire ar f\u00e1il.<\/p>\n<p>M\u00e1 t\u00e1 bac \u00e9isteachta ort, n\u00f3 stad i do chuid cainte, is f\u00e9idir leat ateangaire n\u00f3 c\u00fanamh eile a iarraidh ar an mBreitheamh. M\u00e1 orda\u00edonn an Breitheamh an c\u00fanamh sin sa ch\u00fairt, beidh s\u00e9 saor in aisce.[\/vc_column_text][vc_column_text]<\/p>\n<h2>Litir um Chearta &#8211; Ghabh na Garda\u00ed t\u00fa agus t\u00e1 cearta dleathacha agat agus t\u00fa faoi choime\u00e1d an Gharda S\u00edoch\u00e1na.<\/h2>\n<p>Urram\u00f3idh na Garda\u00ed i gc\u00f3na\u00ed do chearta, do dh\u00ednit mar dhuine agus n\u00ed chuirfear drochbhail ar bith ort.<\/p>\n<p>T\u00e1 ball den Gharda S\u00edoch\u00e1na ar a dtugtar \u201can ball at\u00e1 i gceannas\u201d freagrach as do sh\u00e1bh\u00e1ilteacht i gcoime\u00e1d an Gharda S\u00edoch\u00e1na agus cinnteoidh siad go n-urrama\u00edtear agus go m\u00edn\u00edtear do chearta duit. Is f\u00e9idir leat labhairt leis an duine sin ag am ar bith agus \u00e1 r\u00e1 leis\/l\u00e9i m\u00e1 t\u00e1 aon imn\u00ed ort faoi na cearta sin. Coinneoidh an duine sin taifead de do chuid ama faoi choime\u00e1d agus l\u00e9ifidh s\u00e9\/s\u00ed an leathanach seo duit chun do chearta a mh\u00edni\u00fa. Tabharfar tuilleadh eolais duit freisin a mh\u00edneoidh na cearta seo duit go mion.<\/p>\n<p>M\u00e1 t\u00e1 riachtanais speiceasacha agat chun cabhr\u00fa leat an t-eolas seo a thuiscint, abair leis an nGarda le do thoil.<\/p>\n<p><strong>DO CHEARTA <\/strong><\/p>\n<ol>\n<li>T\u00e1 s\u00e9 de cheart agat fios a bheith agat c\u00e9n f\u00e1th gur tugadh chuig an St\u00e1isi\u00fan Garda\u00ed seo t\u00fa agus cad faoina bhfuil amhras ann go ndearna t\u00fa.<\/li>\n<li>T\u00e1 s\u00e9 de cheart agat comhairle dl\u00ed a fh\u00e1il agus labhairt le haturnae faoi r\u00fan. Mura f\u00e9idir leat aturnae a \u00edoc m\u00edneoidh na Garda\u00ed conas is f\u00e9idir aturnae a shol\u00e1thar saor in aisce.<\/li>\n<li>T\u00e1 s\u00e9 de cheart agat ateangaire agus seirbh\u00eds aistri\u00fach\u00e1in a fh\u00e1il, m\u00e1 t\u00e1 siad ag teast\u00e1il uait. T\u00e1 s\u00e9 seo saor in aisce. F\u00e9adfaidh an tAteangaire cabhr\u00fa leat labhairt le d\u2019aturnae agus caithfidh siad an chumars\u00e1id sin a choime\u00e1d faoi r\u00fan. M\u00e1s g\u00e1, d\u2019fh\u00e9adfa\u00ed go mbeadh s\u00e9 de cheart agat aistri\u00fach\u00e1n a fh\u00e1il de na doicim\u00e9id i do ch\u00e1s.<\/li>\n<li>T\u00e1 se de cheart agat fanacht i do thost. N\u00ed g\u00e1 duit aon cheist a fhreagairt seachas roinnt eolais pearsanta, lena n-\u00e1ir\u00edtear, d\u2019ainm, do sheoladh agus do dh\u00e1ta breithe. D\u2019fh\u00e9adfaimis ceisteanna a chur ort faoi do shl\u00e1inte, ach is \u00e9 sin le cinnti\u00fa go dtugtar aire duit agus t\u00fa sa St\u00e1isi\u00fan. I gc\u00fains\u00ed \u00e1irithe f\u00e9adfaidh na Garda\u00ed a chur in i\u00fal duit go bhfuil do cheart chun fanacht i do thost teoranta. M\u00e1 tharla\u00edonn s\u00e9 sin m\u00edneofar \u00e9 seo go hioml\u00e1n duit. Is f\u00e9idir le d\u2019Aturnae cabhr\u00fa leat cinneadh a dh\u00e9anamh ar sin.<\/li>\n<li>T\u00e1 s\u00e9 de cheart agat go gcuirfear in i\u00fal do dhuine \u00e9igin go bhfuil t\u00fa anseo. M\u00e1 t\u00e1 t\u00fa faoi bhun 18 mbliana d\u2019aois is \u00e9 seo do Thuismitheoir n\u00f3 do Chaomhn\u00f3ir. M\u00e1 t\u00e1 t\u00fa os cionn 18 mbliana d\u2019aois d\u2019fh\u00e9adfadh s\u00e9 seo a bheith i do bhall teaghlaigh n\u00f3 cara.<\/li>\n<li>Mura saor\u00e1nach \u00c9ireannach t\u00fa, t\u00e1 s\u00e9 de cheart agat teagmh\u00e1il a dh\u00e9anamh le d\u2019ambas\u00e1id n\u00f3 do chonsalacht n\u00f3 m\u00e1s mian leat is f\u00e9idir linn a r\u00e1 leo go bhfuil t\u00fa faoi choime\u00e1d.<\/li>\n<li>T\u00e1 s\u00e9 de cheart agat c\u00faram leighis a fh\u00e1il agus m\u00e1 bhraitheann t\u00fa go dteasta\u00edonn s\u00e9 uait iarrfaimid ar Dhocht\u00fair freastal ar St\u00e1isi\u00fan na nGarda\u00ed.<\/li>\n<li>T\u00e1 s\u00e9 de cheart agat fios a bheith agat c\u00e9n f\u00e1th a bhf\u00e9adfadh na Garda\u00ed do ghrianghraf, do mh\u00e9arloirg, do bhosloirg n\u00f3 ADN a th\u00f3g\u00e1il. M\u00e1 ghabhtar d\u2019\u00e9ada\u00ed ansin cuirfidh na Garda\u00ed \u00e9ada\u00ed athshol\u00e1thair ar f\u00e1il duit. T\u00e1 s\u00e9 seo saor in aisce.<\/li>\n<li>T\u00e1 s\u00e9 de cheart agat ag\u00f3id a dh\u00e9anamh i gcoinne dhl\u00edthi\u00falacht do ghabh\u00e1la agus do choinne\u00e1la san Ard-Ch\u00fairt. F\u00e9adfaidh d\u2019Aturnae comhairle a chur ort conas \u00e9 sin a dh\u00e9anamh.<\/li>\n<li>T\u00e1 s\u00e9 de cheart agat iarratas a dh\u00e9anamh chun na C\u00fairte ar fhianaise agus ar \u00e1bhar \u00e1bhartha m\u00e1 t\u00e1 t\u00fa c\u00faisithe i gcion. Is f\u00e9idir le d\u2019Aturnae comhairle a chur ort conas \u00e9 sin a dh\u00e9anamh.<\/li>\n<li>T\u00e1 s\u00e9 de cheart agat fios a bheith agat c\u00e9n fhad is f\u00e9idir t\u00fa a choinne\u00e1il faoi choime\u00e1d. Is \u00e9 24 n\u00f3 48 Uaireanta an t-uasmh\u00e9id ama is f\u00e9idir t\u00fa a choinne\u00e1il faoi choime\u00e1d sula dtabharfar os comhair Breitheamh t\u00fa n\u00f3 mura gc\u00fais\u00edtear t\u00fa i gcion. Braithfidh s\u00e9 seo ar an gc\u00fais a gabhadh agus a coinn\u00edodh t\u00fa. M\u00edneoidh An Garda S\u00edoch\u00e1na n\u00f3 d\u2019Aturnae \u00e9 seo a thuilleadh.<\/li>\n<\/ol>\n<p><strong>Mura bhfuil t\u00fa cinnte faoi aon cheann de na cearta seo, inis don bhall at\u00e1 i gceannas. Coinnigh an t-eolas seo le do thoil agus l\u00e9igh \u00e9 a luaithe is f\u00e9idir, ba cheart duit \u00e9 a thaispe\u00e1int do d\u2019aturnae m\u00e1 t\u00e1 ionada\u00edocht dl\u00ed agat. Cabhr\u00f3idh s\u00e9 leat cinnt\u00ed a dh\u00e9anamh agus t\u00fa faoi choime\u00e1d an Gharda S\u00edoch\u00e1na. <\/strong>[\/vc_column_text][\/vc_column][\/vc_row]<\/p>\n<\/div>","protected":false},"excerpt":{"rendered":"<p>[vc_row][vc_column][vc_column_text]T\u00e1 cearta na daoine at\u00e1 san amhras n\u00f3 c\u00faisithe mar gheall air coiri\u00fail leagtha amach sna hailteanna th\u00edos. Gheobhaidh daoine a bhfuil san amhras agus c\u00faisithe c\u00f3ip de na c\u00e1ip\u00e9is seo faoi choinne\u00e1l agus\/n\u00f3 le toghairm \u00f3n Garda S\u00edoch\u00e1na: Litir um Chearta, anois go bhfuil Toghairthe chun na C\u00fairte ort T\u00e1 Toghairm seirbhe\u00e1ilte ort anois. &hellip; <a href=\"https:\/\/www.dppireland.ie\/ga\/criminal-justice-system\/letters-of-rights\/\">Continued<\/a><\/p>\n","protected":false},"author":4,"featured_media":0,"parent":10505,"menu_order":0,"comment_status":"closed","ping_status":"closed","template":"","meta":{"_acf_changed":false,"om_disable_all_campaigns":false,"_relevanssi_hide_post":"","_relevanssi_hide_content":"","_relevanssi_pin_for_all":"","_relevanssi_pin_keywords":"","_relevanssi_unpin_keywords":"","_relevanssi_related_keywords":"","_relevanssi_related_include_ids":"","_relevanssi_related_exclude_ids":"","_relevanssi_related_no_append":"","_relevanssi_related_not_related":"","_relevanssi_related_posts":"","_relevanssi_noindex_reason":"","_monsterinsights_skip_tracking":false,"_monsterinsights_sitenote_active":false,"_monsterinsights_sitenote_note":"","_monsterinsights_sitenote_category":0,"_uf_show_specific_survey":0,"_uf_disable_surveys":false,"footnotes":""},"class_list":["post-10444","page","type-page","status-publish","hentry"],"acf":[],"yoast_head":"<!-- This site is optimized with the Yoast SEO plugin v27.4 - https:\/\/yoast.com\/product\/yoast-seo-wordpress\/ -->\n<title>Cearta daoine faoi amhras agus na daoine at\u00e1 c\u00faisithe - Litir um Chearta - Office of the Director of Public Prosecutions<\/title>\n<meta name=\"description\" content=\"Office of the Director of Public Prosecutions - Providing a prosecution that is independent, fair and effective\" \/>\n<meta name=\"robots\" content=\"index, follow, max-snippet:-1, max-image-preview:large, max-video-preview:-1\" \/>\n<link rel=\"canonical\" href=\"https:\/\/www.dppireland.ie\/ga\/criminal-justice-system\/letters-of-rights\/\" \/>\n<meta property=\"og:locale\" content=\"ga_IE\" \/>\n<meta property=\"og:type\" content=\"article\" \/>\n<meta property=\"og:title\" content=\"Cearta daoine faoi amhras agus na daoine at\u00e1 c\u00faisithe - Litir um Chearta - Office of the Director of Public Prosecutions\" \/>\n<meta property=\"og:description\" content=\"Office of the Director of Public Prosecutions - Providing a prosecution that is independent, fair and effective\" \/>\n<meta property=\"og:url\" content=\"https:\/\/www.dppireland.ie\/ga\/criminal-justice-system\/letters-of-rights\/\" \/>\n<meta property=\"og:site_name\" content=\"Office of the Director of Public Prosecutions\" \/>\n<meta property=\"article:modified_time\" content=\"2022-08-10T14:34:26+00:00\" \/>\n<meta name=\"twitter:card\" content=\"summary_large_image\" \/>\n<meta name=\"twitter:label1\" content=\"Est. reading time\" \/>\n\t<meta name=\"twitter:data1\" content=\"7 minutes\" \/>\n<script type=\"application\/ld+json\" class=\"yoast-schema-graph\">{\"@context\":\"https:\\\/\\\/schema.org\",\"@graph\":[{\"@type\":\"WebPage\",\"@id\":\"https:\\\/\\\/www.dppireland.ie\\\/ga\\\/criminal-justice-system\\\/letters-of-rights\\\/\",\"url\":\"https:\\\/\\\/www.dppireland.ie\\\/ga\\\/criminal-justice-system\\\/letters-of-rights\\\/\",\"name\":\"Cearta daoine faoi amhras agus na daoine at\u00e1 c\u00faisithe - Litir um Chearta - Office of the Director of Public Prosecutions\",\"isPartOf\":{\"@id\":\"https:\\\/\\\/www.dppireland.ie\\\/#website\"},\"datePublished\":\"2022-01-24T16:28:25+00:00\",\"dateModified\":\"2022-08-10T14:34:26+00:00\",\"description\":\"Office of the Director of Public Prosecutions - Providing a prosecution that is independent, fair and effective\",\"breadcrumb\":{\"@id\":\"https:\\\/\\\/www.dppireland.ie\\\/ga\\\/criminal-justice-system\\\/letters-of-rights\\\/#breadcrumb\"},\"inLanguage\":\"ga-IE\",\"potentialAction\":[{\"@type\":\"ReadAction\",\"target\":[\"https:\\\/\\\/www.dppireland.ie\\\/ga\\\/criminal-justice-system\\\/letters-of-rights\\\/\"]}]},{\"@type\":\"BreadcrumbList\",\"@id\":\"https:\\\/\\\/www.dppireland.ie\\\/ga\\\/criminal-justice-system\\\/letters-of-rights\\\/#breadcrumb\",\"itemListElement\":[{\"@type\":\"ListItem\",\"position\":1,\"name\":\"Home\",\"item\":\"https:\\\/\\\/www.dppireland.ie\\\/ga\\\/\"},{\"@type\":\"ListItem\",\"position\":2,\"name\":\"An C\u00f3ras Ceartais Choiri\u00fail\",\"item\":\"https:\\\/\\\/www.dppireland.ie\\\/ga\\\/criminal-justice-system\\\/\"},{\"@type\":\"ListItem\",\"position\":3,\"name\":\"Cearta daoine faoi amhras agus na daoine at\u00e1 c\u00faisithe &#8211; Litir um Chearta\"}]},{\"@type\":\"WebSite\",\"@id\":\"https:\\\/\\\/www.dppireland.ie\\\/#website\",\"url\":\"https:\\\/\\\/www.dppireland.ie\\\/\",\"name\":\"Office of the Director of Public Prosecutions\",\"description\":\"Providing a prosecution that is independent, fair and effective\",\"potentialAction\":[{\"@type\":\"SearchAction\",\"target\":{\"@type\":\"EntryPoint\",\"urlTemplate\":\"https:\\\/\\\/www.dppireland.ie\\\/?s={search_term_string}\"},\"query-input\":{\"@type\":\"PropertyValueSpecification\",\"valueRequired\":true,\"valueName\":\"search_term_string\"}}],\"inLanguage\":\"ga-IE\"}]}<\/script>\n<!-- \/ Yoast SEO plugin. -->","yoast_head_json":{"title":"Cearta daoine faoi amhras agus na daoine at\u00e1 c\u00faisithe - Litir um Chearta - Office of the Director of Public Prosecutions","description":"Office of the Director of Public Prosecutions - Providing a prosecution that is independent, fair and effective","robots":{"index":"index","follow":"follow","max-snippet":"max-snippet:-1","max-image-preview":"max-image-preview:large","max-video-preview":"max-video-preview:-1"},"canonical":"https:\/\/www.dppireland.ie\/ga\/criminal-justice-system\/letters-of-rights\/","og_locale":"ga_IE","og_type":"article","og_title":"Cearta daoine faoi amhras agus na daoine at\u00e1 c\u00faisithe - Litir um Chearta - Office of the Director of Public Prosecutions","og_description":"Office of the Director of Public Prosecutions - Providing a prosecution that is independent, fair and effective","og_url":"https:\/\/www.dppireland.ie\/ga\/criminal-justice-system\/letters-of-rights\/","og_site_name":"Office of the Director of Public Prosecutions","article_modified_time":"2022-08-10T14:34:26+00:00","twitter_card":"summary_large_image","twitter_misc":{"Est. reading time":"7 minutes"},"schema":{"@context":"https:\/\/schema.org","@graph":[{"@type":"WebPage","@id":"https:\/\/www.dppireland.ie\/ga\/criminal-justice-system\/letters-of-rights\/","url":"https:\/\/www.dppireland.ie\/ga\/criminal-justice-system\/letters-of-rights\/","name":"Cearta daoine faoi amhras agus na daoine at\u00e1 c\u00faisithe - Litir um Chearta - Office of the Director of Public Prosecutions","isPartOf":{"@id":"https:\/\/www.dppireland.ie\/#website"},"datePublished":"2022-01-24T16:28:25+00:00","dateModified":"2022-08-10T14:34:26+00:00","description":"Office of the Director of Public Prosecutions - Providing a prosecution that is independent, fair and effective","breadcrumb":{"@id":"https:\/\/www.dppireland.ie\/ga\/criminal-justice-system\/letters-of-rights\/#breadcrumb"},"inLanguage":"ga-IE","potentialAction":[{"@type":"ReadAction","target":["https:\/\/www.dppireland.ie\/ga\/criminal-justice-system\/letters-of-rights\/"]}]},{"@type":"BreadcrumbList","@id":"https:\/\/www.dppireland.ie\/ga\/criminal-justice-system\/letters-of-rights\/#breadcrumb","itemListElement":[{"@type":"ListItem","position":1,"name":"Home","item":"https:\/\/www.dppireland.ie\/ga\/"},{"@type":"ListItem","position":2,"name":"An C\u00f3ras Ceartais Choiri\u00fail","item":"https:\/\/www.dppireland.ie\/ga\/criminal-justice-system\/"},{"@type":"ListItem","position":3,"name":"Cearta daoine faoi amhras agus na daoine at\u00e1 c\u00faisithe &#8211; Litir um Chearta"}]},{"@type":"WebSite","@id":"https:\/\/www.dppireland.ie\/#website","url":"https:\/\/www.dppireland.ie\/","name":"Office of the Director of Public Prosecutions","description":"Providing a prosecution that is independent, fair and effective","potentialAction":[{"@type":"SearchAction","target":{"@type":"EntryPoint","urlTemplate":"https:\/\/www.dppireland.ie\/?s={search_term_string}"},"query-input":{"@type":"PropertyValueSpecification","valueRequired":true,"valueName":"search_term_string"}}],"inLanguage":"ga-IE"}]}},"jetpack_sharing_enabled":true,"_links":{"self":[{"href":"https:\/\/www.dppireland.ie\/ga\/wp-json\/wp\/v2\/pages\/10444","targetHints":{"allow":["GET"]}}],"collection":[{"href":"https:\/\/www.dppireland.ie\/ga\/wp-json\/wp\/v2\/pages"}],"about":[{"href":"https:\/\/www.dppireland.ie\/ga\/wp-json\/wp\/v2\/types\/page"}],"author":[{"embeddable":true,"href":"https:\/\/www.dppireland.ie\/ga\/wp-json\/wp\/v2\/users\/4"}],"replies":[{"embeddable":true,"href":"https:\/\/www.dppireland.ie\/ga\/wp-json\/wp\/v2\/comments?post=10444"}],"version-history":[{"count":2,"href":"https:\/\/www.dppireland.ie\/ga\/wp-json\/wp\/v2\/pages\/10444\/revisions"}],"predecessor-version":[{"id":10657,"href":"https:\/\/www.dppireland.ie\/ga\/wp-json\/wp\/v2\/pages\/10444\/revisions\/10657"}],"up":[{"embeddable":true,"href":"https:\/\/www.dppireland.ie\/ga\/wp-json\/wp\/v2\/pages\/10505"}],"wp:attachment":[{"href":"https:\/\/www.dppireland.ie\/ga\/wp-json\/wp\/v2\/media?parent=10444"}],"curies":[{"name":"wp","href":"https:\/\/api.w.org\/{rel}","templated":true}]}}